{"id":1032,"date":"2015-09-04T23:56:42","date_gmt":"2015-09-04T21:56:42","guid":{"rendered":"https:\/\/blog.zhdk.ch\/kitchenarritaet\/?page_id=1032"},"modified":"2017-08-13T12:09:07","modified_gmt":"2017-08-13T10:09:07","slug":"kochklang-zuerich-3-oktober-14","status":"publish","type":"page","link":"https:\/\/blog.zhdk.ch\/kitchenarritaet\/kochklang-zuerich-3-oktober-14\/","title":{"rendered":"kochklang 1,  3. oktober 14, im institut z\u00fcrich"},"content":{"rendered":"<p><span style=\"text-decoration: underline\"><strong><a href=\"https:\/\/blog.zhdk.ch\/kitchenarritaet\/termine\/\">&lt; zur\u00fcck<\/a><\/strong><\/span><\/p>\n<p><span style=\"text-decoration: underline\">Gerichte:<\/span><br \/>\nChili con carne mit Schockolade<br \/>\nVegetarisches K\u00fcrbis-Kartoffel-Gulasch<\/p>\n<p><span style=\"text-decoration: underline\">G\u00e4ste:<\/span><br \/>\nSimon Berz, Sample<br \/>\nKaspar K\u00f6nig, Patrick M\u00fcller, Markus M\u00fcller, Fabian Gutscher, Aide \u00e0 Cuisine und Ger\u00e4uschproduktion<\/p>\n<p><span style=\"text-decoration: underline\">Video:<br \/>\n<\/span><\/p>\n<p><iframe loading=\"lazy\" src=\"https:\/\/player.vimeo.com\/video\/119747690\" width=\"840\" height=\"473\" frameborder=\"0\" title=\"kochklang\" webkitallowfullscreen mozallowfullscreen allowfullscreen><\/iframe><br \/>\n<span style=\"text-decoration: underline\">Flyer:<\/span><\/p>\n<p><b><a href=\"https:\/\/blog.zhdk.ch\/kitchenarritaet\/files\/2014\/01\/kochklang04.jpg\" rel=\"lightbox[1032]\"><img loading=\"lazy\" decoding=\"async\" class=\"size-full wp-image-933 alignnone\" src=\"https:\/\/blog.zhdk.ch\/kitchenarritaet\/files\/2014\/01\/kochklang04.jpg\" alt=\"kochklang04\" width=\"925\" height=\"642\" srcset=\"https:\/\/blog.zhdk.ch\/kitchenarritaet\/files\/2014\/01\/kochklang04.jpg 925w, https:\/\/blog.zhdk.ch\/kitchenarritaet\/files\/2014\/01\/kochklang04-300x208.jpg 300w\" sizes=\"auto, (max-width: 709px) 85vw, (max-width: 909px) 67vw, (max-width: 1362px) 62vw, 840px\" \/><\/a><\/b><\/p>\n<p>&nbsp;<\/p>\n<p>&nbsp;<\/p>\n<p>&nbsp;<\/p>\n","protected":false},"excerpt":{"rendered":"<p>&lt; zur\u00fcck Gerichte: Chili con carne mit Schockolade Vegetarisches K\u00fcrbis-Kartoffel-Gulasch G\u00e4ste: Simon Berz, Sample Kaspar K\u00f6nig, Patrick M\u00fcller, Markus M\u00fcller, Fabian Gutscher, Aide \u00e0 Cuisine und Ger\u00e4uschproduktion Video: Flyer: &nbsp; &nbsp; &nbsp;<\/p>\n","protected":false},"author":1721,"featured_media":0,"parent":0,"menu_order":12,"comment_status":"closed","ping_status":"closed","template":"","meta":{"ngg_post_thumbnail":0,"footnotes":""},"class_list":["post-1032","page","type-page","status-publish","hentry"],"_links":{"self":[{"href":"https:\/\/blog.zhdk.ch\/kitchenarritaet\/wp-json\/wp\/v2\/pages\/1032","targetHints":{"allow":["GET"]}}],"collection":[{"href":"https:\/\/blog.zhdk.ch\/kitchenarritaet\/wp-json\/wp\/v2\/pages"}],"about":[{"href":"https:\/\/blog.zhdk.ch\/kitchenarritaet\/wp-json\/wp\/v2\/types\/page"}],"author":[{"embeddable":true,"href":"https:\/\/blog.zhdk.ch\/kitchenarritaet\/wp-json\/wp\/v2\/users\/1721"}],"replies":[{"embeddable":true,"href":"https:\/\/blog.zhdk.ch\/kitchenarritaet\/wp-json\/wp\/v2\/comments?post=1032"}],"version-history":[{"count":8,"href":"https:\/\/blog.zhdk.ch\/kitchenarritaet\/wp-json\/wp\/v2\/pages\/1032\/revisions"}],"predecessor-version":[{"id":1389,"href":"https:\/\/blog.zhdk.ch\/kitchenarritaet\/wp-json\/wp\/v2\/pages\/1032\/revisions\/1389"}],"wp:attachment":[{"href":"https:\/\/blog.zhdk.ch\/kitchenarritaet\/wp-json\/wp\/v2\/media?parent=1032"}],"curies":[{"name":"wp","href":"https:\/\/api.w.org\/{rel}","templated":true}]}}