{"id":2019,"date":"2017-07-11T23:19:44","date_gmt":"2017-07-11T21:19:44","guid":{"rendered":"https:\/\/blog.zhdk.ch\/kitchenarritaet\/?page_id=2019"},"modified":"2017-08-13T11:52:18","modified_gmt":"2017-08-13T09:52:18","slug":"corzetti","status":"publish","type":"page","link":"https:\/\/blog.zhdk.ch\/kitchenarritaet\/hintergrund\/corzetti\/","title":{"rendered":"Corzetti"},"content":{"rendered":"<p><a href=\"https:\/\/blog.zhdk.ch\/kitchenarritaet\/files\/2017\/07\/L1260806.jpg\" rel=\"lightbox[2019]\"><img loading=\"lazy\" decoding=\"async\" class=\"alignleft wp-image-2023 size-large\" src=\"https:\/\/blog.zhdk.ch\/kitchenarritaet\/files\/2017\/07\/L1260806-1024x667.jpg\" alt=\"\" width=\"840\" height=\"547\" srcset=\"https:\/\/blog.zhdk.ch\/kitchenarritaet\/files\/2017\/07\/L1260806-1024x667.jpg 1024w, https:\/\/blog.zhdk.ch\/kitchenarritaet\/files\/2017\/07\/L1260806-300x196.jpg 300w, https:\/\/blog.zhdk.ch\/kitchenarritaet\/files\/2017\/07\/L1260806-768x500.jpg 768w, https:\/\/blog.zhdk.ch\/kitchenarritaet\/files\/2017\/07\/L1260806-1200x782.jpg 1200w, https:\/\/blog.zhdk.ch\/kitchenarritaet\/files\/2017\/07\/L1260806.jpg 1312w\" sizes=\"auto, (max-width: 709px) 85vw, (max-width: 909px) 67vw, (max-width: 1362px) 62vw, 840px\" \/><\/a><\/p>\n<p><em style=\"line-height: inherit\"><strong>Corzetti oder Croxetti<\/strong><\/em><span style=\"line-height: inherit\"> sind eine flache, m\u00fcnzenartige&nbsp;<\/span><span style=\"line-height: inherit\">Pasta-Art<\/span><span style=\"line-height: inherit\">&nbsp;aus Ligurien. <\/span><span style=\"line-height: inherit\">F\u00fcr die Herstellung wird ein zweiteiliges Stempel-Werkzeug ben\u00f6tigt, das traditionellerweise aus Holz&nbsp;gedrechselt und geschnitzt ist. Heute gibt es nur noch wenige Holzschnitzer, die die Formen regional typischen Nudeln herstellen.<br \/>\n<\/span><span style=\"line-height: inherit\">Mit dem Stempel werden Muster auf die Teigwaren gepr\u00e4gt, meist auf beiden Seiten. Die Oberfl\u00e4chenstruktur ist dabei nicht bloss Verzierung, sie tr\u00e4gt dazu bei, dass die Sauce besser haftet.<\/span><\/p>\n<p><strong><em>&#8222;Die Verwandlung von einem ganz normalen Nudelteig in diese kleinen essbaren Meisterwerke erf\u00fcllt mich immer mit gro\u00dfer Befriedigung.&#8220;<br \/>\n<\/em><\/strong>NINO ZOCCALI<\/p>\n<div id=\"text-4454-2-0-3\">\n<p>Die Pasta-Art stammt aus dem Mittelalter. Fr\u00fcher liessen sich adlige Familien ihr Familienwappen in die Pasta stempeln und konnten so zugleich individuelle als auch repr\u00e4sentative Nudeln servieren. Sie habe sich<span style=\"line-height: inherit\">&nbsp;ihre visuellen Identit\u00e4tsmerkmale mit der Pasta gleichsam&nbsp;einverleibt.&nbsp;<\/span>Weitere typische Symbole sind das Kreuz, Obst, Initialen, M\u00f6rser, Sonnenunterg\u00e4nge, Segelboote oder Palmen.<\/p>\n<p><em><strong>Corzetti oder Croxetti<\/strong><\/em> werden in der Regel mit einer einfachen Fleisch- oder Pilzso\u00dfe, Pesto, Pinienkern- oder Walnuss-Sauce serviert. Sie k\u00f6nnen auch mit Butter oder \u00d6l und Kr\u00e4utern serviert werden.<\/p>\n<p>Die Corzetti werden in der Veranstaltung <a href=\"https:\/\/blog.zhdk.ch\/kitchenarritaet\/identity-pasta\/\">Pasta identit\u00e0<\/a> hergestellt<\/p>\n<p>Links zu Corzetti:<br \/>\n<a href=\"http:\/\/www.rolandunterweger.ch\/corzetti\/\" target=\"_blank\" rel=\"noopener\">http:\/\/www.rolandunterweger.ch\/corzetti\/<br \/>\n<\/a><\/p>\n<p><a href=\"https:\/\/en.wikipedia.org\/wiki\/Croxetti\" target=\"_blank\" rel=\"noopener\">https:\/\/en.wikipedia.org\/wiki\/Croxetti<\/a><\/p>\n<p><a href=\"http:\/\/www.saporidellarca.it\/de\/i-prodotti\/la-pasta\/la-pasta-ligure\/croxetti-01croxetti\" target=\"_blank\" rel=\"noopener\">http:\/\/www.saporidellarca.it\/de\/i-prodotti\/la-pasta\/la-pasta-ligure\/croxetti-01croxetti<\/a><\/p>\n<p><a href=\"http:\/\/www.star.it\/intervista\/pietro-picetti-intagliatore-di-stampi-per-croxetti\/\" target=\"_blank\" rel=\"noopener\">http:\/\/www.star.it\/intervista\/pietro-picetti-intagliatore-di-stampi-per-croxetti\/<\/a><\/p>\n<p>youtube:&nbsp;<br \/>\n<a href=\"https:\/\/www.youtube.com\/watch?v=1U6phVftJWQ\" target=\"_blank\" rel=\"noopener\">how to use<\/a><\/p>\n<p><a href=\"https:\/\/www.youtube.com\/watch?v=Rc80kAFkybo\" target=\"_blank\" rel=\"noopener\">how they are made<\/a><\/p>\n<p>Rezepte:<br \/>\n<a href=\"http:\/\/www.recla.it\/de\/aufbewahren-schneiden-rezepte\/die-drei-koeche\/corzetti-mit-radicchio-und-speck.html\" target=\"_blank\" rel=\"noopener\">corzetti mit radicchio und speck<\/a><\/p>\n<p><a href=\"http:\/\/www.essen-und-trinken.de\/rezepte\/54923-rzpt-croxetti-con-salsa-di-noci-pasta-mit-nuss-sauce-ligurien\" target=\"_blank\" rel=\"noopener\">croxetti con salsa di noci<\/a><\/p>\n<\/div>\n<div><a href=\"https:\/\/blog.zhdk.ch\/kitchenarritaet\/files\/2017\/07\/L1260549.jpg\" rel=\"lightbox[2019]\"><img loading=\"lazy\" decoding=\"async\" class=\"alignleft wp-image-2031 \" src=\"https:\/\/blog.zhdk.ch\/kitchenarritaet\/files\/2017\/07\/L1260549-768x1024.jpg\" alt=\"\" width=\"465\" height=\"552\"><\/a><\/div>\n<div id=\"text-4454-2-0-5\">&nbsp;<\/div>\n<p>&nbsp;<\/p>\n<p>&nbsp;<\/p>\n<p>&nbsp;<\/p>\n<p>&nbsp;<\/p>\n<p>&nbsp;<\/p>\n<p>&nbsp;<\/p>\n<p><a href=\"https:\/\/blog.zhdk.ch\/kitchenarritaet\/files\/2017\/07\/L1260561.jpg\" rel=\"lightbox[2019]\"><img loading=\"lazy\" decoding=\"async\" class=\"alignleft wp-image-2033 \" src=\"https:\/\/blog.zhdk.ch\/kitchenarritaet\/files\/2017\/07\/L1260561.jpg\" alt=\"\" width=\"467\" height=\"532\"><\/a><\/p>\n","protected":false},"excerpt":{"rendered":"<p>Corzetti oder Croxetti sind eine flache, m\u00fcnzenartige&nbsp;Pasta-Art&nbsp;aus Ligurien. F\u00fcr die Herstellung wird ein zweiteiliges Stempel-Werkzeug ben\u00f6tigt, das traditionellerweise aus Holz&nbsp;gedrechselt und geschnitzt ist. Heute gibt es nur noch wenige Holzschnitzer, die die Formen regional typischen Nudeln herstellen. Mit dem Stempel werden Muster auf die Teigwaren gepr\u00e4gt, meist auf beiden Seiten. Die Oberfl\u00e4chenstruktur ist dabei nicht &hellip; <a href=\"https:\/\/blog.zhdk.ch\/kitchenarritaet\/hintergrund\/corzetti\/\" class=\"more-link\"><span class=\"screen-reader-text\">\u201eCorzetti\u201c <\/span>weiterlesen<\/a><\/p>\n","protected":false},"author":1721,"featured_media":0,"parent":1904,"menu_order":1,"comment_status":"closed","ping_status":"closed","template":"","meta":{"ngg_post_thumbnail":0,"footnotes":""},"class_list":["post-2019","page","type-page","status-publish","hentry"],"_links":{"self":[{"href":"https:\/\/blog.zhdk.ch\/kitchenarritaet\/wp-json\/wp\/v2\/pages\/2019","targetHints":{"allow":["GET"]}}],"collection":[{"href":"https:\/\/blog.zhdk.ch\/kitchenarritaet\/wp-json\/wp\/v2\/pages"}],"about":[{"href":"https:\/\/blog.zhdk.ch\/kitchenarritaet\/wp-json\/wp\/v2\/types\/page"}],"author":[{"embeddable":true,"href":"https:\/\/blog.zhdk.ch\/kitchenarritaet\/wp-json\/wp\/v2\/users\/1721"}],"replies":[{"embeddable":true,"href":"https:\/\/blog.zhdk.ch\/kitchenarritaet\/wp-json\/wp\/v2\/comments?post=2019"}],"version-history":[{"count":13,"href":"https:\/\/blog.zhdk.ch\/kitchenarritaet\/wp-json\/wp\/v2\/pages\/2019\/revisions"}],"predecessor-version":[{"id":2085,"href":"https:\/\/blog.zhdk.ch\/kitchenarritaet\/wp-json\/wp\/v2\/pages\/2019\/revisions\/2085"}],"up":[{"embeddable":true,"href":"https:\/\/blog.zhdk.ch\/kitchenarritaet\/wp-json\/wp\/v2\/pages\/1904"}],"wp:attachment":[{"href":"https:\/\/blog.zhdk.ch\/kitchenarritaet\/wp-json\/wp\/v2\/media?parent=2019"}],"curies":[{"name":"wp","href":"https:\/\/api.w.org\/{rel}","templated":true}]}}