{"id":2077,"date":"2017-07-12T12:03:45","date_gmt":"2017-07-12T10:03:45","guid":{"rendered":"https:\/\/blog.zhdk.ch\/kitchenarritaet\/?page_id=2077"},"modified":"2017-08-13T11:53:49","modified_gmt":"2017-08-13T09:53:49","slug":"kochen-und-essen","status":"publish","type":"page","link":"https:\/\/blog.zhdk.ch\/kitchenarritaet\/hintergrund\/kochen-und-essen\/","title":{"rendered":"Kochen und Essen"},"content":{"rendered":"<p>Beim ,Kochen und Essen&#8216; handelt es&nbsp;sich um ein &#8222;soziales Totalph\u00e4nomen\u201c In seiner Allt\u00e4glichkeit offenbart es einen Einblick in die gesamtgesellschaftliche Realit\u00e4t beziehungsweise die soziokulturellen Strukturen der Gesellschaft, in die es eingebettet ist.<\/p>\n<p>,Kochen und Essen&#8216; bedeutet somit nicht nur die Wahl eines Nahrungsmittels oder einer Speise, seine Kombination mit anderen Speisen oder deren Reihenfolge. Es ist ebenso die Wahl einer Situation. eines Zeitpunktes und eines Raumes sowie nicht zuletzt die Identifikation mit einer Gemeinschaft oder auch die Distanzierung von einer anderen. Betrachtet man die Speisen in T\u00f6pfen, auf Tellern oder L\u00f6ffeln hier und andernorts, blickt man deshalb auf mehr als Proteine, Fette, Vitamine, Mineralien und Kohlenhydrate, auf mehr als den Treibstoff der Maschine Mensch. Man sieht die Ergebnisse der Unterscheidung von Essbarem und Nichtessbarem, von Gutem und Schlechtem, von \u00e4sthetisch Sch\u00f6nem und H\u00e4sslichem, von Richtigem und Falschem, von Eigenem und Fremdem. Unterscheidungen, die Ausdruck und Baustein der eigenen kulinarischen Welt sind. die im Kochen und Essen &#8211; der eigenen kulinarischen Praxis &#8211; ,geschaffen&#8216; wird.<\/p>\n<p><em>Sebastian Schellhaas in \u201eDie Welt im L\u00f6ffel\u201c, Bielefeld\/Berlin 2012<\/em><\/p>\n","protected":false},"excerpt":{"rendered":"<p>Beim ,Kochen und Essen&#8216; handelt es&nbsp;sich um ein &#8222;soziales Totalph\u00e4nomen\u201c In seiner Allt\u00e4glichkeit offenbart es einen Einblick in die gesamtgesellschaftliche Realit\u00e4t beziehungsweise die soziokulturellen Strukturen der Gesellschaft, in die es eingebettet ist. ,Kochen und Essen&#8216; bedeutet somit nicht nur die Wahl eines Nahrungsmittels oder einer Speise, seine Kombination mit anderen Speisen oder deren Reihenfolge. Es &hellip; <a href=\"https:\/\/blog.zhdk.ch\/kitchenarritaet\/hintergrund\/kochen-und-essen\/\" class=\"more-link\"><span class=\"screen-reader-text\">\u201eKochen und Essen\u201c <\/span>weiterlesen<\/a><\/p>\n","protected":false},"author":1721,"featured_media":0,"parent":1904,"menu_order":4,"comment_status":"closed","ping_status":"closed","template":"","meta":{"ngg_post_thumbnail":0,"footnotes":""},"class_list":["post-2077","page","type-page","status-publish","hentry"],"_links":{"self":[{"href":"https:\/\/blog.zhdk.ch\/kitchenarritaet\/wp-json\/wp\/v2\/pages\/2077","targetHints":{"allow":["GET"]}}],"collection":[{"href":"https:\/\/blog.zhdk.ch\/kitchenarritaet\/wp-json\/wp\/v2\/pages"}],"about":[{"href":"https:\/\/blog.zhdk.ch\/kitchenarritaet\/wp-json\/wp\/v2\/types\/page"}],"author":[{"embeddable":true,"href":"https:\/\/blog.zhdk.ch\/kitchenarritaet\/wp-json\/wp\/v2\/users\/1721"}],"replies":[{"embeddable":true,"href":"https:\/\/blog.zhdk.ch\/kitchenarritaet\/wp-json\/wp\/v2\/comments?post=2077"}],"version-history":[{"count":1,"href":"https:\/\/blog.zhdk.ch\/kitchenarritaet\/wp-json\/wp\/v2\/pages\/2077\/revisions"}],"predecessor-version":[{"id":2079,"href":"https:\/\/blog.zhdk.ch\/kitchenarritaet\/wp-json\/wp\/v2\/pages\/2077\/revisions\/2079"}],"up":[{"embeddable":true,"href":"https:\/\/blog.zhdk.ch\/kitchenarritaet\/wp-json\/wp\/v2\/pages\/1904"}],"wp:attachment":[{"href":"https:\/\/blog.zhdk.ch\/kitchenarritaet\/wp-json\/wp\/v2\/media?parent=2077"}],"curies":[{"name":"wp","href":"https:\/\/api.w.org\/{rel}","templated":true}]}}