{"id":2123,"date":"2017-08-13T11:11:26","date_gmt":"2017-08-13T09:11:26","guid":{"rendered":"https:\/\/blog.zhdk.ch\/kitchenarritaet\/?page_id=2123"},"modified":"2017-08-13T11:52:54","modified_gmt":"2017-08-13T09:52:54","slug":"gemengselt-und-gehaeckselt","status":"publish","type":"page","link":"https:\/\/blog.zhdk.ch\/kitchenarritaet\/hintergrund\/gemengselt-und-gehaeckselt\/","title":{"rendered":"Gemengselt und Geh\u00e4ckselt"},"content":{"rendered":"<p>Das Ganze ist mehr als die Summe seiner Teile.&nbsp;\u00bbGemengsel und Geh\u00e4cksel\u00ab meint bestimmte Arten von vermengten und gehackten Speisen. Genau genommen sind zwar alle mehr als aus einem Grundstoff bestehenden Gerichte Vermengungen, doch in der \u00bbTopografie der Gemengsel und Geh\u00e4cksel\u00ab liegt das Augenmerk bei jenen, die durch Verm\u00e4hlung der einzelnen Zuraten eine neue Gestalt und ein neues Wesen gewinnen. So besteht beispielsweise ein Salat oftmals zwar aus vielen einzelnen Zutaten , doch diese bleiben in ihrer spezifischen Qualit\u00e4t erkennbar.<\/p>\n<p>Ein Gemengsel f\u00fcr Kn\u00f6del oder Wurst dagegen ergibt eine konsistente Masse von neuer Qualit\u00e4t und ist deshalb mehr als nur die Summe seiner Teile.<\/p>\n<p>\u201eDie Franzosen sind, wenn nicht die ersten Erfinder, doch die Verbreiter aller Geh\u00e4ckseI und Vermengungen\u00ab, notierte Kar! Friedrich Freiherr von Rumohr 1822 in seinem \u00bbGeist der Kochkunst\u201c. Er war kein Freund der \u00fcberfeinerten, artifiziellen K\u00fcche, die zu dieser Zeit vom franz\u00f6sischen B\u00fcrgertum gesch\u00e4tzt wurde und deren Rezepte Eingang in viele zeitgen\u00f6ssische deutsche Kochb\u00fccher fanden. Rumohr dagegen suchte die \u201eeigent\u00fcmliche G\u00fcte und Schmackhaftigkeit der e\u00dfbaren Naturstoffe\u00ab in der Zubereitung zu bewahren. Mit Geh\u00e4ckseI und Vermengungen bezeichnete er ausschlie\u00dflich den Bereich der Pasteten und Terrinen. Die Topografie der Gemengsel und Geh\u00e4ckseI versucht nun die Gesamtheit dieser speziellen Speiseart zu erfassen.<\/p>\n<p>Die Unscharfen in den Randbereichen eines solchen Unterfangens liegen in der Natur der Sache. Nicht nur die Kartografie lehrt, dass Abbildung immer Ann\u00e4herung sein wird und jede Ordnung der Dinge unvollst\u00e4ndig bleiben muss. Dieser Sachverhalt ist aber nicht etwa ein Manko , denn er zeigt, dass die Vielfaltigkeit von Welt sich nur begrenzt in eine Struktur zw\u00e4ngen l\u00e4sst. In diesem Sinne werden in diesem Buch auch immer wieder Speisen aufgef\u00fchrt, die im strengen Sinne nicht direkt zu den Gemengseln und Geh\u00e4ckseln zu z\u00e4hlen sind, aber die jeweilige Speisenkategorie erweitern. \u00bbErfunden\u00ab wurden die unz\u00e4hlbaren Arten von Vermengungen sicher nicht, sondern sie entwickelten sich aus Notwendigkeit. Ein wesentliches Moment dieser Entwicklung war Armut und die mit ihr einher gehende Resteverwertung. Wo altes Brot sich ansammelte, sind Arten von Semmelkn\u00f6deIn, Brotpuddingen oder -suppen entstanden. In Ermangelung eines wirklichen Bratens entstand der aus Kleinfleisch hergestellte \u201eFalsche Hase\u00ab und mit Fischresten aromatisierter Kartoffelbrei wurde in Italien zum \u201epesce finto\u00ab, dem falschen Fisch. So bildeten die Gemengsel und Geh\u00e4ckseI urspr\u00fcnglich die Antithese zum \u00bbpi\u00e8ce de r\u00e9sistance\u00ab, dem Hauptst\u00fcck der feudalen wie der b\u00fcrgerlichen Tafel. Mit der Zeit verloren diese Gerichte aber den Beigeschmack der Not und gingen in den Rezeptkanon der verschiedenen K\u00fcchen ein.<\/p>\n<p>Aus: Dieter Fr\u00f6hlich, Topografie der Gemengsel und Geh\u00e4cksel, Hannover 2010<\/p>\n<p>Siehe auch Veranstaltung <a href=\"https:\/\/blog.zhdk.ch\/kitchenarritaet\/gehaecksel-und-gemengsel\/\">Geh\u00e4cksel und Gemengsel<\/a><\/p>\n<p><a href=\"https:\/\/blog.zhdk.ch\/kitchenarritaet\/files\/2013\/11\/IMG_1117.jpg\" rel=\"lightbox[2123]\"><img loading=\"lazy\" decoding=\"async\" src=\"https:\/\/blog.zhdk.ch\/kitchenarritaet\/files\/2013\/11\/IMG_1117.jpg\" alt=\"IMG_1117\" width=\"640\" height=\"480\"><\/a><\/p>\n<div>&nbsp;<\/div>\n","protected":false},"excerpt":{"rendered":"<p>Das Ganze ist mehr als die Summe seiner Teile.&nbsp;\u00bbGemengsel und Geh\u00e4cksel\u00ab meint bestimmte Arten von vermengten und gehackten Speisen. Genau genommen sind zwar alle mehr als aus einem Grundstoff bestehenden Gerichte Vermengungen, doch in der \u00bbTopografie der Gemengsel und Geh\u00e4cksel\u00ab liegt das Augenmerk bei jenen, die durch Verm\u00e4hlung der einzelnen Zuraten eine neue Gestalt und &hellip; <a href=\"https:\/\/blog.zhdk.ch\/kitchenarritaet\/hintergrund\/gemengselt-und-gehaeckselt\/\" class=\"more-link\"><span class=\"screen-reader-text\">\u201eGemengselt und Geh\u00e4ckselt\u201c <\/span>weiterlesen<\/a><\/p>\n","protected":false},"author":1721,"featured_media":0,"parent":1904,"menu_order":3,"comment_status":"closed","ping_status":"closed","template":"","meta":{"ngg_post_thumbnail":0,"footnotes":""},"class_list":["post-2123","page","type-page","status-publish","hentry"],"_links":{"self":[{"href":"https:\/\/blog.zhdk.ch\/kitchenarritaet\/wp-json\/wp\/v2\/pages\/2123","targetHints":{"allow":["GET"]}}],"collection":[{"href":"https:\/\/blog.zhdk.ch\/kitchenarritaet\/wp-json\/wp\/v2\/pages"}],"about":[{"href":"https:\/\/blog.zhdk.ch\/kitchenarritaet\/wp-json\/wp\/v2\/types\/page"}],"author":[{"embeddable":true,"href":"https:\/\/blog.zhdk.ch\/kitchenarritaet\/wp-json\/wp\/v2\/users\/1721"}],"replies":[{"embeddable":true,"href":"https:\/\/blog.zhdk.ch\/kitchenarritaet\/wp-json\/wp\/v2\/comments?post=2123"}],"version-history":[{"count":1,"href":"https:\/\/blog.zhdk.ch\/kitchenarritaet\/wp-json\/wp\/v2\/pages\/2123\/revisions"}],"predecessor-version":[{"id":2125,"href":"https:\/\/blog.zhdk.ch\/kitchenarritaet\/wp-json\/wp\/v2\/pages\/2123\/revisions\/2125"}],"up":[{"embeddable":true,"href":"https:\/\/blog.zhdk.ch\/kitchenarritaet\/wp-json\/wp\/v2\/pages\/1904"}],"wp:attachment":[{"href":"https:\/\/blog.zhdk.ch\/kitchenarritaet\/wp-json\/wp\/v2\/media?parent=2123"}],"curies":[{"name":"wp","href":"https:\/\/api.w.org\/{rel}","templated":true}]}}