{"id":291,"date":"2013-11-21T17:20:06","date_gmt":"2013-11-21T15:20:06","guid":{"rendered":"https:\/\/blog.zhdk.ch\/kitchenarritaet\/?page_id=291"},"modified":"2017-08-13T11:58:57","modified_gmt":"2017-08-13T09:58:57","slug":"termine","status":"publish","type":"page","link":"https:\/\/blog.zhdk.ch\/kitchenarritaet\/termine\/","title":{"rendered":"BISHER"},"content":{"rendered":"<header class=\"entry-header\"><\/header>\n<div>\n<h2><span style=\"color: #3366ff\">Djupavik Collab Soup Project<\/span><br \/>\n<span style=\"color: #999999\">June 16, 2017<\/span><\/h2>\n<p>Djupavik, Island<\/p>\n<p><a href=\"https:\/\/blog.zhdk.ch\/kitchenarritaet\/files\/2013\/11\/12.jpg\" rel=\"lightbox[291]\"><img loading=\"lazy\" decoding=\"async\" class=\"alignleft wp-image-1997 size-medium\" src=\"https:\/\/blog.zhdk.ch\/kitchenarritaet\/files\/2013\/11\/12-300x225.jpg\" alt=\"\" width=\"300\" height=\"225\" srcset=\"https:\/\/blog.zhdk.ch\/kitchenarritaet\/files\/2013\/11\/12-300x225.jpg 300w, https:\/\/blog.zhdk.ch\/kitchenarritaet\/files\/2013\/11\/12-768x576.jpg 768w, https:\/\/blog.zhdk.ch\/kitchenarritaet\/files\/2013\/11\/12-1024x768.jpg 1024w, https:\/\/blog.zhdk.ch\/kitchenarritaet\/files\/2013\/11\/12-1200x900.jpg 1200w\" sizes=\"auto, (max-width: 300px) 85vw, 300px\" \/><\/a><span style=\"font-size: 28px;font-weight: 900;line-height: inherit\">&nbsp;<\/span><\/p>\n<\/div>\n<h2>Djupavik Collab Soup Project<br \/>\nJune 3rd 2017<\/h2>\n<p>Opening first fish soup<br \/>\nDjupavik, Island<\/p>\n<p><a href=\"https:\/\/blog.zhdk.ch\/kitchenarritaet\/files\/2013\/11\/G0012407.jpg\" rel=\"lightbox[291]\"><img loading=\"lazy\" decoding=\"async\" class=\"wp-image-1999 size-medium\" src=\"https:\/\/blog.zhdk.ch\/kitchenarritaet\/files\/2013\/11\/G0012407-300x225.jpg\" alt=\"\" width=\"300\" height=\"225\" srcset=\"https:\/\/blog.zhdk.ch\/kitchenarritaet\/files\/2013\/11\/G0012407-300x225.jpg 300w, https:\/\/blog.zhdk.ch\/kitchenarritaet\/files\/2013\/11\/G0012407-768x576.jpg 768w, https:\/\/blog.zhdk.ch\/kitchenarritaet\/files\/2013\/11\/G0012407.jpg 1000w\" sizes=\"auto, (max-width: 300px) 85vw, 300px\" \/><\/a><\/p>\n<h2><span style=\"color: #999999\"><a title=\"Geh\u00e4cksel und Gemengsel*\" href=\"https:\/\/blog.zhdk.ch\/kitchenarritaet\/pasta-identita-25-06-16\/\">pasta identit\u00e0 1<br \/>\n<\/a><\/span><strong><span class=\"Apple-style-span\" style=\"color: #999999\">25.&nbsp;Juni 2016<\/span><\/strong><\/h2>\n<p>Mehr als wohnen, Allmendraum, Genossenschaftsstrasse 18, Z\u00fcrich<\/p>\n<p><a href=\"https:\/\/blog.zhdk.ch\/kitchenarritaet\/files\/2016\/10\/13.jpg\" rel=\"lightbox[291]\"><img loading=\"lazy\" decoding=\"async\" class=\"alignleft wp-image-1486\" src=\"https:\/\/blog.zhdk.ch\/kitchenarritaet\/files\/2016\/10\/13.jpg\" alt=\"13\" width=\"332\" height=\"249\" srcset=\"https:\/\/blog.zhdk.ch\/kitchenarritaet\/files\/2016\/10\/13.jpg 1600w, https:\/\/blog.zhdk.ch\/kitchenarritaet\/files\/2016\/10\/13-300x225.jpg 300w, https:\/\/blog.zhdk.ch\/kitchenarritaet\/files\/2016\/10\/13-768x576.jpg 768w, https:\/\/blog.zhdk.ch\/kitchenarritaet\/files\/2016\/10\/13-1024x768.jpg 1024w, https:\/\/blog.zhdk.ch\/kitchenarritaet\/files\/2016\/10\/13-1200x900.jpg 1200w\" sizes=\"auto, (max-width: 332px) 85vw, 332px\" \/><\/a><\/p>\n<p>&nbsp;<\/p>\n<p>&nbsp;<\/p>\n<p>&nbsp;<\/p>\n<p>&nbsp;<\/p>\n<p>&nbsp;<\/p>\n<p><a href=\"https:\/\/blog.zhdk.ch\/kitchenarritaet\/identity-pasta\/\"><br \/>\nmehr \u00fcber pasta identit\u00e0<\/a><\/p>\n<h2>***************<\/h2>\n<h2><a title=\"Das erste Mahl\" href=\"https:\/\/blog.zhdk.ch\/kitchenarritaet\/kochen-mit-unbekannt-vom-26-oktober-2015-bis-25-april-2016\/\">kochen mit unbekannt<br \/>\n<\/a><strong>26.&nbsp;Oktober 2015<br \/>\nbis 25. April&nbsp;2016<\/strong><\/h2>\n<p><span style=\"color: #999999\">jeweils am letzten Montag im Monat<br \/>\n<\/span><span style=\"color: #999999\">D&#8216; Wohnig&nbsp;Tempor\u00e4re Kulturwohnung&nbsp;Albisstrasse 3&nbsp; in Zug<br \/>\n<a href=\"https:\/\/blog.zhdk.ch\/kitchenarritaet\/files\/2013\/11\/12973218_852031824908304_5892910026936722540_o.jpg\" rel=\"lightbox[291]\"><img loading=\"lazy\" decoding=\"async\" class=\"alignleft wp-image-1434\" src=\"https:\/\/blog.zhdk.ch\/kitchenarritaet\/files\/2013\/11\/12973218_852031824908304_5892910026936722540_o.jpg\" alt=\"12973218_852031824908304_5892910026936722540_o\" width=\"326\" height=\"232\"><\/a><a href=\"https:\/\/blog.zhdk.ch\/kitchenarritaet\/files\/2013\/11\/IMG_8472.jpg\" rel=\"lightbox[291]\"><br \/>\n<\/a><br \/>\n<\/span><\/p>\n<div>\n<p>&nbsp;<\/p>\n<p>&nbsp;<\/p>\n<p>&nbsp;<\/p>\n<p>&nbsp;<\/p>\n<p><a href=\"https:\/\/blog.zhdk.ch\/kitchenarritaet\/das-erste-mahl\/\">mehr \u00fcber kochen mit unbekannt<\/a><\/p>\n<\/div>\n<h2><span style=\"color: #999999\"><a title=\"Geh\u00e4cksel und Gemengsel*\" href=\"https:\/\/blog.zhdk.ch\/kitchenarritaet\/bilder-gehaecksel-und-gemengsel-zug\/\">geh\u00e4cksel und gemengsel 2<br \/>\n<\/a><\/span><strong><span class=\"Apple-style-span\" style=\"color: #999999\">Freitag &nbsp;31. Oktober&nbsp;2014&nbsp;<\/span><\/strong><\/h2>\n<p><span class=\"Apple-style-span\" style=\"color: #999999\">chez Nussbaumer, Pilatusstrasse 2, Zug<\/span><\/p>\n<p><a href=\"https:\/\/blog.zhdk.ch\/kitchenarritaet\/files\/2013\/11\/wurst2.jpg\" rel=\"lightbox[291]\"><img loading=\"lazy\" decoding=\"async\" class=\"size-full wp-image-1016 alignnone\" src=\"https:\/\/blog.zhdk.ch\/kitchenarritaet\/files\/2013\/11\/wurst2.jpg\" alt=\"wurst2\" width=\"300\" height=\"200\"><\/a><\/p>\n<p><span style=\"text-decoration: underline\"><span style=\"color: #ff0000;text-decoration: underline\"><a href=\"https:\/\/blog.zhdk.ch\/kitchenarritaet\/gehaecksel-und-gemengsel\/\">mehr \u00fcber geh\u00e4cksel und gemengsel<\/a><\/span><\/span><\/p>\n<h2>***************<\/h2>\n<h2><span class=\"Apple-style-span\" style=\"color: #000000\"><a title=\"kochklang\" href=\"https:\/\/blog.zhdk.ch\/kitchenarritaet\/kochklang-2-donnerstag-16-oktober-2014\/\">kochklang 2<br \/>\n<\/a><\/span><span class=\"Apple-style-span\" style=\"color: #000000\"><span style=\"color: #999999\"><strong>Donnerstag&nbsp; 16. Oktober&nbsp;2014<\/strong><\/span><\/span><\/h2>\n<p><span class=\"Apple-style-span\" style=\"color: #999999\">chez Nussbaumer, Pilatusstrasse 2, Zug<\/span><\/p>\n<p><a href=\"https:\/\/blog.zhdk.ch\/kitchenarritaet\/files\/2015\/09\/Bildschirmfoto-2015-09-04-um-17.46.02.png\" rel=\"lightbox[291]\"><img loading=\"lazy\" decoding=\"async\" class=\"size-full wp-image-1014 alignnone\" src=\"https:\/\/blog.zhdk.ch\/kitchenarritaet\/files\/2015\/09\/Bildschirmfoto-2015-09-04-um-17.46.02.png\" alt=\"Bildschirmfoto 2015-09-04 um 17.46.02\" width=\"300\" height=\"272\"><\/a><\/p>\n<p><a href=\"https:\/\/blog.zhdk.ch\/kitchenarritaet\/kochklang\/\">mehr \u00fcber Kochklang<\/a><\/p>\n<h2>***************<\/h2>\n<h2><span class=\"Apple-style-span\" style=\"color: #000000\"><a href=\"https:\/\/blog.zhdk.ch\/kitchenarritaet\/suppengeschichten-3\/\">suppengeschichten 3<\/a><br \/>\n<\/span><span class=\"Apple-style-span\" style=\"color: #000000\"><span style=\"color: #999999\"><strong>Mittwoch&nbsp; 15. Oktober&nbsp;2014<\/strong><\/span><\/span><\/h2>\n<p><span class=\"Apple-style-span\" style=\"color: #999999\">chez Nussbaumer, Pilatusstrasse 2, Zug<br \/>\n<\/span><span class=\"Apple-style-span\" style=\"color: #999999\"><br \/>\n<a href=\"https:\/\/blog.zhdk.ch\/kitchenarritaet\/files\/2015\/09\/glarner_gerstensupp-e1441400005884.jpg\" rel=\"lightbox[291]\"><img loading=\"lazy\" decoding=\"async\" class=\"size-full wp-image-1012 alignnone\" src=\"https:\/\/blog.zhdk.ch\/kitchenarritaet\/files\/2015\/09\/glarner_gerstensupp-e1441400005884.jpg\" alt=\"glarner_gerstensupp\" width=\"300\" height=\"199\"><br \/>\n<\/a><\/span><span class=\"Apple-style-span\" style=\"color: #000000\"><a href=\"https:\/\/blog.zhdk.ch\/kitchenarritaet\/suppengeschichten\/\">mehr \u00fcber suppengeschichten&nbsp;<\/a><\/span><\/p>\n<h2>***************<\/h2>\n<h2><span class=\"Apple-style-span\" style=\"color: #000000\"><a href=\"https:\/\/blog.zhdk.ch\/kitchenarritaet\/suppengeschichten-2\/\">suppengeschichten 2&nbsp;<\/a><br \/>\n<\/span><span class=\"Apple-style-span\" style=\"color: #000000\"><span style=\"color: #999999\"><strong>Dienstag&nbsp;&nbsp;14. Oktober&nbsp;2014<\/strong><\/span><\/span><\/h2>\n<p><span class=\"Apple-style-span\" style=\"color: #999999\">chez Nussbaumer, Pilatusstrasse 2, Zug<\/span><\/p>\n<p><a href=\"https:\/\/blog.zhdk.ch\/kitchenarritaet\/files\/2013\/11\/4.jpg\" rel=\"lightbox[291]\"><img loading=\"lazy\" decoding=\"async\" class=\"size-full wp-image-1022 alignnone\" src=\"https:\/\/blog.zhdk.ch\/kitchenarritaet\/files\/2013\/11\/4.jpg\" alt=\"4\" width=\"300\" height=\"212\"><br \/>\n<\/a><a href=\"https:\/\/blog.zhdk.ch\/kitchenarritaet\/suppengeschichten\/\">mehr \u00fcber suppengeschichten<\/a><\/p>\n<h2>***************<\/h2>\n<h2><span class=\"Apple-style-span\" style=\"color: #000000\"><a href=\"https:\/\/blog.zhdk.ch\/kitchenarritaet\/ciorba-de-fasole-rumaenische-bohnensuppe\/\">suppengeschichten 1<\/a><br \/>\n<\/span><span class=\"Apple-style-span\" style=\"color: #000000\"><span style=\"color: #999999\"><strong>Montag&nbsp;&nbsp;13. Oktober&nbsp;2014<\/strong><\/span><\/span><\/h2>\n<p><span class=\"Apple-style-span\" style=\"color: #999999\">chez Nussbaumer, Pilatusstrasse 2, Zug<\/span><\/p>\n<p><a href=\"https:\/\/blog.zhdk.ch\/kitchenarritaet\/files\/2015\/09\/ciorba-de-fasole-e1441401120216.jpg\" rel=\"lightbox[291]\"><img loading=\"lazy\" decoding=\"async\" class=\"size-full wp-image-1010 alignnone\" src=\"https:\/\/blog.zhdk.ch\/kitchenarritaet\/files\/2015\/09\/ciorba-de-fasole-e1441401120216.jpg\" alt=\"ciorba de fasole\" width=\"300\" height=\"199\"><br \/>\n<\/a><a href=\"https:\/\/blog.zhdk.ch\/kitchenarritaet\/suppengeschichten\/\">mehr \u00fcber suppengeschichten<\/a><\/p>\n<h2>***************<\/h2>\n<h2><span class=\"Apple-style-span\" style=\"color: #000000\"><a title=\"kochklang\" href=\"https:\/\/blog.zhdk.ch\/kitchenarritaet\/kochklang-zuerich-3-oktober-14\/\">kochklang 1<br \/>\n<\/a><\/span><span class=\"Apple-style-span\" style=\"color: #000000\"><span style=\"color: #999999\"><strong>Freitag 3. Oktober&nbsp;2014<\/strong><\/span><\/span><\/h2>\n<p><span class=\"Apple-style-span\" style=\"color: #999999\"> The&nbsp;Institute &#8211;&nbsp;Elisabethenstrasse 14a Z\u00fcrich<\/span><\/p>\n<p><a href=\"https:\/\/blog.zhdk.ch\/kitchenarritaet\/files\/2015\/02\/kochklang.jpg\" rel=\"lightbox[291]\"><img loading=\"lazy\" decoding=\"async\" class=\"alignnone wp-image-958 size-medium\" src=\"https:\/\/blog.zhdk.ch\/kitchenarritaet\/files\/2015\/02\/kochklang-300x170.jpg\" alt=\"kochklang\" width=\"300\" height=\"170\" srcset=\"https:\/\/blog.zhdk.ch\/kitchenarritaet\/files\/2015\/02\/kochklang-300x170.jpg 300w, https:\/\/blog.zhdk.ch\/kitchenarritaet\/files\/2015\/02\/kochklang-1024x580.jpg 1024w, https:\/\/blog.zhdk.ch\/kitchenarritaet\/files\/2015\/02\/kochklang-646x363.jpg 646w, https:\/\/blog.zhdk.ch\/kitchenarritaet\/files\/2015\/02\/kochklang.jpg 1903w\" sizes=\"auto, (max-width: 300px) 85vw, 300px\" \/><\/a><\/p>\n<p><span style=\"text-decoration: underline\"><span style=\"color: #ff0000;text-decoration: underline\"><a href=\"https:\/\/blog.zhdk.ch\/kitchenarritaet\/kochklang\/\">mehr \u00fcber Kochklang<\/a><\/span><\/span><br \/>\n<span class=\"Apple-style-span\" style=\"font-size: 24px;font-weight: bold;line-height: 72px\">***************<\/span><\/p>\n<div>&nbsp;<\/div>\n<h2><span style=\"color: #999999\"><a title=\"Geh\u00e4cksel und Gemengsel*\" href=\"https:\/\/blog.zhdk.ch\/kitchenarritaet\/gehaecksel-und-gemengsel-dezember-13\/\">geh\u00e4cksel und Gemengsel 1<br \/>\n<\/a><\/span><span style=\"color: #999999\"><strong>9. Dezember 2013<\/strong><\/span><\/h2>\n<p><span style=\"color: #999999\">M\u00fchlerama, Backstube, Seefeldstrasse 231, 8008 Z\u00fcrich<\/span><\/p>\n<p><strong><a href=\"https:\/\/blog.zhdk.ch\/kitchenarritaet\/files\/2013\/12\/1.jpg\" rel=\"lightbox[291]\"><img loading=\"lazy\" decoding=\"async\" src=\"https:\/\/blog.zhdk.ch\/kitchenarritaet\/files\/2013\/12\/1-224x300.jpg\" alt=\"1\" width=\"224\" height=\"300\"><\/a><\/strong><\/p>\n<p><a href=\"https:\/\/blog.zhdk.ch\/kitchenarritaet\/gehaecksel-und-gemengsel\/\">mehr \u00fcber geh\u00e4cksel und gemengsel<\/a><\/p>\n<p><span class=\"Apple-style-span\" style=\"font-size: 20px;font-weight: bold\">***************<\/span><\/p>\n<h2><span style=\"color: #888888\"><span style=\"color: #c0c0c0\"><a title=\"Das erste Mahl\" href=\"https:\/\/blog.zhdk.ch\/kitchenarritaet\/das-erste-mahl-26-september-im-karl-zuerich\/\">kochen mit unbekannt: das erste mahl<br \/>\n<\/a><\/span><\/span><span style=\"color: #888888\"><span style=\"color: #c0c0c0\"><strong>26.September 2013<\/strong>&nbsp;<\/span><\/span><\/h2>\n<p><span style=\"color: #999999\">Karl der Grosse, Terrassenk\u00fcche, Kirchgasse 14 Z\u00fcrich<br \/>\n<a href=\"https:\/\/blog.zhdk.ch\/kitchenarritaet\/files\/2013\/11\/IMG_8472.jpg\" rel=\"lightbox[291]\"><img loading=\"lazy\" decoding=\"async\" class=\"alignnone wp-image-469 size-medium\" src=\"https:\/\/blog.zhdk.ch\/kitchenarritaet\/files\/2013\/11\/IMG_8472-300x200.jpg\" alt=\"19\" width=\"300\" height=\"200\" srcset=\"https:\/\/blog.zhdk.ch\/kitchenarritaet\/files\/2013\/11\/IMG_8472-300x200.jpg 300w, https:\/\/blog.zhdk.ch\/kitchenarritaet\/files\/2013\/11\/IMG_8472.jpg 850w\" sizes=\"auto, (max-width: 300px) 85vw, 300px\" \/><\/a><br \/>\n<\/span><\/p>\n<div><a href=\"https:\/\/blog.zhdk.ch\/kitchenarritaet\/das-erste-mahl\/\">&nbsp;<span style=\"text-decoration: underline\"><span style=\"color: #ff0000;text-decoration: underline\">mehr \u00fcber kochen mit unbekannt<\/span><\/span><\/a><\/div>\n<h2><span style=\"color: #888888\"><span style=\"color: #c0c0c0\">&nbsp;<\/span><\/span><\/h2>\n","protected":false},"excerpt":{"rendered":"<p>Djupavik Collab Soup Project June 16, 2017 Djupavik, Island &nbsp; Djupavik Collab Soup Project June 3rd 2017 Opening first fish soup Djupavik, Island pasta identit\u00e0 1 25.&nbsp;Juni 2016 Mehr als wohnen, Allmendraum, Genossenschaftsstrasse 18, Z\u00fcrich &nbsp; &nbsp; &nbsp; &nbsp; &nbsp; mehr \u00fcber pasta identit\u00e0 *************** kochen mit unbekannt 26.&nbsp;Oktober 2015 bis 25. April&nbsp;2016 jeweils am &hellip; <a href=\"https:\/\/blog.zhdk.ch\/kitchenarritaet\/termine\/\" class=\"more-link\"><span class=\"screen-reader-text\">\u201eBISHER\u201c <\/span>weiterlesen<\/a><\/p>\n","protected":false},"author":1721,"featured_media":0,"parent":0,"menu_order":5,"comment_status":"closed","ping_status":"closed","template":"","meta":{"ngg_post_thumbnail":0,"footnotes":""},"class_list":["post-291","page","type-page","status-publish","hentry"],"_links":{"self":[{"href":"https:\/\/blog.zhdk.ch\/kitchenarritaet\/wp-json\/wp\/v2\/pages\/291","targetHints":{"allow":["GET"]}}],"collection":[{"href":"https:\/\/blog.zhdk.ch\/kitchenarritaet\/wp-json\/wp\/v2\/pages"}],"about":[{"href":"https:\/\/blog.zhdk.ch\/kitchenarritaet\/wp-json\/wp\/v2\/types\/page"}],"author":[{"embeddable":true,"href":"https:\/\/blog.zhdk.ch\/kitchenarritaet\/wp-json\/wp\/v2\/users\/1721"}],"replies":[{"embeddable":true,"href":"https:\/\/blog.zhdk.ch\/kitchenarritaet\/wp-json\/wp\/v2\/comments?post=291"}],"version-history":[{"count":81,"href":"https:\/\/blog.zhdk.ch\/kitchenarritaet\/wp-json\/wp\/v2\/pages\/291\/revisions"}],"predecessor-version":[{"id":2091,"href":"https:\/\/blog.zhdk.ch\/kitchenarritaet\/wp-json\/wp\/v2\/pages\/291\/revisions\/2091"}],"wp:attachment":[{"href":"https:\/\/blog.zhdk.ch\/kitchenarritaet\/wp-json\/wp\/v2\/media?parent=291"}],"curies":[{"name":"wp","href":"https:\/\/api.w.org\/{rel}","templated":true}]}}