{"id":309,"date":"2013-11-21T17:34:45","date_gmt":"2013-11-21T15:34:45","guid":{"rendered":"https:\/\/blog.zhdk.ch\/kitchenarritaet\/?page_id=309"},"modified":"2017-08-13T11:17:15","modified_gmt":"2017-08-13T09:17:15","slug":"die-bilder","status":"publish","type":"page","link":"https:\/\/blog.zhdk.ch\/kitchenarritaet\/die-bilder\/","title":{"rendered":"Die Bilder"},"content":{"rendered":"<h3>Pasta identit\u00e0 <span class=\"Apple-style-span\" style=\"font-size: 13px;font-weight: normal\">Bilder: Rahel Erny, Urs Bachmann<\/span><\/h3>\nngg_shortcode_0_placeholder\n<h3>Kochklang &nbsp;<span class=\"Apple-style-span\" style=\"font-size: 13px;font-weight: normal\">Video:&nbsp;Anna Rubi<\/span><\/h3>\n<p><iframe loading=\"lazy\" src=\"https:\/\/player.vimeo.com\/video\/119747690\" width=\"840\" height=\"473\" frameborder=\"0\" title=\"kochklang\" webkitallowfullscreen mozallowfullscreen allowfullscreen><\/iframe><\/p>\n<h3>Suppengeschichten&nbsp;<span class=\"Apple-style-span\" style=\"font-size: 13px;font-weight: normal\">Video Urs Bachmann<\/span><\/h3>\n<p> <iframe loading=\"lazy\" src=\"https:\/\/player.vimeo.com\/video\/208309380\" width=\"640\" height=\"360\" frameborder=\"0\" title=\"supp\" webkitallowfullscreen mozallowfullscreen allowfullscreen><\/iframe><\/p>\n<h3>Geh\u00e4cksel und Gemengsel, @N, Zug <span class=\"Apple-style-span\" style=\"font-size: 13px;font-weight: normal\">Bilder Philippe Hubler<\/span><\/h3>\nngg_shortcode_1_placeholder\n<h3>Geh\u00e4cksel und Gemengsel, M\u00fchlerama Z\u00fcrich &nbsp;<span class=\"Apple-style-span\" style=\"font-size: 13px;font-weight: normal\">Bilder: Mirjam Wirz<br \/>\n<\/span><\/h3>\nngg_shortcode_2_placeholder\n<h3>Kochen mit Unbekannt &#8211; Das erste Mahl, Zentrum Karl &nbsp;<span class=\"Apple-style-span\" style=\"font-size: 13px;font-weight: normal\">Bilder:&nbsp;Jennifer Amelie Vogel<br \/>\n<\/span><\/h3>\nngg_shortcode_3_placeholder\n<h3><span class=\"Apple-style-span\" style=\"font-size: 13px;font-weight: normal\">&nbsp;<\/span><\/h3>\n","protected":false},"excerpt":{"rendered":"<p>Pasta identit\u00e0 Bilder: Rahel Erny, Urs Bachmann Kochklang &nbsp;Video:&nbsp;Anna Rubi Suppengeschichten&nbsp;Video Urs Bachmann Geh\u00e4cksel und Gemengsel, @N, Zug Bilder Philippe Hubler Geh\u00e4cksel und Gemengsel, M\u00fchlerama Z\u00fcrich &nbsp;Bilder: Mirjam Wirz Kochen mit Unbekannt &#8211; Das erste Mahl, Zentrum Karl &nbsp;Bilder:&nbsp;Jennifer Amelie Vogel &nbsp;<\/p>\n","protected":false},"author":1721,"featured_media":0,"parent":0,"menu_order":3,"comment_status":"closed","ping_status":"closed","template":"","meta":{"ngg_post_thumbnail":0,"footnotes":""},"class_list":["post-309","page","type-page","status-publish","hentry"],"_links":{"self":[{"href":"https:\/\/blog.zhdk.ch\/kitchenarritaet\/wp-json\/wp\/v2\/pages\/309","targetHints":{"allow":["GET"]}}],"collection":[{"href":"https:\/\/blog.zhdk.ch\/kitchenarritaet\/wp-json\/wp\/v2\/pages"}],"about":[{"href":"https:\/\/blog.zhdk.ch\/kitchenarritaet\/wp-json\/wp\/v2\/types\/page"}],"author":[{"embeddable":true,"href":"https:\/\/blog.zhdk.ch\/kitchenarritaet\/wp-json\/wp\/v2\/users\/1721"}],"replies":[{"embeddable":true,"href":"https:\/\/blog.zhdk.ch\/kitchenarritaet\/wp-json\/wp\/v2\/comments?post=309"}],"version-history":[{"count":32,"href":"https:\/\/blog.zhdk.ch\/kitchenarritaet\/wp-json\/wp\/v2\/pages\/309\/revisions"}],"predecessor-version":[{"id":1916,"href":"https:\/\/blog.zhdk.ch\/kitchenarritaet\/wp-json\/wp\/v2\/pages\/309\/revisions\/1916"}],"wp:attachment":[{"href":"https:\/\/blog.zhdk.ch\/kitchenarritaet\/wp-json\/wp\/v2\/media?parent=309"}],"curies":[{"name":"wp","href":"https:\/\/api.w.org\/{rel}","templated":true}]}}