{"id":57,"date":"2013-09-19T09:02:03","date_gmt":"2013-09-19T07:02:03","guid":{"rendered":"https:\/\/blog.zhdk.ch\/kitchenarritaet\/?page_id=57"},"modified":"2017-08-13T12:04:48","modified_gmt":"2017-08-13T10:04:48","slug":"das-erste-mahl","status":"publish","type":"page","link":"https:\/\/blog.zhdk.ch\/kitchenarritaet\/das-erste-mahl\/","title":{"rendered":"Kochen mit Unbekannt"},"content":{"rendered":"<p><a href=\"https:\/\/blog.zhdk.ch\/kitchenarritaet\/files\/2013\/11\/IMG_84811.jpg\" rel=\"lightbox[57]\"><img loading=\"lazy\" decoding=\"async\" class=\"wp-image-487 size-medium alignnone\" src=\"https:\/\/blog.zhdk.ch\/kitchenarritaet\/files\/2013\/11\/IMG_84811-300x200.jpg\" alt=\"\" width=\"300\" height=\"200\" srcset=\"https:\/\/blog.zhdk.ch\/kitchenarritaet\/files\/2013\/11\/IMG_84811-300x200.jpg 300w, https:\/\/blog.zhdk.ch\/kitchenarritaet\/files\/2013\/11\/IMG_84811.jpg 850w\" sizes=\"auto, (max-width: 300px) 85vw, 300px\" \/><\/a><\/p>\n<p>Eine \u00f6ffentliche K\u00fcche.&nbsp;Die G\u00e4ste kennen sich nicht und das Menu ist unbekannt. Zusammen mit einer K\u00f6chin, einem Koch entsteht aus den Zutaten der G\u00e4ste ein Abendessen.<br \/>\nSobald das Mitgebrachte bereitliegt, wird das Menu besprochen, gemeinsam zubereitet und sodann aufgetischt. F\u00fcr einen unterhaltsamen Abend sind aber Neugier, Phantasie und Offenheit die wichtigsten Zutaten.<br \/>\nAm Ende sind alle satt, es gibt keine unbekannten G\u00e4ste mehr und man zieht heimw\u00e4rts mit neuen Kochideen.<\/p>\n<p>siehe auch:<\/p>\n<p><a href=\"https:\/\/www.facebook.com\/kochenmitunbekannt\/?fref=ts\"><img loading=\"lazy\" decoding=\"async\" class=\"wp-image-1557 alignleft\" src=\"https:\/\/blog.zhdk.ch\/kitchenarritaet\/files\/2013\/09\/facebook-announces-clickable-hashtags-resolution-media-17.png\" alt=\"facebook-announces-clickable-hashtags-resolution-media-17\" width=\"66\" height=\"34\"><\/a><\/p>\n","protected":false},"excerpt":{"rendered":"<p>Eine \u00f6ffentliche K\u00fcche.&nbsp;Die G\u00e4ste kennen sich nicht und das Menu ist unbekannt. Zusammen mit einer K\u00f6chin, einem Koch entsteht aus den Zutaten der G\u00e4ste ein Abendessen. Sobald das Mitgebrachte bereitliegt, wird das Menu besprochen, gemeinsam zubereitet und sodann aufgetischt. F\u00fcr einen unterhaltsamen Abend sind aber Neugier, Phantasie und Offenheit die wichtigsten Zutaten. Am Ende sind &hellip; <a href=\"https:\/\/blog.zhdk.ch\/kitchenarritaet\/das-erste-mahl\/\" class=\"more-link\"><span class=\"screen-reader-text\">\u201eKochen mit Unbekannt\u201c <\/span>weiterlesen<\/a><\/p>\n","protected":false},"author":1721,"featured_media":0,"parent":0,"menu_order":10,"comment_status":"open","ping_status":"closed","template":"","meta":{"ngg_post_thumbnail":0,"footnotes":""},"class_list":["post-57","page","type-page","status-publish","hentry"],"_links":{"self":[{"href":"https:\/\/blog.zhdk.ch\/kitchenarritaet\/wp-json\/wp\/v2\/pages\/57","targetHints":{"allow":["GET"]}}],"collection":[{"href":"https:\/\/blog.zhdk.ch\/kitchenarritaet\/wp-json\/wp\/v2\/pages"}],"about":[{"href":"https:\/\/blog.zhdk.ch\/kitchenarritaet\/wp-json\/wp\/v2\/types\/page"}],"author":[{"embeddable":true,"href":"https:\/\/blog.zhdk.ch\/kitchenarritaet\/wp-json\/wp\/v2\/users\/1721"}],"replies":[{"embeddable":true,"href":"https:\/\/blog.zhdk.ch\/kitchenarritaet\/wp-json\/wp\/v2\/comments?post=57"}],"version-history":[{"count":29,"href":"https:\/\/blog.zhdk.ch\/kitchenarritaet\/wp-json\/wp\/v2\/pages\/57\/revisions"}],"predecessor-version":[{"id":1930,"href":"https:\/\/blog.zhdk.ch\/kitchenarritaet\/wp-json\/wp\/v2\/pages\/57\/revisions\/1930"}],"wp:attachment":[{"href":"https:\/\/blog.zhdk.ch\/kitchenarritaet\/wp-json\/wp\/v2\/media?parent=57"}],"curies":[{"name":"wp","href":"https:\/\/api.w.org\/{rel}","templated":true}]}}