{"id":77,"date":"2013-09-19T09:28:51","date_gmt":"2013-09-19T07:28:51","guid":{"rendered":"https:\/\/blog.zhdk.ch\/kitchenarritaet\/?page_id=77"},"modified":"2017-08-13T11:51:01","modified_gmt":"2017-08-13T09:51:01","slug":"literatur","status":"publish","type":"page","link":"https:\/\/blog.zhdk.ch\/kitchenarritaet\/hintergrund\/literatur\/","title":{"rendered":"Literatur"},"content":{"rendered":"<p><strong><a href=\"https:\/\/blog.zhdk.ch\/kitchenarritaet\/files\/2013\/09\/3.jpeg\" rel=\"lightbox[77]\"><img loading=\"lazy\" decoding=\"async\" class=\"size-full wp-image-137 alignnone\" src=\"https:\/\/blog.zhdk.ch\/kitchenarritaet\/files\/2013\/09\/3.jpeg\" alt=\"3\" width=\"78\" height=\"100\"><br \/>\n<\/a><\/strong><strong>Der Architekt, der Koch und der gute Geschmack<br \/>\n<\/strong>Petra Hagen Hodgson, Architekturhistorikerin, 1957- Rolf Toyka Akademie der Architekten- und Stadtplanerkammer Hessen<br \/>\n2007<\/p>\n<hr>\n<p><img loading=\"lazy\" decoding=\"async\" src=\"https:\/\/blog.zhdk.ch\/kitchenarritaet\/files\/2013\/09\/2.jpeg\" alt=\"2\" width=\"80\" height=\"100\"><br \/>\n<strong>Das Mass im Kochen<br \/>\n<\/strong>Mengen- und Massangaben in Kochrezepten von der Antike bis zur Einf\u00fchrung der metrischen Masse im 19. Jahrhundert und deren Parallelit\u00e4t zu k\u00fcnstlerischen Gestaltungsprinzipien<br \/>\nRenate Breuss<br \/>\n1999<\/p>\n<hr>\n<p><strong>Die Weisheit des Essens : gastrosophische Feldforschungen<\/strong><br \/>\nHarald Lemke<br \/>\n2008<\/p>\n<hr>\n<p><a href=\"https:\/\/blog.zhdk.ch\/kitchenarritaet\/files\/2013\/09\/8.jpeg\" rel=\"lightbox[77]\"><img loading=\"lazy\" decoding=\"async\" class=\"size-full wp-image-147 alignnone\" src=\"https:\/\/blog.zhdk.ch\/kitchenarritaet\/files\/2013\/09\/8.jpeg\" alt=\"8\" width=\"65\" height=\"100\"><br \/>\n<\/a><strong>Die Kunst des Essens : eine \u00c4sthetik des kulinarischen Geschmacks<br \/>\n<\/strong>Harald Lemke<br \/>\n2007<\/p>\n<hr>\n<p><a href=\"https:\/\/blog.zhdk.ch\/kitchenarritaet\/files\/2013\/09\/7.jpeg\" rel=\"lightbox[77]\"><img loading=\"lazy\" decoding=\"async\" src=\"https:\/\/blog.zhdk.ch\/kitchenarritaet\/files\/2013\/09\/7.jpeg\" alt=\"7\" width=\"77\" height=\"100\"><\/a><br \/>\n<strong>Atelier + K\u00fcche = Labore der Sinne = Atelier + kitchen = laboratories of the senses<\/strong><br \/>\nSabiene Autsch MARTa Herford (Herford)<br \/>\n2012<\/p>\n<hr>\n<p><strong>Mise en place<br \/>\n<\/strong>Recherchen im Bereich von &#8222;Kunstkochen&#8220;<br \/>\nAnnina Ciocco Hochschule f\u00fcr Gestaltung und Kunst (Z\u00fcrich). Departement Medien &amp; Kunst<br \/>\n2005<\/p>\n<hr>\n<p><a href=\"https:\/\/blog.zhdk.ch\/kitchenarritaet\/files\/2013\/09\/1.jpeg\" rel=\"lightbox[77]\"><img loading=\"lazy\" decoding=\"async\" src=\"https:\/\/blog.zhdk.ch\/kitchenarritaet\/files\/2013\/09\/1.jpeg\" alt=\"1\" width=\"58\" height=\"100\"><br \/>\n<\/a><strong>Essen &#8211; Wissen : Erkundungen zur Esskultur<br \/>\n<\/strong>Harald Lemke<br \/>\n2008<\/p>\n<hr>\n<p><strong><a href=\"https:\/\/blog.zhdk.ch\/kitchenarritaet\/files\/2013\/09\/5.jpeg\" rel=\"lightbox[77]\"><img loading=\"lazy\" decoding=\"async\" class=\"size-full wp-image-141 alignnone\" src=\"https:\/\/blog.zhdk.ch\/kitchenarritaet\/files\/2013\/09\/5.jpeg\" alt=\"5\" width=\"65\" height=\"100\"><\/a><\/strong><br \/>\n<strong>Kulinarisches Kino<br \/>\n<\/strong>interdisziplin\u00e4re Perspektiven auf Essen und Trinken im Film<br \/>\nDaniel Kofahl<br \/>\n2013<\/p>\n<hr>\n<p><a href=\"https:\/\/blog.zhdk.ch\/kitchenarritaet\/files\/2013\/09\/6.jpeg\" rel=\"lightbox[77]\"><img loading=\"lazy\" decoding=\"async\" class=\"size-full wp-image-143 alignnone\" src=\"https:\/\/blog.zhdk.ch\/kitchenarritaet\/files\/2013\/09\/6.jpeg\" alt=\"6\" width=\"74\" height=\"100\"><\/a><br \/>\n<strong>Eating the universe : vom Essen in der Kunst<br \/>\n<\/strong>Magdalena Holzhey Sylvette Babin Kunsthalle D\u00fcsseldorf<br \/>\n2009<\/p>\n<hr>\n<p><a href=\"https:\/\/blog.zhdk.ch\/kitchenarritaet\/files\/2013\/09\/8.jpeg\" rel=\"lightbox[77]\"><img loading=\"lazy\" decoding=\"async\" class=\"size-full wp-image-147 alignnone\" src=\"https:\/\/blog.zhdk.ch\/kitchenarritaet\/files\/2013\/09\/8.jpeg\" alt=\"8\" width=\"65\" height=\"100\"><\/a><br \/>\n<strong>Die Tischgesellschaft&nbsp;<\/strong><br \/>\nPhilosophische und kulturwissenschaftliche Ann\u00e4herungen<br \/>\nIris D\u00e4rmann<br \/>\n2008<\/p>\n<hr>\n<p><a href=\"https:\/\/blog.zhdk.ch\/kitchenarritaet\/files\/2013\/09\/9.jpeg\" rel=\"lightbox[77]\"><img loading=\"lazy\" decoding=\"async\" class=\"size-full wp-image-149 alignnone\" src=\"https:\/\/blog.zhdk.ch\/kitchenarritaet\/files\/2013\/09\/9.jpeg\" alt=\"9\" width=\"72\" height=\"100\"><\/a><br \/>\n<strong>Rirkrit Tiravanija : a retrospective (tomorrow is another fine day)<br \/>\n<\/strong>Francesca Grassi Rirkrit Tiravanija, Objektk\u00fcnstler, 1961-<br \/>\n2007<\/p>\n<hr>\n<p><a href=\"https:\/\/blog.zhdk.ch\/kitchenarritaet\/files\/2013\/09\/10.jpeg\" rel=\"lightbox[77]\"><img loading=\"lazy\" decoding=\"async\" class=\"size-full wp-image-151 alignnone\" src=\"https:\/\/blog.zhdk.ch\/kitchenarritaet\/files\/2013\/09\/10.jpeg\" alt=\"10\" width=\"67\" height=\"100\"><\/a><br \/>\n<strong>Encyclopedia of pasta<\/strong><br \/>\nOretta Zanini de Vita<br \/>\n2009<\/p>\n<hr>\n<p><em>Video<br \/>\n<\/em><strong>Die essbare Metapher : \u00fcber das Kochen als Ursprung der Kunst<br \/>\n<\/strong>Peter Kubelka Alois Martin M\u00fcller<br \/>\nInstanzen, Perspektiven, Imaginationen : Interventionen<br \/>\n1995<\/p>\n<hr>\n<p><em>Video<br \/>\n<\/em><strong>Kochen als Kunst<br \/>\n<\/strong>15. September bis 3. Oktober 2003 : ein Projekt zum 125-j\u00e4hrigen Jubil\u00e4um der Hochschule f\u00fcr Gestaltung und Kunst Z\u00fcrich, musikalisch begleitet von der Hochschule Musik und Theater<br \/>\nOnno Faller Marianne B\u00f6ckli Moritz Leuenberger Hochschule f\u00fcr Gestaltung und Kunst (Z\u00fcrich)<br \/>\n2005<\/p>\n<hr>\n<p><em>Zeitschrift<\/em><br \/>\n<strong>Kunstforum international<\/strong>; Bd. 159 (2002) April\/Mai<br \/>\n<strong>Essen und Trinken 1<\/strong> : Monographien &amp; Gespr\u00e4che: Daniel Spoerri, Peter Kubelka, Oliver Jordan, Sonja Alh\u00e4user, Carsten H\u00f6ller, Hermann Nitsch; \u00d6yvind Fahlstr\u00f6m, Werner Reiterer, Pierre Huyghe, Dominique Gonzalez-Foerster, Stefan Wissel<\/p>\n<hr>\n<p><em>Zeitschrift<\/em><br \/>\n<strong>Kunstforum international<\/strong>; Bd. 160 (2002)<br \/>\n<strong>Essen und Trinken A-Z, Teil II<\/strong><\/p>\n","protected":false},"excerpt":{"rendered":"<p>Der Architekt, der Koch und der gute Geschmack Petra Hagen Hodgson, Architekturhistorikerin, 1957- Rolf Toyka Akademie der Architekten- und Stadtplanerkammer Hessen 2007 Das Mass im Kochen Mengen- und Massangaben in Kochrezepten von der Antike bis zur Einf\u00fchrung der metrischen Masse im 19. Jahrhundert und deren Parallelit\u00e4t zu k\u00fcnstlerischen Gestaltungsprinzipien Renate Breuss 1999 Die Weisheit des &hellip; <a href=\"https:\/\/blog.zhdk.ch\/kitchenarritaet\/hintergrund\/literatur\/\" class=\"more-link\"><span class=\"screen-reader-text\">\u201eLiteratur\u201c <\/span>weiterlesen<\/a><\/p>\n","protected":false},"author":1721,"featured_media":0,"parent":1904,"menu_order":6,"comment_status":"open","ping_status":"open","template":"","meta":{"ngg_post_thumbnail":0,"footnotes":""},"class_list":["post-77","page","type-page","status-publish","hentry"],"_links":{"self":[{"href":"https:\/\/blog.zhdk.ch\/kitchenarritaet\/wp-json\/wp\/v2\/pages\/77","targetHints":{"allow":["GET"]}}],"collection":[{"href":"https:\/\/blog.zhdk.ch\/kitchenarritaet\/wp-json\/wp\/v2\/pages"}],"about":[{"href":"https:\/\/blog.zhdk.ch\/kitchenarritaet\/wp-json\/wp\/v2\/types\/page"}],"author":[{"embeddable":true,"href":"https:\/\/blog.zhdk.ch\/kitchenarritaet\/wp-json\/wp\/v2\/users\/1721"}],"replies":[{"embeddable":true,"href":"https:\/\/blog.zhdk.ch\/kitchenarritaet\/wp-json\/wp\/v2\/comments?post=77"}],"version-history":[{"count":34,"href":"https:\/\/blog.zhdk.ch\/kitchenarritaet\/wp-json\/wp\/v2\/pages\/77\/revisions"}],"predecessor-version":[{"id":2139,"href":"https:\/\/blog.zhdk.ch\/kitchenarritaet\/wp-json\/wp\/v2\/pages\/77\/revisions\/2139"}],"up":[{"embeddable":true,"href":"https:\/\/blog.zhdk.ch\/kitchenarritaet\/wp-json\/wp\/v2\/pages\/1904"}],"wp:attachment":[{"href":"https:\/\/blog.zhdk.ch\/kitchenarritaet\/wp-json\/wp\/v2\/media?parent=77"}],"curies":[{"name":"wp","href":"https:\/\/api.w.org\/{rel}","templated":true}]}}