{"id":891,"date":"2014-01-18T10:50:30","date_gmt":"2014-01-18T08:50:30","guid":{"rendered":"https:\/\/blog.zhdk.ch\/kitchenarritaet\/?page_id=891"},"modified":"2017-08-13T12:04:24","modified_gmt":"2017-08-13T10:04:24","slug":"kochklang","status":"publish","type":"page","link":"https:\/\/blog.zhdk.ch\/kitchenarritaet\/kochklang\/","title":{"rendered":"kochklang"},"content":{"rendered":"<h3><strong>Koch(neben)ger\u00e4usche &#8211; eine kollektive Klang-Improvisation mit lukullischem Output<\/strong><\/h3>\n<p><a href=\"https:\/\/blog.zhdk.ch\/kitchenarritaet\/files\/2015\/09\/kk.jpg\" rel=\"lightbox[891]\"><img loading=\"lazy\" decoding=\"async\" class=\"alignleft size-full wp-image-1048\" src=\"https:\/\/blog.zhdk.ch\/kitchenarritaet\/files\/2015\/09\/kk.jpg\" alt=\"\" width=\"300\" height=\"314\" srcset=\"https:\/\/blog.zhdk.ch\/kitchenarritaet\/files\/2015\/09\/kk.jpg 300w, https:\/\/blog.zhdk.ch\/kitchenarritaet\/files\/2015\/09\/kk-287x300.jpg 287w\" sizes=\"auto, (max-width: 300px) 85vw, 300px\" \/><\/a><\/p>\n<h3><strong><a title=\"Die Bilder\" href=\"https:\/\/blog.zhdk.ch\/kitchenarritaet\/die-bilder\/\">Zum Video<\/a><br \/>\n<\/strong><\/h3>\n<p>Wie klingt der K\u00f6rperschall einer Karotte, die geraffelt wird? Eines R\u00fcstmessers, mit dem eine Kartoffel gesch\u00e4lt wird? Und unsere Handgelenke im Tun all dieser Dinge? Wie klingt eine sich erw\u00e4rmende Pfanne?<\/p>\n<p>Wir werden versuchen, den Kochprozess und die Kl\u00e4nge des Verarbeitungsprozesses in Einklang zu bringen und dazu die Kochutensilien mit K\u00f6rpermikrofonen verkabeln. Jedes Kochutensil ist auch Klang-Instrument. Jede Kochhandlung auch eine musikalische Handlung.<\/p>\n<p>Hack-, Raffel-, R\u00fchrrhythmus und -intensit\u00e4t, Aktivit\u00e4t und Pause bilden das Klangmaterial f\u00fcr die Improvisation. Die Rohkl\u00e4nge werden von Simon Berz gesampelt.<\/p>\n<p>Wie klingt kochen?<br \/>\nWie schmeckt ein auditiver Eintopf?<br \/>\nFliesst das H\u00f6r-Erlebnis in das Kochprodukt ein?<br \/>\nUnd kann das Men\u00fc sp\u00e4ter erh\u00f6rt werden?<\/p>\n<p><b><a href=\"https:\/\/blog.zhdk.ch\/kitchenarritaet\/files\/2014\/01\/kochklang04.jpg\" rel=\"lightbox[891]\">&nbsp;<\/a><\/b><\/p>\n<div>&nbsp;<\/div>\n<div>&nbsp;<\/div>\n","protected":false},"excerpt":{"rendered":"<p>Koch(neben)ger\u00e4usche &#8211; eine kollektive Klang-Improvisation mit lukullischem Output Zum Video Wie klingt der K\u00f6rperschall einer Karotte, die geraffelt wird? Eines R\u00fcstmessers, mit dem eine Kartoffel gesch\u00e4lt wird? Und unsere Handgelenke im Tun all dieser Dinge? Wie klingt eine sich erw\u00e4rmende Pfanne? Wir werden versuchen, den Kochprozess und die Kl\u00e4nge des Verarbeitungsprozesses in Einklang zu bringen &hellip; <a href=\"https:\/\/blog.zhdk.ch\/kitchenarritaet\/kochklang\/\" class=\"more-link\"><span class=\"screen-reader-text\">\u201ekochklang\u201c <\/span>weiterlesen<\/a><\/p>\n","protected":false},"author":1721,"featured_media":0,"parent":0,"menu_order":8,"comment_status":"closed","ping_status":"closed","template":"","meta":{"ngg_post_thumbnail":0,"footnotes":""},"class_list":["post-891","page","type-page","status-publish","hentry"],"_links":{"self":[{"href":"https:\/\/blog.zhdk.ch\/kitchenarritaet\/wp-json\/wp\/v2\/pages\/891","targetHints":{"allow":["GET"]}}],"collection":[{"href":"https:\/\/blog.zhdk.ch\/kitchenarritaet\/wp-json\/wp\/v2\/pages"}],"about":[{"href":"https:\/\/blog.zhdk.ch\/kitchenarritaet\/wp-json\/wp\/v2\/types\/page"}],"author":[{"embeddable":true,"href":"https:\/\/blog.zhdk.ch\/kitchenarritaet\/wp-json\/wp\/v2\/users\/1721"}],"replies":[{"embeddable":true,"href":"https:\/\/blog.zhdk.ch\/kitchenarritaet\/wp-json\/wp\/v2\/comments?post=891"}],"version-history":[{"count":10,"href":"https:\/\/blog.zhdk.ch\/kitchenarritaet\/wp-json\/wp\/v2\/pages\/891\/revisions"}],"predecessor-version":[{"id":1922,"href":"https:\/\/blog.zhdk.ch\/kitchenarritaet\/wp-json\/wp\/v2\/pages\/891\/revisions\/1922"}],"wp:attachment":[{"href":"https:\/\/blog.zhdk.ch\/kitchenarritaet\/wp-json\/wp\/v2\/media?parent=891"}],"curies":[{"name":"wp","href":"https:\/\/api.w.org\/{rel}","templated":true}]}}