{"id":35,"date":"2012-02-04T15:05:26","date_gmt":"2012-02-04T15:05:26","guid":{"rendered":"https:\/\/blog.zhdk.ch\/klangundumwelt\/?page_id=35"},"modified":"2020-03-16T11:47:23","modified_gmt":"2020-03-16T11:47:23","slug":"milieux-sonores-objets-sonores","status":"publish","type":"page","link":"https:\/\/blog.zhdk.ch\/klangundumwelt\/milieux-sonores-objets-sonores\/","title":{"rendered":"Context"},"content":{"rendered":"<p>By Marcus Maeder<\/p>\n<p><strong>&nbsp;<\/strong>In recent years, the arts and the natural sciences have come closer together. On the part of the sciences, indications for this new proximity can be found in the more intensive use of (and the changed requirements on) media and communication technologies, which increasingly raise aesthetic issues in relation both to the testability and representation of research objects and the communicability and societal handling of research results. From the arts, an increased focus on environmental problems, such as climate change and the sustainable use of natural resources, has been revealed. Behind this is the intention to render processes taking place in the environment into a direct, aesthetic, emotional experience \u2013 and hence one that can be culturally reflected upon, thereby arriving not only at new modes of perceiving nature but also a new environmental awareness. Consequently, the last few years have witnessed the emergence of artistic disciplines, such as Eco Art and Bioart, or collaboration programmes, such as \u00abArtists in Labs\u00bb<strong>, <\/strong>where artistic experimenting with research, presentation methods and insights gained from the natural sciences has taken place, and the scientific mode of working \u2013 the understanding of nature \u2013 reflected and transformed in aesthetic semantic fields and cultural contexts.<\/p>\n<p>There exists great transdisciplinary and societal potential in collaborative projects from the arts and sciences. Method and theory transfers in both directions hold possibilities to come up with innovative experimental and communication designs and \u2013 beyond that \u2013 to altered avenues of reflection in each individual domain. Integrative projects on environmental themes are able to open up new communication paths for research results and thus directly and efficiently influence societal discourse concerning environmental awareness and behaviour.<\/p>\n<p>The course advertised here is set up in a specific, practical overlapping area of art and science, i.e. Acoustic Ecology. In Acoustic Ecology, there is an overlapping of aesthetic and ecological issues when it comes to exploring, evaluating and communicating an ecosystem on the basis of its acoustic characteristics. Here, sound art and ecology have entered into a fertile relationship; the discipline was established in the 1970s by the composer Ron Murray Schafer and has undergone a strong development with the advent of computer and mobile technology. The intention of the Acoustic Ecology course is to put the encounter between art and ecology to the test using practical field exercises in a collaborative project involving students from the ZHdK and ETH. The aim is for the students to gain a deeper awareness at a qualitative level of medial and artistic communication and negotiating formats in relation to environmental problems. In this process, the ability of the students should be developed, so that they are able to reflect on their own research work not only in a cultural and environmental-ethical but also a scientific and societal context.<\/p>\n<p><strong>Acoustic environment: The Soundscape<\/strong><\/p>\n<p>The Canadian composer and founder of Acoustic Ecology, Ron Murray Schafer, gives the name &#8220;World Soundscape&#8221; to the whole acoustic environment, the totality of all possible sounds in the world. As an immanence layer, this encompasses everything audible, including the noises and sounds, which we can imagine \u2013 albeit not being able to hear. The World Soundscape is composed of a myriad of local acoustic environments and soundscapes. What Schafer perceives as a soundscape is not only a geographical area and its noises, but also every other formation of sounds and noises \u2013 whether a musical work, a radio broadcast or a sound installation. The world and landscape have also been established by us in the manner of an artistic work; they are acoustically designed and filled. A soundscape is an acoustic environment, which differs somewhat from the mere locality \u2013 in fact, it implies social indicators in the experience of, the classification of and the dealing with noises and sounds.<\/p>\n<p>The term &#8220;environment&#8221; originates from the biologist Jakob von Uexk\u00fcll: for him, the difference between the environment and the locality lies in the fact that the latter describes a mere spatial proximity of things and organisms, whereas the former is essentially defined and designed by organisms. According to Uexk\u00fcll, an organism is always its own special environment \u2013 the environment of an organism is reflected in its inner world, while the environment is constituted by the interactions of the organism with it. One interesting aspect in Uexku\u0308ll&#8217;s semantics of biological systems is his formulation of an &#8220;experiencing tone&#8221; of environmental experiences: in a musical vocabulary, Uexk\u00fcll describes the significance, the hue, which things obtain in our experience of the environment, when we enter into an acting relationship with them. They become signifiers, which possess a &#8220;tone&#8221; corresponding to the type of relationship we establish with them. An accumulation of tones thus becomes the melody, the interaction of subject and environment. Uexku\u0308ll speaks of the &#8220;\u2026 compositional theory of nature: as in the composition of a duet where both voices have to be composed together note by note and point by point, the significance factors in nature possess a contrapuntal relationship to the significance exploiters.\u201d<\/p>\n<p><strong>Milieux Sonores<\/strong><\/p>\n<p>A soundscape is usually composed of differing, local acoustic milieux. These can be perceived as limited environments of an object of research, say, an individual acoustic object (objet sonore), and are therefore \u2013 as it were \u2013 the acoustic microclimate of an acoustic object. The term \u00bbmilieu\u00ab denotes a characteristic configuration of environmental factors, into which an object of research is embedded. This term was used at the beginning of the 20th century \u2013 primarily in geography, and today is found in a wide range of research fields \u2013 both in the sciences and the humanities. The investigation of the spatial organisation of human societies has created its own topic of zones, regions, landscapes, territories in geography. Recent tendencies within this scientific field deal with acoustic milieux, the \u00bbmilieux sonores\u00ab. The local and ever changing acoustic milieux structure a sound space, say, that of a city or landscape. A \u00bbmilieu sonore\u00ab also describes a characteristic, acoustic environment of human beings. The milieu is always defined in relation to a location within space; it does not exist outside of itself, but is instead always the milieu of something or someone. It defines the local relations, for example the relationship of a society to its environment. A milieu corresponds to mental representations in the acoustic space; it is something arisen, created, an artefact in the original sense (cf. <a href=\"http:\/\/www.cybergeo.eu\/index5034.html\">Fr\u00e9d\u00e9ric Roulier: \u00bbPour une g\u00e9ographie des milieux sonores\u00ab<\/a>).<\/p>\n<p><strong>Objets Sonores<\/strong><\/p>\n<p>The term &#8220;objet sonore&#8221; was defined by the French composer Pierre Schaeffer. In his &#8220;trait\u00e9 des objets musicaux&#8221;, Schaffer describes the objet sonore as an acoustic object of human perception, which is perceived or measured as the smallest self-containing particle of an &#8220;ambiance sonore&#8221; \u2013 or as we refer to it: a milieu sonore. Objets sonores can usually be analysed by the characteristics of their envelope (the visual representation of an oscillating signal). The objet sonore is revealed as a referential, phenomenological acoustic formation (with a significance in our perception and interpretation of an acoustic object). An objet sonore is thus a symbolic, semantic or structural object of study, which can be explored and described. The objet sonore is part of a milieu sonore \u2013 in most cases, the objet sonore can only be adequately described from its context \u2013 its milieu, into which it is embedded, in which it sounds, or only through which it is made to sound or be perceived. The objet sonore differs from the pure and abstract sound event: although this is also the smallest particle of a milieu sonore, unlike the objet sonore it is only something that occurs at a specific location or during a specific time interval.<\/p>\n<p><strong>Morphology and Typology <\/strong><\/p>\n<p>When we investigate a milieu sonore or an objet sonore, it is important to realise that we do not perceive acoustic structures in isolation but as sense and semantic structures; they are shaped by our perception and cognition. We make classifications as we go along \u2013 and mostly subconsciously \u2013 of what we hear, say, whether noises are articulated in a specific way, and what references they have in our memory. Schaeffer proposes that attempts be made to articulate these processes in analysis. When we therefore investigate the acoustic environment, its acoustic milieux and the acoustic objects in the milieux, it is then our intention to undertake a morphology and typology of the milieux and objets sonores: a morphology, which can provide more information about the origin and functions of sounds, and a typology, which brings different sound collections into confrontation with each other, i.e., dividing up the various objets sonores and thereby being able to undertake meaningful distinctions between acoustic objects.<\/p>\n<p><strong>Literature<\/strong><\/p>\n<p><strong>Acoustic Ecology\/Soundscape Ecology<\/strong><\/p>\n<p>Farina, A. (2013). <em>Soundscape ecology: principles, patterns, methods and applications<\/em>. Springer Science &amp; Business Media.<\/p>\n<p>Roulier, Fr\u00e9d\u00e9ric (1999): \u00bbPour une g\u00e9ographie des milieux sonores\u00ab. <a href=\"http:\/\/cybergeo.revues.org\/5034\">Link<\/a><\/p>\n<p>Schafer, Ron Murray (1977): The Soundscape \u2013 Our Sonic Environment and the Tuning of the World, Rochester, Vermont: Destiny Books<\/p>\n<p><strong>Ecoacoustics<\/strong><\/p>\n<p>Depraetere, M., Pavoine, S., Jiguet, F., Gasc, A., Duvail, S., &amp; Sueur, J. (2012). Monitoring animal diversity using acoustic indices: implementation in a temperate woodland. <em>Ecological Indicators<\/em>, <em>13<\/em>(1), 46-54.<\/p>\n<p>Farina, A., &amp; Gage, S. H. (2017). <em>Ecoacoustics: The ecological role of sounds<\/em>. John Wiley &amp; Sons.<\/p>\n<p>Gagliano, M. et al. 2012. Towards understanding plant bioacoustics. Trends in Plant Science, June 2012, Vol. 17, No. 6. doi:10.1016\/j.tplants.2012.03.002<\/p>\n<p>Sueur, J., Farina, A., Gasc, A., Pieretti, N., &amp; Pavoine, S. (2014). Acoustic indices for biodiversity assessment and landscape investigation. Acta Acustica united with Acustica, 100, 772\u2013781.<\/p>\n<p>Sueur, J., Pavoine, S., Hamerlynck, O., &amp; Duvail, S. (2008). Rapid acoustic survey for biodiversity appraisal. <em>PloS one<\/em>, <em>3<\/em>(12), e4065.<\/p>\n<p><strong>Philosophy\/Aesthetics\/Ethics<\/strong><\/p>\n<p>Feyerabend, Paul (1984): Wissenschaft als Kunst (Science as art). Frankfurt a\/M: Edition Suhrkamp<\/p>\n<p>Latour, Bruno (2018): Das Terrestrische Manifest (The terrestrial manifest). Frankfurt a\/M: Edition Suhrkamp<\/p>\n<p>Latour, Bruno (2004). Politics of nature. Harvard University Press.<\/p>\n<p>Morton, Thimothy (2007): Ecology Without Nature: Rethinking Environmental Aesthetics, Cambridge: Harvard University Press<\/p>\n<p>Pollan, Michael, B. Y. (2013). The intelligent plant. <em>New Yorker<\/em>, 93. <a href=\"http:\/\/www.esalq.usp.br\/lepse\/imgs\/conteudo_thumb\/The-intelligent-plant---Michael-Pollan.pdf\">http:\/\/www.esalq.usp.br\/lepse\/imgs\/conteudo_thumb\/The-intelligent-plant&#8212;Michael-Pollan.pdf<\/a>, from 31.01.2019<\/p>\n<p><strong>Art\/Eco-Art<\/strong><\/p>\n<p>Miles, M. (2014). <em>Eco-aesthetics: Art, literature and architecture in a period of climate change<\/em>. Bloomsbury Publishing.<\/p>\n<p>Weintraub, L. (2012). To life!: Eco art in pursuit of a sustainable planet. University of California Press.<\/p>\n<p><strong>Music<\/strong><\/p>\n<p>Bachorowski, J. A., &amp; Owren, M. J. (2003). Sounds of emotion. <em>Annals of the New York Academy of Sciences<\/em>, <em>1000<\/em>(1), 244-265.<\/p>\n<p>Hiepko, Andreas\/Stopka, Katja (Hg.) (2001): Rauschen. Seine Ph\u00e4nomenologie und Semantik zwischen Sinn und St\u00f6rung (Noise. Its phenomenology and semantics between sense and disruption), W\u00fcrzburg: K\u00f6nigshausen &amp; Neumann<\/p>\n<p>Kleiner, Marcus S.\/Szepanski, Achim (2003): Soundcultures, Frankfurt a.M.: Suhrkamp<\/p>\n<p>Maeder, M. (2014) \u201cAmbient culture: Coping musically with the environment\u201d, proceedings ICMC\/SMC Conference, Athens.<\/p>\n<p>Maeder, Marcus (2010): Milieux Sonores. Klang, Raum und Virtualit\u00e4t (Sound, space and virtuality), Bielefeld: Transcript<\/p>\n<p>Prendergast, Mark (2000): The Ambient Century, New York\/London: Bloomsbury Publishing<\/p>\n<p>Pierre Schaeffer (2002): Trait\u00e9 des objets musicaux-Essay Interdisciplines, Paris: Seuil<\/p>\n<p>Toop, David (2001): Ocean of Sound: Aether Talk, Ambient Sound and Imaginary Worlds, London: Serpents Tail<\/p>\n<p><strong>Biology<\/strong><\/p>\n<p>Heldmaier, Gerhard\/Werner, Dietrich (2002): Environmental Signal Processing and Adaptation, Berlin: Springer<\/p>\n<p>Lorenz, Konrad (1977): Die R\u00fcckseite des Spiegels \u2013 Versuch einer Naturgeschichte menschlichen Erkennens (The back of the mirror \u2013 The attempt of a natural history of human perception), Munich: dtv<\/p>\n<p>Von Uexk\u00fcll, Jakob\/Georg Kriszat (1956): Streifz\u00fcge durch die Umwelten von Tieren und Menschen: Ein Bilderbuch unsichtbarer Welten (Forays through the environments of animals and humans: A picture book of invincible worlds), Hamburg: Rohwolt publishing house<\/p>\n<p><strong>Sonification<\/strong><\/p>\n<p>Hermann, Thomas et al (Hg.) (2011): The Sonification Handbook, Berlin: Logos<\/p>\n<p>Spehr, G. (2009): Funktionale Kl\u00e4nge. H\u00f6rbare Daten, klingende Ger\u00e4te und gestaltete H\u00f6rerfahrungen (Functional sounds. Audible data, sounding devices and designed auditory experiences), Bielefeld: Transcript<\/p>\n<p><strong>Artistic Research<\/strong><\/p>\n<p>Balkema, Annette W.\/Slager, Henk (Hg.) (2004): Artistic Research, Amsterdam\/New York: Editions Rodopoi B. V.<\/p>\n<p>Busch, K. (2009). Artistic Research and the Poetics of Knowledge. Art &amp; Research 2(2), <a href=\"http:\/\/www.artandresearch.org.uk\/v2n2\/busch.html\">http:\/\/www.artandresearch.org.uk\/v2n2\/busch.html<\/a>, 4. 10. 2017<\/p>\n<p>Caduff, Corina\/Siegenthaler, Fiona\/W\u00e4lchli, Tan (Hg.) (2010): Kunst und K\u00fcnstlerische Forschung (Art and artistic research), Zurich: Scheidegger &amp; Spiess<\/p>\n<p>Maeder, M. (Ed.). (2017). Kunst, Wissenschaft, Natur: Zur \u00c4sthetik und Epistemologie der k\u00fcnstlerisch-wissenschaftlichen Naturbeobachtung (Art, science, nature: On the aesthetics and epistemology of artistic-scientific nature observation<em>)<\/em> (Vol. 119). transcript publishing house.<\/p>\n<p>Maeder, M.&nbsp; Zweifel, R. 2016. trees: An artistic-scientific observation system, proceedings SMC\/SMAC Conference 2016, Hamburg, Germany.<\/p>\n","protected":false},"excerpt":{"rendered":"<p>By Marcus Maeder &nbsp;In recent years, the arts and the natural sciences have come closer together. On the part of the sciences, indications for this new proximity can be found in the more intensive use of (and the changed requirements &hellip; <a href=\"https:\/\/blog.zhdk.ch\/klangundumwelt\/milieux-sonores-objets-sonores\/\">Continue reading <span class=\"meta-nav\">&rarr;<\/span><\/a><\/p>\n","protected":false},"author":515,"featured_media":0,"parent":0,"menu_order":3,"comment_status":"closed","ping_status":"closed","template":"","meta":{"footnotes":""},"class_list":["post-35","page","type-page","status-publish","hentry"],"_links":{"self":[{"href":"https:\/\/blog.zhdk.ch\/klangundumwelt\/wp-json\/wp\/v2\/pages\/35","targetHints":{"allow":["GET"]}}],"collection":[{"href":"https:\/\/blog.zhdk.ch\/klangundumwelt\/wp-json\/wp\/v2\/pages"}],"about":[{"href":"https:\/\/blog.zhdk.ch\/klangundumwelt\/wp-json\/wp\/v2\/types\/page"}],"author":[{"embeddable":true,"href":"https:\/\/blog.zhdk.ch\/klangundumwelt\/wp-json\/wp\/v2\/users\/515"}],"replies":[{"embeddable":true,"href":"https:\/\/blog.zhdk.ch\/klangundumwelt\/wp-json\/wp\/v2\/comments?post=35"}],"version-history":[{"count":19,"href":"https:\/\/blog.zhdk.ch\/klangundumwelt\/wp-json\/wp\/v2\/pages\/35\/revisions"}],"predecessor-version":[{"id":981,"href":"https:\/\/blog.zhdk.ch\/klangundumwelt\/wp-json\/wp\/v2\/pages\/35\/revisions\/981"}],"wp:attachment":[{"href":"https:\/\/blog.zhdk.ch\/klangundumwelt\/wp-json\/wp\/v2\/media?parent=35"}],"curies":[{"name":"wp","href":"https:\/\/api.w.org\/{rel}","templated":true}]}}