{"id":1297,"date":"2011-07-14T08:13:09","date_gmt":"2011-07-14T07:13:09","guid":{"rendered":"https:\/\/blog.zhdk.ch\/kunstvermittlung\/?page_id=1297"},"modified":"2011-07-14T08:15:59","modified_gmt":"2011-07-14T07:15:59","slug":"zitate-von-passantinnen-und-passanten","status":"publish","type":"page","link":"https:\/\/blog.zhdk.ch\/kunstvermittlung\/vergangene-projekte-kunstvermittlung\/und-anders\/verflixt-zugenaht\/zitate-von-passantinnen-und-passanten\/","title":{"rendered":"Zitate von Passantinnen und Passanten"},"content":{"rendered":"<p><\/em><br \/>\n<\/em><br \/>\n<strong>Zitate von Passantinnen und Passanten, die sich an unserem Projekt auf verschiedene Art und Weise beteiligt haben.<\/strong><br \/>\n<\/em><br \/>\n<\/em><br \/>\n\u00abNach dem Aufl\u00f6sen von etwas Gestricktem war die Wolle ja gekraust. Man hat sie erst \u00fcber ein Tabourettli gespannt und dann darauf gewaschen um die F\u00e4den wieder zu strecken.\u00bb<br \/>\n(Frau, ca. 70 Jahre)<\/p>\n<p>\u00abIch bleibe lieber noch ein bisschen und l\u00f6se jetzt meinen Handschuh hier fertig auf. Zuhause muss ich mich wieder an den Computer setzen und an meiner Dissertation weiterschreiben. Es macht Spass, mal etwas zu tun ohne zu denken.\u00bb<br \/>\n(Mann, Jurist und Musiker, ca. 40 Jahre)<\/p>\n<p>\u00abWie heisst er?\u00bb (meint den Kn\u00e4uel)<br \/>\n\u00abNa ja, er hat noch keinen Namen. Was w\u00fcrdest du vorschlagen?\u00bb<br \/>\n\u00abJao!\u00bb<br \/>\n(M\u00e4dchen Malu, 3 Jahre, ihr kleiner Bruder heisst Jao)<\/p>\n<p>\u00abMeine Mutter hat auch immer aufgel\u00f6st und aus der Wolle etwas Neues gestrickt. Ich war immer froh, wenn im Pullover meiner \u00e4lteren Schwester ein Loch war, dann wusste ich, dass ich bald einen neuen Pullover aus dieser Wolle kriege.\u00bb<br \/>\n(Frau, ca. 50 Jahre)<\/p>\n<p>\u00abEs ist so sch\u00f6n, mal wieder etwas richtig Sinnloses zu tun!\u00bb<br \/>\n(zwei Frauen, Theaterp\u00e4dagoginnen, ca. 40 Jahre)<\/p>\n<p>\u00abWarum l\u00f6sen Sie denn diese sch\u00f6ne M\u00fctze auf?\u00bb<br \/>\n(Frau, ca. 45, im Tram)<\/p>\n<p>Eine \u00e4ltere Frau lehnt sich, im Museum oben angekommen, an die Wand und seufzt.<br \/>\n\u00abSetzen sie sich doch kurz zu uns, wir haben ja St\u00fchle da. Sie m\u00fcssen auch bestimmt nicht mit aufl\u00f6sen.\u00bb \u00abJa, da bin ich aber froh, das haben wir fr\u00fcher schon immer machen m\u00fcssen!\u00bb (lehnt den Stuhl ab)<br \/>\n(Frau, ca. 70 Jahre)<\/p>\n<p>\u00abJetzt habe ich vorgestern grad eine Maschine gesehen, die dasselbe macht wie ihr! Ich war in Kolding, D\u00e4nemark an der \u00abBiennale of Crafts and Design\u00bb und eine K\u00fcnstlerin hatte eine einfache Maschine gebaut, die ganz langsam einen gestrickten Pullover aufgezogen hat.\u00bb<br \/>\n(Frau, ca. 45 Jahre)<\/p>\n<p>\u00abIch bin bei einem Strickzirkel dabei, mit drei andern Frauen. Jedesmal wenn einer eine Masche runterf\u00e4llt, m\u00fcssen alle einen Franken in den Sparstrumpf werfen. Ist der Sparstrumpf voll, gehen wir zusammen auf eine Reise.\u00bb<br \/>\n(Frau, ca. 70 Jahre)<\/p>\n<p>\u00abMein Mann ist \u00c4gypter. Als Kinder kn\u00fcllten sie Lappen zu einem Fussball zusammen. Es war aber sehr schwierig, dass der Ball rund wurde und die richtige H\u00e4rte hatte.\u00bb<br \/>\n(Frau, ca. 70 Jahre)<\/p>\n<p>\u00abWir stricken sehr viel f\u00fcr die ganze Familie. Aufl\u00f6sen w\u00fcrden wir nie. Ich arbeite mit sch\u00f6nen Materialien, mit Seide und Wolle. Darum reut es mich dann immer, die abgeschnittenen Fadenschw\u00e4nzli wegzuwerfen. So habe ich sie gesammelt und jetzt stopfe ich Puppen damit aus. Diese \u00abFiserli\u00bb geben eine ganz besondere Weichheit und Elastizit\u00e4t.\u00bb<br \/>\n(Mutter, ca. 70, mit Tochter)<\/p>\n<p>\u00abWie lange ist der Faden auf dem Kn\u00e4uel wohl schon? Ob er schon um die Welt reicht?\u00bb<br \/>\n(Mann, \u00e4lteres Paar, ca. 70 Jahre)<\/p>\n","protected":false},"excerpt":{"rendered":"<p>Zitate von Passantinnen und Passanten, die sich an unserem Projekt auf verschiedene Art und Weise beteiligt haben. \u00abNach dem Aufl\u00f6sen von etwas Gestricktem war die Wolle ja gekraust. Man hat sie erst \u00fcber ein Tabourettli gespannt und dann darauf gewaschen um die F\u00e4den wieder zu strecken.\u00bb (Frau, ca. 70 Jahre) \u00abIch bleibe lieber noch ein [&hellip;]<\/p>\n","protected":false},"author":342,"featured_media":0,"parent":511,"menu_order":0,"comment_status":"closed","ping_status":"closed","template":"","meta":{"footnotes":""},"class_list":["post-1297","page","type-page","status-publish","czr-hentry"],"_links":{"self":[{"href":"https:\/\/blog.zhdk.ch\/kunstvermittlung\/wp-json\/wp\/v2\/pages\/1297","targetHints":{"allow":["GET"]}}],"collection":[{"href":"https:\/\/blog.zhdk.ch\/kunstvermittlung\/wp-json\/wp\/v2\/pages"}],"about":[{"href":"https:\/\/blog.zhdk.ch\/kunstvermittlung\/wp-json\/wp\/v2\/types\/page"}],"author":[{"embeddable":true,"href":"https:\/\/blog.zhdk.ch\/kunstvermittlung\/wp-json\/wp\/v2\/users\/342"}],"replies":[{"embeddable":true,"href":"https:\/\/blog.zhdk.ch\/kunstvermittlung\/wp-json\/wp\/v2\/comments?post=1297"}],"version-history":[{"count":3,"href":"https:\/\/blog.zhdk.ch\/kunstvermittlung\/wp-json\/wp\/v2\/pages\/1297\/revisions"}],"predecessor-version":[{"id":1305,"href":"https:\/\/blog.zhdk.ch\/kunstvermittlung\/wp-json\/wp\/v2\/pages\/1297\/revisions\/1305"}],"up":[{"embeddable":true,"href":"https:\/\/blog.zhdk.ch\/kunstvermittlung\/wp-json\/wp\/v2\/pages\/511"}],"wp:attachment":[{"href":"https:\/\/blog.zhdk.ch\/kunstvermittlung\/wp-json\/wp\/v2\/media?parent=1297"}],"curies":[{"name":"wp","href":"https:\/\/api.w.org\/{rel}","templated":true}]}}