{"id":1673,"date":"2012-04-23T23:44:56","date_gmt":"2012-04-23T22:44:56","guid":{"rendered":"https:\/\/blog.zhdk.ch\/kunstvermittlung\/?page_id=1673"},"modified":"2018-02-26T12:15:56","modified_gmt":"2018-02-26T11:15:56","slug":"schwyzweit-2012","status":"publish","type":"page","link":"https:\/\/blog.zhdk.ch\/kunstvermittlung\/vergangene-projekte-kunstvermittlung\/schwyzweit-2012\/","title":{"rendered":"2012: SCHWYZWEIT"},"content":{"rendered":"<p><\/em><\/p>\n<h2><strong>Vermittlungsprojekte in Zusammenhang mit der<br \/>\nAusstellung \u00abSchwyzweit, aus der kantonalen Kunstsammlung\u00bb<\/strong><\/h2>\n<p><\/em><br \/>\n<\/em><br \/>\n<a href=\"https:\/\/blog.zhdk.ch\/kunstvermittlung\/files\/2012\/05\/Schwyzweit-Plakat.pdf\" rel=\"noopener\" target=\"_blank\">Ausstellungsplakat<\/a><br \/>\n<\/em><br \/>\n<\/em><br \/>\n<em>Ausstellung Schwyzweit auf <a href=\"http:\/\/art-tv.ch\/9149-0-Zeughaus-Seewen-Kunstsammlung-Schwyz.html\"> art-tv<\/a><br \/>\n<\/em><br \/>\n<\/em><br \/>\nStudierende des Studiengangs BA Vermittlung von Kunst und Design der Z\u00fcrcher Hochschule der K\u00fcnste erarbeiten erg\u00e4nzend zur Ausstellung &#8222;Schwyzweit, aus der kantonalen Kunstsammlung\u00bb verschiedene Formen von Vermittlung.<br \/>\n<\/em><br \/>\nDie seit 1984 systematisch aufgebaute Sammlung umfasst zur Zeit etwa 700 Werke, von denen ein wesentlicher Teil in \u00f6ffentlichen Geb\u00e4uden im inneren wie im \u00e4usseren Kantonsteil placiert ist.<br \/>\n<\/em><br \/>\nZiel der <strong>Ausstellungen<\/strong> ist, die Vielfalt der kantonseigenen Sammlung (Zeichnung, Malerei, Fotografie, Objekt, Video) einem breiten Publikum zug\u00e4nglich zu machen und mit einem nachhaltigen <strong>Vermittlungsprojekt<\/strong> Wirkung \u00fcber die eigentliche Dauer der Ausstellungen hinaus zu erreichen.<br \/>\n<\/em><br \/>\n<\/em><br \/>\n<\/em><br \/>\n<strong>Zwei nicht-museale Ausstellungsorte<\/strong><\/p>\n<h4>Zeughaus Seewen Schwyz<\/h4>\n<p>Ausstellung 19. April bis 2. Mai 2012<em><\/em><\/p>\n<h4><a href=\"https:\/\/blog.zhdk.ch\/kunstvermittlung\/files\/2011\/12\/CIMG5609a_AC_vor.jpg\" rel=\"lightbox[1673]\"><img loading=\"lazy\" decoding=\"async\" class=\"alignleft size-medium wp-image-1681\" src=\"https:\/\/blog.zhdk.ch\/kunstvermittlung\/files\/2011\/12\/CIMG5609a_AC_vor-300x225.jpg\" alt=\"\" width=\"300\" height=\"225\" srcset=\"https:\/\/blog.zhdk.ch\/kunstvermittlung\/files\/2011\/12\/CIMG5609a_AC_vor-300x225.jpg 300w, https:\/\/blog.zhdk.ch\/kunstvermittlung\/files\/2011\/12\/CIMG5609a_AC_vor.jpg 820w\" sizes=\"auto, (max-width: 300px) 100vw, 300px\" \/><\/a><a href=\"https:\/\/blog.zhdk.ch\/kunstvermittlung\/files\/2011\/12\/CIMG6331a.jpg\" rel=\"lightbox[1673]\"><img loading=\"lazy\" decoding=\"async\" class=\"alignleft size-medium wp-image-1683\" src=\"https:\/\/blog.zhdk.ch\/kunstvermittlung\/files\/2011\/12\/CIMG6331a-300x225.jpg\" alt=\"\" width=\"300\" height=\"225\" srcset=\"https:\/\/blog.zhdk.ch\/kunstvermittlung\/files\/2011\/12\/CIMG6331a-300x225.jpg 300w, https:\/\/blog.zhdk.ch\/kunstvermittlung\/files\/2011\/12\/CIMG6331a.jpg 820w\" sizes=\"auto, (max-width: 300px) 100vw, 300px\" \/><\/a><a href=\"https:\/\/blog.zhdk.ch\/kunstvermittlung\/files\/2012\/04\/CIMG7878a.jpg\" rel=\"lightbox[1673]\"><img loading=\"lazy\" decoding=\"async\" class=\"alignleft size-medium wp-image-1899\" src=\"https:\/\/blog.zhdk.ch\/kunstvermittlung\/files\/2012\/04\/CIMG7878a-300x225.jpg\" alt=\"\" width=\"300\" height=\"225\" srcset=\"https:\/\/blog.zhdk.ch\/kunstvermittlung\/files\/2012\/04\/CIMG7878a-300x225.jpg 300w, https:\/\/blog.zhdk.ch\/kunstvermittlung\/files\/2012\/04\/CIMG7878a.jpg 820w\" sizes=\"auto, (max-width: 300px) 100vw, 300px\" \/><\/a><a href=\"https:\/\/blog.zhdk.ch\/kunstvermittlung\/files\/2012\/04\/CIMG7880a.jpg\" rel=\"lightbox[1673]\"><img loading=\"lazy\" decoding=\"async\" class=\"alignleft size-medium wp-image-1983\" src=\"https:\/\/blog.zhdk.ch\/kunstvermittlung\/files\/2012\/04\/CIMG7880a-300x225.jpg\" alt=\"\" width=\"300\" height=\"225\" srcset=\"https:\/\/blog.zhdk.ch\/kunstvermittlung\/files\/2012\/04\/CIMG7880a-300x225.jpg 300w, https:\/\/blog.zhdk.ch\/kunstvermittlung\/files\/2012\/04\/CIMG7880a.jpg 820w\" sizes=\"auto, (max-width: 300px) 100vw, 300px\" \/><\/a><\/h4>\n<p><\/em><\/p>\n<h4>Elektrizit\u00e4tswerk Lachen<\/h4>\n<p>Ausstellung 10. bis 23. Mai 2012<em><\/em><br \/>\n<\/em><br \/>\n<a href=\"https:\/\/blog.zhdk.ch\/kunstvermittlung\/files\/2012\/04\/CIMG8171a.jpg\" rel=\"lightbox[1673]\"><img loading=\"lazy\" decoding=\"async\" class=\"alignleft size-medium wp-image-2249\" src=\"https:\/\/blog.zhdk.ch\/kunstvermittlung\/files\/2012\/04\/CIMG8171a-300x225.jpg\" alt=\"\" width=\"300\" height=\"225\" srcset=\"https:\/\/blog.zhdk.ch\/kunstvermittlung\/files\/2012\/04\/CIMG8171a-300x225.jpg 300w, https:\/\/blog.zhdk.ch\/kunstvermittlung\/files\/2012\/04\/CIMG8171a.jpg 820w\" sizes=\"auto, (max-width: 300px) 100vw, 300px\" \/><\/a><a href=\"https:\/\/blog.zhdk.ch\/kunstvermittlung\/files\/2012\/04\/CIMG8168a.jpg\" rel=\"lightbox[1673]\"><img loading=\"lazy\" decoding=\"async\" class=\"alignleft size-medium wp-image-2247\" src=\"https:\/\/blog.zhdk.ch\/kunstvermittlung\/files\/2012\/04\/CIMG8168a-300x225.jpg\" alt=\"\" width=\"300\" height=\"225\" srcset=\"https:\/\/blog.zhdk.ch\/kunstvermittlung\/files\/2012\/04\/CIMG8168a-300x225.jpg 300w, https:\/\/blog.zhdk.ch\/kunstvermittlung\/files\/2012\/04\/CIMG8168a.jpg 820w\" sizes=\"auto, (max-width: 300px) 100vw, 300px\" \/><\/a><a href=\"https:\/\/blog.zhdk.ch\/kunstvermittlung\/files\/2012\/04\/CIMG8112a.jpg\" rel=\"lightbox[1673]\"><img loading=\"lazy\" decoding=\"async\" class=\"alignleft size-medium wp-image-2227\" src=\"https:\/\/blog.zhdk.ch\/kunstvermittlung\/files\/2012\/04\/CIMG8112a-300x225.jpg\" alt=\"\" width=\"300\" height=\"225\" srcset=\"https:\/\/blog.zhdk.ch\/kunstvermittlung\/files\/2012\/04\/CIMG8112a-300x225.jpg 300w, https:\/\/blog.zhdk.ch\/kunstvermittlung\/files\/2012\/04\/CIMG8112a.jpg 820w\" sizes=\"auto, (max-width: 300px) 100vw, 300px\" \/><\/a><a href=\"https:\/\/blog.zhdk.ch\/kunstvermittlung\/files\/2012\/04\/CIMG8129a.jpg\" rel=\"lightbox[1673]\"><img loading=\"lazy\" decoding=\"async\" class=\"alignleft  wp-image-1993\" src=\"https:\/\/blog.zhdk.ch\/kunstvermittlung\/files\/2012\/04\/CIMG8129a-300x225.jpg\" alt=\"\" width=\"300\" height=\"225\" srcset=\"https:\/\/blog.zhdk.ch\/kunstvermittlung\/files\/2012\/04\/CIMG8129a-300x225.jpg 300w, https:\/\/blog.zhdk.ch\/kunstvermittlung\/files\/2012\/04\/CIMG8129a.jpg 820w\" sizes=\"auto, (max-width: 300px) 100vw, 300px\" \/><\/a><br \/>\n<a href=\"https:\/\/blog.zhdk.ch\/kunstvermittlung\/files\/2012\/04\/CIMG8105a.jpg\" rel=\"lightbox[1673]\"><img loading=\"lazy\" decoding=\"async\" class=\"alignleft size-medium wp-image-2223\" src=\"https:\/\/blog.zhdk.ch\/kunstvermittlung\/files\/2012\/04\/CIMG8105a-300x225.jpg\" alt=\"\" width=\"300\" height=\"225\" srcset=\"https:\/\/blog.zhdk.ch\/kunstvermittlung\/files\/2012\/04\/CIMG8105a-300x225.jpg 300w, https:\/\/blog.zhdk.ch\/kunstvermittlung\/files\/2012\/04\/CIMG8105a.jpg 820w\" sizes=\"auto, (max-width: 300px) 100vw, 300px\" \/><\/a><a href=\"https:\/\/blog.zhdk.ch\/kunstvermittlung\/files\/2012\/04\/CIMG8107a.jpg\" rel=\"lightbox[1673]\"><img loading=\"lazy\" decoding=\"async\" class=\"alignleft size-medium wp-image-2225\" src=\"https:\/\/blog.zhdk.ch\/kunstvermittlung\/files\/2012\/04\/CIMG8107a-300x225.jpg\" alt=\"\" width=\"300\" height=\"225\" srcset=\"https:\/\/blog.zhdk.ch\/kunstvermittlung\/files\/2012\/04\/CIMG8107a-300x225.jpg 300w, https:\/\/blog.zhdk.ch\/kunstvermittlung\/files\/2012\/04\/CIMG8107a.jpg 820w\" sizes=\"auto, (max-width: 300px) 100vw, 300px\" \/><\/a><a href=\"https:\/\/blog.zhdk.ch\/kunstvermittlung\/files\/2012\/04\/CIMG8199a.jpg\" rel=\"lightbox[1673]\"><img loading=\"lazy\" decoding=\"async\" class=\"alignleft size-medium wp-image-2251\" src=\"https:\/\/blog.zhdk.ch\/kunstvermittlung\/files\/2012\/04\/CIMG8199a-300x225.jpg\" alt=\"\" width=\"300\" height=\"225\" srcset=\"https:\/\/blog.zhdk.ch\/kunstvermittlung\/files\/2012\/04\/CIMG8199a-300x225.jpg 300w, https:\/\/blog.zhdk.ch\/kunstvermittlung\/files\/2012\/04\/CIMG8199a.jpg 820w\" sizes=\"auto, (max-width: 300px) 100vw, 300px\" \/><\/a><br \/>\n<\/em><br \/>\n<\/em><br \/>\n<\/em><br \/>\nProjektdokumentation \u00abAusserhalb und Mittendrin\u00bb ist in gedruckter Form erh\u00e4ltlich.<br \/>\nKontakt: emilio.paroni@zhdk.ch<br \/>\n<\/em><br \/>\n<\/em><br \/>\n<a href=\"https:\/\/blog.zhdk.ch\/kunstvermittlung\/files\/2012\/04\/Titelblatt_Ausserhalb-Mittendrin_klein.jpg\" rel=\"lightbox[1673]\"><img loading=\"lazy\" decoding=\"async\" src=\"https:\/\/blog.zhdk.ch\/kunstvermittlung\/files\/2012\/04\/Titelblatt_Ausserhalb-Mittendrin_klein-300x226.jpg\" alt=\"Titelblatt_Ausserhalb-Mittendrin_klein\" width=\"300\" height=\"226\" class=\"alignleft size-medium wp-image-2355\" srcset=\"https:\/\/blog.zhdk.ch\/kunstvermittlung\/files\/2012\/04\/Titelblatt_Ausserhalb-Mittendrin_klein-300x226.jpg 300w, https:\/\/blog.zhdk.ch\/kunstvermittlung\/files\/2012\/04\/Titelblatt_Ausserhalb-Mittendrin_klein.jpg 834w\" sizes=\"auto, (max-width: 300px) 100vw, 300px\" \/><\/a><br \/>\n<\/em><br \/>\n<\/em><br \/>\n<\/em><br \/>\n<\/em><br \/>\n<\/em><\/p>\n<h4>Projekte Kunstvermittlung<\/h4>\n<h4>Kontakt: emilio.paroni@bluewin.ch<\/h4>\n<p>&nbsp;<br \/>\n<\/em><br \/>\n<\/em><\/p>\n","protected":false},"excerpt":{"rendered":"<p>Vermittlungsprojekte in Zusammenhang mit der Ausstellung \u00abSchwyzweit, aus der kantonalen Kunstsammlung\u00bb Ausstellungsplakat Ausstellung Schwyzweit auf art-tv Studierende des Studiengangs BA Vermittlung von Kunst und Design der Z\u00fcrcher Hochschule der K\u00fcnste erarbeiten erg\u00e4nzend zur Ausstellung &#8222;Schwyzweit, aus der kantonalen Kunstsammlung\u00bb verschiedene Formen von Vermittlung. Die seit 1984 systematisch aufgebaute Sammlung umfasst zur Zeit etwa 700 Werke, [&hellip;]<\/p>\n","protected":false},"author":342,"featured_media":0,"parent":2197,"menu_order":5,"comment_status":"closed","ping_status":"closed","template":"","meta":{"footnotes":""},"class_list":["post-1673","page","type-page","status-publish","czr-hentry"],"_links":{"self":[{"href":"https:\/\/blog.zhdk.ch\/kunstvermittlung\/wp-json\/wp\/v2\/pages\/1673","targetHints":{"allow":["GET"]}}],"collection":[{"href":"https:\/\/blog.zhdk.ch\/kunstvermittlung\/wp-json\/wp\/v2\/pages"}],"about":[{"href":"https:\/\/blog.zhdk.ch\/kunstvermittlung\/wp-json\/wp\/v2\/types\/page"}],"author":[{"embeddable":true,"href":"https:\/\/blog.zhdk.ch\/kunstvermittlung\/wp-json\/wp\/v2\/users\/342"}],"replies":[{"embeddable":true,"href":"https:\/\/blog.zhdk.ch\/kunstvermittlung\/wp-json\/wp\/v2\/comments?post=1673"}],"version-history":[{"count":108,"href":"https:\/\/blog.zhdk.ch\/kunstvermittlung\/wp-json\/wp\/v2\/pages\/1673\/revisions"}],"predecessor-version":[{"id":6415,"href":"https:\/\/blog.zhdk.ch\/kunstvermittlung\/wp-json\/wp\/v2\/pages\/1673\/revisions\/6415"}],"up":[{"embeddable":true,"href":"https:\/\/blog.zhdk.ch\/kunstvermittlung\/wp-json\/wp\/v2\/pages\/2197"}],"wp:attachment":[{"href":"https:\/\/blog.zhdk.ch\/kunstvermittlung\/wp-json\/wp\/v2\/media?parent=1673"}],"curies":[{"name":"wp","href":"https:\/\/api.w.org\/{rel}","templated":true}]}}