{"id":1767,"date":"2012-04-23T23:46:26","date_gmt":"2012-04-23T22:46:26","guid":{"rendered":"https:\/\/blog.zhdk.ch\/kunstvermittlung\/?page_id=1767"},"modified":"2013-03-03T18:36:04","modified_gmt":"2013-03-03T17:36:04","slug":"ausstellungsnotizen-sich-zu-kunst-aussern","status":"publish","type":"page","link":"https:\/\/blog.zhdk.ch\/kunstvermittlung\/vergangene-projekte-kunstvermittlung\/schwyzweit-2012\/ausstellungsnotizen-sich-zu-kunst-aussern\/","title":{"rendered":"Ausstellungsnotizen"},"content":{"rendered":"<h2>Ausstellungsnotizen &#8211; sich zu Kunst \u00e4ussern<\/h2>\n<p>Vera Rodel und Anina Dirnberger<br \/>\nStudentinnen ZHdK<br \/>\n<\/em><br \/>\n<\/em><br \/>\nWir suchen gemeinsam nach Wegen, individuelle Zug\u00e4nge zu den Exponaten zu erschliessen. Wir arbeiten direkt in den Ausstellungsr\u00e4umen und n\u00e4hern uns \u00fcber gestalterische und dialogische Experimente langsam den Kunstwerken, die jeweils von Interesse sind. In Anlehnung an die Exponate entstehen individuelle sprachliche und gestalterische \u00c4usserungen, die an einem tempor\u00e4ren Orten die Ausstellung erg\u00e4nzen und unsere Auseinandersetzung dokumentieren.<\/p>\n<p><strong>Alltagsstrategien als Bild\u00f6ffner<\/strong><br \/>\nSprachliche \u00dcbungen, die an Alltagssituationen und wissen ankn\u00fcpfen, ermutigen uns, Strategien, Vokabular und Wahrnehmungsgewohnheiten aus dem Alltag in den Bereich der Kunstbetrachtung zu \u00fcbertragen. Sie dienen uns als Werkzeuge und er\u00f6ffnen uns einen individuellen Zugang zu Kunst. \u00dcber verschiedene gestalterische Formen der Notierung und Notation werden Bildzug\u00e4nge erm\u00f6glicht, entwickelt, festgehalten und f\u00fcr Dritte sichtbar gemacht.<\/p>\n<p><strong>Sprachliche und gestalterische Artikulation<\/strong><br \/>\nDurch einfache exemplarische \u00dcbungen, spielerische Herangehensweisen und wechselnde Schwerpunktsetzungen treten wir immer wieder in den Dialog mit dem Kunstwerk. So werden stets neue Bez\u00fcge zum Werk geschaffen. Indem wir an unser Vorwissen ankn\u00fcpfen, versuchen wir gemeinsam einen Weg zu finden, \u00fcber Bilder zu sprechen, ohne etwas von Kunst verstehen zu m\u00fcssen. Wir lernen Instrumente anzuwenden, um unvoreingenommen \u00fcber Kunst zu sprechen und reflektieren zu k\u00f6nnen. Gemeinsam \u00fcberwinden wir die unsichtbare Barriere, die sich zwischen unge\u00fcbten Betrachtenden und Kunstwerk zu stellen droht. Wir st\u00e4rken das Vertrauen zur eigenen Stellungnahme, werden uns der Wahrheit, Richtigkeit und Wichtigkeit jeder pers\u00f6nlichen \u00c4usserung bewusst und erkennen den Wert und das Potenzial unvoreingenommener und unbefangener Aussagen.<\/p>\n<p><a href=\"https:\/\/blog.zhdk.ch\/kunstvermittlung\/files\/2012\/04\/CIMG7935a.jpg\" rel=\"lightbox[1767]\"><img loading=\"lazy\" decoding=\"async\" src=\"https:\/\/blog.zhdk.ch\/kunstvermittlung\/files\/2012\/04\/CIMG7935a-300x225.jpg\" alt=\"\" width=\"300\" height=\"225\" class=\"alignleft size-medium wp-image-2057\" srcset=\"https:\/\/blog.zhdk.ch\/kunstvermittlung\/files\/2012\/04\/CIMG7935a-300x225.jpg 300w, https:\/\/blog.zhdk.ch\/kunstvermittlung\/files\/2012\/04\/CIMG7935a.jpg 820w\" sizes=\"auto, (max-width: 300px) 100vw, 300px\" \/><\/a><a href=\"https:\/\/blog.zhdk.ch\/kunstvermittlung\/files\/2012\/04\/CIMG7971a.jpg\" rel=\"lightbox[1767]\"><img loading=\"lazy\" decoding=\"async\" src=\"https:\/\/blog.zhdk.ch\/kunstvermittlung\/files\/2012\/04\/CIMG7971a-300x225.jpg\" alt=\"\" width=\"300\" height=\"225\" class=\"alignleft size-medium wp-image-2059\" srcset=\"https:\/\/blog.zhdk.ch\/kunstvermittlung\/files\/2012\/04\/CIMG7971a-300x225.jpg 300w, https:\/\/blog.zhdk.ch\/kunstvermittlung\/files\/2012\/04\/CIMG7971a.jpg 820w\" sizes=\"auto, (max-width: 300px) 100vw, 300px\" \/><\/a><a href=\"https:\/\/blog.zhdk.ch\/kunstvermittlung\/files\/2012\/04\/CIMG8127a.jpg\" rel=\"lightbox[1767]\"><img loading=\"lazy\" decoding=\"async\" src=\"https:\/\/blog.zhdk.ch\/kunstvermittlung\/files\/2012\/04\/CIMG8127a-300x225.jpg\" alt=\"\" width=\"300\" height=\"225\" class=\"alignleft size-medium wp-image-2061\" srcset=\"https:\/\/blog.zhdk.ch\/kunstvermittlung\/files\/2012\/04\/CIMG8127a-300x225.jpg 300w, https:\/\/blog.zhdk.ch\/kunstvermittlung\/files\/2012\/04\/CIMG8127a.jpg 820w\" sizes=\"auto, (max-width: 300px) 100vw, 300px\" \/><\/a><a href=\"https:\/\/blog.zhdk.ch\/kunstvermittlung\/files\/2012\/04\/CIMG8130a.jpg\" rel=\"lightbox[1767]\"><img loading=\"lazy\" decoding=\"async\" src=\"https:\/\/blog.zhdk.ch\/kunstvermittlung\/files\/2012\/04\/CIMG8130a-300x225.jpg\" alt=\"\" width=\"300\" height=\"225\" class=\"alignleft size-medium wp-image-2063\" srcset=\"https:\/\/blog.zhdk.ch\/kunstvermittlung\/files\/2012\/04\/CIMG8130a-300x225.jpg 300w, https:\/\/blog.zhdk.ch\/kunstvermittlung\/files\/2012\/04\/CIMG8130a.jpg 820w\" sizes=\"auto, (max-width: 300px) 100vw, 300px\" \/><\/a><\/p>\n<p><strong>Ausstellungsnotizen<\/strong><\/p>\n<p>Man weiss nicht genau was es ist und man kann sich etwas ausdenken. Es fasziniert mich. Es sieht aus wie ein Fischschwarm oder Eiskristalle.<\/p>\n<p>Es sticht heraus. Es ist ein anderes Bild von Weitem und von Nahem. Die abstrakten Figuren habe ich erst auf den zweiten Blick gesehen.<\/p>\n<p>Es ist anders. Zuerst dachte ich, dass es gar kein Wort ist. Beim zweiten Blick merkte ich, dass es doch ein Wort ist. Jetzt interessiert es mich, wie es gemacht ist. Die Technik.<\/p>\n<p>Die Farben sind mir ins Auge gestochen.<br \/>\nDie ungewohnte Perspektive und der Ausschnitt.<br \/>\n<\/em><br \/>\n<\/em><br \/>\n<\/em><br \/>\n<\/em><\/p>\n","protected":false},"excerpt":{"rendered":"<p>Ausstellungsnotizen &#8211; sich zu Kunst \u00e4ussern Vera Rodel und Anina Dirnberger Studentinnen ZHdK Wir suchen gemeinsam nach Wegen, individuelle Zug\u00e4nge zu den Exponaten zu erschliessen. Wir arbeiten direkt in den Ausstellungsr\u00e4umen und n\u00e4hern uns \u00fcber gestalterische und dialogische Experimente langsam den Kunstwerken, die jeweils von Interesse sind. In Anlehnung an die Exponate entstehen individuelle sprachliche [&hellip;]<\/p>\n","protected":false},"author":342,"featured_media":0,"parent":1673,"menu_order":2,"comment_status":"closed","ping_status":"closed","template":"","meta":{"footnotes":""},"class_list":["post-1767","page","type-page","status-publish","czr-hentry"],"_links":{"self":[{"href":"https:\/\/blog.zhdk.ch\/kunstvermittlung\/wp-json\/wp\/v2\/pages\/1767","targetHints":{"allow":["GET"]}}],"collection":[{"href":"https:\/\/blog.zhdk.ch\/kunstvermittlung\/wp-json\/wp\/v2\/pages"}],"about":[{"href":"https:\/\/blog.zhdk.ch\/kunstvermittlung\/wp-json\/wp\/v2\/types\/page"}],"author":[{"embeddable":true,"href":"https:\/\/blog.zhdk.ch\/kunstvermittlung\/wp-json\/wp\/v2\/users\/342"}],"replies":[{"embeddable":true,"href":"https:\/\/blog.zhdk.ch\/kunstvermittlung\/wp-json\/wp\/v2\/comments?post=1767"}],"version-history":[{"count":24,"href":"https:\/\/blog.zhdk.ch\/kunstvermittlung\/wp-json\/wp\/v2\/pages\/1767\/revisions"}],"predecessor-version":[{"id":2295,"href":"https:\/\/blog.zhdk.ch\/kunstvermittlung\/wp-json\/wp\/v2\/pages\/1767\/revisions\/2295"}],"up":[{"embeddable":true,"href":"https:\/\/blog.zhdk.ch\/kunstvermittlung\/wp-json\/wp\/v2\/pages\/1673"}],"wp:attachment":[{"href":"https:\/\/blog.zhdk.ch\/kunstvermittlung\/wp-json\/wp\/v2\/media?parent=1767"}],"curies":[{"name":"wp","href":"https:\/\/api.w.org\/{rel}","templated":true}]}}