{"id":1855,"date":"2012-04-23T23:46:51","date_gmt":"2012-04-23T22:46:51","guid":{"rendered":"https:\/\/blog.zhdk.ch\/kunstvermittlung\/?page_id=1855"},"modified":"2013-03-03T18:35:36","modified_gmt":"2013-03-03T17:35:36","slug":"kunst-klatsch","status":"publish","type":"page","link":"https:\/\/blog.zhdk.ch\/kunstvermittlung\/vergangene-projekte-kunstvermittlung\/schwyzweit-2012\/kunst-klatsch\/","title":{"rendered":"Kunst-Klatsch"},"content":{"rendered":"<p>Jeannine Gilg und Anina Pizzolato<br \/>\nStudentinnen ZHdK<br \/>\n<\/em><br \/>\n<\/em><br \/>\nIm Rahmen der Ausstellung <a href=\"http:\/\/kunstsammlungschwyz.ch\/\">Schwyzweit, aus der kantonalen Kunstsammlung<\/a> halten wir einen Kaffee-Klatsch. In der Situation eines Kaffee-Klatsches sehen wir ein grosses Potential f\u00fcr einen entspannten und unbefangenen Austausch, in welchem jede Stimme ihre Berechtigung hat.<\/p>\n<p>Den Kaffee-Klatsch f\u00fchren wir an zwei unterschiedlichen Orten durch. Zum einen laden wir uns bei Leuten an den privaten K\u00fcchentisch ein, bringen Kuchen und Gespr\u00e4chsstoff mit. Zum anderen inszenieren wir diese Situation und das Angebot auch im Ausstellungsraum.<br \/>\nWie n\u00e4hern uns \u00fcber das Thema <em>Wahrnehmungen im Alltag<\/em> langsam an Themen wie Ausstellungen und Kunst. Uns ist wichtig, dass Alle mitreden k\u00f6nnen, um ein breites Bild der Bed\u00fcrfnisse potenzieller Ausstellungsbesucher zu bekommen.<\/p>\n<p>W\u00e4hrend des Projektes entstandenes Bild- und Textmaterial werden im Ausstellungsraum gezeigt.<br \/>\nWir m\u00f6chten damit Menschen einladen am Kunstdiskurs aktiv teilzunehmen und ihre Meinung einzubringen. Zudem wollen wir sie animieren, ihre Umwelt aktiver und bewusster wahrzunehmen.<br \/>\n<\/em><br \/>\n<a href=\"https:\/\/blog.zhdk.ch\/kunstvermittlung\/files\/2012\/04\/Kaffeeklatsch_2.jpg\" rel=\"lightbox[1855]\"><img loading=\"lazy\" decoding=\"async\" src=\"https:\/\/blog.zhdk.ch\/kunstvermittlung\/files\/2012\/04\/Kaffeeklatsch_2-300x224.jpg\" alt=\"\" width=\"300\" height=\"224\" class=\"alignleft size-medium wp-image-2141\" srcset=\"https:\/\/blog.zhdk.ch\/kunstvermittlung\/files\/2012\/04\/Kaffeeklatsch_2-300x224.jpg 300w, https:\/\/blog.zhdk.ch\/kunstvermittlung\/files\/2012\/04\/Kaffeeklatsch_2.jpg 820w\" sizes=\"auto, (max-width: 300px) 100vw, 300px\" \/><\/a><a href=\"https:\/\/blog.zhdk.ch\/kunstvermittlung\/files\/2012\/04\/Kaffeeklatsch_1.jpg\" rel=\"lightbox[1855]\"><img loading=\"lazy\" decoding=\"async\" src=\"https:\/\/blog.zhdk.ch\/kunstvermittlung\/files\/2012\/04\/Kaffeeklatsch_1-225x300.jpg\" alt=\"\" width=\"225\" height=\"300\" class=\"alignleft size-medium wp-image-2139\" srcset=\"https:\/\/blog.zhdk.ch\/kunstvermittlung\/files\/2012\/04\/Kaffeeklatsch_1-225x300.jpg 225w, https:\/\/blog.zhdk.ch\/kunstvermittlung\/files\/2012\/04\/Kaffeeklatsch_1.jpg 615w\" sizes=\"auto, (max-width: 225px) 100vw, 225px\" \/><\/a><a href=\"https:\/\/blog.zhdk.ch\/kunstvermittlung\/files\/2012\/04\/KaffeKlatsch_Text_2a.jpg\" rel=\"lightbox[1855]\"><img loading=\"lazy\" decoding=\"async\" src=\"https:\/\/blog.zhdk.ch\/kunstvermittlung\/files\/2012\/04\/KaffeKlatsch_Text_2a-300x212.jpg\" alt=\"\" width=\"300\" height=\"212\" class=\"alignleft size-medium wp-image-2145\" srcset=\"https:\/\/blog.zhdk.ch\/kunstvermittlung\/files\/2012\/04\/KaffeKlatsch_Text_2a-300x212.jpg 300w, https:\/\/blog.zhdk.ch\/kunstvermittlung\/files\/2012\/04\/KaffeKlatsch_Text_2a.jpg 820w\" sizes=\"auto, (max-width: 300px) 100vw, 300px\" \/><\/a><a href=\"https:\/\/blog.zhdk.ch\/kunstvermittlung\/files\/2012\/04\/KaffeKlatsch_Text_1a.jpg\" rel=\"lightbox[1855]\"><img loading=\"lazy\" decoding=\"async\" src=\"https:\/\/blog.zhdk.ch\/kunstvermittlung\/files\/2012\/04\/KaffeKlatsch_Text_1a-300x211.jpg\" alt=\"\" width=\"300\" height=\"211\" class=\"alignleft size-medium wp-image-2143\" srcset=\"https:\/\/blog.zhdk.ch\/kunstvermittlung\/files\/2012\/04\/KaffeKlatsch_Text_1a-300x211.jpg 300w, https:\/\/blog.zhdk.ch\/kunstvermittlung\/files\/2012\/04\/KaffeKlatsch_Text_1a.jpg 820w\" sizes=\"auto, (max-width: 300px) 100vw, 300px\" \/><\/a><br \/>\n<\/em><br \/>\n<\/em><br \/>\n<\/em><br \/>\n<\/em><\/p>\n","protected":false},"excerpt":{"rendered":"<p>Jeannine Gilg und Anina Pizzolato Studentinnen ZHdK Im Rahmen der Ausstellung Schwyzweit, aus der kantonalen Kunstsammlung halten wir einen Kaffee-Klatsch. In der Situation eines Kaffee-Klatsches sehen wir ein grosses Potential f\u00fcr einen entspannten und unbefangenen Austausch, in welchem jede Stimme ihre Berechtigung hat. Den Kaffee-Klatsch f\u00fchren wir an zwei unterschiedlichen Orten durch. Zum einen laden [&hellip;]<\/p>\n","protected":false},"author":342,"featured_media":0,"parent":1673,"menu_order":4,"comment_status":"closed","ping_status":"closed","template":"","meta":{"footnotes":""},"class_list":["post-1855","page","type-page","status-publish","czr-hentry"],"_links":{"self":[{"href":"https:\/\/blog.zhdk.ch\/kunstvermittlung\/wp-json\/wp\/v2\/pages\/1855","targetHints":{"allow":["GET"]}}],"collection":[{"href":"https:\/\/blog.zhdk.ch\/kunstvermittlung\/wp-json\/wp\/v2\/pages"}],"about":[{"href":"https:\/\/blog.zhdk.ch\/kunstvermittlung\/wp-json\/wp\/v2\/types\/page"}],"author":[{"embeddable":true,"href":"https:\/\/blog.zhdk.ch\/kunstvermittlung\/wp-json\/wp\/v2\/users\/342"}],"replies":[{"embeddable":true,"href":"https:\/\/blog.zhdk.ch\/kunstvermittlung\/wp-json\/wp\/v2\/comments?post=1855"}],"version-history":[{"count":23,"href":"https:\/\/blog.zhdk.ch\/kunstvermittlung\/wp-json\/wp\/v2\/pages\/1855\/revisions"}],"predecessor-version":[{"id":2289,"href":"https:\/\/blog.zhdk.ch\/kunstvermittlung\/wp-json\/wp\/v2\/pages\/1855\/revisions\/2289"}],"up":[{"embeddable":true,"href":"https:\/\/blog.zhdk.ch\/kunstvermittlung\/wp-json\/wp\/v2\/pages\/1673"}],"wp:attachment":[{"href":"https:\/\/blog.zhdk.ch\/kunstvermittlung\/wp-json\/wp\/v2\/media?parent=1855"}],"curies":[{"name":"wp","href":"https:\/\/api.w.org\/{rel}","templated":true}]}}