{"id":2,"date":"2010-05-06T10:01:34","date_gmt":"2010-05-06T09:01:34","guid":{"rendered":"https:\/\/blog.zhdk.ch\/kunstvermittlung\/"},"modified":"2011-08-26T09:05:01","modified_gmt":"2011-08-26T08:05:01","slug":"eine-seite","status":"publish","type":"page","link":"https:\/\/blog.zhdk.ch\/kunstvermittlung\/vergangene-projekte-kunstvermittlung\/archiv-kunstvermittlung\/eine-seite\/","title":{"rendered":"Kunstvermittlung in Transformation"},"content":{"rendered":"<p><a href=\"https:\/\/blog.zhdk.ch\/kunstvermittlung\/files\/2010\/08\/kunstbulletin.jpg\" rel=\"lightbox[2]\"> <\/a><a href=\"https:\/\/blog.zhdk.ch\/kunstvermittlung\/files\/2010\/05\/F\u00f6rderpreise-der-ZHdK-2010_Text.jpeg\" rel=\"lightbox[2]\"><img loading=\"lazy\" decoding=\"async\" class=\"alignleft size-medium wp-image-204\" src=\"https:\/\/blog.zhdk.ch\/kunstvermittlung\/files\/2010\/05\/F\u00f6rderpreis-ZHdK-2010-300x63.jpg\" alt=\"\" width=\"300\" height=\"63\" srcset=\"https:\/\/blog.zhdk.ch\/kunstvermittlung\/files\/2010\/05\/F\u00f6rderpreis-ZHdK-2010-300x63.jpg 300w, https:\/\/blog.zhdk.ch\/kunstvermittlung\/files\/2010\/05\/F\u00f6rderpreis-ZHdK-2010.jpg 418w\" sizes=\"auto, (max-width: 300px) 100vw, 300px\" \/><\/a><\/p>\n<p>Ein Kooperationsprojekt des <a href=\"http:\/\/bae.zhdk.ch\/\">Bachelor of Arts in Vermittlung von Kunst  uns Design<\/a> ZHdK in Zusammenhang mit der Ausstellung &#8222;<a href=\"http:\/\/www.museum-bellerive.ch\/de\/ausstellungen\/rueckblick\/2010\/papier-fashion\/\">Pap(i)er Fashion<\/a>&#8220;  am <a href=\"http:\/\/www.museum-bellerive.ch\/\">Museum Bellerive Z\u00fcrich<\/a><br \/>\n<\/em><br \/>\n<\/em><br \/>\n<\/em><br \/>\n<\/em><br \/>\n<strong>Studierende des Bachelor of Arts in Vermittlung von Kunst und Design  sind gestalterisch t\u00e4tig an der Schnittstelle zwischen k\u00fcnstlerischer  Praxis und Vermittlung von Kunst und Design. Sie verf\u00fcgen \u00fcber  Kompetenzen, das Potenzial k\u00fcnstlerischer Produktion und Denkweisen in  die Konzeption angemessener Formate im Bereich der Kultur- und  Kunstvermittlung zu \u00fcberf\u00fchren.<\/strong><\/p>\n<p><strong> <\/strong><\/p>\n<p>Im Kooperationsprojekt &#8222;Kunstvermittlung in Transformation&#8220;  erarbeiten Studentinnen des sechsten Semesters verschiedene  vermittlerische Projekte im\/ um\/ durch die Ausstellung &#8222;Pap(i)er  Fashion&#8220; am Museum Bellerive Z\u00fcrich (30. April bis 1. August 2010). Die  Entwicklung angemessener Vermittlungsformate und Vermittlungsstrategien  f\u00fcr neue und unterschiedliche Zielgruppen sind Teil des  Kooperationsprojekts.<\/p>\n<p>Die Teilprojekte <strong>Kopf in den Kragen<\/strong>, <strong>le sac<\/strong>, <strong>Z\u00fcndStoff<\/strong> und <strong>Normkleid \u2013 Meinkleid<\/strong> wurden Mai und Juni 2010 von den Studierende im Museum  Bellerive und ortsunabh\u00e4ngig, im \u00f6ffentlichen Raum der Stadt Z\u00fcrich  durchgef\u00fchrt.<br \/>\n<strong> <\/strong><\/p>\n<address><span style=\"color: #808000\"> <\/span><strong> <\/strong><\/address>\n<p>Mit dem Kooperationsprojekt &#8218;Kunstvermittlung in Transformation&#8216; wird  die bestehende Zusammenarbeit mit dem Museum Bellerive als geeignete  Plattform f\u00fcr Vermittlungsarbeit vertieft. Es werden neue Formen der  Kunstvermittlung und neue, aber realistische Zielgruppen f\u00fcr das Museum  Bellerive erprobt. Ergebnisse aus den vier Vermittlungsprojekten wurden in der  Ausstellung &#8222;Pap(i)er Fashion&#8220; pr\u00e4sentiert.<\/p>\n<p>Das Kooperationsprojekt steht in Verbindung mit dem <a href=\"http:\/\/iae.zhdk.ch\/iae\/deutsch\/forschung\/laufende-forschungsprojekte\/kunstvermittlung-in-transformation\/\">Forschungsprojekt<\/a> &#8222;Kunstvermittlung in Transformation&#8220; am Institute for Art Education  ZHdK.<\/p>\n<p><strong> <\/strong><br \/>\n<strong> <\/strong><br \/>\nProjektleitung: Emilio Paroni, Dozent ZHdK<\/p>\n<p>Studierende: Sandra Bruggmann, Maya Goepfert, Simone Grob, Martina  Gubler, Alexandra Jaggi, Cornelia Portmann<br \/>\n<strong> <\/strong><\/p>\n<h2><strong>Projektdokumentation<\/strong><\/h2>\n<p>Die Projektdokumentation <em>Kunstvermittlung in Transformation<\/em> ist in gedruckter Form erschienen. Kontakt: emilio.paroni@zhdk.ch<\/p>\n<p><strong> <\/strong><br \/>\n<a href=\"https:\/\/blog.zhdk.ch\/kunstvermittlung\/files\/2010\/05\/Doku-Projekt_KiT.jpg\" rel=\"lightbox[2]\"><img loading=\"lazy\" decoding=\"async\" class=\"alignleft size-medium wp-image-120\" src=\"https:\/\/blog.zhdk.ch\/kunstvermittlung\/files\/2010\/05\/Doku-Projekt_KiT-300x210.jpg\" alt=\"\" width=\"300\" height=\"210\" srcset=\"https:\/\/blog.zhdk.ch\/kunstvermittlung\/files\/2010\/05\/Doku-Projekt_KiT-300x210.jpg 300w, https:\/\/blog.zhdk.ch\/kunstvermittlung\/files\/2010\/05\/Doku-Projekt_KiT-1024x719.jpg 1024w, https:\/\/blog.zhdk.ch\/kunstvermittlung\/files\/2010\/05\/Doku-Projekt_KiT.jpg 1512w\" sizes=\"auto, (max-width: 300px) 100vw, 300px\" \/><\/a> <a href=\"https:\/\/blog.zhdk.ch\/kunstvermittlung\/files\/2010\/05\/5.jpg\" rel=\"lightbox[2]\"><img loading=\"lazy\" decoding=\"async\" class=\"alignright size-medium wp-image-121\" src=\"https:\/\/blog.zhdk.ch\/kunstvermittlung\/files\/2010\/05\/5-300x210.jpg\" alt=\"\" width=\"300\" height=\"210\" srcset=\"https:\/\/blog.zhdk.ch\/kunstvermittlung\/files\/2010\/05\/5-300x210.jpg 300w, https:\/\/blog.zhdk.ch\/kunstvermittlung\/files\/2010\/05\/5-1024x719.jpg 1024w, https:\/\/blog.zhdk.ch\/kunstvermittlung\/files\/2010\/05\/5.jpg 1512w\" sizes=\"auto, (max-width: 300px) 100vw, 300px\" \/><\/a><br \/>\n<\/em><br \/>\n<\/em><br \/>\n<\/em><br \/>\n<\/em><\/p>\n<h4>\u00a9 2010\u00a0 &#8211;\u00a0 EIN PROJEKT VON STUDIERENDEN DES BACHELOR OF ARTS IN  VERMITTLUNG VON KUNST UND DESIGN<\/h4>\n","protected":false},"excerpt":{"rendered":"<p>Ein Kooperationsprojekt des Bachelor of Arts in Vermittlung von Kunst uns Design ZHdK in Zusammenhang mit der Ausstellung &#8222;Pap(i)er Fashion&#8220; am Museum Bellerive Z\u00fcrich Studierende des Bachelor of Arts in Vermittlung von Kunst und Design sind gestalterisch t\u00e4tig an der Schnittstelle zwischen k\u00fcnstlerischer Praxis und Vermittlung von Kunst und Design. Sie verf\u00fcgen \u00fcber Kompetenzen, das [&hellip;]<\/p>\n","protected":false},"author":342,"featured_media":0,"parent":319,"menu_order":0,"comment_status":"closed","ping_status":"closed","template":"","meta":{"footnotes":""},"class_list":["post-2","page","type-page","status-publish","czr-hentry"],"_links":{"self":[{"href":"https:\/\/blog.zhdk.ch\/kunstvermittlung\/wp-json\/wp\/v2\/pages\/2","targetHints":{"allow":["GET"]}}],"collection":[{"href":"https:\/\/blog.zhdk.ch\/kunstvermittlung\/wp-json\/wp\/v2\/pages"}],"about":[{"href":"https:\/\/blog.zhdk.ch\/kunstvermittlung\/wp-json\/wp\/v2\/types\/page"}],"author":[{"embeddable":true,"href":"https:\/\/blog.zhdk.ch\/kunstvermittlung\/wp-json\/wp\/v2\/users\/342"}],"replies":[{"embeddable":true,"href":"https:\/\/blog.zhdk.ch\/kunstvermittlung\/wp-json\/wp\/v2\/comments?post=2"}],"version-history":[{"count":105,"href":"https:\/\/blog.zhdk.ch\/kunstvermittlung\/wp-json\/wp\/v2\/pages\/2\/revisions"}],"predecessor-version":[{"id":1629,"href":"https:\/\/blog.zhdk.ch\/kunstvermittlung\/wp-json\/wp\/v2\/pages\/2\/revisions\/1629"}],"up":[{"embeddable":true,"href":"https:\/\/blog.zhdk.ch\/kunstvermittlung\/wp-json\/wp\/v2\/pages\/319"}],"wp:attachment":[{"href":"https:\/\/blog.zhdk.ch\/kunstvermittlung\/wp-json\/wp\/v2\/media?parent=2"}],"curies":[{"name":"wp","href":"https:\/\/api.w.org\/{rel}","templated":true}]}}