{"id":20,"date":"2010-05-16T15:21:07","date_gmt":"2010-05-16T14:21:07","guid":{"rendered":"https:\/\/blog.zhdk.ch\/kunstvermittlung\/?page_id=20"},"modified":"2011-08-26T09:06:39","modified_gmt":"2011-08-26T08:06:39","slug":"zundstoff","status":"publish","type":"page","link":"https:\/\/blog.zhdk.ch\/kunstvermittlung\/vergangene-projekte-kunstvermittlung\/archiv-kunstvermittlung\/zundstoff\/","title":{"rendered":"Z\u00fcndStoff"},"content":{"rendered":"<p>Sandra Bruggmann und Cornelia Portmann, Studentinnen ZHdK<br \/>\n<strong> <\/strong><br \/>\n<strong> <\/strong><a href=\"https:\/\/blog.zhdk.ch\/kunstvermittlung\/files\/2010\/05\/P4298517-Kopie.jpg\" rel=\"lightbox[20]\"><img loading=\"lazy\" decoding=\"async\" class=\"alignleft size-medium wp-image-132\" src=\"https:\/\/blog.zhdk.ch\/kunstvermittlung\/files\/2010\/05\/P4298517-Kopie-300x225.jpg\" alt=\"\" width=\"300\" height=\"225\" srcset=\"https:\/\/blog.zhdk.ch\/kunstvermittlung\/files\/2010\/05\/P4298517-Kopie-300x225.jpg 300w, https:\/\/blog.zhdk.ch\/kunstvermittlung\/files\/2010\/05\/P4298517-Kopie-1024x768.jpg 1024w, https:\/\/blog.zhdk.ch\/kunstvermittlung\/files\/2010\/05\/P4298517-Kopie.jpg 1280w\" sizes=\"auto, (max-width: 300px) 100vw, 300px\" \/><\/a><a href=\"https:\/\/blog.zhdk.ch\/kunstvermittlung\/files\/2010\/05\/DSC_0310a.jpg\" rel=\"lightbox[20]\"><img loading=\"lazy\" decoding=\"async\" class=\"alignleft size-medium wp-image-292\" src=\"https:\/\/blog.zhdk.ch\/kunstvermittlung\/files\/2010\/05\/DSC_0310a-300x199.jpg\" alt=\"\" width=\"300\" height=\"225\" \/><\/a><br \/>\n<strong> <\/strong><br \/>\n<strong>Im Kontext zu Exponaten der Ausstellung erarbeiten wir ein auditives Vermittlungsformat zum Thema Papier und Bekleidung. Die Arbeit Z\u00fcndStoff hat zum Ziel, mittels Interviews mit zwei Generationen sprachliche Auseinandersetzungen zu initiieren.<\/strong><\/p>\n<p>Einerseits interessiert uns das Sammeln aus dem gesellschaftlichen Ged\u00e4chtnis, d.h. Erinnerungen, Geschichten und Fakten von \u00e4lteren Menschen. Anderseits die Gegen\u00fcberstellung der Aussagen, Gedanken und Meinungen von Menschen der jungen Generation.<\/p>\n<p>Ausz\u00fcge von Statements, Erz\u00e4hlungen und Meinungen zum Material Papier und zu Artikeln aus Papier, konnten an der Audiostation in der Ausstellung &#8222;<a href=\"http:\/\/www.museum-bellerive.ch\/de\/ausstellungen\/rueckblick\/2010\/papier-fashion\/\">Pap(i)er Fashion<\/a>&#8220; im Museum Bellerive angeh\u00f6rt werden.<\/p>\n<p>Mit ausgew\u00e4hlten Zielgruppen diskutierten wir in der Ausstellung &#8222;Pap(i)er Fashion&#8220; \u00fcber Exponate, \u00fcber Anwendungen und Bearbeitung von Papier im Bereich der Mode.<\/p>\n<p><a href=\"https:\/\/blog.zhdk.ch\/kunstvermittlung\/files\/2010\/05\/Z\u00fcndStoff.jpg\" rel=\"lightbox[20]\"><img loading=\"lazy\" decoding=\"async\" class=\"alignleft size-medium wp-image-236\" src=\"https:\/\/blog.zhdk.ch\/kunstvermittlung\/files\/2010\/05\/Z\u00fcndStoff-300x212.jpg\" alt=\"\" width=\"300\" height=\"212\" srcset=\"https:\/\/blog.zhdk.ch\/kunstvermittlung\/files\/2010\/05\/Z\u00fcndStoff-300x212.jpg 300w, https:\/\/blog.zhdk.ch\/kunstvermittlung\/files\/2010\/05\/Z\u00fcndStoff-1024x724.jpg 1024w\" sizes=\"auto, (max-width: 300px) 100vw, 300px\" \/><\/a><\/p>\n<p><strong> <\/strong><a href=\"https:\/\/blog.zhdk.ch\/kunstvermittlung\/files\/2010\/05\/flyer_Z\u00fcndStoff.pdf\">flyer_Z\u00fcndStoff<\/a><br \/>\n<strong> <\/strong><br \/>\n<strong> <\/strong><\/p>\n<h4>\u00a9 2010 &#8211; EIN PROJEKT VON STUDIERENDEN DES BACHELOR OF ARTS IN VERMITTLUNG VON KUNST UND DESIGN<\/h4>\n<p>\ufeff<\/p>\n","protected":false},"excerpt":{"rendered":"<p>Sandra Bruggmann und Cornelia Portmann, Studentinnen ZHdK Im Kontext zu Exponaten der Ausstellung erarbeiten wir ein auditives Vermittlungsformat zum Thema Papier und Bekleidung. Die Arbeit Z\u00fcndStoff hat zum Ziel, mittels Interviews mit zwei Generationen sprachliche Auseinandersetzungen zu initiieren. Einerseits interessiert uns das Sammeln aus dem gesellschaftlichen Ged\u00e4chtnis, d.h. Erinnerungen, Geschichten und Fakten von \u00e4lteren Menschen. [&hellip;]<\/p>\n","protected":false},"author":342,"featured_media":0,"parent":319,"menu_order":3,"comment_status":"closed","ping_status":"closed","template":"","meta":{"footnotes":""},"class_list":["post-20","page","type-page","status-publish","czr-hentry"],"_links":{"self":[{"href":"https:\/\/blog.zhdk.ch\/kunstvermittlung\/wp-json\/wp\/v2\/pages\/20","targetHints":{"allow":["GET"]}}],"collection":[{"href":"https:\/\/blog.zhdk.ch\/kunstvermittlung\/wp-json\/wp\/v2\/pages"}],"about":[{"href":"https:\/\/blog.zhdk.ch\/kunstvermittlung\/wp-json\/wp\/v2\/types\/page"}],"author":[{"embeddable":true,"href":"https:\/\/blog.zhdk.ch\/kunstvermittlung\/wp-json\/wp\/v2\/users\/342"}],"replies":[{"embeddable":true,"href":"https:\/\/blog.zhdk.ch\/kunstvermittlung\/wp-json\/wp\/v2\/comments?post=20"}],"version-history":[{"count":43,"href":"https:\/\/blog.zhdk.ch\/kunstvermittlung\/wp-json\/wp\/v2\/pages\/20\/revisions"}],"predecessor-version":[{"id":1635,"href":"https:\/\/blog.zhdk.ch\/kunstvermittlung\/wp-json\/wp\/v2\/pages\/20\/revisions\/1635"}],"up":[{"embeddable":true,"href":"https:\/\/blog.zhdk.ch\/kunstvermittlung\/wp-json\/wp\/v2\/pages\/319"}],"wp:attachment":[{"href":"https:\/\/blog.zhdk.ch\/kunstvermittlung\/wp-json\/wp\/v2\/media?parent=20"}],"curies":[{"name":"wp","href":"https:\/\/api.w.org\/{rel}","templated":true}]}}