{"id":23,"date":"2010-05-16T15:22:55","date_gmt":"2010-05-16T14:22:55","guid":{"rendered":"https:\/\/blog.zhdk.ch\/kunstvermittlung\/?page_id=23"},"modified":"2011-08-26T09:05:28","modified_gmt":"2011-08-26T08:05:28","slug":"lesac","status":"publish","type":"page","link":"https:\/\/blog.zhdk.ch\/kunstvermittlung\/vergangene-projekte-kunstvermittlung\/archiv-kunstvermittlung\/lesac\/","title":{"rendered":"le sac"},"content":{"rendered":"<h5>Maya Goepfert, Studentin ZHdK<\/h5>\n<p><strong> <\/strong><br \/>\n<strong> <\/strong> <a href=\"https:\/\/blog.zhdk.ch\/kunstvermittlung\/files\/2010\/05\/100604_klein_Metzgerei.jpg\" rel=\"lightbox[23]\"><\/a><a href=\"https:\/\/blog.zhdk.ch\/kunstvermittlung\/files\/2010\/05\/010610_0593a.jpg\" rel=\"lightbox[23]\"><img loading=\"lazy\" decoding=\"async\" class=\"alignleft size-medium wp-image-286\" src=\"https:\/\/blog.zhdk.ch\/kunstvermittlung\/files\/2010\/05\/010610_0593a-300x199.jpg\" alt=\"\" width=\"300\" height=\"199\" srcset=\"https:\/\/blog.zhdk.ch\/kunstvermittlung\/files\/2010\/05\/010610_0593a-300x199.jpg 300w, https:\/\/blog.zhdk.ch\/kunstvermittlung\/files\/2010\/05\/010610_0593a.jpg 926w\" sizes=\"auto, (max-width: 300px) 100vw, 300px\" \/><\/a><a href=\"https:\/\/blog.zhdk.ch\/kunstvermittlung\/files\/2010\/05\/200510_0363a.jpg\" rel=\"lightbox[23]\"><img loading=\"lazy\" decoding=\"async\" class=\"alignleft size-medium wp-image-287\" src=\"https:\/\/blog.zhdk.ch\/kunstvermittlung\/files\/2010\/05\/200510_0363a-300x199.jpg\" alt=\"\" width=\"300\" height=\"199\" srcset=\"https:\/\/blog.zhdk.ch\/kunstvermittlung\/files\/2010\/05\/200510_0363a-300x199.jpg 300w, https:\/\/blog.zhdk.ch\/kunstvermittlung\/files\/2010\/05\/200510_0363a.jpg 926w\" sizes=\"auto, (max-width: 300px) 100vw, 300px\" \/><\/a><\/p>\n<p><strong> <\/strong><br \/>\n<strong>Tragtaschen aus Papier werden mit einem Schnittmuster bedruckt, welches ein neues, tragbares Produkt beschreibt. Diese Tragtaschen werden in ausgew\u00e4hlten <\/strong><strong>Gesch\u00e4ften rund um das Museum Bellerive an Kundinnen abgegeben.<\/strong><\/p>\n<p>Diese indirekte vermittelnde Vorgehensweise konfrontiert und involviert Menschen in die Ausstellungsthematik &#8222;<a href=\"http:\/\/www.museum-bellerive.ch\/de\/ausstellungen\/rueckblick\/2010\/papier-fashion\/\">Pap(i)er Fashion<\/a>&#8222;, welche sich abseits vom Museum, in einer allt\u00e4glichen Situation, in ihrem Quartier beim t\u00e4glichen Einkauf befinden.<\/p>\n<p>Ein einfaches Produkt, das Jedermann benutzt, wird durch einen k\u00fcnstlerischen Eingriff zu etwas Wertvollem. Der Einsatz einer Papiertasche, mit welcher Gegenst\u00e4nde und Informationen transportiert werden, ver\u00e4ndert sich mit diesem aussergew\u00f6hnlichen Gestaltungseingriff und wird attraktiv. Dasselbe St\u00fcck Papier k\u00f6nnte ein Couvert sein und sp\u00e4ter ein Kleid werden. Die vielseitige Verwendbarkeit von Papier fasziniert und l\u00e4sst Unerwartetes zu.<\/p>\n<p>Das Projekt nimmt eine Thematik der Ausstellung &#8222;Pap(i)er Fashion&#8220; auf und soll die Lust wecken, diese zu besuchen. Es soll aber auch zu einem engagierten Umgang mit Papierprodukten sensibilisieren.<br \/>\n<strong> <\/strong><\/p>\n<p><a href=\"https:\/\/blog.zhdk.ch\/kunstvermittlung\/files\/2010\/05\/le-sac.jpg\" rel=\"lightbox[23]\"><img loading=\"lazy\" decoding=\"async\" class=\"alignleft size-medium wp-image-238\" src=\"https:\/\/blog.zhdk.ch\/kunstvermittlung\/files\/2010\/05\/le-sac-300x212.jpg\" alt=\"\" width=\"300\" height=\"212\" srcset=\"https:\/\/blog.zhdk.ch\/kunstvermittlung\/files\/2010\/05\/le-sac-300x212.jpg 300w, https:\/\/blog.zhdk.ch\/kunstvermittlung\/files\/2010\/05\/le-sac-1024x724.jpg 1024w\" sizes=\"auto, (max-width: 300px) 100vw, 300px\" \/><\/a><a href=\"https:\/\/blog.zhdk.ch\/kunstvermittlung\/files\/2010\/05\/DSC_0130a.jpg\" rel=\"lightbox[23]\"><img loading=\"lazy\" decoding=\"async\" class=\"alignleft size-medium wp-image-290\" src=\"https:\/\/blog.zhdk.ch\/kunstvermittlung\/files\/2010\/05\/DSC_0130a-300x199.jpg\" alt=\"\" width=\"300\" height=\"199\" srcset=\"https:\/\/blog.zhdk.ch\/kunstvermittlung\/files\/2010\/05\/DSC_0130a-300x199.jpg 300w, https:\/\/blog.zhdk.ch\/kunstvermittlung\/files\/2010\/05\/DSC_0130a.jpg 926w\" sizes=\"auto, (max-width: 300px) 100vw, 300px\" \/><\/a><\/p>\n<p><strong> <\/strong><br \/>\n<a href=\"https:\/\/blog.zhdk.ch\/kunstvermittlung\/files\/2010\/05\/Flyer_le-sac.pdf\">Flyer_le sac<\/a><br \/>\n<strong> <\/strong><br \/>\n<strong> <\/strong><\/p>\n<h4>\u00a9 2010 &#8211; EIN PROJEKT VON STUDIERENDEN DES BACHELOR OF ARTS IN VERMITTLUNG VON KUNST UND DESIGN<\/h4>\n","protected":false},"excerpt":{"rendered":"<p>Maya Goepfert, Studentin ZHdK Tragtaschen aus Papier werden mit einem Schnittmuster bedruckt, welches ein neues, tragbares Produkt beschreibt. Diese Tragtaschen werden in ausgew\u00e4hlten Gesch\u00e4ften rund um das Museum Bellerive an Kundinnen abgegeben. Diese indirekte vermittelnde Vorgehensweise konfrontiert und involviert Menschen in die Ausstellungsthematik &#8222;Pap(i)er Fashion&#8222;, welche sich abseits vom Museum, in einer allt\u00e4glichen Situation, in [&hellip;]<\/p>\n","protected":false},"author":342,"featured_media":0,"parent":319,"menu_order":1,"comment_status":"closed","ping_status":"closed","template":"","meta":{"footnotes":""},"class_list":["post-23","page","type-page","status-publish","czr-hentry"],"_links":{"self":[{"href":"https:\/\/blog.zhdk.ch\/kunstvermittlung\/wp-json\/wp\/v2\/pages\/23","targetHints":{"allow":["GET"]}}],"collection":[{"href":"https:\/\/blog.zhdk.ch\/kunstvermittlung\/wp-json\/wp\/v2\/pages"}],"about":[{"href":"https:\/\/blog.zhdk.ch\/kunstvermittlung\/wp-json\/wp\/v2\/types\/page"}],"author":[{"embeddable":true,"href":"https:\/\/blog.zhdk.ch\/kunstvermittlung\/wp-json\/wp\/v2\/users\/342"}],"replies":[{"embeddable":true,"href":"https:\/\/blog.zhdk.ch\/kunstvermittlung\/wp-json\/wp\/v2\/comments?post=23"}],"version-history":[{"count":41,"href":"https:\/\/blog.zhdk.ch\/kunstvermittlung\/wp-json\/wp\/v2\/pages\/23\/revisions"}],"predecessor-version":[{"id":1631,"href":"https:\/\/blog.zhdk.ch\/kunstvermittlung\/wp-json\/wp\/v2\/pages\/23\/revisions\/1631"}],"up":[{"embeddable":true,"href":"https:\/\/blog.zhdk.ch\/kunstvermittlung\/wp-json\/wp\/v2\/pages\/319"}],"wp:attachment":[{"href":"https:\/\/blog.zhdk.ch\/kunstvermittlung\/wp-json\/wp\/v2\/media?parent=23"}],"curies":[{"name":"wp","href":"https:\/\/api.w.org\/{rel}","templated":true}]}}