{"id":2365,"date":"2013-04-15T16:08:50","date_gmt":"2013-04-15T15:08:50","guid":{"rendered":"https:\/\/blog.zhdk.ch\/kunstvermittlung\/?page_id=2365"},"modified":"2013-08-22T08:11:53","modified_gmt":"2013-08-22T07:11:53","slug":"pow","status":"publish","type":"page","link":"https:\/\/blog.zhdk.ch\/kunstvermittlung\/vergangene-projekte-kunstvermittlung\/2013-much-manga-mystery\/pow\/","title":{"rendered":"POW"},"content":{"rendered":"<p>Yolanda Ludwig, Pia Seidel, Larina St\u00fcrchler<br \/>\nStudentinnen ZHdK 2013<br \/>\n<\/em><br \/>\n<\/em><br \/>\nIn Kooperation mit dem Museum Bellerive, binden wir mit einem mobilen Setdesign Passanten\/ innen in eine fotografische Inszenierung im \u00f6ffentlichen Raum ein.<br \/>\n<\/em><br \/>\nVon Schrift- und Bildelementen wie Sprechblasen und Schriftz\u00fcgen bis hin zu abstrakten Hintergr\u00fcnden, kreiert unser Set einen virtuellen Raum, inspiriert von den Bildwelten der Mangas. Vor Ort, vermischen sich urbaner und fiktionaler Raum.<br \/>\n<\/em><br \/>\nWir treten an ausgew\u00e4hlten Orten im Stadtraum auf und erweitern so die Ausstellung \u201eMucha, Manga, Mystery\u201c des Museums Bellerive.<br \/>\n<\/em><br \/>\nDurch drei inhaltlich unterschiedliche Schwerpunkte, entstehen Fotografien, die Bezug auf den Alltag, den Stil oder aber den Wohnraum der Partizipierenden nehmen.<br \/>\n<\/em><br \/>\n<\/em><br \/>\n<a href=\"https:\/\/blog.zhdk.ch\/kunstvermittlung\/files\/2013\/04\/fantasie.jpeg\" rel=\"lightbox[2365]\"><img loading=\"lazy\" decoding=\"async\" src=\"https:\/\/blog.zhdk.ch\/kunstvermittlung\/files\/2013\/04\/fantasie-300x216.jpeg\" alt=\"fantasie\" width=\"300\" height=\"216\" class=\"alignleft size-medium wp-image-2535\" srcset=\"https:\/\/blog.zhdk.ch\/kunstvermittlung\/files\/2013\/04\/fantasie-300x216.jpeg 300w, https:\/\/blog.zhdk.ch\/kunstvermittlung\/files\/2013\/04\/fantasie.jpeg 640w\" sizes=\"auto, (max-width: 300px) 100vw, 300px\" \/><\/a><a href=\"https:\/\/blog.zhdk.ch\/kunstvermittlung\/files\/2013\/04\/gegenGewalt.jpg\" rel=\"lightbox[2365]\"><img loading=\"lazy\" decoding=\"async\" src=\"https:\/\/blog.zhdk.ch\/kunstvermittlung\/files\/2013\/04\/gegenGewalt-300x199.jpg\" alt=\"gegenGewalt\" width=\"300\" height=\"199\" class=\"alignleft size-medium wp-image-2537\" srcset=\"https:\/\/blog.zhdk.ch\/kunstvermittlung\/files\/2013\/04\/gegenGewalt-300x199.jpg 300w, https:\/\/blog.zhdk.ch\/kunstvermittlung\/files\/2013\/04\/gegenGewalt-1024x681.jpg 1024w\" sizes=\"auto, (max-width: 300px) 100vw, 300px\" \/><\/a><a href=\"https:\/\/blog.zhdk.ch\/kunstvermittlung\/files\/2013\/04\/POW.style_.jpg\" rel=\"lightbox[2365]\"><img loading=\"lazy\" decoding=\"async\" src=\"https:\/\/blog.zhdk.ch\/kunstvermittlung\/files\/2013\/04\/POW.style_-300x216.jpg\" alt=\"POW.style\" width=\"300\" height=\"216\" class=\"alignleft size-medium wp-image-2533\" srcset=\"https:\/\/blog.zhdk.ch\/kunstvermittlung\/files\/2013\/04\/POW.style_-300x216.jpg 300w, https:\/\/blog.zhdk.ch\/kunstvermittlung\/files\/2013\/04\/POW.style_-1024x737.jpg 1024w\" sizes=\"auto, (max-width: 300px) 100vw, 300px\" \/><\/a><a href=\"https:\/\/blog.zhdk.ch\/kunstvermittlung\/files\/2013\/04\/cR5bl2tWuNfv7NdnOG72sFg8h5gd8g6SmnQdbqYA-0E.jpg\" rel=\"lightbox[2365]\"><img loading=\"lazy\" decoding=\"async\" src=\"https:\/\/blog.zhdk.ch\/kunstvermittlung\/files\/2013\/04\/cR5bl2tWuNfv7NdnOG72sFg8h5gd8g6SmnQdbqYA-0E-300x215.jpg\" alt=\"cR5bl2tWuNfv7NdnOG72sFg8h5gd8g6SmnQdbqYA-0E\" width=\"300\" height=\"215\" class=\"alignleft size-medium wp-image-2527\" srcset=\"https:\/\/blog.zhdk.ch\/kunstvermittlung\/files\/2013\/04\/cR5bl2tWuNfv7NdnOG72sFg8h5gd8g6SmnQdbqYA-0E-300x215.jpg 300w, https:\/\/blog.zhdk.ch\/kunstvermittlung\/files\/2013\/04\/cR5bl2tWuNfv7NdnOG72sFg8h5gd8g6SmnQdbqYA-0E.jpg 1024w\" sizes=\"auto, (max-width: 300px) 100vw, 300px\" \/><\/a><a href=\"https:\/\/blog.zhdk.ch\/kunstvermittlung\/files\/2013\/04\/J_TakeOne_3.jpg\" rel=\"lightbox[2365]\"><img loading=\"lazy\" decoding=\"async\" src=\"https:\/\/blog.zhdk.ch\/kunstvermittlung\/files\/2013\/04\/J_TakeOne_3-300x215.jpg\" alt=\"J_TakeOne_3\" width=\"300\" height=\"215\" class=\"alignleft size-medium wp-image-2531\" srcset=\"https:\/\/blog.zhdk.ch\/kunstvermittlung\/files\/2013\/04\/J_TakeOne_3-300x215.jpg 300w, https:\/\/blog.zhdk.ch\/kunstvermittlung\/files\/2013\/04\/J_TakeOne_3-1024x737.jpg 1024w\" sizes=\"auto, (max-width: 300px) 100vw, 300px\" \/><\/a><a href=\"https:\/\/blog.zhdk.ch\/kunstvermittlung\/files\/2013\/04\/FICV6yAUeAkVgsadeiSJmXp2byfkA4om7XIR5atWav8.jpg\" rel=\"lightbox[2365]\"><img loading=\"lazy\" decoding=\"async\" src=\"https:\/\/blog.zhdk.ch\/kunstvermittlung\/files\/2013\/04\/FICV6yAUeAkVgsadeiSJmXp2byfkA4om7XIR5atWav8-300x215.jpg\" alt=\"FICV6yAUeAkVgsadeiSJmXp2byfkA4om7XIR5atWav8\" width=\"300\" height=\"215\" class=\"alignleft size-medium wp-image-2529\" srcset=\"https:\/\/blog.zhdk.ch\/kunstvermittlung\/files\/2013\/04\/FICV6yAUeAkVgsadeiSJmXp2byfkA4om7XIR5atWav8-300x215.jpg 300w, https:\/\/blog.zhdk.ch\/kunstvermittlung\/files\/2013\/04\/FICV6yAUeAkVgsadeiSJmXp2byfkA4om7XIR5atWav8.jpg 1024w\" sizes=\"auto, (max-width: 300px) 100vw, 300px\" \/><\/a><br \/>\n<\/em><br \/>\nBesuchen Sie den Blog <a href=\"http:\/\/powbellerive.tumblr.com\/\">POW<\/a><br \/>\n<\/em><br \/>\n<\/em><br \/>\n<\/em><br \/>\n<\/em><\/p>\n<h4>\u00a9 2013 &#8211; EIN PROJEKT VON STUDIERENDEN DES BACHELOR ART EDUCATION<\/h4>\n<p><\/em><br \/>\n<\/em><br \/>\n<\/em><br \/>\n<\/em><\/p>\n","protected":false},"excerpt":{"rendered":"<p>Yolanda Ludwig, Pia Seidel, Larina St\u00fcrchler Studentinnen ZHdK 2013 In Kooperation mit dem Museum Bellerive, binden wir mit einem mobilen Setdesign Passanten\/ innen in eine fotografische Inszenierung im \u00f6ffentlichen Raum ein. Von Schrift- und Bildelementen wie Sprechblasen und Schriftz\u00fcgen bis hin zu abstrakten Hintergr\u00fcnden, kreiert unser Set einen virtuellen Raum, inspiriert von den Bildwelten der [&hellip;]<\/p>\n","protected":false},"author":342,"featured_media":0,"parent":2297,"menu_order":0,"comment_status":"closed","ping_status":"closed","template":"","meta":{"footnotes":""},"class_list":["post-2365","page","type-page","status-publish","czr-hentry"],"_links":{"self":[{"href":"https:\/\/blog.zhdk.ch\/kunstvermittlung\/wp-json\/wp\/v2\/pages\/2365","targetHints":{"allow":["GET"]}}],"collection":[{"href":"https:\/\/blog.zhdk.ch\/kunstvermittlung\/wp-json\/wp\/v2\/pages"}],"about":[{"href":"https:\/\/blog.zhdk.ch\/kunstvermittlung\/wp-json\/wp\/v2\/types\/page"}],"author":[{"embeddable":true,"href":"https:\/\/blog.zhdk.ch\/kunstvermittlung\/wp-json\/wp\/v2\/users\/342"}],"replies":[{"embeddable":true,"href":"https:\/\/blog.zhdk.ch\/kunstvermittlung\/wp-json\/wp\/v2\/comments?post=2365"}],"version-history":[{"count":25,"href":"https:\/\/blog.zhdk.ch\/kunstvermittlung\/wp-json\/wp\/v2\/pages\/2365\/revisions"}],"predecessor-version":[{"id":2831,"href":"https:\/\/blog.zhdk.ch\/kunstvermittlung\/wp-json\/wp\/v2\/pages\/2365\/revisions\/2831"}],"up":[{"embeddable":true,"href":"https:\/\/blog.zhdk.ch\/kunstvermittlung\/wp-json\/wp\/v2\/pages\/2297"}],"wp:attachment":[{"href":"https:\/\/blog.zhdk.ch\/kunstvermittlung\/wp-json\/wp\/v2\/media?parent=2365"}],"curies":[{"name":"wp","href":"https:\/\/api.w.org\/{rel}","templated":true}]}}