{"id":2369,"date":"2013-04-15T16:09:43","date_gmt":"2013-04-15T15:09:43","guid":{"rendered":"https:\/\/blog.zhdk.ch\/kunstvermittlung\/?page_id=2369"},"modified":"2013-08-22T08:12:10","modified_gmt":"2013-08-22T07:12:10","slug":"allerdings","status":"publish","type":"page","link":"https:\/\/blog.zhdk.ch\/kunstvermittlung\/vergangene-projekte-kunstvermittlung\/2013-much-manga-mystery\/allerdings\/","title":{"rendered":"allerDINGS"},"content":{"rendered":"<p>Rahel H\u00e4berlin, Nora Schiedt, Camille Watter<br \/>\nStudentinnen ZHdK 2013<br \/>\n<\/em><br \/>\n<\/em><br \/>\n<strong>Was bleibt Ihnen von der Ausstellung in Erinnerung?<\/strong><br \/>\n<strong>Haben Sie einen perso\u0308nlichen Zugang gefunden?<\/strong><br \/>\n<strong>Machen Sie Ihre Gedanken mit uns.<\/strong><br \/>\n<\/em><br \/>\n<\/em><br \/>\nWas im Museum verboten, ist bei uns im Hof des Museum Bellerive erlaubt: Dinge anfassen,<br \/>\npositionieren, kombinieren, erga\u0308nzen und eine eigene Auswahl treffen.<br \/>\nSto\u0308bern Sie in unserem Sammelsurium an Objekten, welche Themenbereiche der Ausstellung aufnehmen und erweitern.<br \/>\n<\/em><br \/>\nObjekte sprechen zu Ihnen, und wir mit Ihnen u\u0308ber sie.<br \/>\n<\/em><br \/>\n<\/em><br \/>\nDie Ausstellung soll inhaltlich und ra\u0308umlich erweitert werden \u2013 mit einer Fotografie Ihrer Objektauswahl als Zeugnis der Auseinandersetzung.<br \/>\n<\/em><br \/>\n<\/em><br \/>\nIm Zeitraum April und Mai waren wir bei sch\u00f6nem Wetter mit unserm Projekt <em>allerDINGS<\/em> im Hof des Museum Bellerive:<\/strong> pr\u00e4sent.<br \/>\n<\/em><br \/>\n<\/em><br \/>\n<a href=\"https:\/\/blog.zhdk.ch\/kunstvermittlung\/files\/2013\/04\/IMG_1682.jpg\" rel=\"lightbox[2369]\"><img loading=\"lazy\" decoding=\"async\" src=\"https:\/\/blog.zhdk.ch\/kunstvermittlung\/files\/2013\/04\/IMG_1682-300x200.jpg\" alt=\"allerDINGS_1\" width=\"300\" height=\"200\" class=\"alignleft size-medium wp-image-2463\" srcset=\"https:\/\/blog.zhdk.ch\/kunstvermittlung\/files\/2013\/04\/IMG_1682-300x200.jpg 300w, https:\/\/blog.zhdk.ch\/kunstvermittlung\/files\/2013\/04\/IMG_1682-1024x682.jpg 1024w\" sizes=\"auto, (max-width: 300px) 100vw, 300px\" \/><\/a><a href=\"https:\/\/blog.zhdk.ch\/kunstvermittlung\/files\/2013\/04\/IMG_1696.jpg\" rel=\"lightbox[2369]\"><img loading=\"lazy\" decoding=\"async\" src=\"https:\/\/blog.zhdk.ch\/kunstvermittlung\/files\/2013\/04\/IMG_1696-300x209.jpg\" alt=\"allerDINGS_2\" width=\"300\" height=\"209\" class=\"alignleft size-medium wp-image-2465\" srcset=\"https:\/\/blog.zhdk.ch\/kunstvermittlung\/files\/2013\/04\/IMG_1696-300x209.jpg 300w, https:\/\/blog.zhdk.ch\/kunstvermittlung\/files\/2013\/04\/IMG_1696-1024x715.jpg 1024w\" sizes=\"auto, (max-width: 300px) 100vw, 300px\" \/><\/a><a href=\"https:\/\/blog.zhdk.ch\/kunstvermittlung\/files\/2013\/04\/11.jpg\" rel=\"lightbox[2369]\"><img loading=\"lazy\" decoding=\"async\" src=\"https:\/\/blog.zhdk.ch\/kunstvermittlung\/files\/2013\/04\/11-294x300.jpg\" alt=\"11\" width=\"294\" height=\"300\" class=\"alignleft size-medium wp-image-2549\" srcset=\"https:\/\/blog.zhdk.ch\/kunstvermittlung\/files\/2013\/04\/11-294x300.jpg 294w, https:\/\/blog.zhdk.ch\/kunstvermittlung\/files\/2013\/04\/11-1005x1024.jpg 1005w\" sizes=\"auto, (max-width: 294px) 100vw, 294px\" \/><\/a><a href=\"https:\/\/blog.zhdk.ch\/kunstvermittlung\/files\/2013\/04\/17.jpg\" rel=\"lightbox[2369]\"><img loading=\"lazy\" decoding=\"async\" src=\"https:\/\/blog.zhdk.ch\/kunstvermittlung\/files\/2013\/04\/17-300x295.jpg\" alt=\"17\" width=\"300\" height=\"295\" class=\"alignleft size-medium wp-image-2553\" srcset=\"https:\/\/blog.zhdk.ch\/kunstvermittlung\/files\/2013\/04\/17-300x295.jpg 300w, https:\/\/blog.zhdk.ch\/kunstvermittlung\/files\/2013\/04\/17.jpg 613w\" sizes=\"auto, (max-width: 300px) 100vw, 300px\" \/><\/a><br \/>\n<\/em><br \/>\n<\/em><br \/>\nIm Zeitraum Mai und Juni, in der zweiten Phase des Vermittlungsprojektes \u00aballerDINGS\u00bb, plakatieren wir die fotografierten Schauk\u00e4sten im \u00f6ffentlichen Raum der Stadt Z\u00fcrich<br \/>\n<\/em><br \/>\n<a href=\"https:\/\/blog.zhdk.ch\/kunstvermittlung\/files\/2013\/04\/DSC_0098.jpg\" rel=\"lightbox[2369]\"><img loading=\"lazy\" decoding=\"async\" src=\"https:\/\/blog.zhdk.ch\/kunstvermittlung\/files\/2013\/04\/DSC_0098-199x300.jpg\" alt=\"DSC_0098\" width=\"199\" height=\"300\" class=\"alignleft size-medium wp-image-2593\" srcset=\"https:\/\/blog.zhdk.ch\/kunstvermittlung\/files\/2013\/04\/DSC_0098-199x300.jpg 199w, https:\/\/blog.zhdk.ch\/kunstvermittlung\/files\/2013\/04\/DSC_0098-680x1024.jpg 680w, https:\/\/blog.zhdk.ch\/kunstvermittlung\/files\/2013\/04\/DSC_0098.jpg 1596w\" sizes=\"auto, (max-width: 199px) 100vw, 199px\" \/><\/a><a href=\"https:\/\/blog.zhdk.ch\/kunstvermittlung\/files\/2013\/04\/DSC_0002.jpg\" rel=\"lightbox[2369]\"><img loading=\"lazy\" decoding=\"async\" src=\"https:\/\/blog.zhdk.ch\/kunstvermittlung\/files\/2013\/04\/DSC_0002-199x300.jpg\" alt=\"DSC_0002\" width=\"199\" height=\"300\" class=\"alignleft size-medium wp-image-2589\" srcset=\"https:\/\/blog.zhdk.ch\/kunstvermittlung\/files\/2013\/04\/DSC_0002-199x300.jpg 199w, https:\/\/blog.zhdk.ch\/kunstvermittlung\/files\/2013\/04\/DSC_0002-680x1024.jpg 680w, https:\/\/blog.zhdk.ch\/kunstvermittlung\/files\/2013\/04\/DSC_0002.jpg 1596w\" sizes=\"auto, (max-width: 199px) 100vw, 199px\" \/><\/a><a href=\"https:\/\/blog.zhdk.ch\/kunstvermittlung\/files\/2013\/04\/DSC_0067.jpg\" rel=\"lightbox[2369]\"><img loading=\"lazy\" decoding=\"async\" src=\"https:\/\/blog.zhdk.ch\/kunstvermittlung\/files\/2013\/04\/DSC_0067-199x300.jpg\" alt=\"DSC_0067\" width=\"199\" height=\"300\" class=\"alignleft size-medium wp-image-2591\" srcset=\"https:\/\/blog.zhdk.ch\/kunstvermittlung\/files\/2013\/04\/DSC_0067-199x300.jpg 199w, https:\/\/blog.zhdk.ch\/kunstvermittlung\/files\/2013\/04\/DSC_0067-680x1024.jpg 680w, https:\/\/blog.zhdk.ch\/kunstvermittlung\/files\/2013\/04\/DSC_0067.jpg 1596w\" sizes=\"auto, (max-width: 199px) 100vw, 199px\" \/><\/a><br \/>\n<\/em><br \/>\nVerfolgen Sie unsere Aktion auf unserem <strong>Blog<\/strong><br \/>\n<a href=\"http:\/\/www.aller-dings.tumblr.com\" target=\"_blank\"><figure id=\"attachment_2599\" aria-describedby=\"caption-attachment-2599\" style=\"width: 150px\" class=\"wp-caption alignleft\"><a href=\"http:\/\/www.aller-dings.tumblr.com\"><img loading=\"lazy\" decoding=\"async\" src=\"https:\/\/blog.zhdk.ch\/kunstvermittlung\/files\/2013\/04\/1DSC_0261-150x150.jpg\" alt=\"Blog allerDINGS\" width=\"150\" height=\"150\" class=\"size-thumbnail wp-image-2599\" srcset=\"https:\/\/blog.zhdk.ch\/kunstvermittlung\/files\/2013\/04\/1DSC_0261-150x150.jpg 150w, https:\/\/blog.zhdk.ch\/kunstvermittlung\/files\/2013\/04\/1DSC_0261-298x300.jpg 298w, https:\/\/blog.zhdk.ch\/kunstvermittlung\/files\/2013\/04\/1DSC_0261.jpg 772w\" sizes=\"auto, (max-width: 150px) 100vw, 150px\" \/><\/a><figcaption id=\"caption-attachment-2599\" class=\"wp-caption-text\">Blog allerDINGS<\/figcaption><\/figure><br \/>\n<figure id=\"attachment_2681\" aria-describedby=\"caption-attachment-2681\" style=\"width: 150px\" class=\"wp-caption alignleft\"><a href=\"http:\/\/aller-dings.tumblr.com\/inzuerich\"><img loading=\"lazy\" decoding=\"async\" src=\"https:\/\/blog.zhdk.ch\/kunstvermittlung\/files\/2013\/04\/tumblr_inline_mn5f7osRQ61rluwqp-150x150.jpg\" alt=\"an Z\u00fcrichs W\u00e4nden\" width=\"150\" height=\"150\" class=\"size-thumbnail wp-image-2681\" \/><\/a><figcaption id=\"caption-attachment-2681\" class=\"wp-caption-text\">an Z\u00fcrichs W\u00e4nden<\/figcaption><\/figure><br \/>\n<\/em><br \/>\n<\/em><br \/>\n<\/em><br \/>\n<\/em><\/p>\n<h4>\u00a9 2013 &#8211; EIN PROJEKT VON STUDIERENDEN DES BACHELOR ART EDUCATION<\/h4>\n<p><\/em><br \/>\n<\/em><br \/>\n<\/em><br \/>\n<\/em><br \/>\n<\/em><br \/>\n<\/em><\/p>\n","protected":false},"excerpt":{"rendered":"<p>Rahel H\u00e4berlin, Nora Schiedt, Camille Watter Studentinnen ZHdK 2013 Was bleibt Ihnen von der Ausstellung in Erinnerung? Haben Sie einen perso\u0308nlichen Zugang gefunden? Machen Sie Ihre Gedanken mit uns. Was im Museum verboten, ist bei uns im Hof des Museum Bellerive erlaubt: Dinge anfassen, positionieren, kombinieren, erga\u0308nzen und eine eigene Auswahl treffen. Sto\u0308bern Sie in [&hellip;]<\/p>\n","protected":false},"author":342,"featured_media":0,"parent":2297,"menu_order":0,"comment_status":"closed","ping_status":"closed","template":"","meta":{"footnotes":""},"class_list":["post-2369","page","type-page","status-publish","czr-hentry"],"_links":{"self":[{"href":"https:\/\/blog.zhdk.ch\/kunstvermittlung\/wp-json\/wp\/v2\/pages\/2369","targetHints":{"allow":["GET"]}}],"collection":[{"href":"https:\/\/blog.zhdk.ch\/kunstvermittlung\/wp-json\/wp\/v2\/pages"}],"about":[{"href":"https:\/\/blog.zhdk.ch\/kunstvermittlung\/wp-json\/wp\/v2\/types\/page"}],"author":[{"embeddable":true,"href":"https:\/\/blog.zhdk.ch\/kunstvermittlung\/wp-json\/wp\/v2\/users\/342"}],"replies":[{"embeddable":true,"href":"https:\/\/blog.zhdk.ch\/kunstvermittlung\/wp-json\/wp\/v2\/comments?post=2369"}],"version-history":[{"count":46,"href":"https:\/\/blog.zhdk.ch\/kunstvermittlung\/wp-json\/wp\/v2\/pages\/2369\/revisions"}],"predecessor-version":[{"id":2833,"href":"https:\/\/blog.zhdk.ch\/kunstvermittlung\/wp-json\/wp\/v2\/pages\/2369\/revisions\/2833"}],"up":[{"embeddable":true,"href":"https:\/\/blog.zhdk.ch\/kunstvermittlung\/wp-json\/wp\/v2\/pages\/2297"}],"wp:attachment":[{"href":"https:\/\/blog.zhdk.ch\/kunstvermittlung\/wp-json\/wp\/v2\/media?parent=2369"}],"curies":[{"name":"wp","href":"https:\/\/api.w.org\/{rel}","templated":true}]}}