{"id":2373,"date":"2013-04-29T12:59:31","date_gmt":"2013-04-29T11:59:31","guid":{"rendered":"https:\/\/blog.zhdk.ch\/kunstvermittlung\/?page_id=2373"},"modified":"2013-08-22T08:12:30","modified_gmt":"2013-08-22T07:12:30","slug":"auf-den-spuren-des-jugendstils","status":"publish","type":"page","link":"https:\/\/blog.zhdk.ch\/kunstvermittlung\/vergangene-projekte-kunstvermittlung\/2013-much-manga-mystery\/auf-den-spuren-des-jugendstils\/","title":{"rendered":"Auf Spuren &#8230;"},"content":{"rendered":"<p>Val\u00e9rie Guggenb\u00fchl<br \/>\nStudentin ZHdK 2013<br \/>\n<\/em><br \/>\n<\/em><br \/>\n<strong>Auf Spuren des Jugendstils<\/strong><br \/>\n<\/em><br \/>\nDie Sch\u00fclerinnen und Sch\u00fcler der 6. Klasse des Schulhauses Seefeld, unweit des<br \/>\nMuseum Bellerive gelegen, setzen sich ab Mitte Mai bis Mitte Juni 2013 vertieft mit<br \/>\nThemen der Ausstellung \u201eMucha Manga Mystery\u201c auseinandersetzen.<br \/>\n<\/em><br \/>\nDie Sch\u00fclerinnen und Sch\u00fcler begeben sich <strong>auf Spuren des Jugendstils<\/strong> im Museum Bellerive<br \/>\nund im Quartier Seefeld und erproben anhand von Recherchen eigene Ornamente und Manga.<br \/>\n<\/em><br \/>\nIn einem weiteren Schritt werden sie ein eigenes Vermittlungsangebot entwickeln und Anfang Juni<br \/>\nim Museum Bellerive mit j\u00fcngeren Sch\u00fclern und Sch\u00fclerinnen durchf\u00fchren.<br \/>\n<\/em><br \/>\n<\/em><br \/>\nErste Zwischenergebnisse zu \u00abMucha\u00bb und \u00abManga\u00bb aus dem laufenden Schulprojekt:<br \/>\n<\/em><br \/>\n<a href=\"https:\/\/blog.zhdk.ch\/kunstvermittlung\/files\/2013\/04\/cora-mucha.jpg\" rel=\"lightbox[2373]\"><img loading=\"lazy\" decoding=\"async\" src=\"https:\/\/blog.zhdk.ch\/kunstvermittlung\/files\/2013\/04\/cora-mucha-224x300.jpg\" alt=\"cora mucha\" width=\"224\" height=\"300\" class=\"alignleft size-medium wp-image-2561\" srcset=\"https:\/\/blog.zhdk.ch\/kunstvermittlung\/files\/2013\/04\/cora-mucha-224x300.jpg 224w, https:\/\/blog.zhdk.ch\/kunstvermittlung\/files\/2013\/04\/cora-mucha-764x1024.jpg 764w, https:\/\/blog.zhdk.ch\/kunstvermittlung\/files\/2013\/04\/cora-mucha.jpg 1936w\" sizes=\"auto, (max-width: 224px) 100vw, 224px\" \/><\/a><a href=\"https:\/\/blog.zhdk.ch\/kunstvermittlung\/files\/2013\/04\/fritz-mucha.jpg\" rel=\"lightbox[2373]\"><img loading=\"lazy\" decoding=\"async\" src=\"https:\/\/blog.zhdk.ch\/kunstvermittlung\/files\/2013\/04\/fritz-mucha-224x300.jpg\" alt=\"fritz mucha\" width=\"224\" height=\"300\" class=\"alignleft size-medium wp-image-2563\" srcset=\"https:\/\/blog.zhdk.ch\/kunstvermittlung\/files\/2013\/04\/fritz-mucha-224x300.jpg 224w, https:\/\/blog.zhdk.ch\/kunstvermittlung\/files\/2013\/04\/fritz-mucha-764x1024.jpg 764w, https:\/\/blog.zhdk.ch\/kunstvermittlung\/files\/2013\/04\/fritz-mucha.jpg 1936w\" sizes=\"auto, (max-width: 224px) 100vw, 224px\" \/><\/a><br \/>\n<a href=\"https:\/\/blog.zhdk.ch\/kunstvermittlung\/files\/2013\/04\/Raffi-Manga.jpg\" rel=\"lightbox[2373]\"><img loading=\"lazy\" decoding=\"async\" src=\"https:\/\/blog.zhdk.ch\/kunstvermittlung\/files\/2013\/04\/Raffi-Manga-210x300.jpg\" alt=\"ControlCenter2\" width=\"210\" height=\"300\" class=\"alignleft size-medium wp-image-2567\" srcset=\"https:\/\/blog.zhdk.ch\/kunstvermittlung\/files\/2013\/04\/Raffi-Manga-210x300.jpg 210w, https:\/\/blog.zhdk.ch\/kunstvermittlung\/files\/2013\/04\/Raffi-Manga-717x1024.jpg 717w\" sizes=\"auto, (max-width: 210px) 100vw, 210px\" \/><\/a><a href=\"https:\/\/blog.zhdk.ch\/kunstvermittlung\/files\/2013\/04\/Tobi-Manga.jpg\" rel=\"lightbox[2373]\"><img loading=\"lazy\" decoding=\"async\" src=\"https:\/\/blog.zhdk.ch\/kunstvermittlung\/files\/2013\/04\/Tobi-Manga-210x300.jpg\" alt=\"ControlCenter2\" width=\"210\" height=\"300\" class=\"alignleft size-medium wp-image-2569\" srcset=\"https:\/\/blog.zhdk.ch\/kunstvermittlung\/files\/2013\/04\/Tobi-Manga-210x300.jpg 210w, https:\/\/blog.zhdk.ch\/kunstvermittlung\/files\/2013\/04\/Tobi-Manga-717x1024.jpg 717w\" sizes=\"auto, (max-width: 210px) 100vw, 210px\" \/><\/a><br \/>\n<\/em><br \/>\n<\/em><br \/>\n<\/em><br \/>\n<\/em><\/p>\n<h4>\u00a9 2013 &#8211; EIN PROJEKT VON STUDIERENDEN DES BACHELOR ART EDUCATION<\/h4>\n<p><\/em><br \/>\n<\/em><br \/>\n<\/em><br \/>\n<\/em><\/p>\n","protected":false},"excerpt":{"rendered":"<p>Val\u00e9rie Guggenb\u00fchl Studentin ZHdK 2013 Auf Spuren des Jugendstils Die Sch\u00fclerinnen und Sch\u00fcler der 6. Klasse des Schulhauses Seefeld, unweit des Museum Bellerive gelegen, setzen sich ab Mitte Mai bis Mitte Juni 2013 vertieft mit Themen der Ausstellung \u201eMucha Manga Mystery\u201c auseinandersetzen. Die Sch\u00fclerinnen und Sch\u00fcler begeben sich auf Spuren des Jugendstils im Museum Bellerive [&hellip;]<\/p>\n","protected":false},"author":342,"featured_media":0,"parent":2297,"menu_order":0,"comment_status":"closed","ping_status":"closed","template":"","meta":{"footnotes":""},"class_list":["post-2373","page","type-page","status-publish","czr-hentry"],"_links":{"self":[{"href":"https:\/\/blog.zhdk.ch\/kunstvermittlung\/wp-json\/wp\/v2\/pages\/2373","targetHints":{"allow":["GET"]}}],"collection":[{"href":"https:\/\/blog.zhdk.ch\/kunstvermittlung\/wp-json\/wp\/v2\/pages"}],"about":[{"href":"https:\/\/blog.zhdk.ch\/kunstvermittlung\/wp-json\/wp\/v2\/types\/page"}],"author":[{"embeddable":true,"href":"https:\/\/blog.zhdk.ch\/kunstvermittlung\/wp-json\/wp\/v2\/users\/342"}],"replies":[{"embeddable":true,"href":"https:\/\/blog.zhdk.ch\/kunstvermittlung\/wp-json\/wp\/v2\/comments?post=2373"}],"version-history":[{"count":30,"href":"https:\/\/blog.zhdk.ch\/kunstvermittlung\/wp-json\/wp\/v2\/pages\/2373\/revisions"}],"predecessor-version":[{"id":2835,"href":"https:\/\/blog.zhdk.ch\/kunstvermittlung\/wp-json\/wp\/v2\/pages\/2373\/revisions\/2835"}],"up":[{"embeddable":true,"href":"https:\/\/blog.zhdk.ch\/kunstvermittlung\/wp-json\/wp\/v2\/pages\/2297"}],"wp:attachment":[{"href":"https:\/\/blog.zhdk.ch\/kunstvermittlung\/wp-json\/wp\/v2\/media?parent=2373"}],"curies":[{"name":"wp","href":"https:\/\/api.w.org\/{rel}","templated":true}]}}