{"id":2863,"date":"2014-02-16T17:43:24","date_gmt":"2014-02-16T16:43:24","guid":{"rendered":"https:\/\/blog.zhdk.ch\/kunstvermittlung\/?page_id=2863"},"modified":"2018-02-26T12:40:09","modified_gmt":"2018-02-26T11:40:09","slug":"2014-projekte-kunstvermittlung","status":"publish","type":"page","link":"https:\/\/blog.zhdk.ch\/kunstvermittlung\/vergangene-projekte-kunstvermittlung\/2014-projekte-kunstvermittlung\/","title":{"rendered":"2014: KV HvdV"},"content":{"rendered":"<p><\/em><br \/>\nErg\u00e4nzend zur Ausstellung &#8222;Henry van de Velde &#8211; Interieurs&#8220; im Museum Bellerive (28.2. &#8211; 1.6.2014)<br \/>\nentwickeln Studierende des Bachelor Art Education der Z\u00fcrcher Hochschule der K\u00fcnste<br \/>\nvon der Kunst her gedachte Interventionen.<br \/>\n<\/em><br \/>\nKunstvermittlung wird als <strong>eigenst\u00e4ndige Praxis<\/strong> verstanden. Sie schafft mittels k\u00fcnstlerischer<br \/>\nund kommunikativer Strategien <strong>ungewohnte<\/strong> Situationen und Verh\u00e4ltnisse f\u00fcr einen<br \/>\n<strong>differenzierenden und kritischen<\/strong> Umgang mit Kunst.<br \/>\nSie geht auf Menschen zu, handelt nicht prim\u00e4r im Ausstellungsraum sondern begegnet Menschen<br \/>\n<strong>auch ausserhalb <\/strong> des Museums im \u00f6ffentlichen Raum.<br \/>\n<\/em><br \/>\nDie Vermittlungsprojekte \u00abMensch M\u00f6bel\u00bb, \u00abMobil\u00bb, \u00abStaubwedel\u00bb, \u00abDinge und Geschichten\u00bb, \u00abMultifunktionales M\u00f6bel\u00bb wurden im Zeitraum <strong>M\u00e4rz bis Mai 2014<\/strong> im und vor dem Museum<br \/>\nBellerive, <strong>im \u00f6ffentlichen Raum<\/strong> der Stadt Z\u00fcrich und in einem Altersheim durchgef\u00fchrt.<br \/>\n<\/em><br \/>\n<\/em><br \/>\n<\/em><br \/>\n<strong>Mensch M\u00f6bel<\/strong><br \/>\nSusanna von K\u00e4nel, Sabine Zenger<br \/>\n<a title=\"Mensch M\u00f6bel\" href=\"https:\/\/blog.zhdk.ch\/kunstvermittlung\/2014-projekte-kunstvermittlung\/mensch-moebel\/\" target=\"_blank\"><strong><img loading=\"lazy\" decoding=\"async\" class=\"alignleft size-thumbnail wp-image-2921\" src=\"https:\/\/blog.zhdk.ch\/kunstvermittlung\/files\/2014\/04\/Expedit_2-150x150.jpg\" alt=\"Expedit_2\" width=\"150\" height=\"150\" \/><\/strong><\/a><br \/>\n<strong>Mobil<\/strong><br \/>\nRaffaella Popp<br \/>\n<a title=\"Mobil\" href=\"https:\/\/blog.zhdk.ch\/kunstvermittlung\/2014-projekte-kunstvermittlung\/mobil\/\" target=\"_blank\"><strong><img loading=\"lazy\" decoding=\"async\" class=\"alignleft size-thumbnail wp-image-3137\" src=\"https:\/\/blog.zhdk.ch\/kunstvermittlung\/files\/2014\/04\/Raffaella_Popp_2-150x150.jpg\" alt=\"Raffaella_Popp_2\" width=\"150\" height=\"150\" \/><\/strong><\/a><br \/>\n<strong>Staubwedel<\/strong><br \/>\nJulia Bolli<br \/>\n<a title=\"Staubwedel\" href=\"https:\/\/blog.zhdk.ch\/kunstvermittlung\/2014-projekte-kunstvermittlung\/staubwedel\/\" target=\"_blank\"><strong><img loading=\"lazy\" decoding=\"async\" class=\"alignleft size-thumbnail wp-image-3133\" src=\"https:\/\/blog.zhdk.ch\/kunstvermittlung\/files\/2014\/04\/Bolli_Staubwedel_Performance_Plakat_2_kl-150x150.jpg\" alt=\"Flyer_A6_2.indd\" width=\"150\" height=\"150\" \/><\/strong><\/a><br \/>\n<strong>Ein multifunktionales M\u00f6bel<\/strong><br \/>\nErika Untern\u00e4hrer<br \/>\n<a title=\"Ein multifunktionales M\u00f6bel\" href=\"https:\/\/blog.zhdk.ch\/kunstvermittlung\/2014-projekte-kunstvermittlung\/ein-multifunktionales-moebel\/\" target=\"_blank\"><img loading=\"lazy\" decoding=\"async\" class=\"alignleft size-thumbnail wp-image-3117\" src=\"https:\/\/blog.zhdk.ch\/kunstvermittlung\/files\/2014\/04\/Tisch_selbstaufraeumend-150x150.jpg\" alt=\"Tisch_selbstaufraeumend\" width=\"150\" height=\"150\" \/><\/a><br \/>\n<strong>Dinge und Geschichten<\/strong><br \/>\nLaurence Landert<br \/>\n<a title=\"Dinge und Geschichten\" href=\"https:\/\/blog.zhdk.ch\/kunstvermittlung\/2014-projekte-kunstvermittlung\/dinge-und-geschichten\/\" target=\"_blank\"><img loading=\"lazy\" decoding=\"async\" class=\"alignleft size-thumbnail wp-image-3161\" src=\"https:\/\/blog.zhdk.ch\/kunstvermittlung\/files\/2014\/04\/S1060027-150x150.jpg\" alt=\"S1060027\" width=\"150\" height=\"150\" \/><\/a><br \/>\n<\/em><br \/>\n<\/em><br \/>\nStudierende ZHdK<br \/>\nJulia Bolli, Susanna von K\u00e4nel, Laurence Landert, Raffaella Popp, Erika Untern\u00e4hrer, Sabine Zenger<br \/>\n<\/em><br \/>\nDozierende ZHdK<br \/>\nEmilio Paroni, Anna Brigitte Schlittler<br \/>\n<\/em><br \/>\n<\/em><br \/>\n<\/em><br \/>\n<\/em><br \/>\n<\/em><\/p>\n<h4>Projekte Kunstvermittlung<\/h4>\n<h4>Kontakt: emilio.paroni@bluewin.ch<\/h4>\n<p>&nbsp;<br \/>\n<\/em><br \/>\n<\/em><\/p>\n","protected":false},"excerpt":{"rendered":"<p>Erg\u00e4nzend zur Ausstellung &#8222;Henry van de Velde &#8211; Interieurs&#8220; im Museum Bellerive (28.2. &#8211; 1.6.2014) entwickeln Studierende des Bachelor Art Education der Z\u00fcrcher Hochschule der K\u00fcnste von der Kunst her gedachte Interventionen. Kunstvermittlung wird als eigenst\u00e4ndige Praxis verstanden. Sie schafft mittels k\u00fcnstlerischer und kommunikativer Strategien ungewohnte Situationen und Verh\u00e4ltnisse f\u00fcr einen differenzierenden und kritischen Umgang [&hellip;]<\/p>\n","protected":false},"author":342,"featured_media":0,"parent":2197,"menu_order":2,"comment_status":"closed","ping_status":"closed","template":"","meta":{"footnotes":""},"class_list":["post-2863","page","type-page","status-publish","czr-hentry"],"_links":{"self":[{"href":"https:\/\/blog.zhdk.ch\/kunstvermittlung\/wp-json\/wp\/v2\/pages\/2863","targetHints":{"allow":["GET"]}}],"collection":[{"href":"https:\/\/blog.zhdk.ch\/kunstvermittlung\/wp-json\/wp\/v2\/pages"}],"about":[{"href":"https:\/\/blog.zhdk.ch\/kunstvermittlung\/wp-json\/wp\/v2\/types\/page"}],"author":[{"embeddable":true,"href":"https:\/\/blog.zhdk.ch\/kunstvermittlung\/wp-json\/wp\/v2\/users\/342"}],"replies":[{"embeddable":true,"href":"https:\/\/blog.zhdk.ch\/kunstvermittlung\/wp-json\/wp\/v2\/comments?post=2863"}],"version-history":[{"count":102,"href":"https:\/\/blog.zhdk.ch\/kunstvermittlung\/wp-json\/wp\/v2\/pages\/2863\/revisions"}],"predecessor-version":[{"id":6447,"href":"https:\/\/blog.zhdk.ch\/kunstvermittlung\/wp-json\/wp\/v2\/pages\/2863\/revisions\/6447"}],"up":[{"embeddable":true,"href":"https:\/\/blog.zhdk.ch\/kunstvermittlung\/wp-json\/wp\/v2\/pages\/2197"}],"wp:attachment":[{"href":"https:\/\/blog.zhdk.ch\/kunstvermittlung\/wp-json\/wp\/v2\/media?parent=2863"}],"curies":[{"name":"wp","href":"https:\/\/api.w.org\/{rel}","templated":true}]}}