{"id":2997,"date":"2014-04-14T18:52:50","date_gmt":"2014-04-14T17:52:50","guid":{"rendered":"https:\/\/blog.zhdk.ch\/kunstvermittlung\/?page_id=2997"},"modified":"2014-05-13T17:56:20","modified_gmt":"2014-05-13T16:56:20","slug":"mobil","status":"publish","type":"page","link":"https:\/\/blog.zhdk.ch\/kunstvermittlung\/vergangene-projekte-kunstvermittlung\/2014-projekte-kunstvermittlung\/mobil\/","title":{"rendered":"Mobil"},"content":{"rendered":"<p>Raffaelle Popp<br \/>\nStudentin ZHdK<br \/>\n<\/em><br \/>\n<\/em><br \/>\n<strong>Weisse W\u00e4nde, funktionale Einrichtung?<br \/>\nRustikale Holzm\u00f6bel und Kachelofen?<br \/>\nGem\u00fctliches Sammelsurium? <\/strong><br \/>\n<\/em><br \/>\nMit meinem mobilen Interieur bin ich <strong>unterwegs auf der Suche nach<\/strong> Wohnphilosophien, die sich in Raumgestaltung, Wohnbed\u00fcrfnissen oder <strong>Wohnw\u00fcnschen<\/strong> ausdr\u00fccken.<br \/>\n<\/em><br \/>\n<strong>Im Gespr\u00e4ch<\/strong> mit Passantinnen und Passanten rund um das Museum Bellerive<br \/>\nversuche ich, diese individuellen <strong>Vorstellungen einer optimalen Wohnumgebung<\/strong><br \/>\nzu ergr\u00fcnden. Das rollende Interieur im Aussenraum dient dabei als Plattform und enth\u00e4lt<br \/>\nElemente zum spontanen Festhalten von Wohnideen.<br \/>\n<\/em><br \/>\nBei <em>Henry van de Velde<\/em> passen die Tische zum Geschirrservice, die Tapeten zum Kleid<br \/>\nder Hausfrau und die T\u00fcrgriffe harmonieren mit den Wandleisten. Er kreiert ein Gesamtkunstwerk in seinen Interieurs.<br \/>\n<\/em><br \/>\n<strong>Erg\u00e4nzend erkunde ich ausserhalb des Museums aktuelle Wohnkonzepte.<\/strong><br \/>\n<\/em><br \/>\n<a href=\"https:\/\/blog.zhdk.ch\/kunstvermittlung\/files\/2014\/04\/MG_272601.jpg\" rel=\"lightbox[2997]\"><img loading=\"lazy\" decoding=\"async\" src=\"https:\/\/blog.zhdk.ch\/kunstvermittlung\/files\/2014\/04\/MG_272601-300x200.jpg\" alt=\"_MG_272601\" width=\"300\" height=\"200\" class=\"alignleft size-medium wp-image-3377\" srcset=\"https:\/\/blog.zhdk.ch\/kunstvermittlung\/files\/2014\/04\/MG_272601-300x200.jpg 300w, https:\/\/blog.zhdk.ch\/kunstvermittlung\/files\/2014\/04\/MG_272601-1024x682.jpg 1024w\" sizes=\"auto, (max-width: 300px) 100vw, 300px\" \/><\/a><br \/>\n<a href=\"https:\/\/blog.zhdk.ch\/kunstvermittlung\/files\/2014\/04\/Erika_1.jpg\" rel=\"lightbox[2997]\"><img loading=\"lazy\" decoding=\"async\" src=\"https:\/\/blog.zhdk.ch\/kunstvermittlung\/files\/2014\/04\/Erika_1-150x150.jpg\" alt=\"Erika_1\" width=\"150\" height=\"150\" class=\"alignleft size-thumbnail wp-image-3359\" \/><\/a><a href=\"https:\/\/blog.zhdk.ch\/kunstvermittlung\/files\/2014\/04\/Erika_2.jpg\" rel=\"lightbox[2997]\"><img loading=\"lazy\" decoding=\"async\" src=\"https:\/\/blog.zhdk.ch\/kunstvermittlung\/files\/2014\/04\/Erika_2-150x150.jpg\" alt=\"Erika_2\" width=\"150\" height=\"150\" class=\"alignleft size-thumbnail wp-image-3361\" \/><\/a><a href=\"https:\/\/blog.zhdk.ch\/kunstvermittlung\/files\/2014\/04\/Franco_1.jpg\" rel=\"lightbox[2997]\"><img loading=\"lazy\" decoding=\"async\" src=\"https:\/\/blog.zhdk.ch\/kunstvermittlung\/files\/2014\/04\/Franco_1-150x150.jpg\" alt=\"Franco_1\" width=\"150\" height=\"150\" class=\"alignleft size-thumbnail wp-image-3365\" \/><\/a><a href=\"https:\/\/blog.zhdk.ch\/kunstvermittlung\/files\/2014\/04\/Franco_2.jpg\" rel=\"lightbox[2997]\"><img loading=\"lazy\" decoding=\"async\" src=\"https:\/\/blog.zhdk.ch\/kunstvermittlung\/files\/2014\/04\/Franco_2-150x150.jpg\" alt=\"Franco_2\" width=\"150\" height=\"150\" class=\"alignleft size-thumbnail wp-image-3367\" \/><\/a><br \/>\n<a href=\"https:\/\/blog.zhdk.ch\/kunstvermittlung\/files\/2014\/04\/Nelly-und-Katrin_2.jpg\" rel=\"lightbox[2997]\"><img loading=\"lazy\" decoding=\"async\" src=\"https:\/\/blog.zhdk.ch\/kunstvermittlung\/files\/2014\/04\/Nelly-und-Katrin_2-267x300.jpg\" alt=\"Nelly und Katrin_2\" width=\"267\" height=\"300\" class=\"alignleft size-medium wp-image-3353\" srcset=\"https:\/\/blog.zhdk.ch\/kunstvermittlung\/files\/2014\/04\/Nelly-und-Katrin_2-267x300.jpg 267w, https:\/\/blog.zhdk.ch\/kunstvermittlung\/files\/2014\/04\/Nelly-und-Katrin_2-912x1024.jpg 912w\" sizes=\"auto, (max-width: 267px) 100vw, 267px\" \/><\/a><a href=\"https:\/\/blog.zhdk.ch\/kunstvermittlung\/files\/2014\/04\/Nelly-und-Katrin_1.jpg\" rel=\"lightbox[2997]\"><img loading=\"lazy\" decoding=\"async\" src=\"https:\/\/blog.zhdk.ch\/kunstvermittlung\/files\/2014\/04\/Nelly-und-Katrin_1-267x300.jpg\" alt=\"Nelly und Katrin_1\" width=\"267\" height=\"300\" class=\"alignleft size-medium wp-image-3351\" srcset=\"https:\/\/blog.zhdk.ch\/kunstvermittlung\/files\/2014\/04\/Nelly-und-Katrin_1-267x300.jpg 267w, https:\/\/blog.zhdk.ch\/kunstvermittlung\/files\/2014\/04\/Nelly-und-Katrin_1-912x1024.jpg 912w\" sizes=\"auto, (max-width: 267px) 100vw, 267px\" \/><\/a><\/p>\n<p><\/em><br \/>\n<\/em><br \/>\n<\/em><br \/>\n<\/em><\/p>\n<h4>\u00a9 2014 &#8211; EIN PROJEKT VON STUDIERENDEN DES BACHELOR ART EDUCATION<\/h4>\n<p><\/em><br \/>\n<\/em><br \/>\n<\/em><br \/>\n<\/em><br \/>\n<\/em><br \/>\n<\/em><\/p>\n","protected":false},"excerpt":{"rendered":"<p>Raffaelle Popp Studentin ZHdK Weisse W\u00e4nde, funktionale Einrichtung? Rustikale Holzm\u00f6bel und Kachelofen? Gem\u00fctliches Sammelsurium? Mit meinem mobilen Interieur bin ich unterwegs auf der Suche nach Wohnphilosophien, die sich in Raumgestaltung, Wohnbed\u00fcrfnissen oder Wohnw\u00fcnschen ausdr\u00fccken. Im Gespr\u00e4ch mit Passantinnen und Passanten rund um das Museum Bellerive versuche ich, diese individuellen Vorstellungen einer optimalen Wohnumgebung zu ergr\u00fcnden. [&hellip;]<\/p>\n","protected":false},"author":342,"featured_media":0,"parent":2863,"menu_order":0,"comment_status":"closed","ping_status":"closed","template":"","meta":{"footnotes":""},"class_list":["post-2997","page","type-page","status-publish","czr-hentry"],"_links":{"self":[{"href":"https:\/\/blog.zhdk.ch\/kunstvermittlung\/wp-json\/wp\/v2\/pages\/2997","targetHints":{"allow":["GET"]}}],"collection":[{"href":"https:\/\/blog.zhdk.ch\/kunstvermittlung\/wp-json\/wp\/v2\/pages"}],"about":[{"href":"https:\/\/blog.zhdk.ch\/kunstvermittlung\/wp-json\/wp\/v2\/types\/page"}],"author":[{"embeddable":true,"href":"https:\/\/blog.zhdk.ch\/kunstvermittlung\/wp-json\/wp\/v2\/users\/342"}],"replies":[{"embeddable":true,"href":"https:\/\/blog.zhdk.ch\/kunstvermittlung\/wp-json\/wp\/v2\/comments?post=2997"}],"version-history":[{"count":29,"href":"https:\/\/blog.zhdk.ch\/kunstvermittlung\/wp-json\/wp\/v2\/pages\/2997\/revisions"}],"predecessor-version":[{"id":3381,"href":"https:\/\/blog.zhdk.ch\/kunstvermittlung\/wp-json\/wp\/v2\/pages\/2997\/revisions\/3381"}],"up":[{"embeddable":true,"href":"https:\/\/blog.zhdk.ch\/kunstvermittlung\/wp-json\/wp\/v2\/pages\/2863"}],"wp:attachment":[{"href":"https:\/\/blog.zhdk.ch\/kunstvermittlung\/wp-json\/wp\/v2\/media?parent=2997"}],"curies":[{"name":"wp","href":"https:\/\/api.w.org\/{rel}","templated":true}]}}