{"id":341,"date":"2011-03-03T10:04:58","date_gmt":"2011-03-03T09:04:58","guid":{"rendered":"https:\/\/blog.zhdk.ch\/kunstvermittlung\/?page_id=341"},"modified":"2018-02-26T12:16:21","modified_gmt":"2018-02-26T11:16:21","slug":"und-anders","status":"publish","type":"page","link":"https:\/\/blog.zhdk.ch\/kunstvermittlung\/vergangene-projekte-kunstvermittlung\/und-anders\/","title":{"rendered":"2011: &#8230;und anders"},"content":{"rendered":"<p><\/em><\/p>\n<h2><a href=\"https:\/\/blog.zhdk.ch\/kunstvermittlung\/files\/2011\/03\/wollpflegesymbole2.jpg\" rel=\"lightbox[341]\"><img loading=\"lazy\" decoding=\"async\" class=\"alignleft size-large wp-image-456\" src=\"https:\/\/blog.zhdk.ch\/kunstvermittlung\/files\/2011\/03\/wollpflegesymbole2-1024x261.jpg\" alt=\"\" width=\"922\" height=\"235\" srcset=\"https:\/\/blog.zhdk.ch\/kunstvermittlung\/files\/2011\/03\/wollpflegesymbole2-1024x261.jpg 1024w, https:\/\/blog.zhdk.ch\/kunstvermittlung\/files\/2011\/03\/wollpflegesymbole2-300x76.jpg 300w\" sizes=\"auto, (max-width: 922px) 100vw, 922px\" \/><\/a><\/h2>\n<p>Ein Kooperationsprojekt des <a title=\"Studiengang Bachelor of Arts in Vermittlung von Kunst und Design\" href=\"http:\/\/bae.zhdk.ch\/\">Bachelor of Arts in Vermittlung von Kunst und Design ZHdK<\/a><br \/>\nin Zusammenhang mit der Ausstellung &#8222;Neue Masche &#8211; gestrickt, gestickt und anders&#8220;<br \/>\nam <a href=\"http:\/\/www.museum-bellerive.ch\/\">Musem Bellerive<\/a> Z\u00fcrich (Ausstellungsdauer 29. April bis 24. Juli 2011).<br \/>\n<\/em><br \/>\n<\/em><br \/>\n<\/em><\/p>\n<h2>K\u00fcnstlerische Kunstvermittlung<\/h2>\n<p>Kunst\/Design und Vermittlung wollen als Handlungsform zusammengebracht werden. Im Fokus der Auseinandersetzung stehen von Kunst aus gedachte Vermittlungsprojekte, die in der Haltung, in der Herangehensweise und Ausf\u00fchrung einen kritischen und dekonstruktiven, einen partizipatorischen oder kollaborativen Anspruch bei der Arbeit mit Menschen verfolgen.<br \/>\n<\/em><br \/>\n<strong>Projekte Kunstvermittlung<\/strong><br \/>\nErg\u00e4nzend zur Ausstellung \u00abNeue Masche\u00bb f\u00fchrten Studentinnen BAE von April bis Juni 2011 im \u00f6ffentlichen Raum der Stadt Z\u00fcrich und im Museum Bellerive k\u00fcnstlerische Vermittlungsprojekte durch. Aufgrund unterschiedlicher inhaltlicher Anliegen und mittels geeigneter k\u00fcnstlerischer Strategien in den einzelnen Vermittlungsprojekten \u00abMaschenpalaver\u00bb, \u00abhinderzilisme\u00bb und \u00abflickstick\u00bb, wurden Menschen und Gruppen zum Handeln, das Museum selbst und erweiterte Ausstellungsthemen und Ausstellungsinhalte ins Gespr\u00e4ch gebracht.<br \/>\n<\/em><br \/>\nErgebnisse aus den Vermittlungsprojekten werden im Museumsraum ausgestellt und eine Screen-Pr\u00e4sentation informiert \u00fcber die Aktivit\u00e4ten im \u00f6ffentlichen Raum.<br \/>\n<\/em><br \/>\n<\/em><br \/>\n<\/em><br \/>\nStudierende BAE:<br \/>\nSandra Bucheli, Anina B\u00fcschlen, Claudia Ginocchio, Susanne Nagel Helbling, Barbara Portmann, Martina Regli, Sultana Savvi, Inbal Sharon.<br \/>\n<\/em><br \/>\nProjektleitung:<br \/>\nEmilio Paroni, Dozent ZHdK<br \/>\n<\/em><br \/>\nGastdozierende:<br \/>\nThomas Sieber, Theorie Kultur und Gesellschaft<br \/>\nAnna-Brigitte Schlittler, Theorie Kunst und Design<br \/>\n<\/em><br \/>\nMuseum Bellerive:<br \/>\nEva Afuhs, leitende Kuratorin (\u2020 8. April 2011)<br \/>\nTanja Trampe, Assistenzkuratorin Ausstellungen<br \/>\n<\/em><br \/>\n<\/em><br \/>\n<strong>Projektdokumentation<\/strong><br \/>\nDie Projektdokumentation <em>&#8230;und anders<\/em> ist in gedruckter Version erh\u00e4ltlich.<br \/>\nKontakt: emilio.paroni@zhdk.ch<br \/>\n<\/em><br \/>\n<\/em><br \/>\n<a href=\"https:\/\/blog.zhdk.ch\/kunstvermittlung\/files\/2011\/03\/Doku_Umschlag_KV_11_EP.png\" rel=\"lightbox[341]\"><img loading=\"lazy\" decoding=\"async\" src=\"https:\/\/blog.zhdk.ch\/kunstvermittlung\/files\/2011\/03\/Doku_Umschlag_KV_11_EP-300x227.png\" alt=\"\" width=\"300\" height=\"227\" class=\"alignleft size-medium wp-image-1745\" srcset=\"https:\/\/blog.zhdk.ch\/kunstvermittlung\/files\/2011\/03\/Doku_Umschlag_KV_11_EP-300x227.png 300w, https:\/\/blog.zhdk.ch\/kunstvermittlung\/files\/2011\/03\/Doku_Umschlag_KV_11_EP-1024x775.png 1024w, https:\/\/blog.zhdk.ch\/kunstvermittlung\/files\/2011\/03\/Doku_Umschlag_KV_11_EP.png 1767w\" sizes=\"auto, (max-width: 300px) 100vw, 300px\" \/><\/a><a href=\"https:\/\/blog.zhdk.ch\/kunstvermittlung\/files\/2011\/03\/Doku_Inhaltsverzeichnus_KV_11_EP.png\" rel=\"lightbox[341]\"><img loading=\"lazy\" decoding=\"async\" src=\"https:\/\/blog.zhdk.ch\/kunstvermittlung\/files\/2011\/03\/Doku_Inhaltsverzeichnus_KV_11_EP-300x230.png\" alt=\"\" width=\"300\" height=\"230\" class=\"alignleft size-medium wp-image-1749\" srcset=\"https:\/\/blog.zhdk.ch\/kunstvermittlung\/files\/2011\/03\/Doku_Inhaltsverzeichnus_KV_11_EP-300x230.png 300w, https:\/\/blog.zhdk.ch\/kunstvermittlung\/files\/2011\/03\/Doku_Inhaltsverzeichnus_KV_11_EP-1024x787.png 1024w, https:\/\/blog.zhdk.ch\/kunstvermittlung\/files\/2011\/03\/Doku_Inhaltsverzeichnus_KV_11_EP.png 2048w\" sizes=\"auto, (max-width: 300px) 100vw, 300px\" \/><\/a><br \/>\n<\/em><br \/>\n<\/em><br \/>\n<\/em><br \/>\n<\/em><br \/>\n<\/em><\/p>\n<h4>Projekte Kunstvermittlung<\/h4>\n<h4>Kontakt: emilio.paroni@bluewin.ch<\/h4>\n<p>&nbsp;<br \/>\n<\/em><br \/>\n<\/em><\/p>\n","protected":false},"excerpt":{"rendered":"<p>Ein Kooperationsprojekt des Bachelor of Arts in Vermittlung von Kunst und Design ZHdK in Zusammenhang mit der Ausstellung &#8222;Neue Masche &#8211; gestrickt, gestickt und anders&#8220; am Musem Bellerive Z\u00fcrich (Ausstellungsdauer 29. April bis 24. Juli 2011). K\u00fcnstlerische Kunstvermittlung Kunst\/Design und Vermittlung wollen als Handlungsform zusammengebracht werden. Im Fokus der Auseinandersetzung stehen von Kunst aus gedachte [&hellip;]<\/p>\n","protected":false},"author":342,"featured_media":0,"parent":2197,"menu_order":6,"comment_status":"closed","ping_status":"closed","template":"","meta":{"footnotes":""},"class_list":["post-341","page","type-page","status-publish","czr-hentry"],"_links":{"self":[{"href":"https:\/\/blog.zhdk.ch\/kunstvermittlung\/wp-json\/wp\/v2\/pages\/341","targetHints":{"allow":["GET"]}}],"collection":[{"href":"https:\/\/blog.zhdk.ch\/kunstvermittlung\/wp-json\/wp\/v2\/pages"}],"about":[{"href":"https:\/\/blog.zhdk.ch\/kunstvermittlung\/wp-json\/wp\/v2\/types\/page"}],"author":[{"embeddable":true,"href":"https:\/\/blog.zhdk.ch\/kunstvermittlung\/wp-json\/wp\/v2\/users\/342"}],"replies":[{"embeddable":true,"href":"https:\/\/blog.zhdk.ch\/kunstvermittlung\/wp-json\/wp\/v2\/comments?post=341"}],"version-history":[{"count":125,"href":"https:\/\/blog.zhdk.ch\/kunstvermittlung\/wp-json\/wp\/v2\/pages\/341\/revisions"}],"predecessor-version":[{"id":6417,"href":"https:\/\/blog.zhdk.ch\/kunstvermittlung\/wp-json\/wp\/v2\/pages\/341\/revisions\/6417"}],"up":[{"embeddable":true,"href":"https:\/\/blog.zhdk.ch\/kunstvermittlung\/wp-json\/wp\/v2\/pages\/2197"}],"wp:attachment":[{"href":"https:\/\/blog.zhdk.ch\/kunstvermittlung\/wp-json\/wp\/v2\/media?parent=341"}],"curies":[{"name":"wp","href":"https:\/\/api.w.org\/{rel}","templated":true}]}}