{"id":36,"date":"2010-05-16T15:33:15","date_gmt":"2010-05-16T14:33:15","guid":{"rendered":"https:\/\/blog.zhdk.ch\/kunstvermittlung\/?page_id=36"},"modified":"2011-08-26T09:06:20","modified_gmt":"2011-08-26T08:06:20","slug":"vom-kopf-in-den-kragen","status":"publish","type":"page","link":"https:\/\/blog.zhdk.ch\/kunstvermittlung\/vergangene-projekte-kunstvermittlung\/archiv-kunstvermittlung\/vom-kopf-in-den-kragen\/","title":{"rendered":"Vom Kopf in den Kragen"},"content":{"rendered":"<p>Simone Grob und Martina Gubler, Studentinnen ZHdK 2010<br \/>\n<strong> <\/strong><br \/>\n<a href=\"https:\/\/blog.zhdk.ch\/kunstvermittlung\/files\/2010\/05\/CIMG5362a.jpg\" rel=\"lightbox[36]\"><img loading=\"lazy\" decoding=\"async\" class=\"alignleft size-medium wp-image-280\" src=\"https:\/\/blog.zhdk.ch\/kunstvermittlung\/files\/2010\/05\/CIMG5362a-300x225.jpg\" alt=\"\" width=\"300\" height=\"225\" srcset=\"https:\/\/blog.zhdk.ch\/kunstvermittlung\/files\/2010\/05\/CIMG5362a-300x225.jpg 300w, https:\/\/blog.zhdk.ch\/kunstvermittlung\/files\/2010\/05\/CIMG5362a.jpg 820w\" sizes=\"auto, (max-width: 300px) 100vw, 300px\" \/><\/a><a href=\"https:\/\/blog.zhdk.ch\/kunstvermittlung\/files\/2010\/05\/DSC02876a.jpg\" rel=\"lightbox[36]\"><img loading=\"lazy\" decoding=\"async\" class=\"alignleft size-medium wp-image-278\" src=\"https:\/\/blog.zhdk.ch\/kunstvermittlung\/files\/2010\/05\/DSC02876a-300x225.jpg\" alt=\"\" width=\"300\" height=\"225\" srcset=\"https:\/\/blog.zhdk.ch\/kunstvermittlung\/files\/2010\/05\/DSC02876a-300x225.jpg 300w, https:\/\/blog.zhdk.ch\/kunstvermittlung\/files\/2010\/05\/DSC02876a.jpg 820w\" sizes=\"auto, (max-width: 300px) 100vw, 300px\" \/><\/a><br \/>\n<strong> <\/strong><br \/>\n<strong> <\/strong><br \/>\n<strong>Was sitzt mir im Nacken?<\/strong><\/p>\n<p><strong>Was bringt meinen Kragen zum Platzen?<\/strong><\/p>\n<p><strong>Wof\u00fcr riskiere ich Kopf und Kragen?<\/strong><br \/>\n<strong> <\/strong><br \/>\n<strong> <\/strong><br \/>\nGedanken sind unsere t\u00e4glichen Begleiter, aber was, wenn diese buchst\u00e4blich an den Kragen gehen? In unserm Projekt &#8222;Vom Kopf in den Kragen&#8220; werden Gedanken f\u00fcr einmal festgehalten. Gedruckt, platziert und als Papierkragen getragen, nehmen sie als solche eine neue Gestalt an.<\/p>\n<p>An verschiedenen Orten in der Stadt Z\u00fcrich laden wir Passanten ein, sich zu den oben stehenden Fragen intuitiv mitzuteilen. Essenzen aus dem Gespr\u00e4ch werden festgehalten, auf Papierkragen gesetzt und den Mitwirkenden mitgegeben.<\/p>\n<p>In wiefern \u00e4ndert sich die Selbstwahrnehmung \u00fcber das physische \u201aTragen\u2019 eigener Gedanken?<\/p>\n<p>Sp\u00fcren Sie uns auf im \u00f6ffentlichen Raum der Stadt Z\u00fcrich und lassen Sie einen Papierkragen ihr Begleiter werden.<\/p>\n<p>Der eigene Papierkragen ins Museum Bellerive gebracht, wurde in der Ausstellung \u201e<a href=\"http:\/\/www.museum-bellerive.ch\/de\/ausstellungen\/rueckblick\/2010\/papier-fashion\/\">Pap(i)er Fashion<\/a>\u201c ausgestellt.<br \/>\n<strong> <\/strong><br \/>\n<strong> <\/strong><\/p>\n<p><a href=\"https:\/\/blog.zhdk.ch\/kunstvermittlung\/files\/2010\/05\/Vom-Kopf-in-den-Kragen.jpg\" rel=\"lightbox[36]\"><img loading=\"lazy\" decoding=\"async\" class=\"alignleft size-medium wp-image-241\" src=\"https:\/\/blog.zhdk.ch\/kunstvermittlung\/files\/2010\/05\/Vom-Kopf-in-den-Kragen-300x213.jpg\" alt=\"\" width=\"300\" height=\"213\" srcset=\"https:\/\/blog.zhdk.ch\/kunstvermittlung\/files\/2010\/05\/Vom-Kopf-in-den-Kragen-300x213.jpg 300w, https:\/\/blog.zhdk.ch\/kunstvermittlung\/files\/2010\/05\/Vom-Kopf-in-den-Kragen-1024x728.jpg 1024w\" sizes=\"auto, (max-width: 300px) 100vw, 300px\" \/><\/a><\/p>\n<p><a href=\"https:\/\/blog.zhdk.ch\/kunstvermittlung\/files\/2010\/05\/Flyer_Kragen_solo.pdf\">Flyer_Kragen<\/a><br \/>\n<strong> <\/strong><br \/>\n<strong> <\/strong><\/p>\n<h4>\u00a9 2010 &#8211; EIN PROJEKT VON STUDIERENDEN DES BACHELOR OF ARTS IN VERMITTLUNG VON KUNST UND DESIGN<\/h4>\n","protected":false},"excerpt":{"rendered":"<p>Simone Grob und Martina Gubler, Studentinnen ZHdK 2010 Was sitzt mir im Nacken? Was bringt meinen Kragen zum Platzen? Wof\u00fcr riskiere ich Kopf und Kragen? Gedanken sind unsere t\u00e4glichen Begleiter, aber was, wenn diese buchst\u00e4blich an den Kragen gehen? In unserm Projekt &#8222;Vom Kopf in den Kragen&#8220; werden Gedanken f\u00fcr einmal festgehalten. Gedruckt, platziert und [&hellip;]<\/p>\n","protected":false},"author":342,"featured_media":0,"parent":319,"menu_order":2,"comment_status":"closed","ping_status":"closed","template":"","meta":{"footnotes":""},"class_list":["post-36","page","type-page","status-publish","czr-hentry"],"_links":{"self":[{"href":"https:\/\/blog.zhdk.ch\/kunstvermittlung\/wp-json\/wp\/v2\/pages\/36","targetHints":{"allow":["GET"]}}],"collection":[{"href":"https:\/\/blog.zhdk.ch\/kunstvermittlung\/wp-json\/wp\/v2\/pages"}],"about":[{"href":"https:\/\/blog.zhdk.ch\/kunstvermittlung\/wp-json\/wp\/v2\/types\/page"}],"author":[{"embeddable":true,"href":"https:\/\/blog.zhdk.ch\/kunstvermittlung\/wp-json\/wp\/v2\/users\/342"}],"replies":[{"embeddable":true,"href":"https:\/\/blog.zhdk.ch\/kunstvermittlung\/wp-json\/wp\/v2\/comments?post=36"}],"version-history":[{"count":28,"href":"https:\/\/blog.zhdk.ch\/kunstvermittlung\/wp-json\/wp\/v2\/pages\/36\/revisions"}],"predecessor-version":[{"id":1633,"href":"https:\/\/blog.zhdk.ch\/kunstvermittlung\/wp-json\/wp\/v2\/pages\/36\/revisions\/1633"}],"up":[{"embeddable":true,"href":"https:\/\/blog.zhdk.ch\/kunstvermittlung\/wp-json\/wp\/v2\/pages\/319"}],"wp:attachment":[{"href":"https:\/\/blog.zhdk.ch\/kunstvermittlung\/wp-json\/wp\/v2\/media?parent=36"}],"curies":[{"name":"wp","href":"https:\/\/api.w.org\/{rel}","templated":true}]}}