{"id":4060,"date":"2015-05-27T07:43:27","date_gmt":"2015-05-27T06:43:27","guid":{"rendered":"https:\/\/blog.zhdk.ch\/kunstvermittlung\/?page_id=4060"},"modified":"2015-10-27T10:30:56","modified_gmt":"2015-10-27T09:30:56","slug":"spinning-stories","status":"publish","type":"page","link":"https:\/\/blog.zhdk.ch\/kunstvermittlung\/vergangene-projekte-kunstvermittlung\/2015-kooperation-kunsthaus-glarus\/spinning-stories\/","title":{"rendered":"Spinning Stories"},"content":{"rendered":"<p><a href=\"https:\/\/blog.zhdk.ch\/kunstvermittlung\/2015-kooperation-kunsthaus-glarus\/spinning-stories\/\" target=\"_blank\"><\/a><a href=\"https:\/\/blog.zhdk.ch\/kunstvermittlung\/2015-kooperation-kunsthaus-glarus\/spinning-stories\/\" target=\"_blank\"><a href=\"https:\/\/blog.zhdk.ch\/kunstvermittlung\/2015-kooperation-kunsthaus-glarus\/querbeet\/\" target=\"_blank\"><a href=\"https:\/\/blog.zhdk.ch\/kunstvermittlung\/2015-kooperation-kunsthaus-glarus\/strassenarbeit\/\" target=\"_blank\"><\/a><\/a><\/a>Iris Brugger<br \/>\n<\/em><br \/>\n<\/em><br \/>\nWas kann ein Bild erz\u00e4hlen, und umgekehrt: Was kann ich u\u0308ber ein Bild erz\u00e4hlen?<br \/>\nMenschen aus Glarus, die aus ihrem Herkunftsland gefl\u00fcchtet sind, treten<br \/>\nin Dialog mit Bildern und spinnen Geschichten rund um ausgew\u00e4hlte Werke aus<br \/>\nder Sammlung des Kunsthauses.<br \/>\n<\/em><br \/>\n<\/em><br \/>\nDie Bildergespr\u00e4che fanden im Kunsthaus Glarus statt \u2013 in einem mobil eingerichteten<br \/>\nRaum nahmen die Originalwerke Platz in der Runde.<br \/>\n<\/em><br \/>\n<a href=\"https:\/\/blog.zhdk.ch\/kunstvermittlung\/files\/2015\/05\/Sequenz-01.Standbild006.jpg\" rel=\"lightbox[4060]\"><img loading=\"lazy\" decoding=\"async\" src=\"https:\/\/blog.zhdk.ch\/kunstvermittlung\/files\/2015\/05\/Sequenz-01.Standbild006-300x201.jpg\" alt=\"Sequenz 01.Standbild006\" width=\"300\" height=\"201\" class=\"alignnone size-medium wp-image-4356\" srcset=\"https:\/\/blog.zhdk.ch\/kunstvermittlung\/files\/2015\/05\/Sequenz-01.Standbild006-300x201.jpg 300w, https:\/\/blog.zhdk.ch\/kunstvermittlung\/files\/2015\/05\/Sequenz-01.Standbild006-1024x686.jpg 1024w, https:\/\/blog.zhdk.ch\/kunstvermittlung\/files\/2015\/05\/Sequenz-01.Standbild006.jpg 1505w\" sizes=\"auto, (max-width: 300px) 100vw, 300px\" \/><\/a> <a href=\"https:\/\/blog.zhdk.ch\/kunstvermittlung\/files\/2015\/05\/MVI_2822.MOV.Standbild002-1.jpg\" rel=\"lightbox[4060]\"><img loading=\"lazy\" decoding=\"async\" src=\"https:\/\/blog.zhdk.ch\/kunstvermittlung\/files\/2015\/05\/MVI_2822.MOV.Standbild002-1-300x201.jpg\" alt=\"MVI_2822.MOV.Standbild002-1\" width=\"300\" height=\"201\" class=\"alignnone size-medium wp-image-4350\" srcset=\"https:\/\/blog.zhdk.ch\/kunstvermittlung\/files\/2015\/05\/MVI_2822.MOV.Standbild002-1-300x201.jpg 300w, https:\/\/blog.zhdk.ch\/kunstvermittlung\/files\/2015\/05\/MVI_2822.MOV.Standbild002-1-1024x686.jpg 1024w, https:\/\/blog.zhdk.ch\/kunstvermittlung\/files\/2015\/05\/MVI_2822.MOV.Standbild002-1.jpg 1613w\" sizes=\"auto, (max-width: 300px) 100vw, 300px\" \/><\/a> <a href=\"https:\/\/blog.zhdk.ch\/kunstvermittlung\/files\/2015\/05\/MVI_2826.MOV.Standbild002.jpg\" rel=\"lightbox[4060]\"><img loading=\"lazy\" decoding=\"async\" src=\"https:\/\/blog.zhdk.ch\/kunstvermittlung\/files\/2015\/05\/MVI_2826.MOV.Standbild002-300x201.jpg\" alt=\"MVI_2826.MOV.Standbild002\" width=\"300\" height=\"201\" class=\"alignnone size-medium wp-image-4354\" srcset=\"https:\/\/blog.zhdk.ch\/kunstvermittlung\/files\/2015\/05\/MVI_2826.MOV.Standbild002-300x201.jpg 300w, https:\/\/blog.zhdk.ch\/kunstvermittlung\/files\/2015\/05\/MVI_2826.MOV.Standbild002-1024x686.jpg 1024w, https:\/\/blog.zhdk.ch\/kunstvermittlung\/files\/2015\/05\/MVI_2826.MOV.Standbild002.jpg 1612w\" sizes=\"auto, (max-width: 300px) 100vw, 300px\" \/><\/a> <a href=\"https:\/\/blog.zhdk.ch\/kunstvermittlung\/files\/2015\/05\/IMG_3228.jpg\" rel=\"lightbox[4060]\"><img loading=\"lazy\" decoding=\"async\" src=\"https:\/\/blog.zhdk.ch\/kunstvermittlung\/files\/2015\/05\/IMG_3228-300x201.jpg\" alt=\"IMG_3228\" width=\"300\" height=\"201\" class=\"alignnone size-medium wp-image-4348\" srcset=\"https:\/\/blog.zhdk.ch\/kunstvermittlung\/files\/2015\/05\/IMG_3228-300x201.jpg 300w, https:\/\/blog.zhdk.ch\/kunstvermittlung\/files\/2015\/05\/IMG_3228-1024x686.jpg 1024w\" sizes=\"auto, (max-width: 300px) 100vw, 300px\" \/><\/a><br \/>\n<\/em><br \/>\n\u00abDieses Bild hat Berge, Afghanistan hat auch Berge, dies ist meine Kultur.<br \/>\n<\/em><br \/>\nMir gef\u00e4llt etwas mit Bach, V\u00f6gel, ein Park, Menschen im Hintergrund. Aber das ist nur eine grosse Mauer. Mit Himmel.<br \/>\n<\/em><br \/>\nEs erinnert mich an ein griechisches Buch, alte Sachen, Teller, Vasen, Menschen, aber ohne Kopf und ohne H\u00e4nde.<br \/>\n<\/em><br \/>\nHere is a planet. Like a foot that kickest he world.\u00bb<br \/>\n<\/em><br \/>\nPrathap, Hakim, Sayed und Kothki zu vier Werken aus der Sammlung des Kunsthauses Glarus:<br \/>\n<\/em><br \/>\nEdouard Vallet, Verlassenes Haus, 1924<br \/>\nLill Tschudi, Sardische Formenwelt XI (Kontrast I), undatiert<br \/>\nLill Tschudi, Am Wasser, undatiert<br \/>\nLill Tschudi, Floating Forms I, undatiert<br \/>\n<\/em><br \/>\nDie Gespr\u00e4che wurden aufgezeichnet von Iris Brugger, gek\u00fcrzt und teilweise sprachlich angepasst zugunsten der Verst\u00e4ndlichkeit.<br \/>\n<\/em><br \/>\nWeiterf\u00fchrende Infos <a href=\"http:\/\/spinning--stories.tumblr.com\/\" target=\"_blank\">http:\/\/spinning&#8211;stories.tumblr.com\/<\/a><br \/>\n<\/em><br \/>\n<\/em><br \/>\n<\/em><br \/>\n<\/em><\/p>\n<h4>\u00a9 2015 &#8211; EIN PROJEKT VON STUDIERENDEN DES BACHELOR ART EDUCATION<\/h4>\n<p><\/em><br \/>\n<\/em><\/p>\n","protected":false},"excerpt":{"rendered":"<p>Iris Brugger Was kann ein Bild erz\u00e4hlen, und umgekehrt: Was kann ich u\u0308ber ein Bild erz\u00e4hlen? Menschen aus Glarus, die aus ihrem Herkunftsland gefl\u00fcchtet sind, treten in Dialog mit Bildern und spinnen Geschichten rund um ausgew\u00e4hlte Werke aus der Sammlung des Kunsthauses. Die Bildergespr\u00e4che fanden im Kunsthaus Glarus statt \u2013 in einem mobil eingerichteten Raum [&hellip;]<\/p>\n","protected":false},"author":342,"featured_media":0,"parent":3408,"menu_order":0,"comment_status":"closed","ping_status":"closed","template":"","meta":{"footnotes":""},"class_list":["post-4060","page","type-page","status-publish","czr-hentry"],"_links":{"self":[{"href":"https:\/\/blog.zhdk.ch\/kunstvermittlung\/wp-json\/wp\/v2\/pages\/4060","targetHints":{"allow":["GET"]}}],"collection":[{"href":"https:\/\/blog.zhdk.ch\/kunstvermittlung\/wp-json\/wp\/v2\/pages"}],"about":[{"href":"https:\/\/blog.zhdk.ch\/kunstvermittlung\/wp-json\/wp\/v2\/types\/page"}],"author":[{"embeddable":true,"href":"https:\/\/blog.zhdk.ch\/kunstvermittlung\/wp-json\/wp\/v2\/users\/342"}],"replies":[{"embeddable":true,"href":"https:\/\/blog.zhdk.ch\/kunstvermittlung\/wp-json\/wp\/v2\/comments?post=4060"}],"version-history":[{"count":20,"href":"https:\/\/blog.zhdk.ch\/kunstvermittlung\/wp-json\/wp\/v2\/pages\/4060\/revisions"}],"predecessor-version":[{"id":4596,"href":"https:\/\/blog.zhdk.ch\/kunstvermittlung\/wp-json\/wp\/v2\/pages\/4060\/revisions\/4596"}],"up":[{"embeddable":true,"href":"https:\/\/blog.zhdk.ch\/kunstvermittlung\/wp-json\/wp\/v2\/pages\/3408"}],"wp:attachment":[{"href":"https:\/\/blog.zhdk.ch\/kunstvermittlung\/wp-json\/wp\/v2\/media?parent=4060"}],"curies":[{"name":"wp","href":"https:\/\/api.w.org\/{rel}","templated":true}]}}