{"id":4186,"date":"2015-05-27T08:23:32","date_gmt":"2015-05-27T07:23:32","guid":{"rendered":"https:\/\/blog.zhdk.ch\/kunstvermittlung\/?page_id=4186"},"modified":"2015-06-03T05:18:48","modified_gmt":"2015-06-03T04:18:48","slug":"querbeet","status":"publish","type":"page","link":"https:\/\/blog.zhdk.ch\/kunstvermittlung\/vergangene-projekte-kunstvermittlung\/2015-kooperation-kunsthaus-glarus\/querbeet\/","title":{"rendered":"Querbeet"},"content":{"rendered":"<p>Nadine Truyol<br \/>\n<\/em><br \/>\n<\/em><br \/>\nQuerbeet durch den Stadtpark zum Kunsthaus Glarus. \u00dcber den Rasen<br \/>\nan den B\u00e4umen vorbei in den Seiteneingang des Kunsthauses Glarus<br \/>\nf\u00fchrt ein neuer beschilderter Weg in die Sammlungsausstellung:<br \/>\n\u00abWieso gehen wir ins Museum?\u00bb und \u00abWas fu\u0308r Bilder h\u00e4ngen zu Hause?\u00bb<br \/>\n<\/em><br \/>\nIch m\u00f6chte die Leute um und im Kunsthaus Glarus fragend anregen, mit einem offenen Blick durch die Sammlung zu gehen, u\u0308ber die Situation, sich in einem Museum zu befinden, nachzudenken.<br \/>\n<\/em><br \/>\n<\/em><br \/>\n<a href=\"https:\/\/blog.zhdk.ch\/kunstvermittlung\/files\/2015\/01\/IMG_3716.jpg\" rel=\"lightbox[4186]\"><img loading=\"lazy\" decoding=\"async\" src=\"https:\/\/blog.zhdk.ch\/kunstvermittlung\/files\/2015\/01\/IMG_3716-300x225.jpg\" alt=\"IMG_3716\" width=\"300\" height=\"225\" class=\"alignnone size-medium wp-image-4038\" srcset=\"https:\/\/blog.zhdk.ch\/kunstvermittlung\/files\/2015\/01\/IMG_3716-300x225.jpg 300w, https:\/\/blog.zhdk.ch\/kunstvermittlung\/files\/2015\/01\/IMG_3716-1024x768.jpg 1024w\" sizes=\"auto, (max-width: 300px) 100vw, 300px\" \/><\/a> <a href=\"https:\/\/blog.zhdk.ch\/kunstvermittlung\/files\/2015\/01\/P1170007x.jpg\" rel=\"lightbox[4186]\"><img loading=\"lazy\" decoding=\"async\" src=\"https:\/\/blog.zhdk.ch\/kunstvermittlung\/files\/2015\/01\/P1170007x-300x225.jpg\" alt=\"P1170007x\" width=\"300\" height=\"225\" class=\"alignnone size-medium wp-image-3978\" srcset=\"https:\/\/blog.zhdk.ch\/kunstvermittlung\/files\/2015\/01\/P1170007x-300x225.jpg 300w, https:\/\/blog.zhdk.ch\/kunstvermittlung\/files\/2015\/01\/P1170007x-1024x768.jpg 1024w\" sizes=\"auto, (max-width: 300px) 100vw, 300px\" \/><\/a> <a href=\"https:\/\/blog.zhdk.ch\/kunstvermittlung\/files\/2015\/01\/DSC06069.jpg\" rel=\"lightbox[4186]\"><img loading=\"lazy\" decoding=\"async\" src=\"https:\/\/blog.zhdk.ch\/kunstvermittlung\/files\/2015\/01\/DSC06069-300x225.jpg\" alt=\"DSC06069\" width=\"300\" height=\"225\" class=\"alignnone size-medium wp-image-3920\" srcset=\"https:\/\/blog.zhdk.ch\/kunstvermittlung\/files\/2015\/01\/DSC06069-300x225.jpg 300w, https:\/\/blog.zhdk.ch\/kunstvermittlung\/files\/2015\/01\/DSC06069-1024x768.jpg 1024w\" sizes=\"auto, (max-width: 300px) 100vw, 300px\" \/><\/a> <a href=\"https:\/\/blog.zhdk.ch\/kunstvermittlung\/files\/2015\/01\/P1160921x.jpg\" rel=\"lightbox[4186]\"><img loading=\"lazy\" decoding=\"async\" src=\"https:\/\/blog.zhdk.ch\/kunstvermittlung\/files\/2015\/01\/P1160921x-300x213.jpg\" alt=\"P1160921x\" width=\"300\" height=\"213\" class=\"alignnone size-medium wp-image-3970\" srcset=\"https:\/\/blog.zhdk.ch\/kunstvermittlung\/files\/2015\/01\/P1160921x-300x213.jpg 300w, https:\/\/blog.zhdk.ch\/kunstvermittlung\/files\/2015\/01\/P1160921x-1024x727.jpg 1024w\" sizes=\"auto, (max-width: 300px) 100vw, 300px\" \/><\/a><br \/>\n<\/em><br \/>\n<\/em><br \/>\n<\/em><br \/>\n<\/em><\/p>\n<h4>\u00a9 2015 &#8211; EIN PROJEKT VON STUDIERENDEN DES BACHELOR ART EDUCATION<\/h4>\n<p><\/em><br \/>\n<\/em><\/p>\n","protected":false},"excerpt":{"rendered":"<p>Nadine Truyol Querbeet durch den Stadtpark zum Kunsthaus Glarus. \u00dcber den Rasen an den B\u00e4umen vorbei in den Seiteneingang des Kunsthauses Glarus f\u00fchrt ein neuer beschilderter Weg in die Sammlungsausstellung: \u00abWieso gehen wir ins Museum?\u00bb und \u00abWas fu\u0308r Bilder h\u00e4ngen zu Hause?\u00bb Ich m\u00f6chte die Leute um und im Kunsthaus Glarus fragend anregen, mit einem [&hellip;]<\/p>\n","protected":false},"author":342,"featured_media":0,"parent":3408,"menu_order":1,"comment_status":"closed","ping_status":"closed","template":"","meta":{"footnotes":""},"class_list":["post-4186","page","type-page","status-publish","czr-hentry"],"_links":{"self":[{"href":"https:\/\/blog.zhdk.ch\/kunstvermittlung\/wp-json\/wp\/v2\/pages\/4186","targetHints":{"allow":["GET"]}}],"collection":[{"href":"https:\/\/blog.zhdk.ch\/kunstvermittlung\/wp-json\/wp\/v2\/pages"}],"about":[{"href":"https:\/\/blog.zhdk.ch\/kunstvermittlung\/wp-json\/wp\/v2\/types\/page"}],"author":[{"embeddable":true,"href":"https:\/\/blog.zhdk.ch\/kunstvermittlung\/wp-json\/wp\/v2\/users\/342"}],"replies":[{"embeddable":true,"href":"https:\/\/blog.zhdk.ch\/kunstvermittlung\/wp-json\/wp\/v2\/comments?post=4186"}],"version-history":[{"count":14,"href":"https:\/\/blog.zhdk.ch\/kunstvermittlung\/wp-json\/wp\/v2\/pages\/4186\/revisions"}],"predecessor-version":[{"id":4388,"href":"https:\/\/blog.zhdk.ch\/kunstvermittlung\/wp-json\/wp\/v2\/pages\/4186\/revisions\/4388"}],"up":[{"embeddable":true,"href":"https:\/\/blog.zhdk.ch\/kunstvermittlung\/wp-json\/wp\/v2\/pages\/3408"}],"wp:attachment":[{"href":"https:\/\/blog.zhdk.ch\/kunstvermittlung\/wp-json\/wp\/v2\/media?parent=4186"}],"curies":[{"name":"wp","href":"https:\/\/api.w.org\/{rel}","templated":true}]}}