{"id":4210,"date":"2015-05-27T08:35:04","date_gmt":"2015-05-27T07:35:04","guid":{"rendered":"https:\/\/blog.zhdk.ch\/kunstvermittlung\/?page_id=4210"},"modified":"2015-10-27T10:34:28","modified_gmt":"2015-10-27T09:34:28","slug":"strassenarbeit","status":"publish","type":"page","link":"https:\/\/blog.zhdk.ch\/kunstvermittlung\/vergangene-projekte-kunstvermittlung\/2015-kooperation-kunsthaus-glarus\/strassenarbeit\/","title":{"rendered":"Strassenarbeit"},"content":{"rendered":"<p>Christian Stoop<br \/>\n<\/em><br \/>\n<\/em><br \/>\nIch malte mitten in den Strassen von Glarus. Diese un\u00fcbliche Situation im Stadtalltag bewirkte,<br \/>\ndass mich Passantinnen und Passanten oft ansprachen. Es entstanden Gesp\u00e4che \u00fcber<br \/>\ndas Kreativ-T\u00e4tigsein, \u00fcber Kunst, das Kunsthaus usw.<br \/>\nIch sammelte die Aussagen meiner Passantinnen und Passanten und pr\u00e4sentierte diese im Kunsthaus Glarus.<br \/>\n<\/em><br \/>\nBeim Malen w\u00e4hlte ich Motive aus dem Alltag, z.B. die unscheinbare Strassenecke<br \/>\nmit M\u00fcllcontainer. Deshalb interessierte mich Dieter Leuenbergers Acrylbild \u00abWand\u00bb<br \/>\naus der Sammlung des Kunsthauses besonders.<br \/>\nMich fasziniert die Wirkung des scheinbar Unscheinbaren.<br \/>\n<\/em><br \/>\n<\/em><br \/>\n<a href=\"https:\/\/blog.zhdk.ch\/kunstvermittlung\/files\/2015\/05\/GOPR2580.jpg\" rel=\"lightbox[4210]\"><img loading=\"lazy\" decoding=\"async\" src=\"https:\/\/blog.zhdk.ch\/kunstvermittlung\/files\/2015\/05\/GOPR2580-300x225.jpg\" alt=\"GOPR2580\" width=\"300\" height=\"225\" class=\"alignnone size-medium wp-image-4218\" srcset=\"https:\/\/blog.zhdk.ch\/kunstvermittlung\/files\/2015\/05\/GOPR2580-300x225.jpg 300w, https:\/\/blog.zhdk.ch\/kunstvermittlung\/files\/2015\/05\/GOPR2580.jpg 900w\" sizes=\"auto, (max-width: 300px) 100vw, 300px\" \/><\/a> <a href=\"https:\/\/blog.zhdk.ch\/kunstvermittlung\/files\/2015\/05\/GOPR3080.jpg\" rel=\"lightbox[4210]\"><img loading=\"lazy\" decoding=\"async\" src=\"https:\/\/blog.zhdk.ch\/kunstvermittlung\/files\/2015\/05\/GOPR3080-300x225.jpg\" alt=\"GOPR3080\" width=\"300\" height=\"225\" class=\"alignnone size-medium wp-image-4220\" srcset=\"https:\/\/blog.zhdk.ch\/kunstvermittlung\/files\/2015\/05\/GOPR3080-300x225.jpg 300w, https:\/\/blog.zhdk.ch\/kunstvermittlung\/files\/2015\/05\/GOPR3080.jpg 900w\" sizes=\"auto, (max-width: 300px) 100vw, 300px\" \/><\/a> <a href=\"https:\/\/blog.zhdk.ch\/kunstvermittlung\/files\/2015\/05\/GOPR3296.jpg\" rel=\"lightbox[4210]\"><img loading=\"lazy\" decoding=\"async\" src=\"https:\/\/blog.zhdk.ch\/kunstvermittlung\/files\/2015\/05\/GOPR3296-300x225.jpg\" alt=\"GOPR3296\" width=\"300\" height=\"225\" class=\"alignnone size-medium wp-image-4222\" srcset=\"https:\/\/blog.zhdk.ch\/kunstvermittlung\/files\/2015\/05\/GOPR3296-300x225.jpg 300w, https:\/\/blog.zhdk.ch\/kunstvermittlung\/files\/2015\/05\/GOPR3296.jpg 900w\" sizes=\"auto, (max-width: 300px) 100vw, 300px\" \/><\/a> <a href=\"https:\/\/blog.zhdk.ch\/kunstvermittlung\/files\/2015\/05\/DSC_2861.jpg\" rel=\"lightbox[4210]\"><img loading=\"lazy\" decoding=\"async\" src=\"https:\/\/blog.zhdk.ch\/kunstvermittlung\/files\/2015\/05\/DSC_2861-300x201.jpg\" alt=\"DSC_2861\" width=\"300\" height=\"201\" class=\"alignnone size-medium wp-image-4216\" srcset=\"https:\/\/blog.zhdk.ch\/kunstvermittlung\/files\/2015\/05\/DSC_2861-300x201.jpg 300w, https:\/\/blog.zhdk.ch\/kunstvermittlung\/files\/2015\/05\/DSC_2861.jpg 900w\" sizes=\"auto, (max-width: 300px) 100vw, 300px\" \/><\/a><br \/>\n<\/em><\/p>\n<h4>Auszug aus den Gespr\u00e4chsnotizen<\/h4>\n<p><\/em><br \/>\n&#8211; Ich selber male nicht, aber mein verstorbener Onkel war ein bekannter Maler.<br \/>\n&#8211; In der Schule habe ich ein Giraffengesicht gemalt.<br \/>\n&#8211; Talent geh\u00f6rt nat\u00fcrlich dazu.<br \/>\n&#8211; Ja, ich war auch schon im Kunsthaus. Aber fr\u00fcher, noch in der Schule.<br \/>\n&#8211; Wenn ich etwas konkret malen w\u00fcrde, h\u00e4tten Sie das Gef\u00fchl, das sei moderne Kunst.<br \/>\n&#8211; Man sieht&#8217;s oder sieht&#8217;s nicht. Ich seh&#8216; dann etwas.<br \/>\n&#8211; Ich habe Modelleisenbahn als Hobby.<br \/>\n&#8211; Kunst sagt mir zwar nicht so viel.<br \/>\n&#8211; Als Kind habe ich viel gemalt. Aber mehr Geometriesachen.<br \/>\n&#8211; Ich male intuitiv.<br \/>\n&#8211; Was mir sympathisch ist, ist der Kunstflohmarkt.<br \/>\n&#8211; Ich male usinnig gern.<br \/>\n&#8211; Das ist mir zu modern, das stellt nicht viel dar. Das kauft doch niemand.<br \/>\n&#8211; Ich finde das Zeichnen schon sch\u00f6n. Aber ich bin zu wenig talentiert, sag ich mal.<br \/>\n&#8211; Ich male alles: H\u00e4user, Berge&#8230; aber mehr aus dem Kopf.<br \/>\n&#8211; Im Kunsthaus bin ich schon oft gewesen. Auch zum K\u00e4felen.<br \/>\n&#8211; So ein simples Sujet inspiriert mich.<br \/>\n&#8211; Ja, an der Weihnachtsausstellung mitmachen. Das w\u00e4re der Hit.<br \/>\n&#8211; Es ist auffallend: Kleine Kinder malen sehr gern bis zu einem gewissen Punkt. Dann verlieren sie manchmal den Mut.<br \/>\n<\/em><br \/>\n<\/em><br \/>\n<a href=\"https:\/\/blog.zhdk.ch\/kunstvermittlung\/files\/2015\/05\/kunsthaus_mr_01.jpg\" rel=\"lightbox[4210]\"><img loading=\"lazy\" decoding=\"async\" src=\"https:\/\/blog.zhdk.ch\/kunstvermittlung\/files\/2015\/05\/kunsthaus_mr_01-300x199.jpg\" alt=\"kunsthaus_mr_01\" width=\"300\" height=\"199\" class=\"alignnone size-medium wp-image-4296\" srcset=\"https:\/\/blog.zhdk.ch\/kunstvermittlung\/files\/2015\/05\/kunsthaus_mr_01-300x199.jpg 300w, https:\/\/blog.zhdk.ch\/kunstvermittlung\/files\/2015\/05\/kunsthaus_mr_01-1024x679.jpg 1024w\" sizes=\"auto, (max-width: 300px) 100vw, 300px\" \/><\/a> <a href=\"https:\/\/blog.zhdk.ch\/kunstvermittlung\/files\/2015\/05\/kunsthaus_mr_03.jpeg\" rel=\"lightbox[4210]\"><img loading=\"lazy\" decoding=\"async\" src=\"https:\/\/blog.zhdk.ch\/kunstvermittlung\/files\/2015\/05\/kunsthaus_mr_03-300x200.jpeg\" alt=\"kunsthaus_mr_03\" width=\"300\" height=\"200\" class=\"alignnone size-medium wp-image-4310\" srcset=\"https:\/\/blog.zhdk.ch\/kunstvermittlung\/files\/2015\/05\/kunsthaus_mr_03-300x200.jpeg 300w, https:\/\/blog.zhdk.ch\/kunstvermittlung\/files\/2015\/05\/kunsthaus_mr_03-1024x681.jpeg 1024w\" sizes=\"auto, (max-width: 300px) 100vw, 300px\" \/><\/a><br \/>\nIm Kunsthaus Glarus, links vor den gesammelten Aussagen aus der Strassenarbeit.<br \/>\n(Bild: Maya Rhyner, Die S\u00fcdostschweiz)<br \/>\n<\/em><br \/>\n<\/em><br \/>\n<\/em><br \/>\n<\/em><\/p>\n<h4>\u00a9 2015 &#8211; EIN PROJEKT VON STUDIERENDEN DES BACHELOR ART EDUCATION<\/h4>\n<p><\/em><br \/>\n<\/em><\/p>\n","protected":false},"excerpt":{"rendered":"<p>Christian Stoop Ich malte mitten in den Strassen von Glarus. Diese un\u00fcbliche Situation im Stadtalltag bewirkte, dass mich Passantinnen und Passanten oft ansprachen. Es entstanden Gesp\u00e4che \u00fcber das Kreativ-T\u00e4tigsein, \u00fcber Kunst, das Kunsthaus usw. Ich sammelte die Aussagen meiner Passantinnen und Passanten und pr\u00e4sentierte diese im Kunsthaus Glarus. Beim Malen w\u00e4hlte ich Motive aus dem [&hellip;]<\/p>\n","protected":false},"author":342,"featured_media":0,"parent":3408,"menu_order":2,"comment_status":"closed","ping_status":"closed","template":"","meta":{"footnotes":""},"class_list":["post-4210","page","type-page","status-publish","czr-hentry"],"_links":{"self":[{"href":"https:\/\/blog.zhdk.ch\/kunstvermittlung\/wp-json\/wp\/v2\/pages\/4210","targetHints":{"allow":["GET"]}}],"collection":[{"href":"https:\/\/blog.zhdk.ch\/kunstvermittlung\/wp-json\/wp\/v2\/pages"}],"about":[{"href":"https:\/\/blog.zhdk.ch\/kunstvermittlung\/wp-json\/wp\/v2\/types\/page"}],"author":[{"embeddable":true,"href":"https:\/\/blog.zhdk.ch\/kunstvermittlung\/wp-json\/wp\/v2\/users\/342"}],"replies":[{"embeddable":true,"href":"https:\/\/blog.zhdk.ch\/kunstvermittlung\/wp-json\/wp\/v2\/comments?post=4210"}],"version-history":[{"count":23,"href":"https:\/\/blog.zhdk.ch\/kunstvermittlung\/wp-json\/wp\/v2\/pages\/4210\/revisions"}],"predecessor-version":[{"id":4598,"href":"https:\/\/blog.zhdk.ch\/kunstvermittlung\/wp-json\/wp\/v2\/pages\/4210\/revisions\/4598"}],"up":[{"embeddable":true,"href":"https:\/\/blog.zhdk.ch\/kunstvermittlung\/wp-json\/wp\/v2\/pages\/3408"}],"wp:attachment":[{"href":"https:\/\/blog.zhdk.ch\/kunstvermittlung\/wp-json\/wp\/v2\/media?parent=4210"}],"curies":[{"name":"wp","href":"https:\/\/api.w.org\/{rel}","templated":true}]}}