{"id":4392,"date":"2015-06-03T10:05:10","date_gmt":"2015-06-03T09:05:10","guid":{"rendered":"https:\/\/blog.zhdk.ch\/kunstvermittlung\/?page_id=4392"},"modified":"2015-10-27T11:00:23","modified_gmt":"2015-10-27T10:00:23","slug":"partizipation","status":"publish","type":"page","link":"https:\/\/blog.zhdk.ch\/kunstvermittlung\/vergangene-projekte-kunstvermittlung\/2015-kooperation-kunsthaus-glarus\/partizipation\/","title":{"rendered":"Partizipation"},"content":{"rendered":"<p>Tanja Griadunova<br \/>\n<\/em><br \/>\n<\/em><br \/>\nEine repr\u00e4sentative Gruppe von Bildern aus der Sammlung des Kunsthaus Glarus wurden als Reproduktion im \u00f6ffentlichen Raum gezeigt und Bewohnerinnen und Bewohner von Glarus in ein Gespr\u00e4ch verwickelt. Die Gespr\u00e4chspartner wurden aufgefordert ein Bild auszuw\u00e4hlen.<br \/>\n<\/em><br \/>\nNicht kunstgeschichtliche Fakten \u00fcber K\u00fcnstler und Werk stehen im Mittelpunkt der Ausstellung. \u00dcber die individuellen Geschichten und Assoziationen von Jung und Alt wird ein neuer Zugang zu den Werken erarbeitet, der eine spannende Alternative zur klassischen Bildbetrachtung bietet.<br \/>\n<\/em><br \/>\n<\/em><\/p>\n<h4>Ausstellung Partizipation Glarus<\/h4>\n<p>Alle ausgew\u00e4hlten Bilder wurden in der Ausstellung Partizipation Glarus vom 13.6.2015 bis 16.8.2015 gezeigt.<br \/>\nDie VerniFinissage \u201ePartizipation Glarus\u201c fand am 12. Juni 2015, im Kunsthaus Glarus statt, an welche alle involvierten Bewohnerinnen und Bewohner von Glarus eingeladen wurden.<br \/>\n<\/em><br \/>\n<a href=\"https:\/\/blog.zhdk.ch\/kunstvermittlung\/files\/2015\/06\/kunsthaus09.jpg\" rel=\"lightbox[4392]\"><img loading=\"lazy\" decoding=\"async\" src=\"https:\/\/blog.zhdk.ch\/kunstvermittlung\/files\/2015\/06\/kunsthaus09-300x200.jpg\" alt=\"kunsthaus09\" width=\"300\" height=\"200\" class=\"alignnone size-medium wp-image-4408\" srcset=\"https:\/\/blog.zhdk.ch\/kunstvermittlung\/files\/2015\/06\/kunsthaus09-300x200.jpg 300w, https:\/\/blog.zhdk.ch\/kunstvermittlung\/files\/2015\/06\/kunsthaus09-1024x683.jpg 1024w\" sizes=\"auto, (max-width: 300px) 100vw, 300px\" \/><\/a> <a href=\"https:\/\/blog.zhdk.ch\/kunstvermittlung\/files\/2015\/06\/kunsthaus08.jpg\" rel=\"lightbox[4392]\"><img loading=\"lazy\" decoding=\"async\" src=\"https:\/\/blog.zhdk.ch\/kunstvermittlung\/files\/2015\/06\/kunsthaus08-300x200.jpg\" alt=\"kunsthaus08\" width=\"300\" height=\"200\" class=\"alignnone size-medium wp-image-4406\" srcset=\"https:\/\/blog.zhdk.ch\/kunstvermittlung\/files\/2015\/06\/kunsthaus08-300x200.jpg 300w, https:\/\/blog.zhdk.ch\/kunstvermittlung\/files\/2015\/06\/kunsthaus08-1024x683.jpg 1024w\" sizes=\"auto, (max-width: 300px) 100vw, 300px\" \/><\/a><br \/>\n<a href=\"https:\/\/blog.zhdk.ch\/kunstvermittlung\/files\/2015\/06\/IMG_0166-e1433321736886.jpg\" rel=\"lightbox[4392]\"><img loading=\"lazy\" decoding=\"async\" src=\"https:\/\/blog.zhdk.ch\/kunstvermittlung\/files\/2015\/06\/IMG_0166-e1433321736886-200x300.jpg\" alt=\"IMG_0166\" width=\"200\" height=\"300\" class=\"alignnone size-medium wp-image-4410\" srcset=\"https:\/\/blog.zhdk.ch\/kunstvermittlung\/files\/2015\/06\/IMG_0166-e1433321736886-200x300.jpg 200w, https:\/\/blog.zhdk.ch\/kunstvermittlung\/files\/2015\/06\/IMG_0166-e1433321736886-683x1024.jpg 683w\" sizes=\"auto, (max-width: 200px) 100vw, 200px\" \/><\/a><br \/>\n<\/em><br \/>\n<\/em><br \/>\n<\/em><br \/>\n<\/em><\/p>\n<h4>\u00a9 2015 &#8211; EIN PROJEKT VON STUDIERENDEN DES BACHELOR ART EDUCATION<\/h4>\n<p><\/em><br \/>\n<\/em><\/p>\n","protected":false},"excerpt":{"rendered":"<p>Tanja Griadunova Eine repr\u00e4sentative Gruppe von Bildern aus der Sammlung des Kunsthaus Glarus wurden als Reproduktion im \u00f6ffentlichen Raum gezeigt und Bewohnerinnen und Bewohner von Glarus in ein Gespr\u00e4ch verwickelt. Die Gespr\u00e4chspartner wurden aufgefordert ein Bild auszuw\u00e4hlen. Nicht kunstgeschichtliche Fakten \u00fcber K\u00fcnstler und Werk stehen im Mittelpunkt der Ausstellung. \u00dcber die individuellen Geschichten und Assoziationen [&hellip;]<\/p>\n","protected":false},"author":342,"featured_media":0,"parent":3408,"menu_order":3,"comment_status":"closed","ping_status":"closed","template":"","meta":{"footnotes":""},"class_list":["post-4392","page","type-page","status-publish","czr-hentry"],"_links":{"self":[{"href":"https:\/\/blog.zhdk.ch\/kunstvermittlung\/wp-json\/wp\/v2\/pages\/4392","targetHints":{"allow":["GET"]}}],"collection":[{"href":"https:\/\/blog.zhdk.ch\/kunstvermittlung\/wp-json\/wp\/v2\/pages"}],"about":[{"href":"https:\/\/blog.zhdk.ch\/kunstvermittlung\/wp-json\/wp\/v2\/types\/page"}],"author":[{"embeddable":true,"href":"https:\/\/blog.zhdk.ch\/kunstvermittlung\/wp-json\/wp\/v2\/users\/342"}],"replies":[{"embeddable":true,"href":"https:\/\/blog.zhdk.ch\/kunstvermittlung\/wp-json\/wp\/v2\/comments?post=4392"}],"version-history":[{"count":17,"href":"https:\/\/blog.zhdk.ch\/kunstvermittlung\/wp-json\/wp\/v2\/pages\/4392\/revisions"}],"predecessor-version":[{"id":4628,"href":"https:\/\/blog.zhdk.ch\/kunstvermittlung\/wp-json\/wp\/v2\/pages\/4392\/revisions\/4628"}],"up":[{"embeddable":true,"href":"https:\/\/blog.zhdk.ch\/kunstvermittlung\/wp-json\/wp\/v2\/pages\/3408"}],"wp:attachment":[{"href":"https:\/\/blog.zhdk.ch\/kunstvermittlung\/wp-json\/wp\/v2\/media?parent=4392"}],"curies":[{"name":"wp","href":"https:\/\/api.w.org\/{rel}","templated":true}]}}