{"id":4735,"date":"2016-04-14T13:06:04","date_gmt":"2016-04-14T12:06:04","guid":{"rendered":"https:\/\/blog.zhdk.ch\/kunstvermittlung\/?page_id=4735"},"modified":"2016-06-03T07:01:23","modified_gmt":"2016-06-03T06:01:23","slug":"dis-moi","status":"publish","type":"page","link":"https:\/\/blog.zhdk.ch\/kunstvermittlung\/vergangene-projekte-kunstvermittlung\/auf-raeume-wirken\/dis-moi\/","title":{"rendered":"dis moi!"},"content":{"rendered":"<p>Charlotte Friedli, Natalie Schmid<br \/>\n<\/em><br \/>\n<\/em><br \/>\nUnser Vermittlungsprojekt agiert auf zwei Ebenen. Zu Beginn begeben wir uns mit ausgew\u00e4hlten, reproduzierten Exponaten in die Umgebung des Museum Bellerives und suchen das Gespr\u00e4ch<br \/>\nmit den PassantInnen.  Mit Tisch, Stuhl und Kaffee schaffen wir eine lockere und angenehme Atmosph\u00e4re, die die Menschen einl\u00e4dt ungezwungen \u00fcber Kunst zu reden.<br \/>\n<\/em><br \/>\nDie einzelnen Gespr\u00e4che \u00fcber die Bilder werden mit einem Tontr\u00e4ger aufgenommen. Davon werden<br \/>\nPassagen ausgew\u00e4hlt und diese dienen als Grundlage f\u00fcr den portablen Audio Guide \u201edis moi!\u201c.<br \/>\nDie verschiedenen Stimmen im Ohr begleiten die BesucherInnen durch die Ausstellung und<br \/>\nerm\u00f6glichen ihnen eine neue Museumserfahrung.<br \/>\n<\/em><\/p>\n<h3>Seit Freitag, 27. Mai 2016 erg\u00e4nzt der Audiobeitrag \u00abdis moi!\u00bb<br \/>\ndie Ausstellung \u00abReal Surreal\u00bb.<\/h3>\n<p><\/em><br \/>\n<\/em><br \/>\n<img loading=\"lazy\" decoding=\"async\" src=\"https:\/\/blog.zhdk.ch\/kunstvermittlung\/files\/2016\/04\/Passanten-ansprechen_1a-1024x768.jpg\" alt=\"\" width=\"540\" height=\"405\" class=\"alignleft size-large wp-image-5455\" srcset=\"https:\/\/blog.zhdk.ch\/kunstvermittlung\/files\/2016\/04\/Passanten-ansprechen_1a-1024x768.jpg 1024w, https:\/\/blog.zhdk.ch\/kunstvermittlung\/files\/2016\/04\/Passanten-ansprechen_1a-300x225.jpg 300w, https:\/\/blog.zhdk.ch\/kunstvermittlung\/files\/2016\/04\/Passanten-ansprechen_1a-768x576.jpg 768w, https:\/\/blog.zhdk.ch\/kunstvermittlung\/files\/2016\/04\/Passanten-ansprechen_1a.jpg 1824w\" sizes=\"auto, (max-width: 540px) 100vw, 540px\" \/><br \/>\n<img loading=\"lazy\" decoding=\"async\" src=\"https:\/\/blog.zhdk.ch\/kunstvermittlung\/files\/2016\/04\/Gespra\u0308chsituation_1a-1024x717.jpg\" alt=\"\" width=\"540\" height=\"378\" class=\"alignleft size-large wp-image-5457\" srcset=\"https:\/\/blog.zhdk.ch\/kunstvermittlung\/files\/2016\/04\/Gespra\u0308chsituation_1a-1024x717.jpg 1024w, https:\/\/blog.zhdk.ch\/kunstvermittlung\/files\/2016\/04\/Gespra\u0308chsituation_1a-300x210.jpg 300w, https:\/\/blog.zhdk.ch\/kunstvermittlung\/files\/2016\/04\/Gespra\u0308chsituation_1a-768x538.jpg 768w, https:\/\/blog.zhdk.ch\/kunstvermittlung\/files\/2016\/04\/Gespra\u0308chsituation_1a.jpg 1820w\" sizes=\"auto, (max-width: 540px) 100vw, 540px\" \/><br \/>\n<\/em><\/p>\n<h4>Zitate aus den Gespr\u00e4chen mit Passantinnen und Passanten<\/h4>\n<p><\/em><br \/>\n\u00abIch habe etwas Barockes in diesem Bild gesehen. Vielleicht sehe ich jedoch einfach nicht gut.\u00bb<br \/>\n<\/em><br \/>\n\u00abDeswegen sind gewisse Kunstwerke zeitlos. Sie k\u00f6nnen immer wieder neu interpretiert werden und erzeugen einen neuen Gedankenanstoss zu Dingen, die gerade passieren oder passiert sind.\u00bb<br \/>\n<\/em><br \/>\n\u00abDas war ja gar nicht so schlimm.\u00bb<br \/>\n<\/em><br \/>\n<\/em><br \/>\n<\/em><br \/>\n<\/em><\/p>\n","protected":false},"excerpt":{"rendered":"<p>Charlotte Friedli, Natalie Schmid Unser Vermittlungsprojekt agiert auf zwei Ebenen. Zu Beginn begeben wir uns mit ausgew\u00e4hlten, reproduzierten Exponaten in die Umgebung des Museum Bellerives und suchen das Gespr\u00e4ch mit den PassantInnen. Mit Tisch, Stuhl und Kaffee schaffen wir eine lockere und angenehme Atmosph\u00e4re, die die Menschen einl\u00e4dt ungezwungen \u00fcber Kunst zu reden. Die einzelnen [&hellip;]<\/p>\n","protected":false},"author":342,"featured_media":0,"parent":4641,"menu_order":2,"comment_status":"closed","ping_status":"closed","template":"","meta":{"footnotes":""},"class_list":["post-4735","page","type-page","status-publish","czr-hentry"],"_links":{"self":[{"href":"https:\/\/blog.zhdk.ch\/kunstvermittlung\/wp-json\/wp\/v2\/pages\/4735","targetHints":{"allow":["GET"]}}],"collection":[{"href":"https:\/\/blog.zhdk.ch\/kunstvermittlung\/wp-json\/wp\/v2\/pages"}],"about":[{"href":"https:\/\/blog.zhdk.ch\/kunstvermittlung\/wp-json\/wp\/v2\/types\/page"}],"author":[{"embeddable":true,"href":"https:\/\/blog.zhdk.ch\/kunstvermittlung\/wp-json\/wp\/v2\/users\/342"}],"replies":[{"embeddable":true,"href":"https:\/\/blog.zhdk.ch\/kunstvermittlung\/wp-json\/wp\/v2\/comments?post=4735"}],"version-history":[{"count":37,"href":"https:\/\/blog.zhdk.ch\/kunstvermittlung\/wp-json\/wp\/v2\/pages\/4735\/revisions"}],"predecessor-version":[{"id":5614,"href":"https:\/\/blog.zhdk.ch\/kunstvermittlung\/wp-json\/wp\/v2\/pages\/4735\/revisions\/5614"}],"up":[{"embeddable":true,"href":"https:\/\/blog.zhdk.ch\/kunstvermittlung\/wp-json\/wp\/v2\/pages\/4641"}],"wp:attachment":[{"href":"https:\/\/blog.zhdk.ch\/kunstvermittlung\/wp-json\/wp\/v2\/media?parent=4735"}],"curies":[{"name":"wp","href":"https:\/\/api.w.org\/{rel}","templated":true}]}}