{"id":4743,"date":"2016-04-14T13:05:40","date_gmt":"2016-04-14T12:05:40","guid":{"rendered":"https:\/\/blog.zhdk.ch\/kunstvermittlung\/?page_id=4743"},"modified":"2016-06-01T09:24:52","modified_gmt":"2016-06-01T08:24:52","slug":"interrrim","status":"publish","type":"page","link":"https:\/\/blog.zhdk.ch\/kunstvermittlung\/vergangene-projekte-kunstvermittlung\/auf-raeume-wirken\/interrrim\/","title":{"rendered":"&#8211; So wenig L\u00e4rm wie m\u00f6glich machen &#8211;"},"content":{"rendered":"<p>Emmanuel Berti<br \/>\n<\/em><br \/>\n<\/em><br \/>\nDurch schriftliche Handlungsanweisungen rege ich die Besucher im Museum Bellerive an,<br \/>\nmit einem offenen Blick durch die Ausstellung zu gehen. Die Anweisungen lesen, reflektieren,<br \/>\nStellung beziehen und das Verhalten \u00fcberpr\u00fcfen.<br \/>\nDie Handlungsanweisungen sind eine Anregung um den eigenen und den musealen<br \/>\nVerhaltenscodex zu \u00fcberdenken.<br \/>\n<\/em><br \/>\nAls ver\u2013Mittler, stehe ich in der Mitte, am Rand, im Weg, dabei und daneben.<br \/>\nAls Anwesender in der Ausstellung, der andere Verbindungen herstellt.<br \/>\n<\/em><br \/>\n<\/em><br \/>\nDas Vermittlungsprojekt \u00ab\u2013so wenig L\u00e4rm wie m\u00f6glich machen-\u00bb war bis Ende Mai<br \/>\nzeitweilig in der Ausstellung anwesend.<br \/>\n<\/em><br \/>\n<\/em><br \/>\n<img loading=\"lazy\" decoding=\"async\" src=\"https:\/\/blog.zhdk.ch\/kunstvermittlung\/files\/2016\/04\/IMG_5431-300x225.jpg\" alt=\"IMG_5431\" width=\"300\" height=\"225\" class=\"alignleft size-medium wp-image-5129\" srcset=\"https:\/\/blog.zhdk.ch\/kunstvermittlung\/files\/2016\/04\/IMG_5431-300x225.jpg 300w, https:\/\/blog.zhdk.ch\/kunstvermittlung\/files\/2016\/04\/IMG_5431-768x576.jpg 768w, https:\/\/blog.zhdk.ch\/kunstvermittlung\/files\/2016\/04\/IMG_5431-1024x768.jpg 1024w\" sizes=\"auto, (max-width: 300px) 100vw, 300px\" \/><img loading=\"lazy\" decoding=\"async\" src=\"https:\/\/blog.zhdk.ch\/kunstvermittlung\/files\/2016\/04\/DSCF7224-300x200.jpeg\" alt=\"DSCF7224\" width=\"300\" height=\"200\" class=\"alignleft size-medium wp-image-5470\" srcset=\"https:\/\/blog.zhdk.ch\/kunstvermittlung\/files\/2016\/04\/DSCF7224-300x200.jpeg 300w, https:\/\/blog.zhdk.ch\/kunstvermittlung\/files\/2016\/04\/DSCF7224-768x512.jpeg 768w, https:\/\/blog.zhdk.ch\/kunstvermittlung\/files\/2016\/04\/DSCF7224-1024x683.jpeg 1024w, https:\/\/blog.zhdk.ch\/kunstvermittlung\/files\/2016\/04\/DSCF7224.jpeg 1280w\" sizes=\"auto, (max-width: 300px) 100vw, 300px\" \/><br \/>\n<img loading=\"lazy\" decoding=\"async\" src=\"https:\/\/blog.zhdk.ch\/kunstvermittlung\/files\/2016\/04\/DSCF7254-300x200.jpeg\" alt=\"DSCF7254\" width=\"300\" height=\"200\" class=\"alignleft size-medium wp-image-5474\" srcset=\"https:\/\/blog.zhdk.ch\/kunstvermittlung\/files\/2016\/04\/DSCF7254-300x200.jpeg 300w, https:\/\/blog.zhdk.ch\/kunstvermittlung\/files\/2016\/04\/DSCF7254-768x512.jpeg 768w, https:\/\/blog.zhdk.ch\/kunstvermittlung\/files\/2016\/04\/DSCF7254-1024x683.jpeg 1024w, https:\/\/blog.zhdk.ch\/kunstvermittlung\/files\/2016\/04\/DSCF7254.jpeg 1280w\" sizes=\"auto, (max-width: 300px) 100vw, 300px\" \/><img loading=\"lazy\" decoding=\"async\" src=\"https:\/\/blog.zhdk.ch\/kunstvermittlung\/files\/2016\/04\/DSCF7272-300x200.jpeg\" alt=\"DSCF7272\" width=\"300\" height=\"200\" class=\"alignleft size-medium wp-image-5476\" srcset=\"https:\/\/blog.zhdk.ch\/kunstvermittlung\/files\/2016\/04\/DSCF7272-300x200.jpeg 300w, https:\/\/blog.zhdk.ch\/kunstvermittlung\/files\/2016\/04\/DSCF7272-768x512.jpeg 768w, https:\/\/blog.zhdk.ch\/kunstvermittlung\/files\/2016\/04\/DSCF7272-1024x683.jpeg 1024w, https:\/\/blog.zhdk.ch\/kunstvermittlung\/files\/2016\/04\/DSCF7272.jpeg 1280w\" sizes=\"auto, (max-width: 300px) 100vw, 300px\" \/><br \/>\n<\/em><br \/>\n<\/em><br \/>\n<em>Handlungsanweisungen zur Ausstellung<\/em><br \/>\n<\/em><\/p>\n<h4>\u2013so wenig L\u00e4rm wie m\u00f6glich machen-<br \/>\n-seine Gesichtsz\u00fcge kontrollieren und keine Grimassen schneiden-<br \/>\n-jeden Augenblick wachsam sein-<br \/>\n-nicht zu viel Raum einnehmen-<br \/>\n-was kommt, kommt, und ich akzeptiere es-<br \/>\n-keine unn\u00fctzen freundschaftliche Beziehungen kn\u00fcpfen-<br \/>\n-wenn ich nicht hier bin, dann bin ich nirgendwo-<br \/>\n-das strikt Notwendige sprechen, sich nicht exhibitionieren-<br \/>\n-jede Frage aufrichtig beantworten-<br \/>\n-nicht von pers\u00f6nlichen Problemen sprechen-<br \/>\n-nicht auf die Gegenst\u00e4nde und Erfolge der N\u00e4chsten neidisch sein-<br \/>\n-keine Arbeit akzeptieren, die einem missf\u00e4llt-<br \/>\n-nicht aufgrund von Kritik oder Lob den Weg \u00e4ndern-<br \/>\n-lass dich von einem Werk treffen (durchkreuzen)-<br \/>\n-nicht imitieren und auch nicht w\u00fcnschen, imitiert zu werden-<br \/>\n-nicht unn\u00fctz gestikulieren, nichts im \u00dcbermass-<br \/>\n-f\u00e4hig sein, sich selbst zu vergessen-<br \/>\n-nicht l\u00e4nger gierig Eindr\u00fccke ansammeln-<br \/>\n-sich seinen Albtr\u00e4umen stellen und sie \u00fcberwinden-<br \/>\n-seine k\u00f6rperlichen M\u00f6glichkeiten erforschen-<\/h4>\n<p><\/em><br \/>\n<\/em><br \/>\n<img loading=\"lazy\" decoding=\"async\" src=\"https:\/\/blog.zhdk.ch\/kunstvermittlung\/files\/2016\/04\/IMG_5653-225x300.jpeg\" alt=\"IMG_5653\" width=\"225\" height=\"300\" class=\"alignleft size-medium wp-image-5293\" srcset=\"https:\/\/blog.zhdk.ch\/kunstvermittlung\/files\/2016\/04\/IMG_5653-225x300.jpeg 225w, https:\/\/blog.zhdk.ch\/kunstvermittlung\/files\/2016\/04\/IMG_5653-768x1024.jpeg 768w, https:\/\/blog.zhdk.ch\/kunstvermittlung\/files\/2016\/04\/IMG_5653.jpeg 960w\" sizes=\"auto, (max-width: 225px) 100vw, 225px\" \/> <img loading=\"lazy\" decoding=\"async\" src=\"https:\/\/blog.zhdk.ch\/kunstvermittlung\/files\/2016\/04\/IMG_5655-300x225.jpeg\" alt=\"IMG_5655\" width=\"300\" height=\"225\" class=\"alignleft size-medium wp-image-5295\" srcset=\"https:\/\/blog.zhdk.ch\/kunstvermittlung\/files\/2016\/04\/IMG_5655-300x225.jpeg 300w, https:\/\/blog.zhdk.ch\/kunstvermittlung\/files\/2016\/04\/IMG_5655-768x576.jpeg 768w, https:\/\/blog.zhdk.ch\/kunstvermittlung\/files\/2016\/04\/IMG_5655-1024x768.jpeg 1024w, https:\/\/blog.zhdk.ch\/kunstvermittlung\/files\/2016\/04\/IMG_5655.jpeg 1280w\" sizes=\"auto, (max-width: 300px) 100vw, 300px\" \/><br \/>\n<img loading=\"lazy\" decoding=\"async\" src=\"https:\/\/blog.zhdk.ch\/kunstvermittlung\/files\/2016\/04\/DSCF7234-300x200.jpeg\" alt=\"DSCF7234\" width=\"300\" height=\"200\" class=\"alignleft size-medium wp-image-5574\" srcset=\"https:\/\/blog.zhdk.ch\/kunstvermittlung\/files\/2016\/04\/DSCF7234-300x200.jpeg 300w, https:\/\/blog.zhdk.ch\/kunstvermittlung\/files\/2016\/04\/DSCF7234-768x512.jpeg 768w, https:\/\/blog.zhdk.ch\/kunstvermittlung\/files\/2016\/04\/DSCF7234-1024x683.jpeg 1024w, https:\/\/blog.zhdk.ch\/kunstvermittlung\/files\/2016\/04\/DSCF7234.jpeg 1280w\" sizes=\"auto, (max-width: 300px) 100vw, 300px\" \/> <img loading=\"lazy\" decoding=\"async\" src=\"https:\/\/blog.zhdk.ch\/kunstvermittlung\/files\/2016\/04\/IMG_20160519_191956-300x180.jpg\" alt=\"IMG_20160519_191956\" width=\"300\" height=\"180\" class=\"alignleft size-medium wp-image-5576\" srcset=\"https:\/\/blog.zhdk.ch\/kunstvermittlung\/files\/2016\/04\/IMG_20160519_191956-300x180.jpg 300w, https:\/\/blog.zhdk.ch\/kunstvermittlung\/files\/2016\/04\/IMG_20160519_191956-768x461.jpg 768w, https:\/\/blog.zhdk.ch\/kunstvermittlung\/files\/2016\/04\/IMG_20160519_191956-1024x614.jpg 1024w\" sizes=\"auto, (max-width: 300px) 100vw, 300px\" \/><br \/>\n<\/em><br \/>\n<\/em><br \/>\n<\/em><br \/>\n<\/em><\/p>\n","protected":false},"excerpt":{"rendered":"<p>Emmanuel Berti Durch schriftliche Handlungsanweisungen rege ich die Besucher im Museum Bellerive an, mit einem offenen Blick durch die Ausstellung zu gehen. Die Anweisungen lesen, reflektieren, Stellung beziehen und das Verhalten \u00fcberpr\u00fcfen. Die Handlungsanweisungen sind eine Anregung um den eigenen und den musealen Verhaltenscodex zu \u00fcberdenken. Als ver\u2013Mittler, stehe ich in der Mitte, am Rand, [&hellip;]<\/p>\n","protected":false},"author":342,"featured_media":0,"parent":4641,"menu_order":3,"comment_status":"closed","ping_status":"closed","template":"","meta":{"footnotes":""},"class_list":["post-4743","page","type-page","status-publish","czr-hentry"],"_links":{"self":[{"href":"https:\/\/blog.zhdk.ch\/kunstvermittlung\/wp-json\/wp\/v2\/pages\/4743","targetHints":{"allow":["GET"]}}],"collection":[{"href":"https:\/\/blog.zhdk.ch\/kunstvermittlung\/wp-json\/wp\/v2\/pages"}],"about":[{"href":"https:\/\/blog.zhdk.ch\/kunstvermittlung\/wp-json\/wp\/v2\/types\/page"}],"author":[{"embeddable":true,"href":"https:\/\/blog.zhdk.ch\/kunstvermittlung\/wp-json\/wp\/v2\/users\/342"}],"replies":[{"embeddable":true,"href":"https:\/\/blog.zhdk.ch\/kunstvermittlung\/wp-json\/wp\/v2\/comments?post=4743"}],"version-history":[{"count":32,"href":"https:\/\/blog.zhdk.ch\/kunstvermittlung\/wp-json\/wp\/v2\/pages\/4743\/revisions"}],"predecessor-version":[{"id":5602,"href":"https:\/\/blog.zhdk.ch\/kunstvermittlung\/wp-json\/wp\/v2\/pages\/4743\/revisions\/5602"}],"up":[{"embeddable":true,"href":"https:\/\/blog.zhdk.ch\/kunstvermittlung\/wp-json\/wp\/v2\/pages\/4641"}],"wp:attachment":[{"href":"https:\/\/blog.zhdk.ch\/kunstvermittlung\/wp-json\/wp\/v2\/media?parent=4743"}],"curies":[{"name":"wp","href":"https:\/\/api.w.org\/{rel}","templated":true}]}}