{"id":511,"date":"2011-04-25T20:57:48","date_gmt":"2011-04-25T19:57:48","guid":{"rendered":"https:\/\/blog.zhdk.ch\/kunstvermittlung\/?page_id=511"},"modified":"2011-08-26T08:54:34","modified_gmt":"2011-08-26T07:54:34","slug":"verflixt-zugenaht","status":"publish","type":"page","link":"https:\/\/blog.zhdk.ch\/kunstvermittlung\/vergangene-projekte-kunstvermittlung\/und-anders\/verflixt-zugenaht\/","title":{"rendered":"hinderzilisme"},"content":{"rendered":"<h5>Sandra Bucheli und Barbara Portmann,<\/h5>\n<h5>Studentinnen ZHdK 2011<\/h5>\n<p>&nbsp;<\/p>\n<p>Mit unserem Projekt <strong>hinderzilisme<\/strong> beziehen wir inhaltlich Gegenposition zu sorgf\u00e4ltig Gestricktem. Mit einem grossen Haufen gekaufter Strick\u00adwaren befinden wir uns an verschiedenen Orten in der Stadt Z\u00fcrich und l\u00f6sen gemeinsam mit Passantinnen und Passanten diese Wollsachen auf.<\/p>\n<p>Durch das Aufl\u00f6sen von Gestricktem verweisen wir auf das vermeintliche Aussterben der Stricktechnik in unserer Gesellschaft, das sich bei n\u00e4he\u00adrem Hinschauen eher als Verlagerung zeigt. Das Stricken wird nicht in der privaten Stube, sondern neu in Strickzirkeln praktiziert, verbunden mit sozialem Engagement, es wird in Bereichen von Kunst und Design und im Guerilla\u00ad-Knitting angewandt.<\/p>\n<p>Das Aufl\u00f6sen von gestrickten Decken und Kleidern in der \u00d6ffentlichkeit soll aber auch an den Prozess und das Potential dieser schlichten aber effizienten Technik erinnern. Aus Wolle und Nadeln wird ein gewirktes Nutzobjekt. Daf\u00fcr braucht es viel Zeit, Know\u00ad-how, Fleiss und Arbeit. Fr\u00fcher war Wolle ein knappes Gut, viele Leute l\u00f6sten ihre alten Wollsa\u00adchen auf, um aus dem Faden ein neues Kleidungsst\u00fcck zu stricken. Wir dagegen kn\u00fcpfen die aufgel\u00f6sten Fadenteile aneinander und bilden daraus einen Riesenkn\u00e4uel. Wir verdichten F\u00e4den und Geschichten.<br \/>\n<\/em><br \/>\n<\/em><br \/>\n<\/em><br \/>\nDas Vermittlungsprojekt <strong>hinderzilisme<\/strong> arbeitet im Mai 2011 mit Menschen im \u00f6ffentlichen Raum der Stadt Z\u00fcrich und ist zu Besuch bei verschiedenen Organisationen.<\/p>\n<p><a href=\"https:\/\/blog.zhdk.ch\/kunstvermittlung\/files\/2011\/04\/IMG_0104blog.jpg\" rel=\"lightbox[511]\"><img loading=\"lazy\" decoding=\"async\" class=\"alignleft size-medium wp-image-779\" src=\"https:\/\/blog.zhdk.ch\/kunstvermittlung\/files\/2011\/04\/IMG_0104blog-300x225.jpg\" alt=\"\" width=\"300\" height=\"225\" srcset=\"https:\/\/blog.zhdk.ch\/kunstvermittlung\/files\/2011\/04\/IMG_0104blog-300x225.jpg 300w, https:\/\/blog.zhdk.ch\/kunstvermittlung\/files\/2011\/04\/IMG_0104blog.jpg 820w\" sizes=\"auto, (max-width: 300px) 100vw, 300px\" \/><\/a><a href=\"https:\/\/blog.zhdk.ch\/kunstvermittlung\/files\/2011\/04\/IMG_0108blog.jpg\" rel=\"lightbox[511]\"><img loading=\"lazy\" decoding=\"async\" class=\"alignleft size-medium wp-image-777\" src=\"https:\/\/blog.zhdk.ch\/kunstvermittlung\/files\/2011\/04\/IMG_0108blog-225x300.jpg\" alt=\"\" width=\"225\" height=\"300\" srcset=\"https:\/\/blog.zhdk.ch\/kunstvermittlung\/files\/2011\/04\/IMG_0108blog-225x300.jpg 225w, https:\/\/blog.zhdk.ch\/kunstvermittlung\/files\/2011\/04\/IMG_0108blog.jpg 615w\" sizes=\"auto, (max-width: 225px) 100vw, 225px\" \/><\/a> <a href=\"https:\/\/blog.zhdk.ch\/kunstvermittlung\/files\/2011\/04\/IMG_0204blog.jpg\" rel=\"lightbox[511]\"><img loading=\"lazy\" decoding=\"async\" class=\"alignleft size-medium wp-image-853\" src=\"https:\/\/blog.zhdk.ch\/kunstvermittlung\/files\/2011\/04\/IMG_0204blog-300x225.jpg\" alt=\"\" width=\"300\" height=\"225\" srcset=\"https:\/\/blog.zhdk.ch\/kunstvermittlung\/files\/2011\/04\/IMG_0204blog-300x225.jpg 300w, https:\/\/blog.zhdk.ch\/kunstvermittlung\/files\/2011\/04\/IMG_0204blog.jpg 820w\" sizes=\"auto, (max-width: 300px) 100vw, 300px\" \/><\/a> <a href=\"https:\/\/blog.zhdk.ch\/kunstvermittlung\/files\/2011\/04\/IMG_0203blog.jpg\" rel=\"lightbox[511]\"><img loading=\"lazy\" decoding=\"async\" class=\"alignleft size-medium wp-image-857\" src=\"https:\/\/blog.zhdk.ch\/kunstvermittlung\/files\/2011\/04\/IMG_0203blog-300x225.jpg\" alt=\"\" width=\"300\" height=\"225\" srcset=\"https:\/\/blog.zhdk.ch\/kunstvermittlung\/files\/2011\/04\/IMG_0203blog-300x225.jpg 300w, https:\/\/blog.zhdk.ch\/kunstvermittlung\/files\/2011\/04\/IMG_0203blog.jpg 820w\" sizes=\"auto, (max-width: 300px) 100vw, 300px\" \/><\/a><a href=\"https:\/\/blog.zhdk.ch\/kunstvermittlung\/files\/2011\/04\/CIMG6312blog.jpg\" rel=\"lightbox[511]\"><img loading=\"lazy\" decoding=\"async\" class=\"alignleft size-medium wp-image-965\" src=\"https:\/\/blog.zhdk.ch\/kunstvermittlung\/files\/2011\/04\/CIMG6312blog-300x225.jpg\" alt=\"\" width=\"300\" height=\"225\" srcset=\"https:\/\/blog.zhdk.ch\/kunstvermittlung\/files\/2011\/04\/CIMG6312blog-300x225.jpg 300w, https:\/\/blog.zhdk.ch\/kunstvermittlung\/files\/2011\/04\/CIMG6312blog.jpg 820w\" sizes=\"auto, (max-width: 300px) 100vw, 300px\" \/><\/a><a href=\"https:\/\/blog.zhdk.ch\/kunstvermittlung\/files\/2011\/04\/CIMG6450blog.jpg\" rel=\"lightbox[511]\"><img loading=\"lazy\" decoding=\"async\" class=\"alignleft size-medium wp-image-1055\" src=\"https:\/\/blog.zhdk.ch\/kunstvermittlung\/files\/2011\/04\/CIMG6450blog-300x225.jpg\" alt=\"\" width=\"300\" height=\"225\" srcset=\"https:\/\/blog.zhdk.ch\/kunstvermittlung\/files\/2011\/04\/CIMG6450blog-300x225.jpg 300w, https:\/\/blog.zhdk.ch\/kunstvermittlung\/files\/2011\/04\/CIMG6450blog.jpg 820w\" sizes=\"auto, (max-width: 300px) 100vw, 300px\" \/><\/a><br \/>\n<\/em><br \/>\n<\/em><br \/>\nFolgende Strickwaren wurden w\u00e4hrend dem Projekt \u00abhinderzilisme\u00bb insgesamt aufgel\u00f6st:<br \/>\nein beige\/weisses Gilet<br \/>\nzwei rosarote Handschuhe<br \/>\nzwei braun\/weisse Finken<br \/>\neine blaue M\u00fctze<br \/>\nzwei weiss\/gr\u00fcne Kinderhandschuhe<br \/>\neine braune Jacke<br \/>\nein roter Handschuh<br \/>\nein blauer Schal<br \/>\nein Paar gr\u00fcne Socken<br \/>\nein grau\/gelber H\u00fcftschlauch<br \/>\neine weisse M\u00fctze<br \/>\neine braune Decke<br \/>\neine orange\/blaue Decke<br \/>\nein vielfarbiges Jacket<br \/>\neine blau\/pinke M\u00fctze<br \/>\nein rot\/weisser Pullover<br \/>\nein dunkelblauer Schal<br \/>\nein smaragdgr\u00fcner Pullover<br \/>\nein schwarzes Jacket<br \/>\nzwei rosarote Kinderfinken<br \/>\nzwei Paar graue Socken<br \/>\nein pink\/weisses Jacket<br \/>\nein vielfarbiger Schal<br \/>\n<\/em><br \/>\n<\/em><br \/>\nAn folgenden Daten war\u00a0das Projekt <strong>hinderzilisme<\/strong><strong> zu Gast im Museum Bellerive<\/strong>:<br \/>\n&#8211; Dienstag, 10. Mai, von 10.00 bis 12.00 Uhr<br \/>\n&#8211; Freitag, 20. Mai, von 13.30 bis 16.00 Uhr<br \/>\n<\/em><br \/>\n<\/em><br \/>\n<\/em><br \/>\n<a href=\"https:\/\/blog.zhdk.ch\/kunstvermittlung\/files\/2011\/04\/CIMG6185blog.jpg\" rel=\"lightbox[511]\"><img loading=\"lazy\" decoding=\"async\" class=\"alignleft size-medium wp-image-731\" src=\"https:\/\/blog.zhdk.ch\/kunstvermittlung\/files\/2011\/04\/CIMG6185blog-300x225.jpg\" alt=\"\" width=\"300\" height=\"225\" srcset=\"https:\/\/blog.zhdk.ch\/kunstvermittlung\/files\/2011\/04\/CIMG6185blog-300x225.jpg 300w, https:\/\/blog.zhdk.ch\/kunstvermittlung\/files\/2011\/04\/CIMG6185blog.jpg 820w\" sizes=\"auto, (max-width: 300px) 100vw, 300px\" \/><\/a><a href=\"https:\/\/blog.zhdk.ch\/kunstvermittlung\/files\/2011\/04\/IMG_0002-2a.jpg\" rel=\"lightbox[511]\"><img loading=\"lazy\" decoding=\"async\" src=\"https:\/\/blog.zhdk.ch\/kunstvermittlung\/files\/2011\/04\/IMG_0002-2a-300x225.jpg\" alt=\"\" width=\"300\" height=\"225\" class=\"alignleft size-medium wp-image-1369\" srcset=\"https:\/\/blog.zhdk.ch\/kunstvermittlung\/files\/2011\/04\/IMG_0002-2a-300x225.jpg 300w, https:\/\/blog.zhdk.ch\/kunstvermittlung\/files\/2011\/04\/IMG_0002-2a.jpg 820w\" sizes=\"auto, (max-width: 300px) 100vw, 300px\" \/><\/a><br \/>\n<\/em><br \/>\n<\/em><br \/>\n<\/em><br \/>\n<\/em><\/p>\n<h4>EIN PROJEKT von Studierenden DES BACHELOR OF ARTS IN VERMITTLUNG VON KUNST UND DESIGN<\/h4>\n","protected":false},"excerpt":{"rendered":"<p>Sandra Bucheli und Barbara Portmann, Studentinnen ZHdK 2011 &nbsp; Mit unserem Projekt hinderzilisme beziehen wir inhaltlich Gegenposition zu sorgf\u00e4ltig Gestricktem. Mit einem grossen Haufen gekaufter Strick\u00adwaren befinden wir uns an verschiedenen Orten in der Stadt Z\u00fcrich und l\u00f6sen gemeinsam mit Passantinnen und Passanten diese Wollsachen auf. Durch das Aufl\u00f6sen von Gestricktem verweisen wir auf das [&hellip;]<\/p>\n","protected":false},"author":342,"featured_media":0,"parent":341,"menu_order":3,"comment_status":"closed","ping_status":"closed","template":"","meta":{"footnotes":""},"class_list":["post-511","page","type-page","status-publish","czr-hentry"],"_links":{"self":[{"href":"https:\/\/blog.zhdk.ch\/kunstvermittlung\/wp-json\/wp\/v2\/pages\/511","targetHints":{"allow":["GET"]}}],"collection":[{"href":"https:\/\/blog.zhdk.ch\/kunstvermittlung\/wp-json\/wp\/v2\/pages"}],"about":[{"href":"https:\/\/blog.zhdk.ch\/kunstvermittlung\/wp-json\/wp\/v2\/types\/page"}],"author":[{"embeddable":true,"href":"https:\/\/blog.zhdk.ch\/kunstvermittlung\/wp-json\/wp\/v2\/users\/342"}],"replies":[{"embeddable":true,"href":"https:\/\/blog.zhdk.ch\/kunstvermittlung\/wp-json\/wp\/v2\/comments?post=511"}],"version-history":[{"count":64,"href":"https:\/\/blog.zhdk.ch\/kunstvermittlung\/wp-json\/wp\/v2\/pages\/511\/revisions"}],"predecessor-version":[{"id":1593,"href":"https:\/\/blog.zhdk.ch\/kunstvermittlung\/wp-json\/wp\/v2\/pages\/511\/revisions\/1593"}],"up":[{"embeddable":true,"href":"https:\/\/blog.zhdk.ch\/kunstvermittlung\/wp-json\/wp\/v2\/pages\/341"}],"wp:attachment":[{"href":"https:\/\/blog.zhdk.ch\/kunstvermittlung\/wp-json\/wp\/v2\/media?parent=511"}],"curies":[{"name":"wp","href":"https:\/\/api.w.org\/{rel}","templated":true}]}}