{"id":537,"date":"2011-04-25T21:21:23","date_gmt":"2011-04-25T20:21:23","guid":{"rendered":"https:\/\/blog.zhdk.ch\/kunstvermittlung\/?page_id=537"},"modified":"2011-08-26T08:54:55","modified_gmt":"2011-08-26T07:54:55","slug":"flickstick","status":"publish","type":"page","link":"https:\/\/blog.zhdk.ch\/kunstvermittlung\/vergangene-projekte-kunstvermittlung\/und-anders\/flickstick\/","title":{"rendered":"flickstick"},"content":{"rendered":"<h5>Martina Regli und Inbal Sharon,<\/h5>\n<h5>Studentinnen ZHdK 2011<\/h5>\n<p>&nbsp;<\/p>\n<p>Mit einem mobilen Atelier ist <strong>flickstick<\/strong> in Z\u00fcrich unterwegs, um Kleider von PassantInnen individuell zu flicken und personalisierend zu besticken. <strong>flickstick<\/strong> will durch die entschleunigende Handarbeit ein vergessen gehendes textiles Kulturgut wiederbeleben.<br \/>\nDas Projekt nimmt die ehemals bekannte \u00abSt\u00f6r\u00bb auf und setzt sich mit Menschen \u00fcber aktuelle Themen wie der Wegwerfgesellschaft und dem Massenkonsum auseinander.<\/p>\n<p><strong>flickstick<\/strong> ist nomadisch in der Stadt Z\u00fcrich auf \u00f6ffentlichen Pl\u00e4tzen anzutreffen. Zus\u00e4tzlich ist das Projekt bei verschiedenen Institutionen und Anl\u00e4ssen zu Gast wie im Museum Bellerive, in den Gemeinschaftszentren Riesbach und Hottingen, im Altersheim Sydef\u00e4deli, in der Tauschwerkstatt Complino, im Brockenhaus Arche, im Kafi f\u00fcr Dich, in der Chuchi am Wasser, im N\u00e4hatelier Pompon, in der W\u00e4scherei Perwoll, auf dem Flohmarkt, am Festival der K\u00fcnste und an der ZHdK SemesterEnd Party.<\/p>\n<p><em>PassantInnen bringen ihre auserw\u00e4hlten Kleidungsst\u00fccke vorbei. Bei Stickereien werden Vorstellungen von Motiven und Platzierungen diskutiert und durch unsere Ideen erg\u00e4nzt. Die abgegebenen St\u00fccke bearbeiten wir in unserem Atelier. Geflickt wird auf einer elektronischen N\u00e4hmaschine, gestickt von Hand. Jedes bearbeitete Kleidungsst\u00fcck versehen wir mit einer gestickten flickstick-Ettikette.<\/em><\/p>\n<p>&nbsp;<\/p>\n<p><strong>flickstick<\/strong> hat eine eigene Webseite, verbindliche Termine und Orte werden dort kommuniziert.<br \/>\n<a href=\"http:\/\/www.flickstick.ch\/\"><strong>flickstick.ch<\/strong><\/a><\/p>\n<p><a href=\"http:\/\/www.flickstick.ch\/\"> <\/a><\/p>\n<p><a href=\"http:\/\/www.flickstick.ch\/\"><\/a><a href=\"https:\/\/blog.zhdk.ch\/kunstvermittlung\/files\/2011\/04\/IMG_0570blog.jpg\" rel=\"lightbox[537]\"><img loading=\"lazy\" decoding=\"async\" class=\"alignleft size-medium wp-image-1259\" src=\"https:\/\/blog.zhdk.ch\/kunstvermittlung\/files\/2011\/04\/IMG_0570blog-300x225.jpg\" alt=\"\" width=\"300\" height=\"225\" srcset=\"https:\/\/blog.zhdk.ch\/kunstvermittlung\/files\/2011\/04\/IMG_0570blog-300x225.jpg 300w, https:\/\/blog.zhdk.ch\/kunstvermittlung\/files\/2011\/04\/IMG_0570blog.jpg 820w\" sizes=\"auto, (max-width: 300px) 100vw, 300px\" \/><\/a><a href=\"https:\/\/blog.zhdk.ch\/kunstvermittlung\/files\/2011\/04\/CIMG6432blog.jpg\" rel=\"lightbox[537]\"><img loading=\"lazy\" decoding=\"async\" class=\"alignleft size-medium wp-image-969\" src=\"https:\/\/blog.zhdk.ch\/kunstvermittlung\/files\/2011\/04\/CIMG6432blog-300x225.jpg\" alt=\"\" width=\"300\" height=\"225\" srcset=\"https:\/\/blog.zhdk.ch\/kunstvermittlung\/files\/2011\/04\/CIMG6432blog-300x225.jpg 300w, https:\/\/blog.zhdk.ch\/kunstvermittlung\/files\/2011\/04\/CIMG6432blog.jpg 820w\" sizes=\"auto, (max-width: 300px) 100vw, 300px\" \/><\/a><a href=\"https:\/\/blog.zhdk.ch\/kunstvermittlung\/files\/2011\/04\/IMG_0621blog.jpg\" rel=\"lightbox[537]\"><img loading=\"lazy\" decoding=\"async\" class=\"alignleft size-medium wp-image-1267\" src=\"https:\/\/blog.zhdk.ch\/kunstvermittlung\/files\/2011\/04\/IMG_0621blog-300x225.jpg\" alt=\"\" width=\"300\" height=\"225\" srcset=\"https:\/\/blog.zhdk.ch\/kunstvermittlung\/files\/2011\/04\/IMG_0621blog-300x225.jpg 300w, https:\/\/blog.zhdk.ch\/kunstvermittlung\/files\/2011\/04\/IMG_0621blog.jpg 820w\" sizes=\"auto, (max-width: 300px) 100vw, 300px\" \/><\/a><a href=\"https:\/\/blog.zhdk.ch\/kunstvermittlung\/files\/2011\/04\/IMG_0690blog.jpg\" rel=\"lightbox[537]\"><img loading=\"lazy\" decoding=\"async\" class=\"alignleft size-medium wp-image-1263\" src=\"https:\/\/blog.zhdk.ch\/kunstvermittlung\/files\/2011\/04\/IMG_0690blog-300x225.jpg\" alt=\"\" width=\"300\" height=\"225\" srcset=\"https:\/\/blog.zhdk.ch\/kunstvermittlung\/files\/2011\/04\/IMG_0690blog-300x225.jpg 300w, https:\/\/blog.zhdk.ch\/kunstvermittlung\/files\/2011\/04\/IMG_0690blog.jpg 820w\" sizes=\"auto, (max-width: 300px) 100vw, 300px\" \/><\/a><a href=\"https:\/\/blog.zhdk.ch\/kunstvermittlung\/files\/2011\/04\/CIMG6440blog.jpg\" rel=\"lightbox[537]\"><img loading=\"lazy\" decoding=\"async\" class=\"alignleft size-medium wp-image-971\" src=\"https:\/\/blog.zhdk.ch\/kunstvermittlung\/files\/2011\/04\/CIMG6440blog-300x225.jpg\" alt=\"\" width=\"300\" height=\"225\" srcset=\"https:\/\/blog.zhdk.ch\/kunstvermittlung\/files\/2011\/04\/CIMG6440blog-300x225.jpg 300w, https:\/\/blog.zhdk.ch\/kunstvermittlung\/files\/2011\/04\/CIMG6440blog.jpg 820w\" sizes=\"auto, (max-width: 300px) 100vw, 300px\" \/><\/a><a href=\"https:\/\/blog.zhdk.ch\/kunstvermittlung\/files\/2011\/04\/IMG_0583blog.jpg\" rel=\"lightbox[537]\"><img loading=\"lazy\" decoding=\"async\" class=\"alignleft size-medium wp-image-1283\" src=\"https:\/\/blog.zhdk.ch\/kunstvermittlung\/files\/2011\/04\/IMG_0583blog-300x225.jpg\" alt=\"\" width=\"300\" height=\"225\" srcset=\"https:\/\/blog.zhdk.ch\/kunstvermittlung\/files\/2011\/04\/IMG_0583blog-300x225.jpg 300w, https:\/\/blog.zhdk.ch\/kunstvermittlung\/files\/2011\/04\/IMG_0583blog.jpg 820w\" sizes=\"auto, (max-width: 300px) 100vw, 300px\" \/><\/a><br \/>\n<\/em><br \/>\n<\/em><br \/>\n<strong>flickstick<\/strong> wird am 17. und 18. Mai 2011 am <a href=\"http:\/\/www.festivalderkuenste.ch\/\">Festival der K\u00fcnste<\/a> der Z\u00fcrcher Hochschule der K\u00fcnste auftreten. Am 17.05. ab 17 Uhr an der Ausstellungsstrasse 60 und am 18.05. ab 14 Uhr an der Gessnerallee.<br \/>\n<\/em><br \/>\n<\/em><br \/>\n<\/em><br \/>\nAn folgenden Daten war das Vermittlungsprojekt <strong>flickstick zu Gast im Museum Bellerive<\/strong>:<br \/>\n&#8211; Mittwoch, 11. Mai, von 14.00 bis 17.00 Uhr<br \/>\n&#8211; Sonntag, 22. Mai, von 11.00 bis 14.00 Uhr<br \/>\n<\/em><br \/>\n<\/em><br \/>\n<a href=\"https:\/\/blog.zhdk.ch\/kunstvermittlung\/files\/2011\/04\/IMG_0562blog.jpg\" rel=\"lightbox[537]\"><img loading=\"lazy\" decoding=\"async\" class=\"alignleft size-medium wp-image-1273\" src=\"https:\/\/blog.zhdk.ch\/kunstvermittlung\/files\/2011\/04\/IMG_0562blog-300x225.jpg\" alt=\"\" width=\"300\" height=\"225\" srcset=\"https:\/\/blog.zhdk.ch\/kunstvermittlung\/files\/2011\/04\/IMG_0562blog-300x225.jpg 300w, https:\/\/blog.zhdk.ch\/kunstvermittlung\/files\/2011\/04\/IMG_0562blog.jpg 820w\" sizes=\"auto, (max-width: 300px) 100vw, 300px\" \/><\/a><a href=\"https:\/\/blog.zhdk.ch\/kunstvermittlung\/files\/2011\/04\/CIMG6277blog.jpg\" rel=\"lightbox[537]\"><img loading=\"lazy\" decoding=\"async\" class=\"alignleft size-medium wp-image-759\" src=\"https:\/\/blog.zhdk.ch\/kunstvermittlung\/files\/2011\/04\/CIMG6277blog-300x225.jpg\" alt=\"\" width=\"300\" height=\"225\" srcset=\"https:\/\/blog.zhdk.ch\/kunstvermittlung\/files\/2011\/04\/CIMG6277blog-300x225.jpg 300w, https:\/\/blog.zhdk.ch\/kunstvermittlung\/files\/2011\/04\/CIMG6277blog.jpg 820w\" sizes=\"auto, (max-width: 300px) 100vw, 300px\" \/><\/a><br \/>\n<\/em><br \/>\n<\/em><br \/>\n<\/em><br \/>\n<\/em><\/p>\n<h4>EIN PROJEKT von studierenden DES BACHELOR OF ARTS IN VERMITTLUNG VON KUNST UND DESIGN<\/h4>\n","protected":false},"excerpt":{"rendered":"<p>Martina Regli und Inbal Sharon, Studentinnen ZHdK 2011 &nbsp; Mit einem mobilen Atelier ist flickstick in Z\u00fcrich unterwegs, um Kleider von PassantInnen individuell zu flicken und personalisierend zu besticken. flickstick will durch die entschleunigende Handarbeit ein vergessen gehendes textiles Kulturgut wiederbeleben. Das Projekt nimmt die ehemals bekannte \u00abSt\u00f6r\u00bb auf und setzt sich mit Menschen \u00fcber [&hellip;]<\/p>\n","protected":false},"author":342,"featured_media":0,"parent":341,"menu_order":4,"comment_status":"closed","ping_status":"closed","template":"","meta":{"footnotes":""},"class_list":["post-537","page","type-page","status-publish","czr-hentry"],"_links":{"self":[{"href":"https:\/\/blog.zhdk.ch\/kunstvermittlung\/wp-json\/wp\/v2\/pages\/537","targetHints":{"allow":["GET"]}}],"collection":[{"href":"https:\/\/blog.zhdk.ch\/kunstvermittlung\/wp-json\/wp\/v2\/pages"}],"about":[{"href":"https:\/\/blog.zhdk.ch\/kunstvermittlung\/wp-json\/wp\/v2\/types\/page"}],"author":[{"embeddable":true,"href":"https:\/\/blog.zhdk.ch\/kunstvermittlung\/wp-json\/wp\/v2\/users\/342"}],"replies":[{"embeddable":true,"href":"https:\/\/blog.zhdk.ch\/kunstvermittlung\/wp-json\/wp\/v2\/comments?post=537"}],"version-history":[{"count":69,"href":"https:\/\/blog.zhdk.ch\/kunstvermittlung\/wp-json\/wp\/v2\/pages\/537\/revisions"}],"predecessor-version":[{"id":1595,"href":"https:\/\/blog.zhdk.ch\/kunstvermittlung\/wp-json\/wp\/v2\/pages\/537\/revisions\/1595"}],"up":[{"embeddable":true,"href":"https:\/\/blog.zhdk.ch\/kunstvermittlung\/wp-json\/wp\/v2\/pages\/341"}],"wp:attachment":[{"href":"https:\/\/blog.zhdk.ch\/kunstvermittlung\/wp-json\/wp\/v2\/media?parent=537"}],"curies":[{"name":"wp","href":"https:\/\/api.w.org\/{rel}","templated":true}]}}