{"id":549,"date":"2011-04-25T21:26:58","date_gmt":"2011-04-25T20:26:58","guid":{"rendered":"https:\/\/blog.zhdk.ch\/kunstvermittlung\/?page_id=549"},"modified":"2011-08-26T08:55:10","modified_gmt":"2011-08-26T07:55:10","slug":"maschenpalaver","status":"publish","type":"page","link":"https:\/\/blog.zhdk.ch\/kunstvermittlung\/vergangene-projekte-kunstvermittlung\/und-anders\/maschenpalaver\/","title":{"rendered":"Maschenpalaver"},"content":{"rendered":"<p><!-- @font-face {   font-family: \"Helvetica Neue\"; }p.MsoNormal, li.MsoNormal, div.MsoNormal { margin: 0cm 0cm 0.0001pt; font-size: 12pt; font-family: \"Times New Roman\"; }div.Section1 { page: Section1; } --><\/p>\n<h5>Anina B\u00fcschlen, Claudia Ginocchio, Susanne Nagel Helbling und Sultana Savvi,<\/h5>\n<h5>Studentinnen ZHdK 2011<\/h5>\n<p>&nbsp;<\/p>\n<p>Vermittlung w\u00f6rtlich genommen: Was passiert, wenn Menschen in Gespr\u00e4che verstrickt werden, in den Maschen h\u00e4ngen bleiben, umgarnt werden? Als Vermittlerinnen von Kunst und Design treten wir einerseits h\u00e4kelnd in der \u00d6ffentlichkeit in Parkanlagen und auf belebten Strassen auf, andererseits treffen wir uns mit einer Modedesignerin, einer K\u00fcnstlerin, einer \u00abLismergruppe\u00bb, StudentInnen und Freunden. Mit dem \u00abbunten H\u00e4kelwerk\u00bb entsteht eine Nische, die Anlass ist zum Verweilen. Die langsame T\u00e4tigkeit des Handarbeitens stellt eine Unterbrechung im Alltag dar. Raum f\u00fcr Erinnerungen wird freigelegt. Menschen erz\u00e4hlen ihre Handarbeitsbiografie und Geschichten aus dem eigenen Leben. Spontan entstehen Dialoge zwischen Unbekannten. W\u00e4hrend das H\u00e4kelwerk wuchert, lebt eine alte Kulturtechnik mit ihrem Palaver wieder auf.<\/p>\n<p>Das Vermittlungsprojekt <strong>Maschenpalaver<\/strong> kontaktiert im M\u00e4rz, April und Mai 2011 Menschen im \u00f6ffentlichen Raum der Stadt Z\u00fcrich und ist zu Besuch bei einer Modedesignerin, einer K\u00fcnstlerin, einer \u00abLismergruppe\u00bb, StudentInnen und Freunden.<\/p>\n<p><strong><a href=\"https:\/\/blog.zhdk.ch\/kunstvermittlung\/maschenpalaver\/gesprachsauszuge-machenpalaver\/\"><\/a><br \/>\n<\/strong><\/p>\n<p><a href=\"https:\/\/blog.zhdk.ch\/kunstvermittlung\/files\/2011\/04\/P1010092b_blog.jpg\" rel=\"lightbox[549]\"><img loading=\"lazy\" decoding=\"async\" class=\"alignleft size-medium wp-image-911\" src=\"https:\/\/blog.zhdk.ch\/kunstvermittlung\/files\/2011\/04\/P1010092b_blog-300x225.jpg\" alt=\"\" width=\"300\" height=\"225\" srcset=\"https:\/\/blog.zhdk.ch\/kunstvermittlung\/files\/2011\/04\/P1010092b_blog-300x225.jpg 300w, https:\/\/blog.zhdk.ch\/kunstvermittlung\/files\/2011\/04\/P1010092b_blog.jpg 820w\" sizes=\"auto, (max-width: 300px) 100vw, 300px\" \/><\/a><a href=\"https:\/\/blog.zhdk.ch\/kunstvermittlung\/files\/2011\/04\/DSC_2126b_blog.jpg\" rel=\"lightbox[549]\"><img loading=\"lazy\" decoding=\"async\" class=\"alignleft size-medium wp-image-913\" src=\"https:\/\/blog.zhdk.ch\/kunstvermittlung\/files\/2011\/04\/DSC_2126b_blog-300x225.jpg\" alt=\"\" width=\"300\" height=\"225\" srcset=\"https:\/\/blog.zhdk.ch\/kunstvermittlung\/files\/2011\/04\/DSC_2126b_blog-300x225.jpg 300w, https:\/\/blog.zhdk.ch\/kunstvermittlung\/files\/2011\/04\/DSC_2126b_blog.jpg 820w\" sizes=\"auto, (max-width: 300px) 100vw, 300px\" \/><\/a><a href=\"https:\/\/blog.zhdk.ch\/kunstvermittlung\/files\/2011\/04\/P1010144blog1.jpg\" rel=\"lightbox[549]\"><img loading=\"lazy\" decoding=\"async\" class=\"alignleft size-medium wp-image-665\" src=\"https:\/\/blog.zhdk.ch\/kunstvermittlung\/files\/2011\/04\/P1010144blog1-300x225.jpg\" alt=\"\" width=\"300\" height=\"225\" srcset=\"https:\/\/blog.zhdk.ch\/kunstvermittlung\/files\/2011\/04\/P1010144blog1-300x225.jpg 300w, https:\/\/blog.zhdk.ch\/kunstvermittlung\/files\/2011\/04\/P1010144blog1.jpg 820w\" sizes=\"auto, (max-width: 300px) 100vw, 300px\" \/><\/a><a href=\"https:\/\/blog.zhdk.ch\/kunstvermittlung\/files\/2011\/04\/vierHaende_Blog.jpg\" rel=\"lightbox[549]\"><img loading=\"lazy\" decoding=\"async\" class=\"alignleft size-medium wp-image-1163\" src=\"https:\/\/blog.zhdk.ch\/kunstvermittlung\/files\/2011\/04\/vierHaende_Blog-300x225.jpg\" alt=\"\" width=\"300\" height=\"225\" srcset=\"https:\/\/blog.zhdk.ch\/kunstvermittlung\/files\/2011\/04\/vierHaende_Blog-300x225.jpg 300w, https:\/\/blog.zhdk.ch\/kunstvermittlung\/files\/2011\/04\/vierHaende_Blog.jpg 820w\" sizes=\"auto, (max-width: 300px) 100vw, 300px\" \/><\/a><a href=\"https:\/\/blog.zhdk.ch\/kunstvermittlung\/files\/2011\/04\/IMG_4226blog.jpg\" rel=\"lightbox[549]\"><img loading=\"lazy\" decoding=\"async\" class=\"alignleft size-medium wp-image-987\" src=\"https:\/\/blog.zhdk.ch\/kunstvermittlung\/files\/2011\/04\/IMG_4226blog-300x199.jpg\" alt=\"\" width=\"300\" height=\"199\" srcset=\"https:\/\/blog.zhdk.ch\/kunstvermittlung\/files\/2011\/04\/IMG_4226blog-300x199.jpg 300w, https:\/\/blog.zhdk.ch\/kunstvermittlung\/files\/2011\/04\/IMG_4226blog.jpg 923w\" sizes=\"auto, (max-width: 300px) 100vw, 300px\" \/><\/a><a href=\"https:\/\/blog.zhdk.ch\/kunstvermittlung\/files\/2011\/04\/IMG_4196blog.jpg\" rel=\"lightbox[549]\"><img loading=\"lazy\" decoding=\"async\" class=\"alignleft size-medium wp-image-989\" src=\"https:\/\/blog.zhdk.ch\/kunstvermittlung\/files\/2011\/04\/IMG_4196blog-300x199.jpg\" alt=\"\" width=\"300\" height=\"199\" srcset=\"https:\/\/blog.zhdk.ch\/kunstvermittlung\/files\/2011\/04\/IMG_4196blog-300x199.jpg 300w, https:\/\/blog.zhdk.ch\/kunstvermittlung\/files\/2011\/04\/IMG_4196blog.jpg 923w\" sizes=\"auto, (max-width: 300px) 100vw, 300px\" \/><\/a><\/p>\n<p>Alle Menschen, welche im \u00f6ffentlichen Raum am Projekt <strong>Maschenpalaver<\/strong> einzeln oder in Gruppen beteiligt waren, wurden zu einer weiterf\u00fchrenden inhaltlichen Auseinandersetzung mit der Ausstellung \u00abNeue Masche\u00bb und mit dem \u00fcber die Wochen entstandenen <strong>bunten H\u00e4kelwerk<\/strong> und den Geschichten ins Museum Bellerive eingeladen.<\/p>\n<p><a href=\"https:\/\/blog.zhdk.ch\/kunstvermittlung\/files\/2011\/04\/IMG_4003blog.jpg\" rel=\"lightbox[549]\"><img loading=\"lazy\" decoding=\"async\" class=\"alignleft size-medium wp-image-983\" src=\"https:\/\/blog.zhdk.ch\/kunstvermittlung\/files\/2011\/04\/IMG_4003blog-300x199.jpg\" alt=\"\" width=\"300\" height=\"199\" srcset=\"https:\/\/blog.zhdk.ch\/kunstvermittlung\/files\/2011\/04\/IMG_4003blog-300x199.jpg 300w, https:\/\/blog.zhdk.ch\/kunstvermittlung\/files\/2011\/04\/IMG_4003blog.jpg 923w\" sizes=\"auto, (max-width: 300px) 100vw, 300px\" \/><\/a><a href=\"https:\/\/blog.zhdk.ch\/kunstvermittlung\/files\/2011\/04\/IMG_4066blog.jpg\" rel=\"lightbox[549]\"><img loading=\"lazy\" decoding=\"async\" class=\"alignleft size-medium wp-image-985\" src=\"https:\/\/blog.zhdk.ch\/kunstvermittlung\/files\/2011\/04\/IMG_4066blog-300x199.jpg\" alt=\"\" width=\"300\" height=\"199\" srcset=\"https:\/\/blog.zhdk.ch\/kunstvermittlung\/files\/2011\/04\/IMG_4066blog-300x199.jpg 300w, https:\/\/blog.zhdk.ch\/kunstvermittlung\/files\/2011\/04\/IMG_4066blog.jpg 923w\" sizes=\"auto, (max-width: 300px) 100vw, 300px\" \/><\/a><\/p>\n<p>Die Studierenden dokumentieren die \u00fcberlieferten Geschichten fortlaufend und machen sie f\u00fcr die Besucherinnen und Besucher im Museum Bellerive h\u00f6rbar. Die Audio-Arbeit weist auf das beim Handarbeiten Implizierte hin, auf die Geschichten, die als Mehrwert entstehen, die im weitesten Sinne Kulturwissen, <strong>\u00aboral history\u00bb<\/strong> sind, und die in der Ausstellung \u00abNeue Masche\u00bb kaum vorkommen. Mit dem Vergessen der alten Kulturtechnik drohen die Geschichten ebenfalls verloren zu gehen.<\/p>\n<p><strong><a href=\"..\/maschenpalaver\/gesprachsauszuge-machenpalaver\/\">Gespr\u00e4chsausz\u00fcge<\/a> Maschenpalaver<\/strong><\/p>\n<p>Saalzettel zur <strong>Audio-Installation<\/strong> im Museum Bellerive<\/p>\n<p><a href=\"https:\/\/blog.zhdk.ch\/kunstvermittlung\/files\/2011\/04\/Saalzettel.jpg\" rel=\"lightbox[549]\"><img loading=\"lazy\" decoding=\"async\" class=\"alignleft size-medium wp-image-981\" src=\"https:\/\/blog.zhdk.ch\/kunstvermittlung\/files\/2011\/04\/Saalzettel-135x300.jpg\" alt=\"\" width=\"108\" height=\"240\" srcset=\"https:\/\/blog.zhdk.ch\/kunstvermittlung\/files\/2011\/04\/Saalzettel-135x300.jpg 135w, https:\/\/blog.zhdk.ch\/kunstvermittlung\/files\/2011\/04\/Saalzettel-461x1024.jpg 461w, https:\/\/blog.zhdk.ch\/kunstvermittlung\/files\/2011\/04\/Saalzettel.jpg 591w\" sizes=\"auto, (max-width: 108px) 100vw, 108px\" \/><\/a><\/p>\n<p>Ausz\u00fcge Gespr\u00e4che Maschenpalaver:<br \/>\n<a href=\"https:\/\/blog.zhdk.ch\/kunstvermittlung\/files\/2011\/05\/audiogeschichten.mp3\"><\/a><\/p>\n<p>An folgendem Datum war das Vermittlungsprojekt <strong>Maschenpalaver zu Gast im Museum Bellerive<\/strong>:<br \/>\n&#8211; Mittwoch, 11. Mai, von 10.00 bis 12.00 Uhr<\/p>\n<p><strong><a href=\"https:\/\/blog.zhdk.ch\/kunstvermittlung\/files\/2011\/04\/CIMG6209blog.jpg\" rel=\"lightbox[549]\"><img loading=\"lazy\" decoding=\"async\" class=\"alignleft size-medium wp-image-739\" src=\"https:\/\/blog.zhdk.ch\/kunstvermittlung\/files\/2011\/04\/CIMG6209blog-300x225.jpg\" alt=\"\" width=\"300\" height=\"225\" srcset=\"https:\/\/blog.zhdk.ch\/kunstvermittlung\/files\/2011\/04\/CIMG6209blog-300x225.jpg 300w, https:\/\/blog.zhdk.ch\/kunstvermittlung\/files\/2011\/04\/CIMG6209blog.jpg 820w\" sizes=\"auto, (max-width: 300px) 100vw, 300px\" \/><\/a><a href=\"https:\/\/blog.zhdk.ch\/kunstvermittlung\/files\/2011\/04\/CIMG6256blog.jpg\" rel=\"lightbox[549]\"><img loading=\"lazy\" decoding=\"async\" class=\"alignleft size-medium wp-image-1167\" src=\"https:\/\/blog.zhdk.ch\/kunstvermittlung\/files\/2011\/04\/CIMG6256blog-300x225.jpg\" alt=\"\" width=\"300\" height=\"225\" srcset=\"https:\/\/blog.zhdk.ch\/kunstvermittlung\/files\/2011\/04\/CIMG6256blog-300x225.jpg 300w, https:\/\/blog.zhdk.ch\/kunstvermittlung\/files\/2011\/04\/CIMG6256blog.jpg 820w\" sizes=\"auto, (max-width: 300px) 100vw, 300px\" \/><\/a><\/strong><br \/>\n<\/em><br \/>\n<\/em><br \/>\n<\/em><br \/>\n<\/em><\/p>\n<h4>EIN PROJEKT von studierenden des BACHELOR OF ARTS IN VERMITTLUNG VON KUNST UND DESIGN<\/h4>\n","protected":false},"excerpt":{"rendered":"<p>Anina B\u00fcschlen, Claudia Ginocchio, Susanne Nagel Helbling und Sultana Savvi, Studentinnen ZHdK 2011 &nbsp; Vermittlung w\u00f6rtlich genommen: Was passiert, wenn Menschen in Gespr\u00e4che verstrickt werden, in den Maschen h\u00e4ngen bleiben, umgarnt werden? Als Vermittlerinnen von Kunst und Design treten wir einerseits h\u00e4kelnd in der \u00d6ffentlichkeit in Parkanlagen und auf belebten Strassen auf, andererseits treffen wir [&hellip;]<\/p>\n","protected":false},"author":342,"featured_media":873,"parent":341,"menu_order":5,"comment_status":"closed","ping_status":"closed","template":"","meta":{"footnotes":""},"class_list":["post-549","page","type-page","status-publish","has-post-thumbnail","czr-hentry"],"_links":{"self":[{"href":"https:\/\/blog.zhdk.ch\/kunstvermittlung\/wp-json\/wp\/v2\/pages\/549","targetHints":{"allow":["GET"]}}],"collection":[{"href":"https:\/\/blog.zhdk.ch\/kunstvermittlung\/wp-json\/wp\/v2\/pages"}],"about":[{"href":"https:\/\/blog.zhdk.ch\/kunstvermittlung\/wp-json\/wp\/v2\/types\/page"}],"author":[{"embeddable":true,"href":"https:\/\/blog.zhdk.ch\/kunstvermittlung\/wp-json\/wp\/v2\/users\/342"}],"replies":[{"embeddable":true,"href":"https:\/\/blog.zhdk.ch\/kunstvermittlung\/wp-json\/wp\/v2\/comments?post=549"}],"version-history":[{"count":93,"href":"https:\/\/blog.zhdk.ch\/kunstvermittlung\/wp-json\/wp\/v2\/pages\/549\/revisions"}],"predecessor-version":[{"id":1597,"href":"https:\/\/blog.zhdk.ch\/kunstvermittlung\/wp-json\/wp\/v2\/pages\/549\/revisions\/1597"}],"up":[{"embeddable":true,"href":"https:\/\/blog.zhdk.ch\/kunstvermittlung\/wp-json\/wp\/v2\/pages\/341"}],"wp:featuredmedia":[{"embeddable":true,"href":"https:\/\/blog.zhdk.ch\/kunstvermittlung\/wp-json\/wp\/v2\/media\/873"}],"wp:attachment":[{"href":"https:\/\/blog.zhdk.ch\/kunstvermittlung\/wp-json\/wp\/v2\/media?parent=549"}],"curies":[{"name":"wp","href":"https:\/\/api.w.org\/{rel}","templated":true}]}}