{"id":5705,"date":"2017-05-08T11:29:03","date_gmt":"2017-05-08T10:29:03","guid":{"rendered":"https:\/\/blog.zhdk.ch\/kunstvermittlung\/?page_id=5705"},"modified":"2017-06-20T14:12:57","modified_gmt":"2017-06-20T13:12:57","slug":"reisebuch-olten","status":"publish","type":"page","link":"https:\/\/blog.zhdk.ch\/kunstvermittlung\/voyage-voyage\/reisebuch-olten\/","title":{"rendered":"Reisebuch Olten"},"content":{"rendered":"<p>Mischa Yektay<br \/>\n<\/em><br \/>\n<\/em><br \/>\nIch bewege mich im Raum Olten mit einem Klappstuhl, drei Skizzenb\u00fcchern, einem Stift und einem Rucksack. W\u00e4hrend meiner Reise durch Olten, platziere ich mich in verschiedenen \u00f6ffentlichen R\u00e4umen und beginne zu zeichnen. Meine Zeichnungen sind frei und assoziativ, werden aber von der Umgebung, in der ich mich befinde, beeinflusst.<br \/>\n\u00dcber meinen Auftritt und meine Zeichnungen, versuche ich mit Menschen, welche sich in den verschiedenen R\u00e4umen bewegen, in Kontakt zu treten. Ich beginne einen Dialog mit Interessierten \u00fcber das Thema des Reisens. Das Gespr\u00e4ch wird breit er\u00f6ffnet und f\u00fchrt zu der Thematik des Fernwehs, zur Frage, mit welchen Bildern und Gef\u00fchlen die Menschen diesen Begriff assoziieren.<br \/>\n<\/em><br \/>\nZiel ist es, die Bilder und Gef\u00fchle der Menschen in meinem Skizzenbuch festzuhalten, bestenfalls mit einem direkten Beitrag der Person, mit welcher ich ein Gespr\u00e4ch f\u00fchre. Hierf\u00fcr reisse ich eine Seite in meinem Skizzenbuch auf, welches japanisch gebunden ist, um Platz f\u00fcr die Illustrationen und Texte der Leute zu schaffen.<br \/>\n<\/em><br \/>\nIn einem weiteren Skizzenbuch halte ich die Begegnungen schriftlich fest. Im dritten Skizzenbuch halte ich meine pers\u00f6nliche, thematische Reisedurch das gesamte Projekt fest.<br \/>\n<\/em><br \/>\n<\/em><br \/>\n<\/em><br \/>\n<img loading=\"lazy\" decoding=\"async\" src=\"https:\/\/blog.zhdk.ch\/kunstvermittlung\/files\/2017\/05\/IMG-20170505-WA0001-300x225.jpg\" alt=\"\" width=\"300\" height=\"225\" class=\"alignleft size-medium wp-image-5799\" srcset=\"https:\/\/blog.zhdk.ch\/kunstvermittlung\/files\/2017\/05\/IMG-20170505-WA0001-300x225.jpg 300w, https:\/\/blog.zhdk.ch\/kunstvermittlung\/files\/2017\/05\/IMG-20170505-WA0001-768x576.jpg 768w, https:\/\/blog.zhdk.ch\/kunstvermittlung\/files\/2017\/05\/IMG-20170505-WA0001-1024x768.jpg 1024w, https:\/\/blog.zhdk.ch\/kunstvermittlung\/files\/2017\/05\/IMG-20170505-WA0001.jpg 1600w\" sizes=\"auto, (max-width: 300px) 100vw, 300px\" \/><img loading=\"lazy\" decoding=\"async\" src=\"https:\/\/blog.zhdk.ch\/kunstvermittlung\/files\/2017\/05\/2017-04-27-14.10.22-300x200.jpg\" alt=\"\" width=\"300\" height=\"200\" class=\"alignleft size-medium wp-image-5803\" srcset=\"https:\/\/blog.zhdk.ch\/kunstvermittlung\/files\/2017\/05\/2017-04-27-14.10.22-300x200.jpg 300w, https:\/\/blog.zhdk.ch\/kunstvermittlung\/files\/2017\/05\/2017-04-27-14.10.22-768x512.jpg 768w, https:\/\/blog.zhdk.ch\/kunstvermittlung\/files\/2017\/05\/2017-04-27-14.10.22-1024x683.jpg 1024w\" sizes=\"auto, (max-width: 300px) 100vw, 300px\" \/><br \/>\n<img loading=\"lazy\" decoding=\"async\" src=\"https:\/\/blog.zhdk.ch\/kunstvermittlung\/files\/2017\/05\/DSC06933-300x225.jpg\" alt=\"\" width=\"300\" height=\"225\" class=\"alignleft size-medium wp-image-5947\" srcset=\"https:\/\/blog.zhdk.ch\/kunstvermittlung\/files\/2017\/05\/DSC06933-300x225.jpg 300w, https:\/\/blog.zhdk.ch\/kunstvermittlung\/files\/2017\/05\/DSC06933-768x576.jpg 768w, https:\/\/blog.zhdk.ch\/kunstvermittlung\/files\/2017\/05\/DSC06933-1024x768.jpg 1024w\" sizes=\"auto, (max-width: 300px) 100vw, 300px\" \/><br \/>\n<\/em><br \/>\n<img loading=\"lazy\" decoding=\"async\" src=\"https:\/\/blog.zhdk.ch\/kunstvermittlung\/files\/2017\/05\/DSC06969-300x225.jpg\" alt=\"\" width=\"300\" height=\"225\" class=\"alignleft size-medium wp-image-6039\" srcset=\"https:\/\/blog.zhdk.ch\/kunstvermittlung\/files\/2017\/05\/DSC06969-300x225.jpg 300w, https:\/\/blog.zhdk.ch\/kunstvermittlung\/files\/2017\/05\/DSC06969-768x576.jpg 768w, https:\/\/blog.zhdk.ch\/kunstvermittlung\/files\/2017\/05\/DSC06969-1024x768.jpg 1024w\" sizes=\"auto, (max-width: 300px) 100vw, 300px\" \/><img loading=\"lazy\" decoding=\"async\" src=\"https:\/\/blog.zhdk.ch\/kunstvermittlung\/files\/2017\/05\/DSC06973-300x225.jpg\" alt=\"\" width=\"300\" height=\"225\" class=\"alignleft size-medium wp-image-6041\" srcset=\"https:\/\/blog.zhdk.ch\/kunstvermittlung\/files\/2017\/05\/DSC06973-300x225.jpg 300w, https:\/\/blog.zhdk.ch\/kunstvermittlung\/files\/2017\/05\/DSC06973-768x576.jpg 768w, https:\/\/blog.zhdk.ch\/kunstvermittlung\/files\/2017\/05\/DSC06973-1024x768.jpg 1024w\" sizes=\"auto, (max-width: 300px) 100vw, 300px\" \/><br \/>\n<img loading=\"lazy\" decoding=\"async\" src=\"https:\/\/blog.zhdk.ch\/kunstvermittlung\/files\/2017\/05\/DSC06999-300x225.jpg\" alt=\"\" width=\"300\" height=\"225\" class=\"alignleft size-medium wp-image-6049\" srcset=\"https:\/\/blog.zhdk.ch\/kunstvermittlung\/files\/2017\/05\/DSC06999-300x225.jpg 300w, https:\/\/blog.zhdk.ch\/kunstvermittlung\/files\/2017\/05\/DSC06999-768x576.jpg 768w, https:\/\/blog.zhdk.ch\/kunstvermittlung\/files\/2017\/05\/DSC06999-1024x768.jpg 1024w\" sizes=\"auto, (max-width: 300px) 100vw, 300px\" \/><br \/>\n<\/em><br \/>\n<\/em><\/p>\n<h3>Einblick in das \u00abReisebuch Olten\u00bb<\/h3>\n<p><\/em><br \/>\n<img loading=\"lazy\" decoding=\"async\" src=\"https:\/\/blog.zhdk.ch\/kunstvermittlung\/files\/2017\/05\/Skizzenbuch_1-300x177.jpg\" alt=\"\" width=\"300\" height=\"177\" class=\"alignleft size-medium wp-image-5793\" srcset=\"https:\/\/blog.zhdk.ch\/kunstvermittlung\/files\/2017\/05\/Skizzenbuch_1-300x177.jpg 300w, https:\/\/blog.zhdk.ch\/kunstvermittlung\/files\/2017\/05\/Skizzenbuch_1-768x453.jpg 768w, https:\/\/blog.zhdk.ch\/kunstvermittlung\/files\/2017\/05\/Skizzenbuch_1-1024x604.jpg 1024w\" sizes=\"auto, (max-width: 300px) 100vw, 300px\" \/><img loading=\"lazy\" decoding=\"async\" src=\"https:\/\/blog.zhdk.ch\/kunstvermittlung\/files\/2017\/05\/Skizzenbuch_2-300x177.jpg\" alt=\"\" width=\"300\" height=\"177\" class=\"alignleft size-medium wp-image-5795\" srcset=\"https:\/\/blog.zhdk.ch\/kunstvermittlung\/files\/2017\/05\/Skizzenbuch_2-300x177.jpg 300w, https:\/\/blog.zhdk.ch\/kunstvermittlung\/files\/2017\/05\/Skizzenbuch_2-768x453.jpg 768w, https:\/\/blog.zhdk.ch\/kunstvermittlung\/files\/2017\/05\/Skizzenbuch_2-1024x603.jpg 1024w\" sizes=\"auto, (max-width: 300px) 100vw, 300px\" \/><br \/>\n<img loading=\"lazy\" decoding=\"async\" src=\"https:\/\/blog.zhdk.ch\/kunstvermittlung\/files\/2017\/05\/20170502_124129-300x169.jpg\" alt=\"\" width=\"300\" height=\"169\" class=\"alignleft size-medium wp-image-5935\" srcset=\"https:\/\/blog.zhdk.ch\/kunstvermittlung\/files\/2017\/05\/20170502_124129-300x169.jpg 300w, https:\/\/blog.zhdk.ch\/kunstvermittlung\/files\/2017\/05\/20170502_124129-768x432.jpg 768w, https:\/\/blog.zhdk.ch\/kunstvermittlung\/files\/2017\/05\/20170502_124129-1024x576.jpg 1024w\" sizes=\"auto, (max-width: 300px) 100vw, 300px\" \/><img loading=\"lazy\" decoding=\"async\" src=\"https:\/\/blog.zhdk.ch\/kunstvermittlung\/files\/2017\/05\/20170502_124303-1-300x169.jpg\" alt=\"\" width=\"300\" height=\"169\" class=\"alignleft size-medium wp-image-5941\" srcset=\"https:\/\/blog.zhdk.ch\/kunstvermittlung\/files\/2017\/05\/20170502_124303-1-300x169.jpg 300w, https:\/\/blog.zhdk.ch\/kunstvermittlung\/files\/2017\/05\/20170502_124303-1-768x432.jpg 768w, https:\/\/blog.zhdk.ch\/kunstvermittlung\/files\/2017\/05\/20170502_124303-1-1024x576.jpg 1024w\" sizes=\"auto, (max-width: 300px) 100vw, 300px\" \/><br \/>\n<\/em><br \/>\n<\/em><br \/>\n<\/em><br \/>\n<\/em><\/p>\n<h4>\u00a9 2017 &#8211; EIN PROJEKT VON STUDIERENDEN DES BACHELOR ART EDUCATION<\/h4>\n<p><\/em><br \/>\n<\/em><\/p>\n","protected":false},"excerpt":{"rendered":"<p>Mischa Yektay Ich bewege mich im Raum Olten mit einem Klappstuhl, drei Skizzenb\u00fcchern, einem Stift und einem Rucksack. W\u00e4hrend meiner Reise durch Olten, platziere ich mich in verschiedenen \u00f6ffentlichen R\u00e4umen und beginne zu zeichnen. Meine Zeichnungen sind frei und assoziativ, werden aber von der Umgebung, in der ich mich befinde, beeinflusst. \u00dcber meinen Auftritt und [&hellip;]<\/p>\n","protected":false},"author":342,"featured_media":0,"parent":5663,"menu_order":1,"comment_status":"closed","ping_status":"closed","template":"","meta":{"footnotes":""},"class_list":["post-5705","page","type-page","status-publish","czr-hentry"],"_links":{"self":[{"href":"https:\/\/blog.zhdk.ch\/kunstvermittlung\/wp-json\/wp\/v2\/pages\/5705","targetHints":{"allow":["GET"]}}],"collection":[{"href":"https:\/\/blog.zhdk.ch\/kunstvermittlung\/wp-json\/wp\/v2\/pages"}],"about":[{"href":"https:\/\/blog.zhdk.ch\/kunstvermittlung\/wp-json\/wp\/v2\/types\/page"}],"author":[{"embeddable":true,"href":"https:\/\/blog.zhdk.ch\/kunstvermittlung\/wp-json\/wp\/v2\/users\/342"}],"replies":[{"embeddable":true,"href":"https:\/\/blog.zhdk.ch\/kunstvermittlung\/wp-json\/wp\/v2\/comments?post=5705"}],"version-history":[{"count":19,"href":"https:\/\/blog.zhdk.ch\/kunstvermittlung\/wp-json\/wp\/v2\/pages\/5705\/revisions"}],"predecessor-version":[{"id":6137,"href":"https:\/\/blog.zhdk.ch\/kunstvermittlung\/wp-json\/wp\/v2\/pages\/5705\/revisions\/6137"}],"up":[{"embeddable":true,"href":"https:\/\/blog.zhdk.ch\/kunstvermittlung\/wp-json\/wp\/v2\/pages\/5663"}],"wp:attachment":[{"href":"https:\/\/blog.zhdk.ch\/kunstvermittlung\/wp-json\/wp\/v2\/media?parent=5705"}],"curies":[{"name":"wp","href":"https:\/\/api.w.org\/{rel}","templated":true}]}}