{"id":5723,"date":"2017-05-08T12:10:39","date_gmt":"2017-05-08T11:10:39","guid":{"rendered":"https:\/\/blog.zhdk.ch\/kunstvermittlung\/?page_id=5723"},"modified":"2017-05-28T14:15:49","modified_gmt":"2017-05-28T13:15:49","slug":"sinnesreise-durch-das-museum","status":"publish","type":"page","link":"https:\/\/blog.zhdk.ch\/kunstvermittlung\/voyage-voyage\/sinnesreise-durch-das-museum\/","title":{"rendered":"Sinnesreise durch das Museum"},"content":{"rendered":"<p>Anja Mayer<br \/>\n<\/em><br \/>\n<\/em><br \/>\nSchreitet man durch alle Stockwerke des Kunstmuseum Oltens, merkt man schnell, dass nicht nur<br \/>\ndie Augen, sondern auch die Ohren durch das Knarren der alten Holzb\u00f6den, beansprucht werden.<br \/>\nMein Projekt geht der Frage nach, wie ein Besuch erfahren wird, wenn jemand den f\u00fcr ein Museum wichtigsten Sinn nicht hat \u2013 den Sehsinn.<br \/>\n<\/em><br \/>\nMit einer Gruppe von blinden und sehbehinderten Menschen werden wir das Museum mit all<br \/>\nunseren Sinnen bereisen und dabei auch Kunstwerke der Ausstellung \u00abVoyage, voyage!\u00bb entdecken.<br \/>\nEs sollen Fragen besprochen werden wie:<br \/>\n Was interessiert den Kunstschaffenden am Reisen? Was interessiert mich?<br \/>\n Wie entdecke ich als Sehbehinderte_r einen mir unbekannten Ort?<br \/>\n Wie reise ich? Welche Erinnerung nehme ich in welcher Form mit?<br \/>\n<\/em><br \/>\nIn meinem Projekt verfolge ich die Absicht,\u00a0einen Kontakt\u00a0mit einer neuen Gruppe\u00a0herzustellen.<br \/>\nDiese zus\u00e4tzliche Schnittstelle soll Raum bieten f\u00fcr neue Fragen, f\u00fcr ein\u00a0anderes Vorgehen in<br \/>\nder Vermittlung und der Erarbeitung passender Formate. Mein Ziel ist, das Projekt so aufzubauen,<br \/>\ndass es eine Grundlage f\u00fcr eine weiterf\u00fchrende Zusammenarbeit bietet, damit solche<br \/>\nMuseumsbesuche zum Alltag werden k\u00f6nnen.<br \/>\n<\/em><br \/>\n<\/em><\/p>\n<h3>Das Projekt \u00abSinnesreise durch das Museum\u00bb startet am Freitag, 17. Juni 2017,<br \/>\nin der Ausstellung Voyage, voyage!<\/h3>\n<p><\/em><br \/>\n<\/em><br \/>\n<\/em><br \/>\n<\/em><\/p>\n<h4>\u00a9 2017 &#8211; EIN PROJEKT VON STUDIERENDEN DES BACHELOR ART EDUCATION<\/h4>\n<p><\/em><br \/>\n<\/em><\/p>\n","protected":false},"excerpt":{"rendered":"<p>Anja Mayer Schreitet man durch alle Stockwerke des Kunstmuseum Oltens, merkt man schnell, dass nicht nur die Augen, sondern auch die Ohren durch das Knarren der alten Holzb\u00f6den, beansprucht werden. Mein Projekt geht der Frage nach, wie ein Besuch erfahren wird, wenn jemand den f\u00fcr ein Museum wichtigsten Sinn nicht hat \u2013 den Sehsinn. Mit [&hellip;]<\/p>\n","protected":false},"author":342,"featured_media":0,"parent":5663,"menu_order":5,"comment_status":"closed","ping_status":"closed","template":"","meta":{"footnotes":""},"class_list":["post-5723","page","type-page","status-publish","czr-hentry"],"_links":{"self":[{"href":"https:\/\/blog.zhdk.ch\/kunstvermittlung\/wp-json\/wp\/v2\/pages\/5723","targetHints":{"allow":["GET"]}}],"collection":[{"href":"https:\/\/blog.zhdk.ch\/kunstvermittlung\/wp-json\/wp\/v2\/pages"}],"about":[{"href":"https:\/\/blog.zhdk.ch\/kunstvermittlung\/wp-json\/wp\/v2\/types\/page"}],"author":[{"embeddable":true,"href":"https:\/\/blog.zhdk.ch\/kunstvermittlung\/wp-json\/wp\/v2\/users\/342"}],"replies":[{"embeddable":true,"href":"https:\/\/blog.zhdk.ch\/kunstvermittlung\/wp-json\/wp\/v2\/comments?post=5723"}],"version-history":[{"count":15,"href":"https:\/\/blog.zhdk.ch\/kunstvermittlung\/wp-json\/wp\/v2\/pages\/5723\/revisions"}],"predecessor-version":[{"id":6113,"href":"https:\/\/blog.zhdk.ch\/kunstvermittlung\/wp-json\/wp\/v2\/pages\/5723\/revisions\/6113"}],"up":[{"embeddable":true,"href":"https:\/\/blog.zhdk.ch\/kunstvermittlung\/wp-json\/wp\/v2\/pages\/5663"}],"wp:attachment":[{"href":"https:\/\/blog.zhdk.ch\/kunstvermittlung\/wp-json\/wp\/v2\/media?parent=5723"}],"curies":[{"name":"wp","href":"https:\/\/api.w.org\/{rel}","templated":true}]}}