{"id":5765,"date":"2017-05-08T11:55:17","date_gmt":"2017-05-08T10:55:17","guid":{"rendered":"https:\/\/blog.zhdk.ch\/kunstvermittlung\/?page_id=5765"},"modified":"2017-06-27T11:25:19","modified_gmt":"2017-06-27T10:25:19","slug":"reisebuero-fuer-imaginaere-reisen","status":"publish","type":"page","link":"https:\/\/blog.zhdk.ch\/kunstvermittlung\/voyage-voyage\/reisebuero-fuer-imaginaere-reisen\/","title":{"rendered":"Reiseb\u00fcro f\u00fcr imagin\u00e4re Reisen &#8211;"},"content":{"rendered":"<p>Lea Krieg<br \/>\n<\/em><br \/>\n<\/em><br \/>\nIm Zentrum steht das Sprechen \u00fcber imagin\u00e4re Reise-W\u00fcnsche<br \/>\n<\/em><br \/>\nIn einer ersten Vermittlungssequenz bewege ich mich mit einem Bauchladen im \u00f6ffentlichen Raum<br \/>\nund komme so mit Bewohner_innen von Olten in Kontakt. Meine Fragestellung kreist rund um ihr imagin\u00e4res Wunsch-Reiseziel. Ich m\u00f6chte herausfinden, was die damit verbundene Faszination ist<br \/>\nund wie ihr ureigenes Bild von diesem Ort aussieht.<br \/>\n<\/em><br \/>\nDas Reiseziel wird auf einen Button geschrieben, welcher behalten werden darf und \u00f6ffentlich<br \/>\ngetragen wird. Der Button funktioniert als Erinnerung an das gef\u00fchrte Gespr\u00e4ch.<br \/>\nDas \u00abReiseb\u00fcro f\u00fcr imagin\u00e4re Reisen\u00bb ist auch auf Instagram vertreten und postet fortlaufend<br \/>\ndie entstandenen Buttons unter dem Hashtag: voyagevoyageolten.<br \/>\n<\/em><br \/>\nAls zweite Vermittlungssequenz bin ich im Juli 2017 an einzelnen Tagen im Projektraum des Kunstmuseum Olten pr\u00e4sent. Die Erlebnisse und Erkenntnisse rund um meine Aktion im \u00f6ffentlichen Raum werden dort ausgestellt sein.<br \/>\nMir ist es ein Anliegen, w\u00e4hrend meiner Anwesenheit interessierten Museumsbesucher unser Kooperationsprojekt n\u00e4her zu bringen und Gespr\u00e4che rund um die Ausstellung zu erm\u00f6glichen.<br \/>\n<\/em><br \/>\n<\/em><br \/>\n<img loading=\"lazy\" decoding=\"async\" src=\"https:\/\/blog.zhdk.ch\/kunstvermittlung\/files\/2017\/05\/2017-04-27-14.21.05-300x282.jpg\" alt=\"\" width=\"300\" height=\"282\" class=\"alignleft size-medium wp-image-5825\" srcset=\"https:\/\/blog.zhdk.ch\/kunstvermittlung\/files\/2017\/05\/2017-04-27-14.21.05-300x282.jpg 300w, https:\/\/blog.zhdk.ch\/kunstvermittlung\/files\/2017\/05\/2017-04-27-14.21.05-768x723.jpg 768w, https:\/\/blog.zhdk.ch\/kunstvermittlung\/files\/2017\/05\/2017-04-27-14.21.05-1024x964.jpg 1024w\" sizes=\"auto, (max-width: 300px) 100vw, 300px\" \/><img loading=\"lazy\" decoding=\"async\" src=\"https:\/\/blog.zhdk.ch\/kunstvermittlung\/files\/2017\/05\/2017-04-27-14.24.27-300x267.jpg\" alt=\"\" width=\"300\" height=\"267\" class=\"alignleft size-medium wp-image-5821\" srcset=\"https:\/\/blog.zhdk.ch\/kunstvermittlung\/files\/2017\/05\/2017-04-27-14.24.27-300x267.jpg 300w, https:\/\/blog.zhdk.ch\/kunstvermittlung\/files\/2017\/05\/2017-04-27-14.24.27-768x683.jpg 768w, https:\/\/blog.zhdk.ch\/kunstvermittlung\/files\/2017\/05\/2017-04-27-14.24.27-1024x911.jpg 1024w\" sizes=\"auto, (max-width: 300px) 100vw, 300px\" \/><br \/>\n<img loading=\"lazy\" decoding=\"async\" src=\"https:\/\/blog.zhdk.ch\/kunstvermittlung\/files\/2017\/05\/2017-04-27-14.01.59-300x236.jpg\" alt=\"\" width=\"300\" height=\"236\" class=\"alignleft size-medium wp-image-5819\" srcset=\"https:\/\/blog.zhdk.ch\/kunstvermittlung\/files\/2017\/05\/2017-04-27-14.01.59-300x236.jpg 300w, https:\/\/blog.zhdk.ch\/kunstvermittlung\/files\/2017\/05\/2017-04-27-14.01.59-768x603.jpg 768w, https:\/\/blog.zhdk.ch\/kunstvermittlung\/files\/2017\/05\/2017-04-27-14.01.59-1024x805.jpg 1024w\" sizes=\"auto, (max-width: 300px) 100vw, 300px\" \/><img loading=\"lazy\" decoding=\"async\" src=\"https:\/\/blog.zhdk.ch\/kunstvermittlung\/files\/2017\/05\/DSC06943-300x225.jpg\" alt=\"\" width=\"300\" height=\"225\" class=\"alignleft size-medium wp-image-5925\" srcset=\"https:\/\/blog.zhdk.ch\/kunstvermittlung\/files\/2017\/05\/DSC06943-300x225.jpg 300w, https:\/\/blog.zhdk.ch\/kunstvermittlung\/files\/2017\/05\/DSC06943-768x576.jpg 768w, https:\/\/blog.zhdk.ch\/kunstvermittlung\/files\/2017\/05\/DSC06943-1024x768.jpg 1024w\" sizes=\"auto, (max-width: 300px) 100vw, 300px\" \/><br \/>\n<img loading=\"lazy\" decoding=\"async\" src=\"https:\/\/blog.zhdk.ch\/kunstvermittlung\/files\/2017\/05\/DSC06950-300x225.jpg\" alt=\"\" width=\"300\" height=\"225\" class=\"alignleft size-medium wp-image-5929\" srcset=\"https:\/\/blog.zhdk.ch\/kunstvermittlung\/files\/2017\/05\/DSC06950-300x225.jpg 300w, https:\/\/blog.zhdk.ch\/kunstvermittlung\/files\/2017\/05\/DSC06950-768x576.jpg 768w, https:\/\/blog.zhdk.ch\/kunstvermittlung\/files\/2017\/05\/DSC06950-1024x768.jpg 1024w\" sizes=\"auto, (max-width: 300px) 100vw, 300px\" \/><br \/>\n<\/em><br \/>\n<img loading=\"lazy\" decoding=\"async\" src=\"https:\/\/blog.zhdk.ch\/kunstvermittlung\/files\/2017\/05\/DSC06997-300x225.jpg\" alt=\"\" width=\"300\" height=\"225\" class=\"alignleft size-medium wp-image-6057\" srcset=\"https:\/\/blog.zhdk.ch\/kunstvermittlung\/files\/2017\/05\/DSC06997-300x225.jpg 300w, https:\/\/blog.zhdk.ch\/kunstvermittlung\/files\/2017\/05\/DSC06997-768x576.jpg 768w, https:\/\/blog.zhdk.ch\/kunstvermittlung\/files\/2017\/05\/DSC06997-1024x768.jpg 1024w\" sizes=\"auto, (max-width: 300px) 100vw, 300px\" \/><br \/>\n<img loading=\"lazy\" decoding=\"async\" src=\"https:\/\/blog.zhdk.ch\/kunstvermittlung\/files\/2017\/05\/DSC07004-300x225.jpg\" alt=\"\" width=\"300\" height=\"225\" class=\"alignleft size-medium wp-image-6051\" srcset=\"https:\/\/blog.zhdk.ch\/kunstvermittlung\/files\/2017\/05\/DSC07004-300x225.jpg 300w, https:\/\/blog.zhdk.ch\/kunstvermittlung\/files\/2017\/05\/DSC07004-768x576.jpg 768w, https:\/\/blog.zhdk.ch\/kunstvermittlung\/files\/2017\/05\/DSC07004-1024x768.jpg 1024w\" sizes=\"auto, (max-width: 300px) 100vw, 300px\" \/><img loading=\"lazy\" decoding=\"async\" src=\"https:\/\/blog.zhdk.ch\/kunstvermittlung\/files\/2017\/05\/DSC07012_b-300x220.jpg\" alt=\"\" width=\"300\" height=\"220\" class=\"alignleft size-medium wp-image-6127\" srcset=\"https:\/\/blog.zhdk.ch\/kunstvermittlung\/files\/2017\/05\/DSC07012_b-300x220.jpg 300w, https:\/\/blog.zhdk.ch\/kunstvermittlung\/files\/2017\/05\/DSC07012_b-768x562.jpg 768w, https:\/\/blog.zhdk.ch\/kunstvermittlung\/files\/2017\/05\/DSC07012_b-1024x750.jpg 1024w\" sizes=\"auto, (max-width: 300px) 100vw, 300px\" \/><br \/>\n<\/em><\/p>\n<h3>Imagin\u00e4re Reiseziele auf den Buttons<\/h3>\n<p><\/em><br \/>\n<img loading=\"lazy\" decoding=\"async\" src=\"https:\/\/blog.zhdk.ch\/kunstvermittlung\/files\/2017\/05\/Buttons-300x296.jpg\" alt=\"\" width=\"300\" height=\"296\" class=\"alignleft size-medium wp-image-5827\" srcset=\"https:\/\/blog.zhdk.ch\/kunstvermittlung\/files\/2017\/05\/Buttons-300x296.jpg 300w, https:\/\/blog.zhdk.ch\/kunstvermittlung\/files\/2017\/05\/Buttons-768x758.jpg 768w, https:\/\/blog.zhdk.ch\/kunstvermittlung\/files\/2017\/05\/Buttons-1024x1010.jpg 1024w, https:\/\/blog.zhdk.ch\/kunstvermittlung\/files\/2017\/05\/Buttons.jpg 1952w\" sizes=\"auto, (max-width: 300px) 100vw, 300px\" \/><br \/>\n<img loading=\"lazy\" decoding=\"async\" src=\"https:\/\/blog.zhdk.ch\/kunstvermittlung\/files\/2017\/05\/2017-05-11-17.35.06-e1496752149758-225x300.jpg\" alt=\"\" width=\"225\" height=\"300\" class=\"alignleft size-medium wp-image-6001\" srcset=\"https:\/\/blog.zhdk.ch\/kunstvermittlung\/files\/2017\/05\/2017-05-11-17.35.06-e1496752149758-225x300.jpg 225w, https:\/\/blog.zhdk.ch\/kunstvermittlung\/files\/2017\/05\/2017-05-11-17.35.06-e1496752149758-768x1024.jpg 768w\" sizes=\"auto, (max-width: 225px) 100vw, 225px\" \/><img loading=\"lazy\" decoding=\"async\" src=\"https:\/\/blog.zhdk.ch\/kunstvermittlung\/files\/2017\/05\/2017-05-11-15.35.33-300x225.jpg\" alt=\"\" width=\"300\" height=\"225\" class=\"alignleft size-medium wp-image-5999\" srcset=\"https:\/\/blog.zhdk.ch\/kunstvermittlung\/files\/2017\/05\/2017-05-11-15.35.33-300x225.jpg 300w, https:\/\/blog.zhdk.ch\/kunstvermittlung\/files\/2017\/05\/2017-05-11-15.35.33-768x576.jpg 768w, https:\/\/blog.zhdk.ch\/kunstvermittlung\/files\/2017\/05\/2017-05-11-15.35.33-1024x768.jpg 1024w\" sizes=\"auto, (max-width: 300px) 100vw, 300px\" \/><img loading=\"lazy\" decoding=\"async\" src=\"https:\/\/blog.zhdk.ch\/kunstvermittlung\/files\/2017\/05\/2017-05-10-15.46.10-300x225.jpg\" alt=\"\" width=\"300\" height=\"225\" class=\"alignleft size-medium wp-image-5997\" srcset=\"https:\/\/blog.zhdk.ch\/kunstvermittlung\/files\/2017\/05\/2017-05-10-15.46.10-300x225.jpg 300w, https:\/\/blog.zhdk.ch\/kunstvermittlung\/files\/2017\/05\/2017-05-10-15.46.10-768x576.jpg 768w, https:\/\/blog.zhdk.ch\/kunstvermittlung\/files\/2017\/05\/2017-05-10-15.46.10-1024x768.jpg 1024w\" sizes=\"auto, (max-width: 300px) 100vw, 300px\" \/><img loading=\"lazy\" decoding=\"async\" src=\"https:\/\/blog.zhdk.ch\/kunstvermittlung\/files\/2017\/05\/2017-05-10-15.29.14-300x225.jpg\" alt=\"\" width=\"300\" height=\"225\" class=\"alignleft size-medium wp-image-5995\" srcset=\"https:\/\/blog.zhdk.ch\/kunstvermittlung\/files\/2017\/05\/2017-05-10-15.29.14-300x225.jpg 300w, https:\/\/blog.zhdk.ch\/kunstvermittlung\/files\/2017\/05\/2017-05-10-15.29.14-768x576.jpg 768w, https:\/\/blog.zhdk.ch\/kunstvermittlung\/files\/2017\/05\/2017-05-10-15.29.14-1024x768.jpg 1024w\" sizes=\"auto, (max-width: 300px) 100vw, 300px\" \/><br \/>\n<\/em><\/p>\n<h3>Besuche die <a href=\"https:\/\/www.instagram.com\/reisebuerofuerimaginaerereisen\/?hl=de\" target=\"_blank\">Buttonsammlung<\/a> auf Instagram<\/h3>\n<p><\/em><br \/>\n<\/em><br \/>\n<\/em><\/p>\n<h4>Auswahl Zitate von der Strasse<\/h4>\n<p><\/em><br \/>\nButton: Reise zum Mond<br \/>\n\u00abDie Reise ZUM Mond fasziniert mich; der Weg dahin.\u00bb<br \/>\nMann (ca. 29)<br \/>\n<\/em><br \/>\nButton: Wunderkammer<br \/>\n\u00abIch m\u00f6chte alle Schubladen einmal \u00f6ffnen.\u00bb<br \/>\nMann (ca. 40)<br \/>\n<\/em><br \/>\nButton: Unterwasserdorf<br \/>\n\u00abEs gibt dort so kleine Dinge, wie G\u00e4rten.\u00bb<br \/>\nFrau (21)<br \/>\n<\/em><br \/>\nButton: Wolke<br \/>\n\u00abEs gef\u00e4llt mir immer sehr, aus dem Flugzeug auf die Wolken zu schauen.\u00bb<br \/>\nMann (ca. 28)<br \/>\n<\/em><br \/>\nButton: Casa<br \/>\n\u00abIch bin Hausfrau. Es gibt keinen imagin\u00e4ren Wunschort.\u00bb<br \/>\nFrau (ca. 55)<br \/>\n<\/em><br \/>\nButton: Hinter dem Mond<br \/>\n\u00abDieser Redewendung auf die Spur gehen.\u00bb<br \/>\nMann (46)<br \/>\n<\/em><br \/>\nButton: Schiff auf Meer\/Sonne\/H\u00e4uschen<br \/>\n\u00abS\u00fcditalien &#8211; zur\u00fcck zu meinem Geburtsort.\u00bb<br \/>\nMann (ca. 38)<br \/>\n<\/em><br \/>\nButton: A de Aare<br \/>\n\u00abWenn ich eine K\u00fcnstlerin w\u00e4re, m\u00fcsste ich viel reisen, um Ideen zu sammeln.<br \/>\nHier h\u00e4tte ich keine!\u00bb<br \/>\nFrau (ca. 68)<br \/>\n<\/em><br \/>\n<\/em><br \/>\n<\/em><br \/>\n<\/em><\/p>\n<h4>\u00a9 2017 &#8211; EIN PROJEKT VON STUDIERENDEN DES BACHELOR ART EDUCATION<\/h4>\n<p><\/em><br \/>\n<\/em><\/p>\n","protected":false},"excerpt":{"rendered":"<p>Lea Krieg Im Zentrum steht das Sprechen \u00fcber imagin\u00e4re Reise-W\u00fcnsche In einer ersten Vermittlungssequenz bewege ich mich mit einem Bauchladen im \u00f6ffentlichen Raum und komme so mit Bewohner_innen von Olten in Kontakt. Meine Fragestellung kreist rund um ihr imagin\u00e4res Wunsch-Reiseziel. Ich m\u00f6chte herausfinden, was die damit verbundene Faszination ist und wie ihr ureigenes Bild von [&hellip;]<\/p>\n","protected":false},"author":342,"featured_media":0,"parent":5663,"menu_order":2,"comment_status":"closed","ping_status":"closed","template":"","meta":{"footnotes":""},"class_list":["post-5765","page","type-page","status-publish","czr-hentry"],"_links":{"self":[{"href":"https:\/\/blog.zhdk.ch\/kunstvermittlung\/wp-json\/wp\/v2\/pages\/5765","targetHints":{"allow":["GET"]}}],"collection":[{"href":"https:\/\/blog.zhdk.ch\/kunstvermittlung\/wp-json\/wp\/v2\/pages"}],"about":[{"href":"https:\/\/blog.zhdk.ch\/kunstvermittlung\/wp-json\/wp\/v2\/types\/page"}],"author":[{"embeddable":true,"href":"https:\/\/blog.zhdk.ch\/kunstvermittlung\/wp-json\/wp\/v2\/users\/342"}],"replies":[{"embeddable":true,"href":"https:\/\/blog.zhdk.ch\/kunstvermittlung\/wp-json\/wp\/v2\/comments?post=5765"}],"version-history":[{"count":42,"href":"https:\/\/blog.zhdk.ch\/kunstvermittlung\/wp-json\/wp\/v2\/pages\/5765\/revisions"}],"predecessor-version":[{"id":6205,"href":"https:\/\/blog.zhdk.ch\/kunstvermittlung\/wp-json\/wp\/v2\/pages\/5765\/revisions\/6205"}],"up":[{"embeddable":true,"href":"https:\/\/blog.zhdk.ch\/kunstvermittlung\/wp-json\/wp\/v2\/pages\/5663"}],"wp:attachment":[{"href":"https:\/\/blog.zhdk.ch\/kunstvermittlung\/wp-json\/wp\/v2\/media?parent=5765"}],"curies":[{"name":"wp","href":"https:\/\/api.w.org\/{rel}","templated":true}]}}