{"id":5777,"date":"2017-05-08T12:14:22","date_gmt":"2017-05-08T11:14:22","guid":{"rendered":"https:\/\/blog.zhdk.ch\/kunstvermittlung\/?page_id=5777"},"modified":"2017-06-27T11:19:26","modified_gmt":"2017-06-27T10:19:26","slug":"heimweh-auf-reisen","status":"publish","type":"page","link":"https:\/\/blog.zhdk.ch\/kunstvermittlung\/voyage-voyage\/heimweh-auf-reisen\/","title":{"rendered":"Heimweh auf Reisen"},"content":{"rendered":"<p>Rachel Pl\u00fcss<br \/>\n<\/em><br \/>\n<\/em><br \/>\nDas Reisen ist zum Hype geworden. Im Rahmen der Ausstellung \u00abVoyage, voyage! \u00dcber das Reisen<br \/>\nin der Kunst\u00bb im Kunstmuseums Olten, setze ich mich mit der verborgenen Thematik des Heimwehs<br \/>\nauf der Reise auseinander.<br \/>\n<\/em><br \/>\nWie steht es um das Heimweh in der Oltner Bev\u00f6lkerung?<br \/>\nKennt man dieses Gef\u00fchl noch?<br \/>\nWie wird es beschrieben?<br \/>\nWie geht man mit dem Heimweh um?<br \/>\n<\/em><br \/>\nMein Werkzeug dabei ist die Erika Schreibmaschine. Mit ihr protokolliere ich die Gespr\u00e4che und<br \/>\nfiltere die Tagesessenz aus den Gespr\u00e4chen heraus.<br \/>\n<\/em><br \/>\nDiese Essenzen werde ich im Projektraum vom 3. bis 23. Juli 2017 im Kunstmuseums Olten pr\u00e4sentieren. Die Personen, mit denen ich das Gespr\u00e4ch zum Heimweh gef\u00fchrt habe, werden sich so im Museum wiederfinden.<br \/>\n<\/em><br \/>\n<\/em><br \/>\n<img loading=\"lazy\" decoding=\"async\" src=\"https:\/\/blog.zhdk.ch\/kunstvermittlung\/files\/2017\/05\/IMG_2778-300x225.jpg\" alt=\"\" width=\"300\" height=\"225\" class=\"alignleft size-medium wp-image-5955\" srcset=\"https:\/\/blog.zhdk.ch\/kunstvermittlung\/files\/2017\/05\/IMG_2778-300x225.jpg 300w, https:\/\/blog.zhdk.ch\/kunstvermittlung\/files\/2017\/05\/IMG_2778-768x576.jpg 768w, https:\/\/blog.zhdk.ch\/kunstvermittlung\/files\/2017\/05\/IMG_2778-1024x768.jpg 1024w, https:\/\/blog.zhdk.ch\/kunstvermittlung\/files\/2017\/05\/IMG_2778.jpg 1600w\" sizes=\"auto, (max-width: 300px) 100vw, 300px\" \/><br \/>\n<img loading=\"lazy\" decoding=\"async\" src=\"https:\/\/blog.zhdk.ch\/kunstvermittlung\/files\/2017\/05\/DSC06961-300x225.jpg\" alt=\"\" width=\"300\" height=\"225\" class=\"alignleft size-medium wp-image-6101\" srcset=\"https:\/\/blog.zhdk.ch\/kunstvermittlung\/files\/2017\/05\/DSC06961-300x225.jpg 300w, https:\/\/blog.zhdk.ch\/kunstvermittlung\/files\/2017\/05\/DSC06961-768x576.jpg 768w, https:\/\/blog.zhdk.ch\/kunstvermittlung\/files\/2017\/05\/DSC06961-1024x768.jpg 1024w\" sizes=\"auto, (max-width: 300px) 100vw, 300px\" \/><img loading=\"lazy\" decoding=\"async\" src=\"https:\/\/blog.zhdk.ch\/kunstvermittlung\/files\/2017\/05\/DSC06964-300x225.jpg\" alt=\"\" width=\"300\" height=\"225\" class=\"alignleft size-medium wp-image-6105\" srcset=\"https:\/\/blog.zhdk.ch\/kunstvermittlung\/files\/2017\/05\/DSC06964-300x225.jpg 300w, https:\/\/blog.zhdk.ch\/kunstvermittlung\/files\/2017\/05\/DSC06964-768x576.jpg 768w, https:\/\/blog.zhdk.ch\/kunstvermittlung\/files\/2017\/05\/DSC06964-1024x768.jpg 1024w\" sizes=\"auto, (max-width: 300px) 100vw, 300px\" \/><br \/>\n<\/em><br \/>\n<\/em><br \/>\n<\/em><\/p>\n<h4>Ausz\u00fcge aus Gespr\u00e4chen zum Thema Heimweh<\/h4>\n<p><\/em><br \/>\n\u00abDie Verwurzelung ist ein ganz wichtiger Teil des Lebens. Wenn ich mir vorstelle, ein Tal wo man lebt wird durch einen Staudamm \u00fcberschwemmt&#8230;das w\u00e4re ganz schlimm.\u00bb<br \/>\n<\/em><br \/>\n\u00abMan merkt einfach, was toll ist an der Schweiz, wenn man auf Reisen ist. Ganz banale Dinge. Zum Beispiel vermisse ich dann manchmal den Wasserdruck, Hahnenwasser oder saubere Klos.\u00bb<br \/>\n<\/em><br \/>\n\u00abIch finde es ein sehr wichtiges Gef\u00fchl. Es spiegelt uns unsere Befindlichkeit und man realisiert, was einem wichtig ist.\u00bb<br \/>\n<\/em><br \/>\n\u00abOhne das Fremde oder einen Verlust g\u00e4be es dieses Gef\u00fchl nicht.\u00bb<br \/>\n<\/em><br \/>\n\u00abDas Ged\u00e4chtnis ist eigentlich unser gr\u00f6sster L\u00fcgenbunker. Es biegt die Wahrheiten zurecht und wir k\u00f6nnen nicht mehr genau sagen, ob es nun wirklich passiert ist oder ob wir die Situation nur noch aus dem Fotoalbum kennen.\u00bb<br \/>\n<\/em><br \/>\n<\/em><br \/>\n<\/em><br \/>\n<\/em><\/p>\n<h4>\u00a9 2017 &#8211; EIN PROJEKT VON STUDIERENDEN DES BACHELOR ART EDUCATION<\/h4>\n<p><\/em><br \/>\n<\/em><\/p>\n","protected":false},"excerpt":{"rendered":"<p>Rachel Pl\u00fcss Das Reisen ist zum Hype geworden. Im Rahmen der Ausstellung \u00abVoyage, voyage! \u00dcber das Reisen in der Kunst\u00bb im Kunstmuseums Olten, setze ich mich mit der verborgenen Thematik des Heimwehs auf der Reise auseinander. Wie steht es um das Heimweh in der Oltner Bev\u00f6lkerung? Kennt man dieses Gef\u00fchl noch? Wie wird es beschrieben? [&hellip;]<\/p>\n","protected":false},"author":342,"featured_media":0,"parent":5663,"menu_order":4,"comment_status":"closed","ping_status":"closed","template":"","meta":{"footnotes":""},"class_list":["post-5777","page","type-page","status-publish","czr-hentry"],"_links":{"self":[{"href":"https:\/\/blog.zhdk.ch\/kunstvermittlung\/wp-json\/wp\/v2\/pages\/5777","targetHints":{"allow":["GET"]}}],"collection":[{"href":"https:\/\/blog.zhdk.ch\/kunstvermittlung\/wp-json\/wp\/v2\/pages"}],"about":[{"href":"https:\/\/blog.zhdk.ch\/kunstvermittlung\/wp-json\/wp\/v2\/types\/page"}],"author":[{"embeddable":true,"href":"https:\/\/blog.zhdk.ch\/kunstvermittlung\/wp-json\/wp\/v2\/users\/342"}],"replies":[{"embeddable":true,"href":"https:\/\/blog.zhdk.ch\/kunstvermittlung\/wp-json\/wp\/v2\/comments?post=5777"}],"version-history":[{"count":20,"href":"https:\/\/blog.zhdk.ch\/kunstvermittlung\/wp-json\/wp\/v2\/pages\/5777\/revisions"}],"predecessor-version":[{"id":6199,"href":"https:\/\/blog.zhdk.ch\/kunstvermittlung\/wp-json\/wp\/v2\/pages\/5777\/revisions\/6199"}],"up":[{"embeddable":true,"href":"https:\/\/blog.zhdk.ch\/kunstvermittlung\/wp-json\/wp\/v2\/pages\/5663"}],"wp:attachment":[{"href":"https:\/\/blog.zhdk.ch\/kunstvermittlung\/wp-json\/wp\/v2\/media?parent=5777"}],"curies":[{"name":"wp","href":"https:\/\/api.w.org\/{rel}","templated":true}]}}