{"id":681,"date":"2011-05-15T16:00:24","date_gmt":"2011-05-15T15:00:24","guid":{"rendered":"https:\/\/blog.zhdk.ch\/kunstvermittlung\/?page_id=681"},"modified":"2011-07-14T08:16:22","modified_gmt":"2011-07-14T07:16:22","slug":"gesprachsauszuge-machenpalaver","status":"publish","type":"page","link":"https:\/\/blog.zhdk.ch\/kunstvermittlung\/vergangene-projekte-kunstvermittlung\/und-anders\/maschenpalaver\/gesprachsauszuge-machenpalaver\/","title":{"rendered":"Gespr\u00e4chsausz\u00fcge Maschenpalaver"},"content":{"rendered":"<p><\/em><br \/>\n<\/em><br \/>\nGespr\u00e4chsauszug vom 13. April 2011 \/ Spital Sanitas \/ Frau A. S.:<br \/>\n<em>\u00abDiese Technik braucht Zeit zu Beginn, doch danach willst du nicht mehr aufh\u00f6ren!\u00bb<\/em><\/p>\n<p>Gespr\u00e4chsauszug vom 24. M\u00e4rz 2011 \/ Museum f\u00fcr Gestaltung \/ Herr M. I.:<br \/>\n<em>\u00abNein, nein, ich m\u00f6chte nicht stricken. Ich bin zu ungeschickt!<\/em><br \/>\n<em> &#8230;Kn\u00f6pfe n\u00e4ht meine Frau an.<\/em><br \/>\n<em> Bei mir im Dorf in der Westpfalz haben die Frauen noch gestrickt. Ich habe es nie gelernt. <\/em><br \/>\n<em>Ich weiss gar nicht, ob heute noch gestrickt wird. Die Jungen haben doch andere Interessen.\u00bb<\/em><\/p>\n<p>Gespr\u00e4chsauszug vom 28. M\u00e4rz 2011 \/ Zugspendlerin \/ Frau C. K.:<br \/>\n<em>\u00abEs ist irgendwie beruhigend und ich kann so richtig \u2039abschalten\u203a. Diese Techniken katapultieren <\/em><br \/>\n<em>mich immer in die Vergangenheit. Erinnerungen meiner Grossmutter tauchen auf. Ein tolles, <\/em><br \/>\n<em>magisches <\/em><em>Gef\u00fchl, jedoch kann ich jeweils nicht zu lange stricken, sonst werde ich ganz \u2039kribbelig\u203a.\u00bb<\/em><\/p>\n<p>Gespr\u00e4chsauszug vom 19. April 2011 \/ Seepromenade Seefeld \/ Frau G. T.:<br \/>\n<em>\u00abIch habe gerade gestern so ein \u201el\u00e4ssiges\u201c Chilet in einer Zeitschrift gesehen. <\/em><br \/>\n<em>So sch\u00f6n bunt&#8230;das macht richtig Lust, wieder zu h\u00e4keln.\u00bb<\/em><\/p>\n<p>Gespr\u00e4chsauszug vom 19. April 2011 \/ Seepromenade Seefeld \/ Herr Z. J.:<br \/>\n<em>\u00abMein Sohn muss immer etwas Kreatives machen. Er malt viel, sammelt alle seine Bilder <\/em><br \/>\n<em>und fasst dann immer alles zu einem Heft \u2013 so einem sch\u00f6nen Buch \u2013 zusammen. Diese kreative Ader hat er.<\/em><br \/>\n<em> Ich bin nicht so der Maler. Ich habs mehr mit Zahlen.\u00bb<\/em><\/p>\n<p>Gespr\u00e4chsauszug vom 19. April 2011 \/ Seepromenade Seefeld \/ Frau A. Sch.:<br \/>\n<em>\u00abStricken Sie da mit Plastik? Das sieht ja mega cool aus. Ich habe auch schon viel so gestrickt <\/em><br \/>\n<em>und geh\u00e4kelt, z.B. eine M\u00fctze. Da k\u00f6nnte ich ja zu Hause einen Regenhut h\u00e4keln, dass w\u00e4re <\/em><br \/>\n<em>bestimmt noch cool.\u00bb<\/em><br \/>\n<\/em><br \/>\n<\/em><br \/>\nH\u00f6rprobe Maschenpalaver:<br \/>\n<a href=\"https:\/\/blog.zhdk.ch\/kunstvermittlung\/files\/2011\/05\/audiogeschichten.mp3\">_audiogeschichten<\/a><br \/>\n<\/em><br \/>\n<\/em><br \/>\n<\/em><br \/>\n<\/em><\/p>\n<h4>EIN PROJEKT von studierenden des BACHELOR OF ARTS IN VERMITTLUNG VON KUNST UND DESIGN<\/h4>\n","protected":false},"excerpt":{"rendered":"<p>Gespr\u00e4chsauszug vom 13. April 2011 \/ Spital Sanitas \/ Frau A. S.: \u00abDiese Technik braucht Zeit zu Beginn, doch danach willst du nicht mehr aufh\u00f6ren!\u00bb Gespr\u00e4chsauszug vom 24. M\u00e4rz 2011 \/ Museum f\u00fcr Gestaltung \/ Herr M. I.: \u00abNein, nein, ich m\u00f6chte nicht stricken. Ich bin zu ungeschickt! &#8230;Kn\u00f6pfe n\u00e4ht meine Frau an. Bei mir [&hellip;]<\/p>\n","protected":false},"author":342,"featured_media":0,"parent":549,"menu_order":0,"comment_status":"closed","ping_status":"closed","template":"","meta":{"footnotes":""},"class_list":["post-681","page","type-page","status-publish","czr-hentry"],"_links":{"self":[{"href":"https:\/\/blog.zhdk.ch\/kunstvermittlung\/wp-json\/wp\/v2\/pages\/681","targetHints":{"allow":["GET"]}}],"collection":[{"href":"https:\/\/blog.zhdk.ch\/kunstvermittlung\/wp-json\/wp\/v2\/pages"}],"about":[{"href":"https:\/\/blog.zhdk.ch\/kunstvermittlung\/wp-json\/wp\/v2\/types\/page"}],"author":[{"embeddable":true,"href":"https:\/\/blog.zhdk.ch\/kunstvermittlung\/wp-json\/wp\/v2\/users\/342"}],"replies":[{"embeddable":true,"href":"https:\/\/blog.zhdk.ch\/kunstvermittlung\/wp-json\/wp\/v2\/comments?post=681"}],"version-history":[{"count":26,"href":"https:\/\/blog.zhdk.ch\/kunstvermittlung\/wp-json\/wp\/v2\/pages\/681\/revisions"}],"predecessor-version":[{"id":1307,"href":"https:\/\/blog.zhdk.ch\/kunstvermittlung\/wp-json\/wp\/v2\/pages\/681\/revisions\/1307"}],"up":[{"embeddable":true,"href":"https:\/\/blog.zhdk.ch\/kunstvermittlung\/wp-json\/wp\/v2\/pages\/549"}],"wp:attachment":[{"href":"https:\/\/blog.zhdk.ch\/kunstvermittlung\/wp-json\/wp\/v2\/media?parent=681"}],"curies":[{"name":"wp","href":"https:\/\/api.w.org\/{rel}","templated":true}]}}