{"id":7,"date":"2010-05-12T12:27:49","date_gmt":"2010-05-12T11:27:49","guid":{"rendered":"https:\/\/blog.zhdk.ch\/kunstvermittlung\/?page_id=7"},"modified":"2011-08-26T09:07:00","modified_gmt":"2011-08-26T08:07:00","slug":"normkleid-meinkleid","status":"publish","type":"page","link":"https:\/\/blog.zhdk.ch\/kunstvermittlung\/vergangene-projekte-kunstvermittlung\/archiv-kunstvermittlung\/normkleid-meinkleid\/","title":{"rendered":"Normkleid &#8211; Meinkleid"},"content":{"rendered":"<p>Alexandra Jaggi, Studentin ZHdK<br \/>\n<strong> <\/strong><br \/>\n<a href=\"https:\/\/blog.zhdk.ch\/kunstvermittlung\/files\/2010\/05\/CIMG5280-Kopie.jpg\" rel=\"lightbox[7]\"><img loading=\"lazy\" decoding=\"async\" class=\"alignleft size-medium wp-image-145\" src=\"https:\/\/blog.zhdk.ch\/kunstvermittlung\/files\/2010\/05\/CIMG5280-Kopie-300x225.jpg\" alt=\"\" width=\"300\" height=\"225\" srcset=\"https:\/\/blog.zhdk.ch\/kunstvermittlung\/files\/2010\/05\/CIMG5280-Kopie-300x225.jpg 300w, https:\/\/blog.zhdk.ch\/kunstvermittlung\/files\/2010\/05\/CIMG5280-Kopie-1024x768.jpg 1024w\" sizes=\"auto, (max-width: 300px) 100vw, 300px\" \/><\/a><a href=\"https:\/\/blog.zhdk.ch\/kunstvermittlung\/files\/2010\/05\/CIMG5502_klein.jpg\" rel=\"lightbox[7]\"><img loading=\"lazy\" decoding=\"async\" class=\"alignleft size-medium wp-image-153\" src=\"https:\/\/blog.zhdk.ch\/kunstvermittlung\/files\/2010\/05\/CIMG5502_klein-300x225.jpg\" alt=\"\" width=\"300\" height=\"225\" srcset=\"https:\/\/blog.zhdk.ch\/kunstvermittlung\/files\/2010\/05\/CIMG5502_klein-300x225.jpg 300w, https:\/\/blog.zhdk.ch\/kunstvermittlung\/files\/2010\/05\/CIMG5502_klein.jpg 850w\" sizes=\"auto, (max-width: 300px) 100vw, 300px\" \/><\/a><br \/>\n<strong> <\/strong><br \/>\n<strong> <\/strong><br \/>\n<strong>Ausgehend vom Schnittmuster eines Normkleides der Scott Paper Company von 1966 wird ein individuelles Papierkleid entworfen. Mit der gestalterischen Auseinandersetzung und Formfindung erproben die Workshopteilnehmenden ihre Vorstellung eines pers\u00f6nlichen Kleides. Dabei wird das Papier als aussergew\u00f6hnliches Material und Entwurfsmaterial in der Kleidgestaltung erfahren.<\/strong><\/p>\n<p>Die Wahl des Normkleides als gestalterische Ausgangslage, l\u00f6st entschieden das Bed\u00fcrfnis nach pers\u00f6nlicher Gestaltung aus. Die Teilnehmenden setzen sich mit der Erarbeitung eines individuellen Kleidentwurfs auseinander, aber auch mit dem Material Papier als Entwurfsmaterial.<\/p>\n<p>F\u00fcr die Gestaltung des Kleidungsst\u00fcckes werden ausschliesslich Packpapiere, Papierklebstreifen und Heftklammern verwendet. Durch den Einsatz des Materials Papier entsteht ein Kleidentwurf, der prim\u00e4r nicht zum Tragen konzipiert ist.<\/p>\n<p>Die in den Workshops erarbeiteten Papierkleidentw\u00fcrfe wurden in der Ausstellung &#8222;<a href=\"http:\/\/www.museum-bellerive.ch\/de\/ausstellungen\/rueckblick\/2010\/papier-fashion\/\">Pap(i)er Fashion<\/a>&#8220; pr\u00e4sentiert.<\/p>\n<p><a href=\"https:\/\/blog.zhdk.ch\/kunstvermittlung\/files\/2010\/05\/Normkleid-Meinkleid.jpg\" rel=\"lightbox[7]\"><img loading=\"lazy\" decoding=\"async\" class=\"alignleft size-medium wp-image-249\" src=\"https:\/\/blog.zhdk.ch\/kunstvermittlung\/files\/2010\/05\/Normkleid-Meinkleid-300x213.jpg\" alt=\"\" width=\"300\" height=\"213\" srcset=\"https:\/\/blog.zhdk.ch\/kunstvermittlung\/files\/2010\/05\/Normkleid-Meinkleid-300x213.jpg 300w, https:\/\/blog.zhdk.ch\/kunstvermittlung\/files\/2010\/05\/Normkleid-Meinkleid-1024x728.jpg 1024w\" sizes=\"auto, (max-width: 300px) 100vw, 300px\" \/><\/a><\/p>\n<p><span style=\"color: #0000ff\"> <span style=\"color: #ff6600\"><a href=\"https:\/\/blog.zhdk.ch\/kunstvermittlung\/files\/2010\/05\/Flyer_Meinkleid.pdf\">Flyer_Meinkleid<\/a><\/span><\/span><br \/>\n<strong> <\/strong><br \/>\n<strong> <\/strong><\/p>\n<h4>\u00a9 2010 &#8211; EIN PROJEKT VON STUDIERENDEN DES BACHELOR OF ARTS IN VERMITTLUNG VON KUNST UND DESIGN<\/h4>\n","protected":false},"excerpt":{"rendered":"<p>Alexandra Jaggi, Studentin ZHdK Ausgehend vom Schnittmuster eines Normkleides der Scott Paper Company von 1966 wird ein individuelles Papierkleid entworfen. Mit der gestalterischen Auseinandersetzung und Formfindung erproben die Workshopteilnehmenden ihre Vorstellung eines pers\u00f6nlichen Kleides. Dabei wird das Papier als aussergew\u00f6hnliches Material und Entwurfsmaterial in der Kleidgestaltung erfahren. Die Wahl des Normkleides als gestalterische Ausgangslage, l\u00f6st [&hellip;]<\/p>\n","protected":false},"author":13,"featured_media":0,"parent":319,"menu_order":4,"comment_status":"closed","ping_status":"closed","template":"","meta":{"footnotes":""},"class_list":["post-7","page","type-page","status-publish","czr-hentry"],"_links":{"self":[{"href":"https:\/\/blog.zhdk.ch\/kunstvermittlung\/wp-json\/wp\/v2\/pages\/7","targetHints":{"allow":["GET"]}}],"collection":[{"href":"https:\/\/blog.zhdk.ch\/kunstvermittlung\/wp-json\/wp\/v2\/pages"}],"about":[{"href":"https:\/\/blog.zhdk.ch\/kunstvermittlung\/wp-json\/wp\/v2\/types\/page"}],"author":[{"embeddable":true,"href":"https:\/\/blog.zhdk.ch\/kunstvermittlung\/wp-json\/wp\/v2\/users\/13"}],"replies":[{"embeddable":true,"href":"https:\/\/blog.zhdk.ch\/kunstvermittlung\/wp-json\/wp\/v2\/comments?post=7"}],"version-history":[{"count":34,"href":"https:\/\/blog.zhdk.ch\/kunstvermittlung\/wp-json\/wp\/v2\/pages\/7\/revisions"}],"predecessor-version":[{"id":1637,"href":"https:\/\/blog.zhdk.ch\/kunstvermittlung\/wp-json\/wp\/v2\/pages\/7\/revisions\/1637"}],"up":[{"embeddable":true,"href":"https:\/\/blog.zhdk.ch\/kunstvermittlung\/wp-json\/wp\/v2\/pages\/319"}],"wp:attachment":[{"href":"https:\/\/blog.zhdk.ch\/kunstvermittlung\/wp-json\/wp\/v2\/media?parent=7"}],"curies":[{"name":"wp","href":"https:\/\/api.w.org\/{rel}","templated":true}]}}