{"id":312,"date":"2015-02-13T15:41:14","date_gmt":"2015-02-13T14:41:14","guid":{"rendered":"https:\/\/blog.zhdk.ch\/labormuelheim\/?page_id=312"},"modified":"2015-05-31T00:08:08","modified_gmt":"2015-05-30T22:08:08","slug":"labor-muelheim","status":"publish","type":"page","link":"https:\/\/blog.zhdk.ch\/labormuelheim\/labor-muelheim\/","title":{"rendered":"About &#8211; Labor M\u00fclheim"},"content":{"rendered":"<h4><\/h4>\n<h4>Urbane K\u00fcnste Ruhr<\/h4>\n<p>Urbane K\u00fcnste Ruhr ist eine Kulturinstitution, die in der Nachfolge der Kulturhauptstadt Europas RUHR.2010 k\u00fcnstlerische Produktionen im urbanen Raum des Ruhrgebiets realisierte. K\u00fcnstlerische Leiterin von Urbane K\u00fcnste Ruhr war die Architektin, Kunsthistorikerin und Kuratorin Katja A\u00dfmann. Im Zeitraum von 2012 bis 2014 sollten durch Projekte im urbanen Raum, tempor\u00e4re Architekturen, urbane Interventionen und k\u00fcnstlerische Forschungsprojekte neue Wege im Umgang mit st\u00e4dtischen Ballungszentren erarbeitet werden.<br \/>\nInnerhalb der verschiedenen T\u00e4tigkeitsfelder der UKR waren die Mobilen Labore explizit darauf ausgelegt experimentelle k\u00fcnstlerische urbane Forschung zu betreiben. Hier sollten nicht nur k\u00fcnstlerische Arbeiten entstehen, sondern in Diskussionen, Vortr\u00e4gen und Workshops die Prozesse des Arbeitens, die sozialen, politischen und wirtschaftlichen Hintergr\u00fcnde, Fragestellungen und Ergebnisse gemeinsam mit Fachleuten und einem interessierten Publikum reflektiert und er\u00f6rtert werden. Die Mobilen Labore waren Forschungsabteilung und Plattform zugleich.<\/p>\n<h4>Labor M\u00fclheim ZHdK<\/h4>\n<p>Das Institut f\u00fcr Gegenwartskunst (Institute for Contemporary Art Research, IFCAR) verf\u00fcgt \u00fcber zwei Forschungsschwerpunkte: Der Schwerpunkt Wissensformen der Kunst besch\u00e4ftigt sich mit den spezifischen Formen k\u00fcnstlerischer Erkenntnis im Kontext heutiger Wissenskulturen. Der Schwerpunkt Kunst, Urbanit\u00e4t und \u00d6ffentlichkeit erforscht M\u00f6glichkeiten, wie \u00f6ffentliche Belange unserer \u2013 insbesondere urbanen \u2013 Gesellschaft mit genuin k\u00fcnstlerischen Beitr\u00e4gen reflektiert und entwickelt werden k\u00f6nnen.<br \/>\nDer ebenfalls am IFCAR angesiedelte \u00fcbergreifende Forschungsschwerpunkt Public City hat ein Konzept f\u00fcr eines der Mobilen Labore erarbeitet und \u201eLabor M\u00fclheim\u201c genannt. Darin konnten Themen und Fragestellungen beider Forschungsschwerpunkte des IFCAR in einem internationalen Netzwerk bearbeitet und diskutiert werden, woraus auch die Zielsetzung des Projekts hervorging.<\/p>\n<p>Das Labor M\u00fclheim entwickelte experimentelle Settings in urbanen \u00f6ffentlichen R\u00e4umen, innerhalb derer aktuelle Ph\u00e4nomene und Probleme der Stadt M\u00fclheim und dar\u00fcber hinaus thematisiert, reflektiert, diskutiert und sinnlich wahrnehmbar gemacht werden k\u00f6nnen. Aufgrund der Beteiligten, die sowohl aus der Wissenschaft wie auch aus verschiedenen k\u00fcnstlerischen T\u00e4tigkeitsfeldern kamen, sollten inter- und transdisziplin\u00e4re Herangehensweisen im Vordergrund stehen. Explizit erw\u00fcnscht war es, den Fokus verst\u00e4rkt auf den Prozess der Arbeit zu legen und diesen transparent und miterlebbar zu machen, als auf fassbare Ergebnisse. Inhaltlich standen Themen im Zentrum, die im weitesten Sinn als Auswirkungen neoliberaler Stadtpolitik verstanden werden k\u00f6nnen: der Umbau der St\u00e4dte zu Konsumlandschaften bei gleichzeitiger Ver\u00f6dung vernachl\u00e4ssigter Stadtgebiete, Exklusion und soziale Segregation, zunehmende Privatisierung \u00f6ffentlicher R\u00e4ume, Aufwertungsstrategien und ihre Folgen. Die Stadt M\u00fclheim fungierte hierf\u00fcr als Case Study.<\/p>\n<p><a href=\"https:\/\/blog.zhdk.ch\/labormuelheim\/files\/2015\/02\/P1130221.jpg\" rel=\"lightbox[312]\"><img loading=\"lazy\" decoding=\"async\" class=\"alignnone wp-image-1544\" src=\"https:\/\/blog.zhdk.ch\/labormuelheim\/files\/2015\/02\/P1130221-300x225.jpg\" alt=\"P1130221\" width=\"450\" height=\"338\" srcset=\"https:\/\/blog.zhdk.ch\/labormuelheim\/files\/2015\/02\/P1130221-300x225.jpg 300w, https:\/\/blog.zhdk.ch\/labormuelheim\/files\/2015\/02\/P1130221-1024x768.jpg 1024w, https:\/\/blog.zhdk.ch\/labormuelheim\/files\/2015\/02\/P1130221-904x678.jpg 904w, https:\/\/blog.zhdk.ch\/labormuelheim\/files\/2015\/02\/P1130221.jpg 1200w\" sizes=\"auto, (max-width: 450px) 100vw, 450px\" \/><\/a><\/p>\n","protected":false},"excerpt":{"rendered":"<p>Urbane K\u00fcnste Ruhr Urbane K\u00fcnste Ruhr ist eine Kulturinstitution, die in der Nachfolge der Kulturhauptstadt Europas RUHR.2010 k\u00fcnstlerische Produktionen im urbanen Raum des Ruhrgebiets realisierte. K\u00fcnstlerische Leiterin von Urbane K\u00fcnste Ruhr war die Architektin, Kunsthistorikerin und Kuratorin Katja A\u00dfmann. Im Zeitraum von 2012 bis 2014 sollten durch Projekte im urbanen Raum, tempor\u00e4re Architekturen, urbane Interventionen [&hellip;]<\/p>\n","protected":false},"author":2609,"featured_media":0,"parent":0,"menu_order":1,"comment_status":"closed","ping_status":"closed","template":"","meta":{"footnotes":""},"class_list":["post-312","page","type-page","status-publish","hentry"],"_links":{"self":[{"href":"https:\/\/blog.zhdk.ch\/labormuelheim\/wp-json\/wp\/v2\/pages\/312","targetHints":{"allow":["GET"]}}],"collection":[{"href":"https:\/\/blog.zhdk.ch\/labormuelheim\/wp-json\/wp\/v2\/pages"}],"about":[{"href":"https:\/\/blog.zhdk.ch\/labormuelheim\/wp-json\/wp\/v2\/types\/page"}],"author":[{"embeddable":true,"href":"https:\/\/blog.zhdk.ch\/labormuelheim\/wp-json\/wp\/v2\/users\/2609"}],"replies":[{"embeddable":true,"href":"https:\/\/blog.zhdk.ch\/labormuelheim\/wp-json\/wp\/v2\/comments?post=312"}],"version-history":[{"count":10,"href":"https:\/\/blog.zhdk.ch\/labormuelheim\/wp-json\/wp\/v2\/pages\/312\/revisions"}],"predecessor-version":[{"id":1914,"href":"https:\/\/blog.zhdk.ch\/labormuelheim\/wp-json\/wp\/v2\/pages\/312\/revisions\/1914"}],"wp:attachment":[{"href":"https:\/\/blog.zhdk.ch\/labormuelheim\/wp-json\/wp\/v2\/media?parent=312"}],"curies":[{"name":"wp","href":"https:\/\/api.w.org\/{rel}","templated":true}]}}