{"id":320,"date":"2015-02-13T17:03:04","date_gmt":"2015-02-13T16:03:04","guid":{"rendered":"https:\/\/blog.zhdk.ch\/labormuelheim\/?page_id=320"},"modified":"2015-05-30T23:58:41","modified_gmt":"2015-05-30T21:58:41","slug":"320-2","status":"publish","type":"page","link":"https:\/\/blog.zhdk.ch\/labormuelheim\/labor-muelheim\/320-2\/","title":{"rendered":"\u201eBitte um Kreativit\u00e4t\u201c"},"content":{"rendered":"<h3><span style=\"color: #008e87\">eine k\u00fcnstlerisch-ethnografische Forschung<\/span><\/h3>\n<p>Ausgangspunkt der Arbeit <em>Bitte um Kreativit\u00e4t<\/em> waren zwei Diskursstr\u00f6me, die das Ethnografenteam Kreativit\u00e4tskombinat Klein Riviera und die K\u00fcnstlergruppe<a href=\"https:\/\/wwwwwwwwwwwwwwwwwwwwww.bitnik.org\/\" target=\"_blank\"><span style=\"color: #008e87\"> !Mediengruppe Bitnik<\/span><\/a> in Bezug zueinander setzte: Der Diskurs \u00fcber Kreativit\u00e4t und den Umbau der sich im Strukturwandel befindenden Ruhrgebietsst\u00e4dte zu creative cities, sowie der vermeintlich unabh\u00e4ngig davon stattfindende Diskurs \u00fcber bettelnde Sinti und Roma im Kontext des Duisburger \u201eProblemhauses\u201c. Daf\u00fcr wurde eine k\u00fcnstlerisch-ethnografische Intervention entwickelt, bei der die Ethnografen in der M\u00fclheimer Innenstadt PassantInnen und G\u00e4ste von Caf\u00e9s und Bistros um Kreativit\u00e4t anbettelten. Die auf diese Weise initiierten Gespr\u00e4che gaben Einblick in das Alltagsverst\u00e4ndnis von Kreativit\u00e4t als das Ungeb\u00e4ndigte, Sch\u00f6pferische und Innovative. Sie machten auch deutlich, dass die Diskurse \u00fcber creative city und creative class wenig Resonanz jenseits des offiziellen Diskurses \u00fcber Stadtmarketing oder Stadtentwicklung finden. Zugleich verwies das Bettelexperiment, bei dem nicht wie sonst \u00fcblich um Geld gebettelt wurde, auf den Aspekt des zur Ware Werdens von \u201eKreativit\u00e4t \u201c: Ideen entwickeln, Probleme l\u00f6sen, innovativ sein \u2013 dies sind Anforderungen \u2013 nicht nur an die \u201akreative Klasse\u2019 , die sich im neoliberalen Wettbewerb behaupten will \u2013, sondern auch an die Bev\u00f6lkerung insgesamt, die von den Kommunen um Kreativit\u00e4t angebettelt wird.<\/p>\n<p><a href=\"https:\/\/blog.zhdk.ch\/labormuelheim\/files\/2015\/02\/3Q6A3218.jpg\" rel=\"lightbox[320]\"><img loading=\"lazy\" decoding=\"async\" class=\"alignnone wp-image-1534\" src=\"https:\/\/blog.zhdk.ch\/labormuelheim\/files\/2015\/02\/3Q6A3218-300x200.jpg\" alt=\"3Q6A3218\" width=\"450\" height=\"300\" srcset=\"https:\/\/blog.zhdk.ch\/labormuelheim\/files\/2015\/02\/3Q6A3218-300x200.jpg 300w, https:\/\/blog.zhdk.ch\/labormuelheim\/files\/2015\/02\/3Q6A3218-1024x683.jpg 1024w, https:\/\/blog.zhdk.ch\/labormuelheim\/files\/2015\/02\/3Q6A3218-904x603.jpg 904w, https:\/\/blog.zhdk.ch\/labormuelheim\/files\/2015\/02\/3Q6A3218.jpg 1200w\" sizes=\"auto, (max-width: 450px) 100vw, 450px\" \/><\/a><\/p>\n<p>Kreativit\u00e4tskombinat Klein Riviera<br \/>\n<span style=\"color: #008e87\"><a style=\"color: #008e87\" title=\"Ute Holfelder\" href=\"http:\/\/www.isek.uzh.ch\/aboutus\/team\/holfelder.html\" target=\"_blank\">Ute Holfelder<\/a>,<\/span> Kulturwissenschaftlerin, Universit\u00e4t Z\u00fcrich<br \/>\n<span style=\"color: #008e87\"><a style=\"color: #008e87\" title=\"Klaus Sch\u00f6nberger\" href=\"http:\/\/www.uni-klu.ac.at\/klm\/inhalt\/1.htm\" target=\"_blank\">Klaus Sch\u00f6nberger<\/a>,<\/span> Kulturwissenschaftler, ZHdK<\/p>\n<p><span style=\"color: #008e87\"><a style=\"color: #008e87\" title=\"bitnik\" href=\"https:\/\/wwwwwwwwwwwwwwwwwwwwww.bitnik.org\/\" target=\"_blank\">!Mediengruppe Bitnik<\/a><\/span><br \/>\nCarmen Weisskopf, K\u00fcnstlerin, Z\u00fcrich\/London<br \/>\nDoma Smoljo, K\u00fcnstler, Z\u00fcrich\/London<\/p>\n<p>&nbsp;<\/p>\n","protected":false},"excerpt":{"rendered":"<p>eine k\u00fcnstlerisch-ethnografische Forschung Ausgangspunkt der Arbeit Bitte um Kreativit\u00e4t waren zwei Diskursstr\u00f6me, die das Ethnografenteam Kreativit\u00e4tskombinat Klein Riviera und die K\u00fcnstlergruppe !Mediengruppe Bitnik in Bezug zueinander setzte: Der Diskurs \u00fcber Kreativit\u00e4t und den Umbau der sich im Strukturwandel befindenden Ruhrgebietsst\u00e4dte zu creative cities, sowie der vermeintlich unabh\u00e4ngig davon stattfindende Diskurs \u00fcber bettelnde Sinti und Roma [&hellip;]<\/p>\n","protected":false},"author":2609,"featured_media":0,"parent":312,"menu_order":5,"comment_status":"closed","ping_status":"closed","template":"","meta":{"footnotes":""},"class_list":["post-320","page","type-page","status-publish","hentry"],"_links":{"self":[{"href":"https:\/\/blog.zhdk.ch\/labormuelheim\/wp-json\/wp\/v2\/pages\/320","targetHints":{"allow":["GET"]}}],"collection":[{"href":"https:\/\/blog.zhdk.ch\/labormuelheim\/wp-json\/wp\/v2\/pages"}],"about":[{"href":"https:\/\/blog.zhdk.ch\/labormuelheim\/wp-json\/wp\/v2\/types\/page"}],"author":[{"embeddable":true,"href":"https:\/\/blog.zhdk.ch\/labormuelheim\/wp-json\/wp\/v2\/users\/2609"}],"replies":[{"embeddable":true,"href":"https:\/\/blog.zhdk.ch\/labormuelheim\/wp-json\/wp\/v2\/comments?post=320"}],"version-history":[{"count":15,"href":"https:\/\/blog.zhdk.ch\/labormuelheim\/wp-json\/wp\/v2\/pages\/320\/revisions"}],"predecessor-version":[{"id":1892,"href":"https:\/\/blog.zhdk.ch\/labormuelheim\/wp-json\/wp\/v2\/pages\/320\/revisions\/1892"}],"up":[{"embeddable":true,"href":"https:\/\/blog.zhdk.ch\/labormuelheim\/wp-json\/wp\/v2\/pages\/312"}],"wp:attachment":[{"href":"https:\/\/blog.zhdk.ch\/labormuelheim\/wp-json\/wp\/v2\/media?parent=320"}],"curies":[{"name":"wp","href":"https:\/\/api.w.org\/{rel}","templated":true}]}}