{"id":11,"date":"2009-11-25T15:23:38","date_gmt":"2009-11-25T14:23:38","guid":{"rendered":"https:\/\/blog.zhdk.ch\/landscape\/?page_id=11"},"modified":"2010-12-09T14:56:17","modified_gmt":"2010-12-09T13:56:17","slug":"kategorien","status":"publish","type":"page","link":"https:\/\/blog.zhdk.ch\/landscape\/kategorien\/","title":{"rendered":"Kategorien"},"content":{"rendered":"<p><strong>Kategorien zur Analyse der Landschaftsvisualisierungen<\/strong><\/p>\n<p>F\u00fcr die Analyse der Visualisierungen werden zwei Hauptkategorien verwendet; formale und inhaltliche Aspekte.<\/p>\n<p>Die momentan zur Verf\u00fcgung gestellten kategoriellen Begriffe k\u00f6nnen Teil einer hierarchischen Klassifikation sein, das heisst eine Kategorie (oder Klasse) kann in weiteren Unterkategorien pr\u00e4zisiert werden (z.B.\u00a0 Baum &gt; Tanne &gt; Weisstanne). Die Unterkategorien sind nur zum Teil aufgef\u00fchrt.<\/p>\n<p>Ausgehend von den unten aufgef\u00fchrten Aspekten haben wir eine sogenannte \u00abKarteikartei\u00bb entwickelt, mit der die Visualisierungen erfasst und aufgrund der Beschreibungen verglichen werden k\u00f6nnen.<\/p>\n<p><strong>A. Formale Kategorien<\/strong><br \/>\nDie formalen Kategorien dienen der kompositorischen Bildanalyse. Damit werden die formal relevanten Designfaktoren bezeichnet.<\/p>\n<p><strong>B. Inhaltliche Kategorien<\/strong><br \/>\nDie bildinhaltlichen Kategorien beschreiben, welche &#8222;physischen&#8220; Elemente in einer Visualisierung dargestellt werden.<br \/>\n<code><br \/>\n<\/code><\/p>\n<hr \/>\n<p><code><br \/>\n<\/code><\/p>\n<table border=\"0\" cellspacing=\"0\" cellpadding=\"0\" width=\"620\">\n<tbody>\n<tr>\n<td width=\"300\" align=\"left\" valign=\"top\"><span style=\"text-decoration: underline\"><strong>A. Formale Kategorien<\/strong><\/span><\/p>\n<p><strong><br \/>\n<\/strong><\/td>\n<td width=\"20\" align=\"left\" valign=\"top\"><\/td>\n<td width=\"300\" align=\"left\" valign=\"top\"><\/td>\n<\/tr>\n<tr>\n<td width=\"300\" align=\"left\" valign=\"top\"><strong>A.1 Medium &amp; Technik<\/strong><\/p>\n<ul>\n<li>Zeichnung (Freihand-, technische Zeichnung)<\/li>\n<li> Material: Bleistift, Fett-, Grafit-, Farbstift, Feder, Pinsel, &#8230;<\/li>\n<li> Malerei: Tempera, Acryl, \u00d6l, Aquarell<\/li>\n<li> Grafik, Schema, Diagramm (tech. Zeichnung\/computergeneriert)<\/li>\n<li> Fotografie, Collage, Mischtechniken<\/li>\n<li> Rendering (2D \/ 3D): Digitale Bilderstellung und -bearbeitung, GIS<\/li>\n<li> Computergenieriertes Bild<\/li>\n<li> Bildgebende Verfahren (Selbstveranschaulichende Bilder)<\/li>\n<li> Drucktechnik (Vervielf\u00e4ltigung, Publikation)<\/li>\n<li>[\u2026]<\/li>\n<\/ul>\n<p><strong>A.2 R\u00e4umliche Organisation<\/strong><\/p>\n<p><strong> <\/strong><\/p>\n<ul>\n<li>Standpunkt des Betrachters<\/li>\n<li>Perspektive<\/li>\n<li> Tiefe<\/li>\n<li> Massstab<\/li>\n<li> Fokus<\/li>\n<li>Rahmen, Rahmenform, Rahmen f\u00fcllen, Rahmen unterteilen<\/li>\n<li>Auschnitt<\/li>\n<li>Format (Hoch-, Querformat, Quadrat, Tondo (Rundbild), Triptichon<\/li>\n<li>Proportion<\/li>\n<li> Symmetrie\u2013Asymmetrie<\/li>\n<li>Goldener Schnitt<\/li>\n<li> \u00dcberschneidung<\/li>\n<li> Beschnitt<\/li>\n<li> Platzierung (Oben, Unten, Rechts, Links)<\/li>\n<li> Horizont<\/li>\n<li> Horizontale und Vertikale Unterteilung<\/li>\n<li> Vordergrund (Figur), Mittelgrund und Hintergrund (Grund)<\/li>\n<li> Raster<\/li>\n<li>[\u2026]<\/li>\n<\/ul>\n<p><strong>A.3 Grafische Elemente<\/strong><\/p>\n<ul>\n<li>Punkt; einzelner, mehrere Punkte<\/li>\n<li>Line; Horizontale, Vertiakale, Diagonale<\/li>\n<li>Kurven<\/li>\n<li>Form (Dreieck, Kreis, Recheck, Fl\u00e4che)<\/li>\n<li> Textur<\/li>\n<li> Muster<\/li>\n<li> Struktur<\/li>\n<li> Verlauf (linear, \u2026)<\/li>\n<li>[\u2026]<\/li>\n<\/ul>\n<\/td>\n<td width=\"20\" align=\"left\" valign=\"top\"><\/td>\n<td width=\"300\" align=\"left\" valign=\"top\"><strong>A.4 Farbe<br \/>\n<\/strong><\/p>\n<ul>\n<li>Farbe<\/li>\n<li> Farbton<\/li>\n<li> Farbnuancen<\/li>\n<li> S\u00e4ttigung<\/li>\n<li> Helligkeit<\/li>\n<li>Hell\u2013Dunkel, Licht-Schattenverh\u00e4ltnisse<\/li>\n<li> Farbkomposition<\/li>\n<li> Farbbeziehungen<\/li>\n<li> Gedeckte Farben<\/li>\n<li> Schwarzweiss<\/li>\n<li> Kontrast<\/li>\n<li>[\u2026]<\/li>\n<\/ul>\n<p><strong>A.5 Zeitliche Organisation<br \/>\n<\/strong><\/p>\n<ul>\n<li>Statisch (Momentaufnahme)<\/li>\n<li> Prozessdarstellung<\/li>\n<li> Bewegung<\/li>\n<li> Sequenzen (Bildfolge)<\/li>\n<li>[\u2026]<\/li>\n<\/ul>\n<p><strong>A.6 Abstraktionsgrad<\/strong><\/p>\n<ul>\n<li> Ikonizit\u00e4t, Ikonizit\u00e4tsgrad (fotorealist. &gt; naturalist. &gt; schematisch)<\/li>\n<li> Unterschiedliche Abstraktionsgrade<\/li>\n<li> 3D-Illusion &gt; 2D<\/li>\n<li>[\u2026]<\/li>\n<\/ul>\n<p><strong>A.7 Stil<\/strong><\/p>\n<ul>\n<li> Expressionistisch<\/li>\n<li> Impressionistisch<\/li>\n<li> Surreal<\/li>\n<li> Stil-Mischung<\/li>\n<li>[\u2026]<\/li>\n<\/ul>\n<p><strong>A.8 Komplexit\u00e4t \/ Informationsmenge<\/strong><\/p>\n<ul>\n<li>[\u2026]<\/li>\n<\/ul>\n<p><strong>A.9 Spannung<\/strong><\/p>\n<p><strong> <\/strong><\/p>\n<ul>\n<li>[\u2026]<\/li>\n<\/ul>\n<p><strong>A.10 Atmosph\u00e4re<\/strong><\/p>\n<ul>\n<li>[\u2026]<\/li>\n<\/ul>\n<\/td>\n<\/tr>\n<\/tbody>\n<\/table>\n<p><code><br \/>\n<\/code><\/p>\n<hr \/>\n<p><code><br \/>\n<\/code><\/p>\n<table border=\"0\" cellspacing=\"0\" cellpadding=\"0\" width=\"620\">\n<tbody>\n<tr>\n<td width=\"300\" align=\"left\" valign=\"top\"><span style=\"text-decoration: underline\"><strong>B. Inhaltliche Kategorien<\/strong><\/span><\/p>\n<p><strong><br \/>\n<\/strong><\/td>\n<td width=\"20\" align=\"left\" valign=\"top\"><\/td>\n<td width=\"300\" align=\"left\" valign=\"top\"><\/td>\n<\/tr>\n<tr>\n<td width=\"300\" align=\"left\" valign=\"top\"><strong>B.1 Landschaftstyp (nach Nutzung)<br \/>\n<\/strong><\/p>\n<ul>\n<li>Naturlandschaft<\/li>\n<li> Siedlungsgebiet; Stadtlandschaft, Agglomeration<\/li>\n<li> Verkehrslandschaft<\/li>\n<li> Industrielandschaft<\/li>\n<li> Landwirtschaft<\/li>\n<li> Tourismusgebiet<\/li>\n<li> Erholungszone<\/li>\n<li>[\u2026]<\/li>\n<\/ul>\n<p><strong>B.2 Landschaftselemente<\/strong><\/p>\n<ul>\n<li><strong>Geografische Objekte <\/strong>(Berg, Tal, Wald, Waldrand, Wiese, Rasen, Weiden, Acker, Gletscher, Hecken, Moor, etc.)<\/li>\n<li><strong>Flora<\/strong> (Wald, Blumen, Gras, etc.)<\/li>\n<li><strong>Fauna<\/strong> (Vieh, V\u00f6gel, Hund, etc.)<\/li>\n<li><strong>Gew\u00e4sser<\/strong> (See, Bach, etc.)<\/li>\n<li><strong>Mensch<\/strong> (Frau, Mann, Kind, Gruppen, etc.)<\/li>\n<li><strong>Bauten<\/strong> (H\u00e4user, Fabriken, Tunnel, Siedlungen, Br\u00fccken, Geb\u00e4ude, Zaun, etc.)<\/li>\n<li><strong>Wege<\/strong> (Fussweg, Strassen, etc.)<\/li>\n<li>[\u2026]<\/li>\n<\/ul>\n<\/td>\n<td width=\"20\" align=\"left\" valign=\"top\"><\/td>\n<td width=\"300\" align=\"left\" valign=\"top\"><strong>B.3 Spezielle Elemente<a href=\"http:\/\/de.wikipedia.org\/wiki\/Landschaftselement\" target=\"_blank\"> <\/a><br \/>\n<\/strong><\/p>\n<ul>\n<li>Prominente Pers\u00f6nlichkeiten<\/li>\n<li> Ikonen<\/li>\n<li> Bauwerke (Eiffelturm)<\/li>\n<li> Naturereignisse (Aletschgletscher)<\/li>\n<li>[\u2026]<\/li>\n<\/ul>\n<p><strong>B.4 Wetter\/Klima<a href=\"http:\/\/de.wikipedia.org\/wiki\/Landschaftselement\" target=\"_blank\"> <\/a><br \/>\n<\/strong><\/p>\n<ul>\n<li>Sonnenschein<\/li>\n<li> Regen<\/li>\n<li> Bew\u00f6lkung<\/li>\n<li> Schnee<\/li>\n<li> Wind<\/li>\n<li> Nebel<\/li>\n<li> Temperatur (Hitze, K\u00e4lte)<\/li>\n<li>[\u2026]<\/li>\n<\/ul>\n<\/td>\n<\/tr>\n<\/tbody>\n<\/table>\n<p><code><br \/>\n<\/code><\/p>\n<hr \/>\n<p><code><br \/>\n<\/code><\/p>\n","protected":false},"excerpt":{"rendered":"<p>Kategorien zur Analyse der Landschaftsvisualisierungen F\u00fcr die Analyse der Visualisierungen werden zwei Hauptkategorien verwendet; formale und inhaltliche Aspekte. Die momentan zur Verf\u00fcgung gestellten kategoriellen Begriffe k\u00f6nnen Teil einer hierarchischen Klassifikation sein, das heisst eine Kategorie (oder Klasse) kann in weiteren Unterkategorien pr\u00e4zisiert werden (z.B.\u00a0 Baum &gt; Tanne &gt; Weisstanne). Die Unterkategorien sind nur zum Teil [&hellip;]<\/p>\n","protected":false},"author":226,"featured_media":0,"parent":0,"menu_order":1,"comment_status":"closed","ping_status":"closed","template":"","meta":{"ngg_post_thumbnail":0,"footnotes":""},"class_list":["post-11","page","type-page","status-publish","hentry"],"_links":{"self":[{"href":"https:\/\/blog.zhdk.ch\/landscape\/wp-json\/wp\/v2\/pages\/11","targetHints":{"allow":["GET"]}}],"collection":[{"href":"https:\/\/blog.zhdk.ch\/landscape\/wp-json\/wp\/v2\/pages"}],"about":[{"href":"https:\/\/blog.zhdk.ch\/landscape\/wp-json\/wp\/v2\/types\/page"}],"author":[{"embeddable":true,"href":"https:\/\/blog.zhdk.ch\/landscape\/wp-json\/wp\/v2\/users\/226"}],"replies":[{"embeddable":true,"href":"https:\/\/blog.zhdk.ch\/landscape\/wp-json\/wp\/v2\/comments?post=11"}],"version-history":[{"count":37,"href":"https:\/\/blog.zhdk.ch\/landscape\/wp-json\/wp\/v2\/pages\/11\/revisions"}],"predecessor-version":[{"id":553,"href":"https:\/\/blog.zhdk.ch\/landscape\/wp-json\/wp\/v2\/pages\/11\/revisions\/553"}],"wp:attachment":[{"href":"https:\/\/blog.zhdk.ch\/landscape\/wp-json\/wp\/v2\/media?parent=11"}],"curies":[{"name":"wp","href":"https:\/\/api.w.org\/{rel}","templated":true}]}}