{"id":23,"date":"2009-11-25T15:35:01","date_gmt":"2009-11-25T14:35:01","guid":{"rendered":"https:\/\/blog.zhdk.ch\/landscape\/?page_id=23"},"modified":"2010-12-09T14:54:08","modified_gmt":"2010-12-09T13:54:08","slug":"definitionen","status":"publish","type":"page","link":"https:\/\/blog.zhdk.ch\/landscape\/definitionen\/","title":{"rendered":"Begriffe"},"content":{"rendered":"<p>Hier k\u00f6nnen Sie sich das PDF <strong><a href=\"https:\/\/blog.zhdk.ch\/landscape\/files\/2010\/01\/landscape.pdf\">Landscape-Visualization: Begriffe und Definitionen<\/a><\/strong> downloaden.<br \/>\n(&lt;Wikipedia-Buch&gt;, 78 Seiten, 11.5 MB, Stand 5.1.2010).<\/p>\n<p>Die Begrifflichkeiten und Definitionen werden laufend erweitert.<br \/>\n<code><br \/>\n<\/code><\/p>\n<hr \/>\n<p><code><br \/>\n<\/code><\/p>\n<table border=\"0\" cellspacing=\"0\" cellpadding=\"0\" width=\"600\">\n<tbody>\n<tr>\n<td width=\"300\" align=\"left\" valign=\"top\"><strong>[A \u2013 Z]<\/strong><\/p>\n<ul>\n<li>Bildfunktion<\/li>\n<li>Bildwirkung<\/li>\n<li>Landschaft<\/li>\n<li>Landschaftsdarstellung<\/li>\n<li>[&#8230;]<\/li>\n<\/ul>\n<\/td>\n<td width=\"300\" align=\"left\" valign=\"top\"><strong>[Online]<\/strong><\/p>\n<ul>\n<li><a href=\"http:\/\/www-is.informatik.uni-oldenburg.de\/~dibo\/teaching\/mm\/buch\/node22.html\" target=\"_blank\">Bildsprache<\/a><\/li>\n<li><a href=\"http:\/\/de.wikipedia.org\/wiki\/Bildwahrnehmung_einer_Werbeanzeige\" target=\"_blank\">Bildwahrnemung (Werbeanzeige<\/a>)<\/li>\n<li><a href=\"http:\/\/de.wikipedia.org\/wiki\/Ikonografie\" target=\"_blank\">Ikonografie<\/a><\/li>\n<li><a href=\"http:\/\/de.wikipedia.org\/wiki\/Ikonologie\" target=\"_blank\">Ikonologie<\/a><\/li>\n<li><a href=\"http:\/\/de.wikipedia.org\/wiki\/Ikonizit\u00e4t\" target=\"_blank\">Ikonizit\u00e4t<\/a><\/li>\n<li><a href=\"http:\/\/de.wikipedia.org\/wiki\/Komposition_(Kunst)\" target=\"_blank\">Komposition<\/a><\/li>\n<li><a href=\"http:\/\/de.wikipedia.org\/wiki\/Konvention\" target=\"_blank\">Konvention<\/a><\/li>\n<li><a href=\"http:\/\/de.wikipedia.org\/wiki\/Landform\" target=\"_blank\">Landform<\/a><\/li>\n<li><strong><a href=\"http:\/\/de.wikipedia.org\/wiki\/Landschaft\" target=\"_blank\">Landschaft<\/a><\/strong><\/li>\n<li><a href=\"http:\/\/de.wikipedia.org\/wiki\/Landschaftsbild\" target=\"_blank\">Landschaftsbild (Geografie)<\/a><\/li>\n<li><a href=\"http:\/\/de.wikipedia.org\/wiki\/Landschaftselement\" target=\"_blank\">Landschaftselement (Bestandteile der L.)<\/a><\/li>\n<li><a href=\"http:\/\/de.wikipedia.org\/wiki\/Landschaftsmalerei\" target=\"_blank\">Landschaftsmalerei<\/a><\/li>\n<li><a href=\"http:\/\/de.wikipedia.org\/wiki\/Naturraum\" target=\"_blank\">Naturraum<\/a><\/li>\n<li><a href=\"http:\/\/de.wikipedia.org\/wiki\/Rhetorik\" target=\"_blank\">Rhetorik<\/a>, <a href=\"http:\/\/en.wikipedia.org\/wiki\/Visual_rhetoric\" target=\"_blank\">visuelle Rhetorik<\/a><\/li>\n<li><a href=\"http:\/\/de.wikipedia.org\/wiki\/Vedute\" target=\"_blank\">Vedute (Stadtlandschaft)<\/a><\/li>\n<li><a href=\"http:\/\/de.wikipedia.org\/wiki\/Visualisierung\" target=\"_blank\">Visualisierung<\/a><\/li>\n<li>[&#8230;]<\/li>\n<\/ul>\n<\/td>\n<\/tr>\n<\/tbody>\n<\/table>\n<p><code><br \/>\n<\/code><\/p>\n<hr \/>\n<p><code><br \/>\n<\/code><br \/>\n<strong>Bildfunktion<\/strong><\/p>\n<p>Die von den Produzierenden zugewiesene Bildfunktion bestimmt wesentlich die kommunikative Bedeutung und Wirkung der Bilder. Nach Doelker (1997, S. 70) ist die Bildfunktion jener Anteil der Bildbedeutung, die dem Bild \u201evorgeschaltet\u201c ist, da sie der Absicht der Bildmachenden respektive der Bildredaktoren entspricht. In Anlehnung an Doelker (1997) werden folgende Bildfunktionen unterschieden, wobei mehrere Funktionen auf ein Bild gleichzeitig zutreffen k\u00f6nnen:<\/p>\n<ul>\n<li>Erwecken der Aufmerksamkeit<\/li>\n<li>Dokumentation<\/li>\n<li>Illustration oder Exemplifikation: Illustrative Bilder veranschaulichen sprachlich erw\u00e4hnte Sachverhalte und stehen ihrer Konkretheit wegen exemplarisch f\u00fcr das Ganze.<\/li>\n<li>Schaubilder zur Exemplifikation oder Veranschaulichung abstrakter Inhalte (z.B. Infografik). Solche Bilder dienen dem Erkenntnisgewinn.<\/li>\n<\/ul>\n<ul>\n<li>Push-Bilder: Sollen Emotionen und\/oder ein Verhalten ausl\u00f6sen (z.B. Spende, Kauf, Wahl)<\/li>\n<li>Dekoration<\/li>\n<li>L\u00fcckenf\u00fcller: Ersatzbilder, Archivbilder<\/li>\n<li>Wirkbilder: Z.B. Mandals, die im religi\u00f6sen und therapeutischen Bereich verwendet werden<\/li>\n<li>Rhetorik: Verwendung eines Bildes im \u00fcbertragenen Sinn.<\/li>\n<li>\u00c4sthetik: Bilder aus dem Kunstbereich. (Problem der Operationalisierung von \u00c4sthetik)<\/li>\n<\/ul>\n<p>Quelle: M\u00fcller, U. (2007). <em>Die Kraft der Bilder in der nachhaltigen Entwicklung. Die Fallbeispiele UNESCO Biosph\u00e4re Entlebuch und UNESCO Weltnaturerbe Jungfrau-Aletsch-Bietschhorn Forschungsbericht im Rahmen des Nationalen Forschungsprogramms NFP 48 \u201cLandschaften und Lebensr\u00e4ume der Alpen\u201d des Schweizerischen Nationalfonds<\/em>. Z\u00fcrich: vdf Hochschulverlag.<br \/>\n<code><br \/>\n<\/code><\/p>\n<hr \/>\n<p><code><br \/>\n<\/code><br \/>\n<strong>Bildwirkung<\/strong><\/p>\n<ul>\n<li><strong><a href=\"http:\/\/www.brock.uni-wuppertal.de\/cgi-bin\/echo.pl?vorlage=v_white_32&amp;stw=Bildwirkung\" target=\"_blank\">Bazon Brock (Uni Wuppertal (D), Lehrstuhl f\u00fcr \u00c4sthetik und Kulturvermittlung)<\/a><\/strong><\/li>\n<li><strong><a href=\"http:\/\/www.rhetorik.ch\/Bildwirkung\/Bildwirkung.html\" target=\"_blank\">Wirkung von Bildern: Machen Bilder Krank? (www.rhetorik.ch)<\/a><\/strong><\/li>\n<\/ul>\n<p><code><br \/>\n<\/code><\/p>\n<hr \/>\n<p><code><br \/>\n<\/code><\/p>\n<p><strong>Landschaft<\/strong> \/ Matthias Eberle (Kunsthistoriker)<\/p>\n<p>Die Natur und der Mensch pr\u00e4gen in unterschiedlicher Gewichtung das Bild einer Region. Eine solche Region, die sich in ihrer Eigenart von anderen unterscheidet, nennen wir Landschaft. Neben dieser Bestimmung des Begriffs bietet uns die Alltagssprache noch eine andere an: Wir nennen den Ausschnitt, den der individuelle Blick auf die Erdoberfl\u00e4che erfasst und f\u00fcr bildw\u00fcrdig erkl\u00e4rt eine Landschaft. Der Entschluss des Malers, dieses St\u00fcck Natur zu malen, der Druck auf den Ausl\u00f6ser des Fotoapparates definieren einen Teil der Erdoberfl\u00e4che als Landschaft. Hier sind Unterscheidungsmerkmale also nicht historischer [&#8230;]<\/p>\n<p>Quelle: Klant, M. &amp; Walch, J. (2006). <em>Grundkurs Kunst. 1: Malerei. Grafik. Fotografie<\/em>. Braunschweig: Schroedel. (Kapitel: Landschaft)<br \/>\n<code><br \/>\n<\/code><\/p>\n<hr \/>\n<p><code><br \/>\n<\/code><\/p>\n<p><strong>Landschaftsdarstellung <\/strong>\/ Gerd-Helge Vogel, Dozent VSV, 2009<\/p>\n<p>Landschaftsdarstellung ist ein selbst\u00e4ndiges Genre der bildenden Kunst, besonders der Malerei, der Graphik und der Fotografie, das einen Ausschnitt der au\u00dfenr\u00e4umlichen Umwelt des Menschen zeigt. Es dient der menschlichen Aneignung der Natur in ihrer \u00e4u\u00dferen Erscheinung durch deren \u00e4sthetische, bildk\u00fcnstlerische Wiedergabe. Bildgegenstand kann sowohl die vom Menschen unber\u00fchrte als auch die von ihm ver\u00e4nderte, neu geschaffene oder imaginierte (phantastische) Umwelt sein. Von der realistischen Schilderung eines bestimmten Gebietes bis zur reinen Phantasie- \/ Ideallandschaft gibt es zahllose \u00dcbergangsformen von der naturnahen zur stilisierten Schilderung. Die Landschaft kann Teil eines Bildes (Hintergrund, Blick aus dem Fenster etc.) sein oder selbst\u00e4ndige k\u00fcnstlerische Aufgabe. Dabei erfolgt die Darstellung der Natur \/ Umwelt auch in Kombination mit der menschlichen Figur, obwohl der Begriff der L. vielfach einseitig im Sinn der reinen Landschaftsdarstellung ohne Figurenstaffage verstanden wird. Aufgabe der L. ist die k\u00fcnstlerische Darstellung der Erscheinungsformen der \u00e4u\u00dferen Umwelt, ihrer r\u00e4umlichen Ausdehnung, die Wiedergabe von Licht, Luft, Perspektive. Sie dient zumeist der Verdeutlichung des Verh\u00e4ltnisses des Menschen zur Natur in seinen Gedanken\/Vorstellungen, Gef\u00fchlen und sozialen Anschauungen. Dabei gewinnt die L. Emotionalit\u00e4t (Stimmungswerte) und einen gesellschaftlich bedeutsamen Inhalt. L. vermittelt das Bild des kultivierten Menschen von der Natur,\u00a0 weshalb es keine wertneutrale k\u00fcnstlerische L.\u00a0 gibt, denn die konkret gezeigte Landschaft wird wesentlich bestimmt vom Stand der praktischen gesellschaftlichen Aneignung der Wirklichkeit durch den Menschen und den darauf beruhenden Naturvorstellungen. Insofern ist die \u00e4sthetische Auffassung von der \u00e4u\u00dferen Natur Teil des Weltverh\u00e4ltnisses des historisch konkreten Menschen als Gattungswesen und\u00a0 damit Teil seiner historischen Naturgeschichte, die sich von der Urlandschaft hin zur Kulturlandschaft vollzog.<\/p>\n<p>Im Laufe seiner Entwicklungsgeschichte hat sich das Genre L. diversifiziert und es entstanden spezielle Bildgattungen wie z. B.\u00a0 die naturnahe oder stilisierte Darstellung von bestimmten realen oder imaginierten Gegenden, die Ansichten von Architekturen, St\u00e4dten, Idealst\u00e4dten und Industrielandschaften im Typus der Vedute oder der fiktiven Capriccios, die Darstellung des Meeres als Marinemalerei in Form von Seest\u00fccken oder Strandbildern, die Schilderung von Parklandschaften in Gestalt von Parkentw\u00fcrfen, Parkveduten, dekorativen Panneaux sowie die Darstellung von Panoramen (Rundblicken).<\/p>\n<p>Entwicklungsgeschichtlich bedeutsam ist v. a. seit dem 17. Jahrhundert die Unterscheidung zwischen der <em>Ideallandschaft<\/em> &#8211; die Naturformen meist italienischen Ursprungs h\u00e4ufig unter Einbeziehung antiker Bauten zu einem harmonischen, poetisierten Landschaftsgef\u00fcge mit oft darin handelnden mythologischen Figuren\u00a0 als IDYLLE vereint &#8211; und der vom Eindruck der Erhabenheit bestimmten <em>heroischen Landschaft<\/em> \u2013 die gewaltige Felsen, m\u00e4chtige B\u00e4ume, rauschende Wasserf\u00e4lle oder Feuerspeiende Vulkane unter dem h\u00e4ufigen Wirken von Wetterunbilden thematisiert.<br \/>\n<code><br \/>\n<\/code><\/p>\n<hr \/>\n<p><code><br \/>\n<\/code><\/p>\n","protected":false},"excerpt":{"rendered":"<p>Hier k\u00f6nnen Sie sich das PDF Landscape-Visualization: Begriffe und Definitionen downloaden. (&lt;Wikipedia-Buch&gt;, 78 Seiten, 11.5 MB, Stand 5.1.2010). Die Begrifflichkeiten und Definitionen werden laufend erweitert. [A \u2013 Z] Bildfunktion Bildwirkung Landschaft Landschaftsdarstellung [&#8230;] [Online] Bildsprache Bildwahrnemung (Werbeanzeige) Ikonografie Ikonologie Ikonizit\u00e4t Komposition Konvention Landform Landschaft Landschaftsbild (Geografie) Landschaftselement (Bestandteile der L.) Landschaftsmalerei Naturraum Rhetorik, visuelle Rhetorik [&hellip;]<\/p>\n","protected":false},"author":226,"featured_media":0,"parent":0,"menu_order":0,"comment_status":"closed","ping_status":"closed","template":"","meta":{"ngg_post_thumbnail":0,"footnotes":""},"class_list":["post-23","page","type-page","status-publish","hentry"],"_links":{"self":[{"href":"https:\/\/blog.zhdk.ch\/landscape\/wp-json\/wp\/v2\/pages\/23","targetHints":{"allow":["GET"]}}],"collection":[{"href":"https:\/\/blog.zhdk.ch\/landscape\/wp-json\/wp\/v2\/pages"}],"about":[{"href":"https:\/\/blog.zhdk.ch\/landscape\/wp-json\/wp\/v2\/types\/page"}],"author":[{"embeddable":true,"href":"https:\/\/blog.zhdk.ch\/landscape\/wp-json\/wp\/v2\/users\/226"}],"replies":[{"embeddable":true,"href":"https:\/\/blog.zhdk.ch\/landscape\/wp-json\/wp\/v2\/comments?post=23"}],"version-history":[{"count":58,"href":"https:\/\/blog.zhdk.ch\/landscape\/wp-json\/wp\/v2\/pages\/23\/revisions"}],"predecessor-version":[{"id":541,"href":"https:\/\/blog.zhdk.ch\/landscape\/wp-json\/wp\/v2\/pages\/23\/revisions\/541"}],"wp:attachment":[{"href":"https:\/\/blog.zhdk.ch\/landscape\/wp-json\/wp\/v2\/media?parent=23"}],"curies":[{"name":"wp","href":"https:\/\/api.w.org\/{rel}","templated":true}]}}