{"id":515,"date":"2010-03-02T15:53:59","date_gmt":"2010-03-02T14:53:59","guid":{"rendered":"https:\/\/blog.zhdk.ch\/landscape\/?page_id=515"},"modified":"2011-10-10T14:22:58","modified_gmt":"2011-10-10T13:22:58","slug":"links2-2","status":"publish","type":"page","link":"https:\/\/blog.zhdk.ch\/landscape\/links2-2\/","title":{"rendered":"Links"},"content":{"rendered":"<p><strong>Inhalt <\/strong>(Feb. 2011)<strong>: <\/strong><strong><br \/>\n<\/strong><\/p>\n<ol>\n<li>Universit\u00e4tre Institute und Forschungsprojekte<\/li>\n<li>Staat, Kanton, Parteien und Organisationen<\/li>\n<li>Firmen<\/li>\n<li>Software<\/li>\n<li>Kunst<\/li>\n<li>Weiteres<\/li>\n<\/ol>\n<p><strong><br \/>\n<\/strong><\/p>\n<hr \/>\n<p><code><br \/>\n<\/code><span style=\"text-decoration: underline\"><strong>1. Universit\u00e4re Institute und Forschungsprojekte <\/strong><\/span><\/p>\n<p>&nbsp;<\/p>\n<p>&nbsp;<\/p>\n<p><a href=\"http:\/\/www.wsl.ch\/\" target=\"_blank\"><strong>Eidg. Forschungsanstalt f\u00fcr Wald, Schnee und Landschaft WSL<\/strong><\/a><\/p>\n<p>Die Eidgen\u00f6ssische Forschungsanstalt f\u00fcr Wald, Schnee und Landschaft WSL befasst sich mit der Nutzung und dem Schutz von Landschaften und Lebensr\u00e4umen. Sie ist Teil des ETH-Bereichs und nimmt als Forschungsanstalt eine wichtige Br\u00fcckenfunktion zwischen Wissenschaft und Umsetzung (\u00abPraxis\u00bb) wahr.<\/p>\n<p><a href=\"http:\/\/www.wsl.ch\/land\/products\/biomod\/habmaps.html\" target=\"_blank\">Lebensraumkarten, Biodiversit\u00e4t<\/a><\/p>\n<p><a href=\"http:\/\/www.wsl.ch\/forschung\/landschaftsentwicklung\/dienstleistungen\/index_DE\" target=\"_blank\">Dienstleistung: Landschaft \u2013 Natur<\/a><\/p>\n<p><a href=\"http:\/\/www.wsl.ch\/dienstleistungen\/publikationen\/schriftenreihen\/landschaft\/index_DE\" target=\"_blank\">Informationsblatt Landschaft<\/a><\/p>\n<p><a href=\"http:\/\/www.wsl.ch\/forschung\/index_DE\" target=\"_blank\">\u00dcbersicht Projekte<\/a><\/p>\n<p><code><br \/>\n<\/code><\/p>\n<p><strong>ILA: Institut f\u00fcr Landschaftsarchitektur, ETH Z\u00fcrich<\/strong><\/p>\n<p>Das Institut f\u00fcr Landschaftsarchitektur ILA ist eines von vier Instituten des Departements f\u00fcr Architektur. Es umfasst zwei Professuren:<\/p>\n<p><a href=\"http:\/\/www.girot.arch.ethz.ch\/\" target=\"_blank\"><strong>www.girot.arch.ethz.ch\/<\/strong><\/a><\/p>\n<p><a href=\"http:\/\/www.vogt.arch.ethz.ch\/\" target=\"_blank\"><strong>www.vogt.arch.ethz.ch\/<\/strong><\/a><\/p>\n<p><code><br \/>\n<\/code><\/p>\n<p><a href=\"http:\/\/www.nsl.ethz.ch\/\" target=\"_blank\"><strong>NSL \u2013 Netzwerk Stadt und Landschaft<\/strong><\/a><\/p>\n<p>Das Netzwerk Stadt und Landschaft verfolgt das Ziel, in Forschung und Lehre Grundlagen f\u00fcr eine menschengerechte und nachhaltige sowie \u00e4sthetisch und kulturell anspruchsvolle Gestaltung unserer Umwelt zu entwickeln und diese f\u00fcr die \u00d6ffentlichkeit verf\u00fcgbar zu machen.<\/p>\n<p><code><br \/>\n<\/code><\/p>\n<p><a href=\"http:\/\/www.irl.ethz.ch\/plus\/index_DE\" target=\"_blank\"><strong>Planung von Landschaft und urbanen Systemen (PLUS)<\/strong><\/a><\/p>\n<p>Die Lehre am PLUS f\u00f6rdert das Wissen in den Bereichen Landschafts- und Umweltplanung, Landschaftsvisualisierung, r\u00e4umlicher \u00d6konomie und regionaler Planung sowie quantitativer Methoden und Instrumente zum Lokalisieren von zunehmendem Druck auf unseren Lebensraum. <strong>PLUS<\/strong> ist Teil des Institutes f\u00fcr Raum- und Landschaftsentwicklung (IRL) und des Departementes Bau, Umwelt und Geomatik (D-BAUG).<\/p>\n<p><code><br \/>\n<\/code><\/p>\n<p><a href=\"http:\/\/lrg.ethz.ch\/index.html\" target=\"_blank\"><strong>Landscape Research Group LRG<\/strong><\/a><\/p>\n<p>Institut f\u00fcr Raum- und Landschaftsentwicklung ETH Z\u00fcrich, Schweiz. Die Projekte <strong>VisuLands<\/strong> und <strong>Greenspace<\/strong> stehen dabei nahe bei unserem Forschungsvorhaben:<\/p>\n<p>&nbsp;<\/p>\n<p><a href=\"http:\/\/lrg.ethz.ch\/visulands\/fs_visulands.html\" target=\"_blank\"><strong>VisuLands<\/strong><\/a><\/p>\n<p>Das Projekt Visulands analysiert Pr\u00e4ferenzen der Allgemeinheit und Ziele der Landschaftsplaner in Bezug auf bestehende Landschaften und Szenarien zuk\u00fcnftiger Landnutzungen zur Erstellung neuer computergest\u00fctzter Visualisierungsinstrumente, die eine \u00f6ffentliche Beteiligung in der Landschaftsplanung unterst\u00fctzen.<\/p>\n<p>&nbsp;<\/p>\n<p><a href=\"http:\/\/lrg.ethz.ch\/GS\/\" target=\"_blank\"><strong>Greenspace<\/strong><\/a><\/p>\n<p>Entwickeln von Methoden (Landschafts\u00e4sthetik \/ Visualisierung, Landschafts\u00f6kologie, \u00d6konomie), die einen strategischen Ansatz f\u00fcr die Planung und Entwicklung des st\u00e4dtischen Freiraums mit Hilfe eines partizipativen Ansatzes erm\u00f6glichen. Wie werden Gr\u00fcnr\u00e4ume von unterschiedlichen Gruppen genutzt? Von welchen Faktoren ist die Nutzung abh\u00e4ngig? Wie k\u00f6nnen \u00f6kologische Belange in st\u00e4rkerem Ma\u00dfe eingebracht werden? K\u00f6nnen st\u00e4dtische Gr\u00fcnr\u00e4ume realit\u00e4tsnah visualisiert werden?<\/p>\n<p><a href=\"http:\/\/stadtlandschaft.ethz.ch\/\" target=\"_blank\">Umfrage zum Naherholungsgebiet K\u00e4ferberg<\/a><\/p>\n<p><a href=\"http:\/\/parks.ethz.ch\/\" target=\"_blank\">Befragung zu st\u00e4dtischen Parks<\/a><\/p>\n<p><code><br \/>\n<\/code><\/p>\n<p><a href=\"http:\/\/www.machtderbilder.ch\/\" target=\"_blank\"><strong>Macht und Kraft der Bilder. Wie f\u00fcr Nachhaltigkeit argumentiert wird.<\/strong><\/a><\/p>\n<p>Welche Bilder beeinflussen Entscheidungen \u00fcber nachhaltige Entwicklungen? Das Projekt \u00abDie Macht der Bilder\u00bb aus dem NFP 48 untersucht anhand zweier erfolgreicher Beispiele, wie Nachhaltigkeit verwirklicht werden kann: am UNESCO Weltnaturerbe Jungfrau-Aletsch-Bietschhorn und am UNESCO Biosph\u00e4renreservat Entlebuch. Im Mittelpunkt steht dabei die Frage, welche Bilder aus den Massenmedien Entscheidungen \u00fcber die Entwicklung von Landschaften beeinflussen. Um dies herauszufinden, wurden Erkenntnisse aus dem Marketing, der Psychologie, der Soziologie, der Philosophie, der Semiotik und der Politikwissenschaften einbezogen. Besonders innovativ ist die Verbindung eines Forschungsprojekts am Geographischen Institut der Universit\u00e4t Z\u00fcrich mit einer interaktiven Ausstellung, die in Zusammenarbeit mit dem Seminar f\u00fcr Kulturwissenschaft und Europ\u00e4ische Ethnologie der Universit\u00e4t Basel zun\u00e4chst in den Untersuchungsgebieten, dann aber auch in Z\u00fcrich, Basel und Bern gezeigt wurde. Sie erm\u00f6glicht den Besuchern die Auseinandersetzung mit den eigenen wie auch mit fremden Bildern und Emotionen zur nachhaltigen Entwicklung. Sie er\u00f6ffnet damit Spielr\u00e4ume f\u00fcr Verst\u00e4ndigung und Gestaltung von Nachhaltigkeit.<\/p>\n<p><a href=\"http:\/\/www.zssw.unibe.ch\/bilder\/parcour\/start.htm\" target=\"_blank\">Entscheidungspiel-Start<\/a><\/p>\n<p><code><br \/>\n<\/code><\/p>\n<p><strong><a href=\"http:\/\/ilf.hsr.ch\/\" target=\"_blank\">Institut f\u00fcr Landschaft und Freiraum, ilf<\/a> <\/strong>(Hochschule f\u00fcr Technik Rapperswil, HSR)<\/p>\n<p>Das Institut f\u00fcr Landschaft und Freiraum ILF erarbeitet in der gesamten Spannbreite der Landschaftsarchitektur innovative Methoden sowie anwendungsorientierte Projektl\u00f6sungen und unterst\u00fctzt damit Entscheidungstr\u00e4ger in Wirtschaft und Politik.<\/p>\n<p><code><br \/>\n<\/code><\/p>\n<p><a href=\"http:\/\/www.tress.cc\/\" target=\"_blank\"><strong>B\u00e4rbel und Gunther Tress<\/strong><\/a><\/p>\n<p>Landscape and environmental research, Landscape scenarios, Interdisciplinarity and transdisciplinarity, Visualisation techniques, Communication in science, Organic agricultur, Urbanisation of the countryside, Second homes and tourism, Research evaluation, Transferable skills, E-learning technologies.<\/p>\n<p><code><br \/>\n<\/code><\/p>\n<hr \/>\n<p><code><br \/>\n<\/code><br \/>\n<span style=\"text-decoration: underline\"><strong>2. Staat, Kanton, Parteien und Organisationen<\/strong><\/span><\/p>\n<p>&nbsp;<\/p>\n<p>&nbsp;<\/p>\n<p><a href=\"http:\/\/www.bafu.admin.ch\/\" target=\"_blank\"><strong>Bundesamt f\u00fcr Umwelt BAFU<\/strong><\/a><\/p>\n<p>Das BAFU ist das Kompetenzzentrum des Bundes im Bereich Umwelt. Es tr\u00e4gt dazu bei, die nat\u00fcrlichen Ressourcen (Luft, Wasser, Boden, Wald, Landschaft, nat\u00fcrliche Vielfalt, Ruhe) f\u00fcr Gesellschaft und Wirtschaft langfristig zu erhalten und zu nutzen.<\/p>\n<p><code><br \/>\n<\/code><\/p>\n<p><a href=\"http:\/\/www.are.admin.ch\/\" target=\"_blank\"><strong>Bundesamt f\u00fcr Raumentwicklung ARE<\/strong><\/a><\/p>\n<p>Die Politik des Bundes in der Raum- und Verkehrsentwicklung, der nachhaltigen Entwicklung und der Alpenkonvention wird seit dem 1. Juni 2000 vom Bundesamt f\u00fcr Raumentwicklung ARE vorbereitet und umgesetzt.<\/p>\n<p><code><br \/>\n<\/code><\/p>\n<p><a href=\"http:\/\/www.clui.org\/\" target=\"_blank\"><strong>The Center for Land Use Interpretation<\/strong><\/a><\/p>\n<p>The Center for Land Use Interpretation is a research and education organization interested in understanding the nature and extent of human interaction with the earth\u2019s surface, and in finding new meanings in the intentional and incidental forms that we individually and collectively create. We believe that the manmade landscape is a cultural inscription, that can be read to better understand who we are, and what we are doing.<\/p>\n<p><code><br \/>\n<\/code><\/p>\n<p><a href=\"http:\/\/www.gruene.ch\/\" target=\"_blank\"><strong>Gr\u00fcne Partei der Schweiz<\/strong><\/a><\/p>\n<p>Willkommen bei den Gr\u00fcnen! Wir setzen uns ein f\u00fcr den Schutz der Umwelt, den Erhalt der nat\u00fcrlichen Lebensgrundlagen und f\u00fcr soziale, wirtschaftliche und politische Gerechtigkeit.<\/p>\n<p><strong> <\/strong><a href=\"http:\/\/www.gruene.ch\/web\/gruene\/de\/mitmachen\/informiert_werden.html\" target=\"_blank\">Zeitschrift greenfo<\/a> (deutsch)<\/p>\n<p><code><br \/>\n<\/code><\/p>\n<p><a href=\"http:\/\/www.alpconv.org\/home\/index_de\" target=\"_blank\"><strong>Alpenkonvention<\/strong><\/a><\/p>\n<p>Die Alpenkonvention ist ein v\u00f6lkerrechtlicher Vertrag f\u00fcr den umfassenden Schutz und die nachhaltigen Entwicklung der Alpen.<\/p>\n<p><a href=\"http:\/\/www.alpconv.org\/archive\/index_de\" target=\"_blank\">Archiv<\/a><\/p>\n<p><code><br \/>\n<\/code><\/p>\n<p><strong><a href=\"http:\/\/www.forumlandschaft.ch\" target=\"_blank\">forumlandschaft<\/a><\/strong><\/p>\n<p>Mit dem Ziel eines fach\u00fcbergreifenden Austausches und verst\u00e4rkter Forschung f\u00fcr eine umfassende Betrachtung der Landschaft und ihrer gezielten Entwicklung und Gestaltung wurde am 13. Januar 2006 in Bern das Forum Landschaft gegr\u00fcndet. Mitglieder sind Forschende verschiedener Schweizer Hochschulen, Fachhochschulen und Forschungsinstitutionen sowie Fachleute aus Praxis und Verwaltung. Interessierte sind als Mitglieder und zur Mitarbeit im Forum herzlich willkommen.<\/p>\n<p><code><br \/>\n<\/code><\/p>\n<p><a href=\"http:\/\/www.pronatura.ch\/\" target=\"_blank\"><strong>pro natura<\/strong><\/a><\/p>\n<p>Wir wehren uns gegen die \u00dcbernutzung, Entwertung und Zerst\u00f6rung von Natur, Landschaft und Umwelt. Wir sind Teil einer weltweiten Bewegung, welche die \u00f6kologische und kulturelle Vielfalt auf diesem Planeten f\u00fcr uns und kommende Generationen bewahren will.<\/p>\n<p><code><br \/>\n<\/code><\/p>\n<p><strong><a href=\"http:\/\/www.landschaftsinitiative.ch\/\" target=\"_blank\">Landschaftsinitiative<\/a> \u2013 \u00abRaum f\u00fcr Mensch und Natur\u00bb<\/strong><\/p>\n<p>Die Landschaftsinitiative (Eidgen\u00f6ssische Volksinitiative \u00abRaum f\u00fcr Mensch und Natur\u00bb) will, dass die Schweiz f\u00fcr Mensch und Natur lebenswert bleibt. Seit Jahrzehnten verfehlt die Raumplanung ihre Ziele: Die Siedlungsfl\u00e4che wuchert, die Zersiedelung schreitet voran. Eine breit abgest\u00fctzte Tr\u00e4gerschaft aus verschiedenen Organisationen handelt, bevor die Erholungsr\u00e4ume f\u00fcr Menschen und die Lebensr\u00e4ume f\u00fcr Pflanzen und Tiere vollends verschwunden sind.<\/p>\n<p><code><br \/>\n<\/code><\/p>\n<p><a href=\"http:\/\/www.greenpeace.ch\/\" target=\"_blank\"><strong>Greenpeace<\/strong><\/a><\/p>\n<p>Greenpeace ist eine internationale Umweltorganisation, die sich seit 1971 weltweit f\u00fcr eine \u00f6kologische, soziale und gerechte Gegenwart und Zukunft einsetzt. In 40 L\u00e4ndern arbeiten wir f\u00fcr den Schutz vor atomarer und chemischer Verseuchung, den Schutz der genetischen Vielfalt, des Klimas und f\u00fcr den Schutz von W\u00e4ldern und Meeren.<\/p>\n<p><a href=\"http:\/\/www.greenpeace.org\/switzerland\/de\/News_Stories\/News-Archiv\/\" target=\"_blank\">News-Archiv<\/a><\/p>\n<p><code><br \/>\n<\/code><\/p>\n<p><a href=\"http:\/\/www.wwf.ch\/\" target=\"_blank\"><strong>WWF<\/strong><\/a><\/p>\n<p>Der WWF will der weltweiten Naturzerst\u00f6rung Einhalt gebieten und eine Zukunft gestalten, in der Mensch und Natur in Harmonie leben. Der WWF setzt sich weltweit ein f\u00fcr: die Erhaltung der biologischen Vielfalt der Erde, die nachhaltige Nutzung nat\u00fcrlicher Ressourcen, die Eind\u00e4mmung von Umweltverschmutzung und sch\u00e4dlichem Konsumverhalten.<\/p>\n<p><a href=\"http:\/\/www.wwf.ch\/de\/newsundservice\/news\/news\/medien\/\" target=\"_blank\">Medienarchiv<\/a><\/p>\n<p><code><br \/>\n<\/code><\/p>\n<p><a href=\"http:\/\/www.giszh.zh.ch\/\" target=\"_blank\"><strong>Geographisches Informationssystem des Kantons Z\u00fcrich<\/strong><\/a><\/p>\n<p>Als strategisches Managementinstrument f\u00fcr die effiziente Verarbeitung von raumrelevanten Daten verf\u00fcgt die Verwaltung des Kantons Z\u00fcrich \u00fcber ein einheitliches und koordiniertes Geographisches Informationssystem.<\/p>\n<p><code><br \/>\n<\/code><\/p>\n<p><a href=\"http:\/\/www.sia.ch\/\" target=\"_blank\"><strong>SIA: Schweizerischer Ingenieur- und Architektenverein<\/strong><\/a><\/p>\n<p>Die Schweiz ist eine vielf\u00e4ltige und dicht gef\u00fcgte Kulturlandschaft. Ihre charakteristischen Eigenschaften bestimmen massgeblich unser Befinden. Heute und k\u00fcnftig sind f\u00fcr eine hohe Lebensqualit\u00e4t und einen zukunftsf\u00e4higen Lebensraum umsichtig gepr\u00e4gtes Denken, nachhaltiges und ethisch korrektes Handeln entscheidend.<\/p>\n<p><code><br \/>\n<\/code><\/p>\n<hr \/>\n<p><code><br \/>\n<\/code><br \/>\n<strong><span style=\"text-decoration: underline\">3. Firmen<\/span> <\/strong>(siehe auch <a href=\"https:\/\/blog.zhdk.ch\/landscape\/interviews\/\">Interviewpartner<\/a>)<\/p>\n<p>&nbsp;<\/p>\n<p>&nbsp;<\/p>\n<p><a href=\"http:\/\/www.agenceter.com\/\" target=\"_blank\"><strong>Agence Ter<\/strong><\/a><\/p>\n<p>Das durch die drei Landschaftsarchitekten &#8211; Henri Bava, Michel Hoessler und Olivier Philippe &#8211; im Jahr 1986 in Paris gegr\u00fcndete B\u00fcro Agence Ter ist heute in zahlreichen europ\u00e4ischen und au\u00dfereurop\u00e4ischen L\u00e4ndern t\u00e4tig.<\/p>\n<p><code><br \/>\n<\/code><\/p>\n<p><a href=\"http:\/\/www.ebp.ch\/\" target=\"_blank\"><strong>Ernst Basler + Partner AG<\/strong><\/a><\/p>\n<p>Die Ernst Basler + Partner AG ist ein international t\u00e4tiges Ingenieur-, Planungs- und Beratungsunternehmen. Unsere Leistungen reichen vom Konzept bis zur Realisierung und von der L\u00f6sung fachspezifischer Probleme bis zur Strategie- und Unternehmensberatung.<\/p>\n<p><code><br \/>\n<\/code><\/p>\n<p><a href=\"http:\/\/www.mvrdv.nl\/\" target=\"_blank\"><strong>MVRDV<\/strong><\/a><\/p>\n<p>MVRDV conveives since 1993 architecture, urbanism and research as engines for future innovation, with the collaborative design process as an essential focus point.<\/p>\n<p><code><br \/>\n<\/code><\/p>\n<p><a href=\"http:\/\/www.urbanplus.ch\/\" target=\"_blank\"><strong>urbaNplus \/ Stefan Kurath<\/strong><\/a><\/p>\n<p>urbaNplus hat in einer allt\u00e4glichen, intensiven Auseinandersetzung mit der urbanen Landschaft Entwurfsmethoden und Arbeitsinstrumente entwickelt, welche strategisch Aspekte der Zeit und die in der urbanen Landschaft wirkenden politischen, wirtschaftlichen und gesellschaftlichen Kr\u00e4fte miteinbeziehen.<\/p>\n<p><code><br \/>\n<\/code><\/p>\n<p><a href=\"http:\/\/www.rendertaxi.com\/\" target=\"_blank\"><strong>rendertaxi.de<\/strong><\/a><\/p>\n<p>Rendertaxi bietet Dienstleistungen aus den Sektoren Visualisierung, Simulation und Illustration mit dem Einsatz zeitgem\u00e4\u00dfer Techniken und Methoden an. Dabei ist eine detailgetreue Modellierung, Simulation des Lichtes und Darstellung der Farben, Materialien und Oberfl\u00e4chen von h\u00f6chster Bedeutung, wobei die Darstellung von fotorealistischer Weise bis hin zu einer komplett abstrahierten oder digital verfremdeten Form geschehen kann.<\/p>\n<p><code><br \/>\n<\/code><\/p>\n<p><a href=\"http:\/\/www.raumgleiter.com\/\" target=\"_blank\"><strong>Raumgleiter<\/strong><\/a><\/p>\n<p>Die Arbeit von Raumgleiter steht im Dienste eines gesamtheitlichen Gestaltungs- und Planungsprozesses. Neben der klassischen Architekturt\u00e4tigkeit besch\u00e4ftigen wir uns auch mit der Ausarbeitung, Vermittlung und Pr\u00e4sentation von Inhalten in Fl\u00e4che und Raum.<\/p>\n<p><code><br \/>\n<\/code><\/p>\n<p><a href=\"http:\/\/www.topotek.de\/\" target=\"_blank\"><strong>Topotek<\/strong><\/a><\/p>\n<p>Der Aufgabenschwerpunkt des B\u00fcros liegt in der Gestaltung st\u00e4dtischer Freir\u00e4ume. Ausgehend von einem kritischen Verst\u00e4ndnis vorhandener Realit\u00e4ten findet die Suche nach konzeptionellen L\u00f6sungsans\u00e4tzen ihren Niederschlag in klaren Statements im urbanen Kontext. In Entwurf, Planung und Bau erstellt Topotek Vorschl\u00e4ge f\u00fcr eigenst\u00e4ndige neue Parks, Pl\u00e4tze, Sportanlagen, H\u00f6fe und G\u00e4rten, deren Gestaltung den Bed\u00fcrfnissen unserer Zeit nach Variabilit\u00e4t, Kommunikation und Sinnlichkeit gerecht wird. Die vielseitigen Erfahrungen aus einem breiten Spektrum deutscher und internationaler Projekte erm\u00f6glichen dabei eine effiziente, auf die jeweiligen Anforderungen abgestimmte Umsetzung.<\/p>\n<p><code><br \/>\n<\/code><\/p>\n<p><a href=\"http:\/\/www.vasp.ch\/\" target=\"_blank\"><strong>vasp knowledge visualization<\/strong><\/a><\/p>\n<p>Die visuellen und interaktiven L\u00f6sungen unterst\u00fctzen die Kommunikation und den Umgang mit Wissen und Information. Sie helfen im Marketing, Verkauf und der Werbung. Sie n\u00fctzen in der Forschung und der Ausbildung, in Schulen, Unternehmen etc.<\/p>\n<p><code><br \/>\n<\/code><\/p>\n<p><a href=\"http:\/\/www.hosoyaschaefer.com\/\" target=\"_blank\"><strong>HOSOYA SCHAEFER <\/strong><\/a><\/p>\n<p>HOSOYA SCHAEFER is a Z\u00fcrich based studio for architectural designs, strategies and research. It was founded by Markus Schaefer and Hiromi Hosoya in 2003. With an international network of collaborators, the studio is involved in building design and realization, media installations, strategic planning and consulting.<\/p>\n<p><code><br \/>\n<\/code><\/p>\n<hr \/>\n<p><code><br \/>\n<\/code><br \/>\n<span style=\"text-decoration: underline\"><strong>4. Software<\/strong><\/span><\/p>\n<p>&nbsp;<\/p>\n<p>&nbsp;<\/p>\n<p><a href=\"http:\/\/earth.google.ch\/\" target=\"_blank\"><strong>Google Earth<\/strong><\/a><\/p>\n<p>Mit Google Earth kann nicht nur um die Welt geflogen und Satellitenbilder, Karten, Gel\u00e4ndeformationen und 3D-Geb\u00e4ude betrachtet werden \u2013 Es kann auch der reichhaltige geografische Inhalt erkundet, interessante Orte gespeichert und diese mit anderen Nutzern ausgetauscht werden.<\/p>\n<p><code><br \/>\n<\/code><\/p>\n<p><a href=\"http:\/\/maps.google.ch\/\" target=\"_blank\"><strong>Google Maps<\/strong><\/a><\/p>\n<p>Google Maps bezeichnet einen am 8. Februar 2005 gestarteten Dienst von Google Inc., der es erm\u00f6glicht, Orte, Hotels und andere Objekte zu suchen, um deren Position dann auf einer Karte oder auf einem Bild von der Erdoberfl\u00e4che (Satelliten- und Luftbilder) anzuzeigen.<\/p>\n<p><a href=\"http:\/\/maps.google.com\/help\/maps\/streetview\/\" target=\"_blank\">Streetview: <\/a>360-Grad-Panoramabilder<\/p>\n<p><code><br \/>\n<\/code><\/p>\n<p><a href=\"http:\/\/www.geocontrol2.com\/\" target=\"_blank\"><strong>GeoControl2 &#8211; der professionelle Terraingenerator<\/strong><\/a><\/p>\n<p>GeoControl2 er\u00f6ffnet vollkommen neue M\u00f6glichkeiten der virtuellen Landschaftsgestaltung. Eine einzigartige Kombination aus k\u00fcnstlerisch orientierten Tools und semi-wissenschaftlichen Algorithmen erm\u00f6glicht es endlich, realistische, atemberaubende Landschaften nach konzeptionellen Vorlagen oder einfach aus der Fantasie zu erstellen.<\/p>\n<p><code><br \/>\n<\/code><\/p>\n<p><a href=\"http:\/\/www.3dnworld.com\/\" target=\"_blank\"><strong>3DNWorld<\/strong><\/a><\/p>\n<p>World Construction Set and Visual Nature Studio are used around the world for a wide variety of visualization and artistic needs. Here you can see a few examples of what people are doing with WCS and VNS.<\/p>\n<p><code><br \/>\n<\/code><\/p>\n<hr \/>\n<p><code><br \/>\n<\/code><br \/>\n<span style=\"text-decoration: underline\"><strong>5. Kunstprojekte<\/strong><\/span><\/p>\n<p>&nbsp;<\/p>\n<p>&nbsp;<\/p>\n<p><a href=\"http:\/\/www.vuedesalpes.com\/\" target=\"_blank\"><strong>Hotel Vue des Alpes<\/strong><\/a><\/p>\n<p>Mit dem Projekt Vue des Alpes haben Sie seit Sommer 2001 die M\u00f6glichkeit, in unserem fiktiven, exklusiv gerenderten Kurhotel 5 Tage lang ein Zimmer f\u00fcr Ihren digitalen Aufenthalt zu reservieren, inmitten einer erholsamen, gerechneten Landschaft. Kein Autol\u00e4rm, keine Horden von Ballermann 6-Touristen werden Sie in der Einsamkeit der Berge st\u00f6ren!<\/p>\n<p><code><br \/>\n<\/code><\/p>\n<hr \/>\n<p><code><br \/>\n<\/code><br \/>\n<span style=\"text-decoration: underline\"><strong>6. Weitere Links<\/strong><\/span><\/p>\n<p>&nbsp;<\/p>\n<p>&nbsp;<\/p>\n<p><a href=\"http:\/\/en.wikipedia.org\/wiki\/Environmental_psychology\" target=\"_blank\"><strong>Environmental psychology<\/strong><\/a><\/p>\n<p>Environmental psychology is an interdisciplinary field focused on the interplay between humans and their surroundings. The field defines the term environment very broadly including all that is natural on the planet as well as social settings, built environments, learning environments and informational environments.<\/p>\n<p><code><br \/>\n<\/code><\/p>\n<p><a href=\"http:\/\/de.wikipedia.org\/wiki\/Jakob_Philipp_Hackert\" target=\"_blank\"><strong>Jakob Philipp Hackert<\/strong><\/a><\/p>\n<p>Jakob Philipp Hackert (* 15. September 1737 in Prenzlau; \u2020 28. April 1807 in San Piero di Careggi bei Florenz) war ein deutscher Landschaftsmaler des Klassizismus.<\/p>\n<p><code><br \/>\n<\/code><\/p>\n<p><a href=\"http:\/\/www.skyscrapercity.com\/showthread.php?p=16076978\" target=\"_blank\"><strong>SkyscraperCity<\/strong><\/a><\/p>\n<p>News, photos and discussions on skyscrapers, skylines, cities, architecture and urbanity.<\/p>\n<p><code><br \/>\n<\/code><\/p>\n<p><strong><a href=\"http:\/\/www.ebisquare.ch\/\" target=\"_blank\">EbiSquare<\/a> <\/strong>(Einkaufszentrum)<\/p>\n<p>EbiSquare ist eine Welt der Wunder, des Staunens, des Wohlf\u00fchlens, des Verweilens. Ein Ort, wo man vom Alltag ausspannt und sich immer wieder einpaar Stunden unbeschwerte Freizeit g\u00f6nnt.<\/p>\n<p><a href=\"http:\/\/www.ebisquare.ch\/html\/Bilder.htm\" target=\"_blank\">Pressebilder<strong> <\/strong><\/a><\/p>\n","protected":false},"excerpt":{"rendered":"<p>Inhalt (Feb. 2011): Universit\u00e4tre Institute und Forschungsprojekte Staat, Kanton, Parteien und Organisationen Firmen Software Kunst Weiteres 1. Universit\u00e4re Institute und Forschungsprojekte &nbsp; &nbsp; Eidg. Forschungsanstalt f\u00fcr Wald, Schnee und Landschaft WSL Die Eidgen\u00f6ssische Forschungsanstalt f\u00fcr Wald, Schnee und Landschaft WSL befasst sich mit der Nutzung und dem Schutz von Landschaften und Lebensr\u00e4umen. Sie ist Teil [&hellip;]<\/p>\n","protected":false},"author":226,"featured_media":0,"parent":0,"menu_order":8,"comment_status":"closed","ping_status":"closed","template":"","meta":{"ngg_post_thumbnail":0,"footnotes":""},"class_list":["post-515","page","type-page","status-publish","hentry"],"_links":{"self":[{"href":"https:\/\/blog.zhdk.ch\/landscape\/wp-json\/wp\/v2\/pages\/515","targetHints":{"allow":["GET"]}}],"collection":[{"href":"https:\/\/blog.zhdk.ch\/landscape\/wp-json\/wp\/v2\/pages"}],"about":[{"href":"https:\/\/blog.zhdk.ch\/landscape\/wp-json\/wp\/v2\/types\/page"}],"author":[{"embeddable":true,"href":"https:\/\/blog.zhdk.ch\/landscape\/wp-json\/wp\/v2\/users\/226"}],"replies":[{"embeddable":true,"href":"https:\/\/blog.zhdk.ch\/landscape\/wp-json\/wp\/v2\/comments?post=515"}],"version-history":[{"count":25,"href":"https:\/\/blog.zhdk.ch\/landscape\/wp-json\/wp\/v2\/pages\/515\/revisions"}],"predecessor-version":[{"id":621,"href":"https:\/\/blog.zhdk.ch\/landscape\/wp-json\/wp\/v2\/pages\/515\/revisions\/621"}],"wp:attachment":[{"href":"https:\/\/blog.zhdk.ch\/landscape\/wp-json\/wp\/v2\/media?parent=515"}],"curies":[{"name":"wp","href":"https:\/\/api.w.org\/{rel}","templated":true}]}}