{"id":119,"date":"2015-05-20T16:32:23","date_gmt":"2015-05-20T14:32:23","guid":{"rendered":"http:\/\/scientificvis.sc.funpic.de\/?page_id=119"},"modified":"2018-09-20T12:59:54","modified_gmt":"2018-09-20T10:59:54","slug":"kooperationen","status":"publish","type":"page","link":"https:\/\/blog.zhdk.ch\/masterkvis\/kooperationen\/","title":{"rendered":"Kooperationen"},"content":{"rendered":"<p>Das Masterprogramm <strong>Knowledge Visualization<\/strong>\u00a0bietet ein weitreichendes Netzwerk von Partnerinstitutionen aus Wissenschaft und Forschung sowie Institutionen und Verb\u00e4nden der Wissenschaftskommunikation:<\/p>\n<ul>\n<li><a href=\"http:\/\/www.uzh.ch\" target=\"_blank\" rel=\"noopener\">Universit\u00e4t Z\u00fcrich,<\/a>\u00a0<a href=\"http:\/\/www.ethz.ch\" target=\"_blank\" rel=\"noopener\"> ETH Z\u00fcrich<\/a> und <a href=\"https:\/\/www.unibas.ch\/de\" target=\"_blank\" rel=\"noopener\">Universit\u00e4t Basel<\/a><\/li>\n<li><a href=\"http:\/\/www.vet.uzh.ch\">Vetsuisse Universit\u00e4t Z\u00fcrich<\/a><\/li>\n<li><a href=\"http:\/\/www.iem.uzh.ch\" target=\"_blank\" rel=\"noopener\">Institute of Evolutionary Medicine<\/a>, IEM, Universit\u00e4t Z\u00fcrich<\/li>\n<li><a href=\"http:\/\/www.aim.uzh.ch\/de\/museum.html\" target=\"_blank\" rel=\"noopener\">Anthropologisches Institut und Museum der Universit\u00e4t Z\u00fcrich<\/a><\/li>\n<li><a href=\"http:\/\/Laboratory of Artificial &amp; Natural Evolution\" target=\"_blank\" rel=\"noopener\">Laboratory of Artificial &amp; Natural Evolution<\/a>, LANE,\u00a0Universit\u00e4t Genf<\/li>\n<li><a href=\"http:\/\/www.cse-lab.ethz.ch\" target=\"_blank\" rel=\"noopener\">Computational Science &amp; Engineering Laboratory<\/a> CSElab, ETH<\/li>\n<li>Excite, <a href=\"http:\/\/www.excite.ethz.ch\" target=\"_blank\" rel=\"noopener\">Competence Center\u2028Experimental and Clinical Imaging Technologies<\/a>, ETH<\/li>\n<li><a href=\"http:\/\/www.ggl.baug.ethz.ch\" target=\"_blank\" rel=\"noopener\">Geodesy and Geodynamics Lab<\/a>, ETH Z\u00fcrich<\/li>\n<li><a href=\"http:\/\/www.irm.uzh.ch\/de\/dienstleistung\/fmb.html\" target=\"_blank\" rel=\"noopener\">Institut f\u00fcr Rechtsmedizin, Forensische Medizin und Bildgebung<\/a>, Universit\u00e4t Z\u00fcrich<\/li>\n<li><a href=\"http:\/\/gravis.cs.unibas.ch\" target=\"_blank\" rel=\"noopener\">Graphics and Vision Research Group<\/a>, GRAVIS, University of Basel<\/li>\n<li><a href=\"https:\/\/forschdb2.unibas.ch\/inf2\/rm_projects\/object_view.php?r=3242174\" target=\"_blank\" rel=\"noopener\">Life Histories of Theban Tombs, Department of Ancient Civilizations,<\/a> Universi\u00e4t Basel<\/li>\n<li><a href=\"http:\/\/www.eva.mpg.de\">Max-Planck-Institut f\u00fcr Evolution\u00e4re Anthropologie Leipzig<\/a><\/li>\n<li><a href=\"http:\/\/www.design.haw-hamburg.de\/course\/illustration\/\" target=\"_blank\" rel=\"noopener\">Abteilung Informative Illustration<\/a>, HAW Hamburg<\/li>\n<li><a href=\"https:\/\/www.zhdk.ch\/?trans\/fsp\" target=\"_blank\" rel=\"noopener\">Forschungsschwerpunkt Transdisziplinarit\u00e4t<\/a>, ZHdK<\/li>\n<li><a href=\"http:\/\/www.are.zh.ch\/internet\/baudirektion\/are\/de\/home.html\" target=\"_blank\" rel=\"noopener\">Amt f\u00fcr Raumentwicklung<\/a>, Arch\u00e4ologie und Denkmalpflege Z\u00fcrich<\/li>\n<li><a href=\"http:\/\/www.unifr.ch\/geoscience\/geographie\/en\/research\/physical-geography\" target=\"_blank\" rel=\"noopener\">Department of Geosciences<\/a>, <a href=\"http:\/\/www3.unifr.ch\/home\/de\/\" target=\"_blank\" rel=\"noopener\">University of Fribourg<\/a><\/li>\n<li><a href=\"http:\/\/www.cces.ethz.ch\/index\" target=\"_blank\" rel=\"noopener\">Competence Center Environment and Sustainability<\/a>, CCES, ETH Z\u00fcrich<\/li>\n<li><a href=\"http:\/\/www.bafu.admin.ch\/index.html?lang=de\" target=\"_blank\" rel=\"noopener\">Bundes\u00e4mter f\u00fcr Umwelt und Raumentwicklung<\/a>, BAFU, ARE<\/li>\n<li><a href=\"http:\/\/www.wsl.ch\">Eidg. Forschungsanstalt f\u00fcr Wald, Schnee, Landschaft<\/a>, WSL<\/li>\n<li><a href=\"http:\/\/www.nationalpark.ch\" target=\"_blank\" rel=\"noopener\">Schweizerischer Nationalpark<\/a>, Zernez<\/li>\n<li><a href=\"http:\/\/www.papiliorama.ch\" target=\"_blank\" rel=\"noopener\">Papilorama<\/a>, Kerzers<\/li>\n<\/ul>\n<p>&nbsp;<\/p>\n","protected":false},"excerpt":{"rendered":"<p>Das Masterprogramm Knowledge Visualization\u00a0bietet ein weitreichendes Netzwerk von Partnerinstitutionen aus Wissenschaft und Forschung sowie Institutionen und Verb\u00e4nden der Wissenschaftskommunikation: Universit\u00e4t Z\u00fcrich,\u00a0 ETH Z\u00fcrich und Universit\u00e4t Basel Vetsuisse Universit\u00e4t Z\u00fcrich Institute of Evolutionary Medicine, IEM, Universit\u00e4t Z\u00fcrich Anthropologisches Institut und Museum der Universit\u00e4t Z\u00fcrich Laboratory of Artificial &amp; Natural Evolution, LANE,\u00a0Universit\u00e4t Genf Computational Science &amp; Engineering [&hellip;]<\/p>\n","protected":false},"author":2389,"featured_media":0,"parent":0,"menu_order":0,"comment_status":"closed","ping_status":"closed","template":"","meta":{"footnotes":""},"class_list":["post-119","page","type-page","status-publish","czr-hentry"],"_links":{"self":[{"href":"https:\/\/blog.zhdk.ch\/masterkvis\/wp-json\/wp\/v2\/pages\/119","targetHints":{"allow":["GET"]}}],"collection":[{"href":"https:\/\/blog.zhdk.ch\/masterkvis\/wp-json\/wp\/v2\/pages"}],"about":[{"href":"https:\/\/blog.zhdk.ch\/masterkvis\/wp-json\/wp\/v2\/types\/page"}],"author":[{"embeddable":true,"href":"https:\/\/blog.zhdk.ch\/masterkvis\/wp-json\/wp\/v2\/users\/2389"}],"replies":[{"embeddable":true,"href":"https:\/\/blog.zhdk.ch\/masterkvis\/wp-json\/wp\/v2\/comments?post=119"}],"version-history":[{"count":1,"href":"https:\/\/blog.zhdk.ch\/masterkvis\/wp-json\/wp\/v2\/pages\/119\/revisions"}],"predecessor-version":[{"id":3214,"href":"https:\/\/blog.zhdk.ch\/masterkvis\/wp-json\/wp\/v2\/pages\/119\/revisions\/3214"}],"wp:attachment":[{"href":"https:\/\/blog.zhdk.ch\/masterkvis\/wp-json\/wp\/v2\/media?parent=119"}],"curies":[{"name":"wp","href":"https:\/\/api.w.org\/{rel}","templated":true}]}}