{"id":68,"date":"2015-05-20T15:11:29","date_gmt":"2015-05-20T13:11:29","guid":{"rendered":"http:\/\/scientificvis.sc.funpic.de\/?page_id=68"},"modified":"2020-01-06T16:11:48","modified_gmt":"2020-01-06T15:11:48","slug":"studium","status":"publish","type":"page","link":"https:\/\/blog.zhdk.ch\/masterkvis\/studium\/","title":{"rendered":"Studium"},"content":{"rendered":"\n<h4 class=\"wp-block-heading\">Die Master-Vertiefung Knowledge Visualization besch\u00e4ftigt sich mit der Erzeugung und dem Transfer von Wissen mittels Bild und Visualisierung und bietet eine vertiefte Auseinandersetzung mit Visualisierungskonzepten, 3D-Technologien und bildgebenden Verfahren.<\/h4>\n\n\n\n<div class=\"wp-block-image\"><figure class=\"alignleft size-large\"><img loading=\"lazy\" decoding=\"async\" width=\"1024\" height=\"318\" src=\"https:\/\/blog.zhdk.ch\/masterkvis\/files\/2020\/01\/Bildschirmfoto-2020-01-06-um-15.58.36-1024x318.png\" alt=\"\" class=\"wp-image-4338\" srcset=\"https:\/\/blog.zhdk.ch\/masterkvis\/files\/2020\/01\/Bildschirmfoto-2020-01-06-um-15.58.36-1024x318.png 1024w, https:\/\/blog.zhdk.ch\/masterkvis\/files\/2020\/01\/Bildschirmfoto-2020-01-06-um-15.58.36-300x93.png 300w, https:\/\/blog.zhdk.ch\/masterkvis\/files\/2020\/01\/Bildschirmfoto-2020-01-06-um-15.58.36-768x239.png 768w, https:\/\/blog.zhdk.ch\/masterkvis\/files\/2020\/01\/Bildschirmfoto-2020-01-06-um-15.58.36-1536x477.png 1536w, https:\/\/blog.zhdk.ch\/masterkvis\/files\/2020\/01\/Bildschirmfoto-2020-01-06-um-15.58.36.png 1767w\" sizes=\"auto, (max-width: 1024px) 100vw, 1024px\" \/><figcaption>Bildgebende Verfahren und Design: \u00dcber den designbasierten Untersuch der Falschfarbencodierung konnte die Darstellungsqualit\u00e4t in forensischen CT-Scans signifikant verbessert werden. Eloisa Aldomar, \u00abFarbe und Erkenntnis in der virtuellen Autopsie\u00bb (MA-Arbeit 2019)<\/figcaption><\/figure><\/div>\n\n\n\n<h4 class=\"wp-block-heading\">Interdisziplinarit\u00e4t und 3D-Technologien<\/h4>\n\n\n\n<p>Der interdisziplin\u00e4re Kontext des Masters Design an der ZHdK mit seinen diversen Anschlussm\u00f6glichkeiten an benachbarte Designdisziplinen bietet eine ideale Voraussetzung um innovative Visualisierungen zu entwickeln und erm\u00f6glicht so individuelle Spezialisierungen in der bildunterst\u00fctzten Forschung oder im Feld des Scientainment. In der Vertiefung Knowledge Visualization erweitern die Masterstudierenden ihre bildgestalterischen Kompetenzen und wenden sie beim Einsatz moderner bildgebender Verfahren wie Fotogrammetrie und Computertomografie an. Die Erschliessung neuer Einsatzbereiche f\u00fcr wissenschaftliche Visualisierungen im Bereich der digitalen Medien steht im Fokus des Studiums. Beispiele sind der Bildeinsatz in animierter oder interaktiver Infografik, Wissensvermittlung in Animation und Film, Augmented und Virtual Reality und interaktive Ausstellungsinstallationen.<\/p>\n\n\n\n<figure class=\"wp-block-gallery alignwide columns-2 is-cropped wp-block-gallery-1 is-layout-flex wp-block-gallery-is-layout-flex\"><ul class=\"blocks-gallery-grid\"><li class=\"blocks-gallery-item\"><figure><img loading=\"lazy\" decoding=\"async\" width=\"882\" height=\"517\" src=\"https:\/\/blog.zhdk.ch\/masterkvis\/files\/2020\/01\/Bildschirmfoto-2020-01-06-um-15.57.58.png\" alt=\"\" data-id=\"4340\" class=\"wp-image-4340\" srcset=\"https:\/\/blog.zhdk.ch\/masterkvis\/files\/2020\/01\/Bildschirmfoto-2020-01-06-um-15.57.58.png 882w, https:\/\/blog.zhdk.ch\/masterkvis\/files\/2020\/01\/Bildschirmfoto-2020-01-06-um-15.57.58-300x176.png 300w, https:\/\/blog.zhdk.ch\/masterkvis\/files\/2020\/01\/Bildschirmfoto-2020-01-06-um-15.57.58-768x450.png 768w\" sizes=\"auto, (max-width: 882px) 100vw, 882px\" \/><figcaption class=\"blocks-gallery-item__caption\">Hands-on in Technik und Forschung: In Kooperation mit dem Virtopsy Lab des  Instituts f\u00fcr Rechtsmedizin der Universit\u00e4t Z\u00fcrich k\u00f6nnen Studierende an eigenen Untersuchungsgegenst\u00e4nden mit dem CT-Scanner 3D-Datens\u00e4tze generieren.<\/figcaption><\/figure><\/li><li class=\"blocks-gallery-item\"><figure><img loading=\"lazy\" decoding=\"async\" width=\"756\" height=\"1024\" src=\"https:\/\/blog.zhdk.ch\/masterkvis\/files\/2020\/01\/Bildschirmfoto-2020-01-06-um-15.57.52-756x1024.png\" alt=\"\" data-id=\"4342\" data-full-url=\"https:\/\/blog.zhdk.ch\/masterkvis\/files\/2020\/01\/Bildschirmfoto-2020-01-06-um-15.57.52.png\" data-link=\"https:\/\/blog.zhdk.ch\/masterkvis\/studium\/bildschirmfoto-2020-01-06-um-15-57-52\/\" class=\"wp-image-4342\" srcset=\"https:\/\/blog.zhdk.ch\/masterkvis\/files\/2020\/01\/Bildschirmfoto-2020-01-06-um-15.57.52-756x1024.png 756w, https:\/\/blog.zhdk.ch\/masterkvis\/files\/2020\/01\/Bildschirmfoto-2020-01-06-um-15.57.52-221x300.png 221w, https:\/\/blog.zhdk.ch\/masterkvis\/files\/2020\/01\/Bildschirmfoto-2020-01-06-um-15.57.52-768x1041.png 768w, https:\/\/blog.zhdk.ch\/masterkvis\/files\/2020\/01\/Bildschirmfoto-2020-01-06-um-15.57.52.png 882w\" sizes=\"auto, (max-width: 756px) 100vw, 756px\" \/><figcaption class=\"blocks-gallery-item__caption\">3D-Technologien haben vielf\u00e4ltige Anwendungen: Auch wenn man es auf den ersten Blick nicht vermutet, wurden auch hier 3D-Technologien eingesetzt, um eine gew\u00fcnschte \u00c4sthetik in einem optimierten Prozess zu erzielen. Jasmin Huber, \u00abKirschendarstellungen zwischen Tradition und Moderne\u00bb (MA-Arbeit 2013)<\/figcaption><\/figure><\/li><\/ul><\/figure>\n\n\n\n<h4 class=\"wp-block-heading\">Wissenschaftsn\u00e4he und Kooperation<\/h4>\n\n\n\n<p>Die individuellen Masterprojekte der Studierenden sind stets an Kooperationen mit Forschungspartnern gekn\u00fcpft. Das versteht sich jedoch nicht als Auftragsverh\u00e4ltnis, sondern als Zusammenarbeit entlang gemeinsam formulierter Forschungsfragen, wobei erkenntnisorientierte und wissenschaftlich fundierte Designprodukte erzeugt werden. Unter den Kooperationspartnern finden sich namhafte Hochschulen wie ETH Z\u00fcrich, Universit\u00e4t Z\u00fcrich, Universit\u00e4t Basel, HAW Hamburg, Humboldt-Universit\u00e4t Berlin sowie zahlreiche Schweizer und internationale wissenschaftliche Institute.<\/p>\n\n\n\n<h4 class=\"wp-block-heading\">Forschungsorientiertes Studium<\/h4>\n\n\n\n<p>Forschungsbezug bedeutet nicht nur Kooperation mit Wissenschaftspartnern, sondern auch angewandte Designforschung: Die Studierenden entwickeln ihre Arbeiten mit experimentbasierten Entwurfstechniken, evaluieren ihr Projekt bereits in der Konzeptionsphase auf seine Wirkung und Relevanz, f\u00fchren Versuche durch und lernen ihre Erkenntnisse in einem branchenspezifischen Umfeld zu publizieren. Diese Forschungsorientierung bef\u00e4higt die Alumni von Knowledge Visualization zu einem Einstieg in die Designforschung und bietet eine ideale Vorbereitung f\u00fcr ein anschliessendes PhD-Studium. In der Praxis der Kreativbranche bilden diese Kompetenzen eine solide Grundlage f\u00fcr konzeptuell-strategische T\u00e4tigkeiten wie Art Direction oder Firmengr\u00fcndung.<\/p>\n\n\n\n<figure class=\"wp-block-gallery alignfull columns-3 is-cropped wp-block-gallery-2 is-layout-flex wp-block-gallery-is-layout-flex\"><ul class=\"blocks-gallery-grid\"><li class=\"blocks-gallery-item\"><figure><img loading=\"lazy\" decoding=\"async\" width=\"1024\" height=\"658\" src=\"https:\/\/blog.zhdk.ch\/masterkvis\/files\/2020\/01\/Bildschirmfoto-2020-01-06-um-16.01.21-1024x658.png\" alt=\"\" data-id=\"4350\" data-link=\"https:\/\/blog.zhdk.ch\/masterkvis\/studium\/bildschirmfoto-2020-01-06-um-16-01-21\/\" class=\"wp-image-4350\" srcset=\"https:\/\/blog.zhdk.ch\/masterkvis\/files\/2020\/01\/Bildschirmfoto-2020-01-06-um-16.01.21-1024x658.png 1024w, https:\/\/blog.zhdk.ch\/masterkvis\/files\/2020\/01\/Bildschirmfoto-2020-01-06-um-16.01.21-300x193.png 300w, https:\/\/blog.zhdk.ch\/masterkvis\/files\/2020\/01\/Bildschirmfoto-2020-01-06-um-16.01.21-768x494.png 768w, https:\/\/blog.zhdk.ch\/masterkvis\/files\/2020\/01\/Bildschirmfoto-2020-01-06-um-16.01.21-1536x987.png 1536w, https:\/\/blog.zhdk.ch\/masterkvis\/files\/2020\/01\/Bildschirmfoto-2020-01-06-um-16.01.21-2048x1316.png 2048w\" sizes=\"auto, (max-width: 1024px) 100vw, 1024px\" \/><figcaption class=\"blocks-gallery-item__caption\">Natascha Jankovski: \u00abZwischen Pferd  und Reiter\u00bb. 3D-Visualisierung der Sattelbelastung beim Pferd (MA-Arbeit 2015).<\/figcaption><\/figure><\/li><li class=\"blocks-gallery-item\"><figure><img loading=\"lazy\" decoding=\"async\" width=\"1024\" height=\"757\" src=\"https:\/\/blog.zhdk.ch\/masterkvis\/files\/2020\/01\/Bildschirmfoto-2020-01-06-um-16.02.46-1-1024x757.png\" alt=\"\" data-id=\"4352\" data-full-url=\"https:\/\/blog.zhdk.ch\/masterkvis\/files\/2020\/01\/Bildschirmfoto-2020-01-06-um-16.02.46-1.png\" data-link=\"https:\/\/blog.zhdk.ch\/masterkvis\/studium\/bildschirmfoto-2020-01-06-um-16-02-46-1\/\" class=\"wp-image-4352\" srcset=\"https:\/\/blog.zhdk.ch\/masterkvis\/files\/2020\/01\/Bildschirmfoto-2020-01-06-um-16.02.46-1-1024x757.png 1024w, https:\/\/blog.zhdk.ch\/masterkvis\/files\/2020\/01\/Bildschirmfoto-2020-01-06-um-16.02.46-1-300x222.png 300w, https:\/\/blog.zhdk.ch\/masterkvis\/files\/2020\/01\/Bildschirmfoto-2020-01-06-um-16.02.46-1-768x568.png 768w, https:\/\/blog.zhdk.ch\/masterkvis\/files\/2020\/01\/Bildschirmfoto-2020-01-06-um-16.02.46-1-1536x1135.png 1536w, https:\/\/blog.zhdk.ch\/masterkvis\/files\/2020\/01\/Bildschirmfoto-2020-01-06-um-16.02.46-1.png 1678w\" sizes=\"auto, (max-width: 1024px) 100vw, 1024px\" \/><figcaption class=\"blocks-gallery-item__caption\">Bernard Reymond: \u00abVisualization \u2013 Valorization\u00bb. Visuelle Strategien zur virtuellen Rekonstruktion von Baudenkm\u00e4lern (MA-Arbeit 2012).<\/figcaption><\/figure><\/li><li class=\"blocks-gallery-item\"><figure><img loading=\"lazy\" decoding=\"async\" width=\"1024\" height=\"721\" src=\"https:\/\/blog.zhdk.ch\/masterkvis\/files\/2020\/01\/Bildschirmfoto-2020-01-06-um-16.01.40-1024x721.png\" alt=\"\" data-id=\"4348\" data-link=\"https:\/\/blog.zhdk.ch\/masterkvis\/studium\/bildschirmfoto-2020-01-06-um-16-01-40\/\" class=\"wp-image-4348\" srcset=\"https:\/\/blog.zhdk.ch\/masterkvis\/files\/2020\/01\/Bildschirmfoto-2020-01-06-um-16.01.40-1024x721.png 1024w, https:\/\/blog.zhdk.ch\/masterkvis\/files\/2020\/01\/Bildschirmfoto-2020-01-06-um-16.01.40-300x211.png 300w, https:\/\/blog.zhdk.ch\/masterkvis\/files\/2020\/01\/Bildschirmfoto-2020-01-06-um-16.01.40-768x541.png 768w, https:\/\/blog.zhdk.ch\/masterkvis\/files\/2020\/01\/Bildschirmfoto-2020-01-06-um-16.01.40-1536x1082.png 1536w, https:\/\/blog.zhdk.ch\/masterkvis\/files\/2020\/01\/Bildschirmfoto-2020-01-06-um-16.01.40.png 2011w\" sizes=\"auto, (max-width: 1024px) 100vw, 1024px\" \/><figcaption class=\"blocks-gallery-item__caption\">Lucius Fekonja: \u00abInteraktiver digitaler 3D-OP-Situs\u00bb. Auf Magnetresonanzdaten basierendes 3D-Modell des Hirnstamms zum Einsatz in der pr\u00e4operativen Planung (MA-Arbeit 2014).<\/figcaption><\/figure><\/li><\/ul><\/figure>\n\n\n\n<p><a href=\"http:\/\/master.design.zhdk.ch\/\">Zur Website des Master-Studiengangs Design an der ZHdK<\/a><\/p>\n","protected":false},"excerpt":{"rendered":"<p>Die Master-Vertiefung Knowledge Visualization besch\u00e4ftigt sich mit der Erzeugung und dem Transfer von Wissen mittels Bild und Visualisierung und bietet eine vertiefte Auseinandersetzung mit Visualisierungskonzepten, 3D-Technologien und bildgebenden Verfahren. Interdisziplinarit\u00e4t und 3D-Technologien Der interdisziplin\u00e4re Kontext des Masters Design an der ZHdK mit seinen diversen Anschlussm\u00f6glichkeiten an benachbarte Designdisziplinen bietet eine ideale Voraussetzung um innovative Visualisierungen [&hellip;]<\/p>\n","protected":false},"author":2389,"featured_media":0,"parent":0,"menu_order":0,"comment_status":"closed","ping_status":"closed","template":"","meta":{"footnotes":""},"class_list":["post-68","page","type-page","status-publish","czr-hentry"],"_links":{"self":[{"href":"https:\/\/blog.zhdk.ch\/masterkvis\/wp-json\/wp\/v2\/pages\/68","targetHints":{"allow":["GET"]}}],"collection":[{"href":"https:\/\/blog.zhdk.ch\/masterkvis\/wp-json\/wp\/v2\/pages"}],"about":[{"href":"https:\/\/blog.zhdk.ch\/masterkvis\/wp-json\/wp\/v2\/types\/page"}],"author":[{"embeddable":true,"href":"https:\/\/blog.zhdk.ch\/masterkvis\/wp-json\/wp\/v2\/users\/2389"}],"replies":[{"embeddable":true,"href":"https:\/\/blog.zhdk.ch\/masterkvis\/wp-json\/wp\/v2\/comments?post=68"}],"version-history":[{"count":31,"href":"https:\/\/blog.zhdk.ch\/masterkvis\/wp-json\/wp\/v2\/pages\/68\/revisions"}],"predecessor-version":[{"id":4358,"href":"https:\/\/blog.zhdk.ch\/masterkvis\/wp-json\/wp\/v2\/pages\/68\/revisions\/4358"}],"wp:attachment":[{"href":"https:\/\/blog.zhdk.ch\/masterkvis\/wp-json\/wp\/v2\/media?parent=68"}],"curies":[{"name":"wp","href":"https:\/\/api.w.org\/{rel}","templated":true}]}}