{"id":78,"date":"2015-05-20T15:21:27","date_gmt":"2015-05-20T13:21:27","guid":{"rendered":"http:\/\/scientificvis.sc.funpic.de\/?page_id=78"},"modified":"2019-03-19T14:55:47","modified_gmt":"2019-03-19T13:55:47","slug":"kontakt","status":"publish","type":"page","link":"https:\/\/blog.zhdk.ch\/masterkvis\/kontakt\/","title":{"rendered":"\u00dcber uns"},"content":{"rendered":"<p><em>Knowledge Visualization<\/em> ist eine Vertiefung des\u00a0<a href=\"https:\/\/master.design.zhdk.ch\">Master of Arts in Design<\/a> der <a href=\"https:\/\/www.zhdk.ch\">Z\u00fcrcher Hochschule der K\u00fcnste<\/a>.<\/p>\n<h5><strong>Kontakt<\/strong><\/h5>\n<p>Fachrichtung Knowledge Visualization<br \/>\nDepartement Design<br \/>\nZ\u00fcrcher Hochschule der K\u00fcnste<br \/>\nPfingstweidstrasse 96<br \/>\n8005 Z\u00fcrich<br \/>\n<a href=\"http:\/\/kvis.zhdk.ch\">kvis.zhdk.ch<\/a><\/p>\n<h5><strong>Vertiefungsleitung<\/strong><\/h5>\n<p><strong>Niklaus Heeb<\/strong><br \/>\nLeitung, Dozent, Projekt-Mentorate<br \/>\nWissenschaftlicher Illustrator, Diplombiologe,<br \/>\nLeiter der Fachrichtung Knowledge Visualization<br \/>\nim Departement Design<br \/>\n<a title=\"Niklaus Heeb\" href=\"mailto:niklaus.heeb@zhdk.ch\" target=\"_blank\" rel=\"noopener noreferrer\">niklaus.heeb@zhdk.ch<\/a><\/p>\n<h5><strong>Assistenz<\/strong><\/h5>\n<p><strong>Alessandro Holler<\/strong><br \/>\nAssistent<br \/>\nWissenschaftlicher Illustrator, MA Biologie (Botanik),<br \/>\nStudent Kunstgeschichte und Human-Computer Interaction<br \/>\n<a href=\"mailto:alessandro.holler@zhdk.ch\">alessandro.holler@zhdk.ch<br \/>\n<\/a>Telefon: +41 43 446 32 23<\/p>\n<h5><strong>Sekretariat<\/strong><\/h5>\n<p><strong>Nicole von Salis<\/strong><br \/>\nFachrichtungssekret\u00e4rin<br \/>\n<a href=\"mailto:nicole.vonsalis@zhdk.ch\">nicole.vonsalis@zhdk.ch<\/a><br \/>\nTelefon: +41 43 446 32 22<\/p>\n<h5><strong>Dozierende<\/strong><\/h5>\n<p><strong>Fabienne Boldt Spinnler<\/strong><br \/>\nDozentin, Projektmentorate<br \/>\ndipl. Grafikerin, wissenschaftliche Illustratorin, 3D-Designerin<br \/>\n<a href=\"mailto:fabienne.boldt@zhdk.ch\" target=\"_blank\" rel=\"noopener noreferrer\">fabienne.boldt@zhdk.ch<\/a><\/p>\n<p title=\"Joe Rohrer \u2013 Web\"><strong>Thomas Erdin<\/strong><br \/>\nDozent, Projektmentorate<br \/>\nWissenschaftlicher Illustrator, Master of Arts in Design FHZ<br \/>\nSchwerpunkt: 3D-Scan, 3D-Animation und Rigging<br \/>\n<a href=\"http:\/\/www.ikonaut.ch\">www.ikonaut.ch<\/a><\/p>\n<p title=\"Joe Rohrer \u2013 Web\"><strong>Joe Rohrer<\/strong><br \/>\nDozent, Projektmentorate<br \/>\ndipl. Hochbauzeichner, wissenschaftlicher Illustrator,<br \/>\nSchwerpunkt: 3D-Rekonstruktion Arch\u00e4ologie<br \/>\n<a href=\"mailto:joe.rohrer@zhdk.ch\" target=\"_blank\" rel=\"noopener noreferrer\">joe.rohrer@zhdk.ch <\/a>\/ <a title=\"Joe Rohrer \u2013 Web\" href=\"http:\/\/www.bildebene.ch\/\" target=\"_blank\" rel=\"noopener noreferrer\">www.bildebene.ch<\/a><\/p>\n<h5><strong>Expertenmentorate<\/strong><\/h5>\n<p><strong>Simon Tschachtli<\/strong>, <a title=\"Simon Tschachtli\" href=\"http:\/\/www.tschachtli.net\/\" target=\"_blank\" rel=\"noopener noreferrer\">www.tschachtli.net<\/a><br \/>\n<strong>Noe Marti<\/strong>, <a title=\"Noe marti\" href=\"http:\/\/www.screenpix.ch\/\" target=\"_blank\" rel=\"noopener noreferrer\">www.screenpix.ch<\/a><br \/>\n<strong>Marina Br\u00e4m<\/strong>, <a title=\"Marina Braem\" href=\"http:\/\/www.marinabraem.com\/\" target=\"_blank\" rel=\"noopener noreferrer\">www.marinabraem.com<\/a><\/p>\n<h5><strong>Wissenschaftliche Beratung<\/strong><\/h5>\n<p><strong>Thomas Sch\u00e4rer<\/strong><br \/>\nFilmwissenschaftler<br \/>\nSchwerpunkt: Wissenschaftliches Schreiben, Bildanalyse<br \/>\n<a href=\"mailto:thomas.schaerer@zhdk.ch\">thomas.schaerer@zhdk.ch<\/a><\/p>\n<p><strong>Bruno Zgraggen<\/strong><br \/>\nWahrnemungspsychologe und Marktforscher<br \/>\n<a href=\"mailto:bruno.zgraggen@zhdk.ch\">bruno.zgraggen@zhdk.ch<\/a><\/p>\n","protected":false},"excerpt":{"rendered":"<p>Knowledge Visualization ist eine Vertiefung des\u00a0Master of Arts in Design der Z\u00fcrcher Hochschule der K\u00fcnste. Kontakt Fachrichtung Knowledge Visualization Departement Design Z\u00fcrcher Hochschule der K\u00fcnste Pfingstweidstrasse 96 8005 Z\u00fcrich kvis.zhdk.ch Vertiefungsleitung Niklaus Heeb Leitung, Dozent, Projekt-Mentorate Wissenschaftlicher Illustrator, Diplombiologe, Leiter der Fachrichtung Knowledge Visualization im Departement Design niklaus.heeb@zhdk.ch Assistenz Alessandro Holler Assistent Wissenschaftlicher Illustrator, MA [&hellip;]<\/p>\n","protected":false},"author":2389,"featured_media":0,"parent":0,"menu_order":0,"comment_status":"closed","ping_status":"closed","template":"","meta":{"footnotes":""},"class_list":["post-78","page","type-page","status-publish","czr-hentry"],"_links":{"self":[{"href":"https:\/\/blog.zhdk.ch\/masterkvis\/wp-json\/wp\/v2\/pages\/78","targetHints":{"allow":["GET"]}}],"collection":[{"href":"https:\/\/blog.zhdk.ch\/masterkvis\/wp-json\/wp\/v2\/pages"}],"about":[{"href":"https:\/\/blog.zhdk.ch\/masterkvis\/wp-json\/wp\/v2\/types\/page"}],"author":[{"embeddable":true,"href":"https:\/\/blog.zhdk.ch\/masterkvis\/wp-json\/wp\/v2\/users\/2389"}],"replies":[{"embeddable":true,"href":"https:\/\/blog.zhdk.ch\/masterkvis\/wp-json\/wp\/v2\/comments?post=78"}],"version-history":[{"count":3,"href":"https:\/\/blog.zhdk.ch\/masterkvis\/wp-json\/wp\/v2\/pages\/78\/revisions"}],"predecessor-version":[{"id":3849,"href":"https:\/\/blog.zhdk.ch\/masterkvis\/wp-json\/wp\/v2\/pages\/78\/revisions\/3849"}],"wp:attachment":[{"href":"https:\/\/blog.zhdk.ch\/masterkvis\/wp-json\/wp\/v2\/media?parent=78"}],"curies":[{"name":"wp","href":"https:\/\/api.w.org\/{rel}","templated":true}]}}