{"id":319,"date":"2016-11-11T14:40:19","date_gmt":"2016-11-11T14:40:19","guid":{"rendered":"https:\/\/blog.zhdk.ch\/modellunderkenntnis\/?page_id=319"},"modified":"2016-11-16T09:33:35","modified_gmt":"2016-11-16T09:33:35","slug":"angela-boesl","status":"publish","type":"page","link":"https:\/\/blog.zhdk.ch\/modellunderkenntnis\/home\/angela-boesl\/","title":{"rendered":"Angela B\u00f6sl"},"content":{"rendered":"<section id=\"builder-section-1478875506513\" class=\"builder-section  builder-section-first builder-section-banner builder-section-next-text\" style=\"\">\n<div class=\"builder-section-content cycle-slideshow\" data-cycle-log=\"false\" data-cycle-slides=\"div.builder-banner-slide\" data-cycle-swipe=\"true\" data-cycle-timeout=\"6000\" data-cycle-fx=\"scrollHorz\">\n<div class=\"builder-banner-slide content-position-none\" style=\"background-image: url(&#039;https:\/\/blog.zhdk.ch\/modellunderkenntnis\/files\/2016\/11\/2_Bronzen-Esche_Holunder_PBHeftIITafel10.jpg&#039;);\">\n<div class=\"builder-banner-content\">\n<div class=\"builder-banner-inner-content\">\n\t\t\t\t\t\t\t\t\t<\/div>\n<\/p><\/div>\n<\/p><\/div>\n<div class=\"builder-banner-slide content-position-none\" style=\"background-image: url(&#039;https:\/\/blog.zhdk.ch\/modellunderkenntnis\/files\/2016\/11\/1_BlossfeldtEryngiumCampestrePflanzenbilder_Heft1Taf7.jpg&#039;);\">\n<div class=\"builder-banner-content\">\n<div class=\"builder-banner-inner-content\">\n\t\t\t\t\t\t\t\t\t<\/div>\n<\/p><\/div>\n<\/p><\/div>\n<div class=\"builder-banner-slide content-position-none\" style=\"background-image: url(&#039;https:\/\/blog.zhdk.ch\/modellunderkenntnis\/files\/2016\/11\/3_M27_Vergleichende_Stilgeschichte_12.jpg&#039;);\">\n<div class=\"builder-banner-content\">\n<div class=\"builder-banner-inner-content\">\n\t\t\t\t\t\t\t\t\t<\/div>\n<\/p><\/div>\n<\/p><\/div>\n<div class=\"builder-banner-slide content-position-none\" style=\"background-image: url(&#039;https:\/\/blog.zhdk.ch\/modellunderkenntnis\/files\/2016\/11\/5_Schneeball_Meurer1895_Tafel80.jpg&#039;);\">\n<div class=\"builder-banner-content\">\n<div class=\"builder-banner-inner-content\">\n\t\t\t\t\t\t\t\t\t<\/div>\n<\/p><\/div>\n<\/p><\/div>\n<div class=\"builder-banner-slide content-position-none\" style=\"background-image: url(&#039;https:\/\/blog.zhdk.ch\/modellunderkenntnis\/files\/2016\/11\/4_Meurer_Katalog_PlastischeGipsmodelle.jpg&#039;);\">\n<div class=\"builder-banner-content\">\n<div class=\"builder-banner-inner-content\">\n\t\t\t\t\t\t\t\t\t<\/div>\n<\/p><\/div>\n<\/p><\/div>\n<div class=\"cycle-prev\"><\/div>\n<div class=\"cycle-next\"><\/div>\n<div class=\"cycle-pager\"><\/div>\n<\/p><\/div>\n<\/section>\n<section id=\"builder-section-1478874703707\" class=\"builder-section builder-section-prev-banner builder-section-text builder-section-next-text builder-text-columns-3\" style=\"\">\n<div class=\"builder-section-content\">\n<div class=\"builder-text-column builder-text-column-1\" id=\"builder-section-1478874703707-column-1\">\n<div class=\"builder-text-content\">\n<h1><a href=\"https:\/\/blog.zhdk.ch\/modellunderkenntnis\/home\/margarete-von-lupin\/\">\u276e \u00a0<\/a>Angela B\u00f6sl<a href=\"https:\/\/blog.zhdk.ch\/modellunderkenntnis\/home\/andres-janser\/\">\u00a0 \u276f<\/a><\/h1>\n<\/p><\/div>\n<\/p><\/div>\n<div class=\"builder-text-column builder-text-column-2\" id=\"builder-section-1478874703707-column-2\">\n\t\t\t\t\t\t\t\t\t\t\t\t\t\t<\/div>\n<div class=\"builder-text-column builder-text-column-3\" id=\"builder-section-1478874703707-column-3\">\n<div class=\"builder-text-content\">\n<h3 style=\"text-align: right\"><big><strong><a href=\"https:\/\/blog.zhdk.ch\/modellunderkenntnis\/#vortragende\">Zur\u00fcck zur \u00dcbersicht<\/a><\/strong><\/big><\/h3>\n<\/p><\/div>\n<\/p><\/div>\n<\/p><\/div>\n<\/section>\n<section id=\"builder-section-1478874747379\" class=\"builder-section builder-section-prev-text builder-section-text builder-section-last builder-text-columns-2\" style=\"\">\n<div class=\"builder-section-content\">\n<div class=\"builder-text-column builder-text-column-1\" id=\"builder-section-1478874747379-column-1\">\n<div class=\"builder-text-content\">\n<p><strong>Modelle und Modellierungsprozesse stehen hoch im Kurs: Intra- wie interdisziplin\u00e4r werden deren Rollen und Wirkungsweisen diskutiert, Definitionsversuche unter Anwendung oder Ablehnung des Repr\u00e4sentationsparadigmas unternommen und wird f\u00fcr eine Historisierung von Modellierungskulturen geworben. Ein anregendes Beispiel in diesem Diskurszusammenhang bietet auch die Lehrmittelsammlung des Kunstgewerbelehrers Moritz Meurer (1839\u20131916). In den 1890er-Jahren entwickelte er im Sinne der international angestrebten Erneuerung der angewandten K\u00fcnste ein Lehrsystem, das im Rahmen eines vergleichenden Pflanzenstudiums gleich mehrere Arten von Modellen zu vereinen scheint: zun\u00e4chst das Lehrkonzept selbst als p\u00e4dagogisches Alternativmodell, das die zuvor \u00fcbliche Stillehre und die mit ihr verbundene Kopierpraxis \u00fcberwinden helfen sollte; weiterhin das \u201aModell Pflanze\u2019 als abstraktes Vorbild der Genese und Gestaltung von Form, die den Anspr\u00fcchen von Funktionalit\u00e4t und \u00c4sthetik gleicherma\u00dfen nachkam; damit verbunden ein Spektrum an \u201aModellpflanzen\u2019, die f\u00fcr die projektierte Schulung von Auge, entwerfender Hand und Erfindungsgabe pr\u00e4destiniert waren, weil an ihnen Formgesetze, Bauprinzipien oder die Entsprechung von Material und Form studiert werden konnten. Und schlie\u00dflich diverse zwei- und dreidimensionale physische Pflanzenmodelle \u2013 von Zeichnungen, Druckgraphiken und Fotos \u00fcber Pr\u00e4parate bis zu Abg\u00fcssen und modellierten Plastiken \u2013 die als Lehrmittel und damit zur Umsetzung des Lehrkonzeptes und zur Vermittlung der Modellhaftigkeit nat\u00fcrlicher Formen zum Einsatz kamen. Der Vortrag stellt diese verschiedenartigen Modelle vor und untersucht sie auf die im aktuellen Diskurs attestierte charakteristische und dabei gestalterisch bedeutsame Eigensinnigkeit von Modellen. Das soll allgemein erlauben, die je spezifische, tats\u00e4chliche Modellhaftigkeit auszuloten und dar\u00fcberhinaus konkret epistemische und gestalterische Funktionen und Potentialen der Lehrmedien zu benennen.<\/strong><\/p>\n<\/p><\/div>\n<\/p><\/div>\n<div class=\"builder-text-column builder-text-column-2\" id=\"builder-section-1478874747379-column-2\">\n<div class=\"builder-text-content\">\n<p><strong><small>Zur Person<\/small><\/strong><\/p>\n<p>Angela B\u00f6sl M.A. (Magister Artium), Studium der Kunstgeschichte, Neueren und Mittelalterlichen Geschichte in M\u00fcnchen, Paris und Berlin. Von 2007 bis 2011 Ausstellungsassistenzen in Paris, T\u00fcbingen und London, 2011-2013 wissenschaftliches Volontariat bei den St\u00e4dtischen Museen Wetzlar. Seit 2013 wissenschaftliche Mitarbeiterin am Exzellenzcluster &#8222;Bild Wissen Gestaltung. Ein Interdisziplin\u00e4res Labor\u201c (HU Berlin). Seit August 2016 Doktorandin der Kolleg-Forschergruppe \u201eBildEvidenz. Geschichte und \u00c4sthetik\u201c an der Freien Universit\u00e4t Berlin.<\/p>\n<\/p><\/div>\n<\/p><\/div>\n<\/p><\/div>\n<\/section>\n","protected":false},"excerpt":{"rendered":"<p>\u276e \u00a0Angela B\u00f6sl\u00a0 \u276f Zur\u00fcck zur \u00dcbersicht Modelle und Modellierungsprozesse stehen hoch im Kurs: Intra- wie interdisziplin\u00e4r werden deren Rollen und Wirkungsweisen diskutiert, Definitionsversuche unter Anwendung oder Ablehnung des Repr\u00e4sentationsparadigmas unternommen und wird f\u00fcr eine Historisierung von Modellierungskulturen geworben. Ein anregendes Beispiel in diesem Diskurszusammenhang bietet auch die Lehrmittelsammlung des Kunstgewerbelehrers Moritz Meurer (1839\u20131916). In &hellip;<\/p>\n","protected":false},"author":2389,"featured_media":0,"parent":57,"menu_order":0,"comment_status":"closed","ping_status":"closed","template":"template-builder.php","meta":{"footnotes":""},"class_list":["post-319","page","type-page","status-publish","hentry"],"_links":{"self":[{"href":"https:\/\/blog.zhdk.ch\/modellunderkenntnis\/wp-json\/wp\/v2\/pages\/319","targetHints":{"allow":["GET"]}}],"collection":[{"href":"https:\/\/blog.zhdk.ch\/modellunderkenntnis\/wp-json\/wp\/v2\/pages"}],"about":[{"href":"https:\/\/blog.zhdk.ch\/modellunderkenntnis\/wp-json\/wp\/v2\/types\/page"}],"author":[{"embeddable":true,"href":"https:\/\/blog.zhdk.ch\/modellunderkenntnis\/wp-json\/wp\/v2\/users\/2389"}],"replies":[{"embeddable":true,"href":"https:\/\/blog.zhdk.ch\/modellunderkenntnis\/wp-json\/wp\/v2\/comments?post=319"}],"version-history":[{"count":15,"href":"https:\/\/blog.zhdk.ch\/modellunderkenntnis\/wp-json\/wp\/v2\/pages\/319\/revisions"}],"predecessor-version":[{"id":599,"href":"https:\/\/blog.zhdk.ch\/modellunderkenntnis\/wp-json\/wp\/v2\/pages\/319\/revisions\/599"}],"up":[{"embeddable":true,"href":"https:\/\/blog.zhdk.ch\/modellunderkenntnis\/wp-json\/wp\/v2\/pages\/57"}],"wp:attachment":[{"href":"https:\/\/blog.zhdk.ch\/modellunderkenntnis\/wp-json\/wp\/v2\/media?parent=319"}],"curies":[{"name":"wp","href":"https:\/\/api.w.org\/{rel}","templated":true}]}}