{"id":365,"date":"2016-11-11T14:49:44","date_gmt":"2016-11-11T14:49:44","guid":{"rendered":"https:\/\/blog.zhdk.ch\/modellunderkenntnis\/?page_id=365"},"modified":"2016-11-16T09:36:17","modified_gmt":"2016-11-16T09:36:17","slug":"christoph-zollikofer-und-marcia-ponce-de-leon","status":"publish","type":"page","link":"https:\/\/blog.zhdk.ch\/modellunderkenntnis\/home\/christoph-zollikofer-und-marcia-ponce-de-leon\/","title":{"rendered":"Prof. Christoph Zollikofer und Dr. Marcia Ponce de Le\u00f3n"},"content":{"rendered":"<section id=\"builder-section-1478875647995\" class=\"builder-section  builder-section-first builder-section-banner builder-section-next-text\" style=\"\">\n<div class=\"builder-section-content cycle-slideshow\" data-cycle-log=\"false\" data-cycle-slides=\"div.builder-banner-slide\" data-cycle-swipe=\"true\" data-cycle-timeout=\"6000\" data-cycle-fx=\"scrollHorz\">\n<div class=\"builder-banner-slide content-position-none\" style=\"background-image: url(&#039;https:\/\/blog.zhdk.ch\/modellunderkenntnis\/files\/2016\/11\/neanderthal_birth_web.jpg&#039;);\">\n<div class=\"builder-banner-content\">\n<div class=\"builder-banner-inner-content\">\n\t\t\t\t\t\t\t\t\t<\/div>\n<\/p><\/div>\n<\/p><\/div>\n<div class=\"builder-banner-slide content-position-none\" style=\"background-image: url(&#039;https:\/\/blog.zhdk.ch\/modellunderkenntnis\/files\/2016\/11\/pelvis_development_birth_adult_web.jpg&#039;);\">\n<div class=\"builder-banner-content\">\n<div class=\"builder-banner-inner-content\">\n\t\t\t\t\t\t\t\t\t<\/div>\n<\/p><\/div>\n<\/p><\/div>\n<div class=\"cycle-prev\"><\/div>\n<div class=\"cycle-next\"><\/div>\n<div class=\"cycle-pager\"><\/div>\n<\/p><\/div>\n<\/section>\n<section id=\"builder-section-1478875695358\" class=\"builder-section builder-section-prev-banner builder-section-text builder-section-next-text builder-text-columns-2\" style=\"\">\n<div class=\"builder-section-content\">\n<div class=\"builder-text-column builder-text-column-1\" id=\"builder-section-1478875695358-column-1\">\n<div class=\"builder-text-content\">\n<h1><a href=\"https:\/\/blog.zhdk.ch\/modellunderkenntnis\/home\/bruno-zgraggen\/\">\u276e \u00a0<\/a>Prof. Christoph Zollikofer und Dr. Marcia Ponce de Le\u00f3n<a href=\"https:\/\/blog.zhdk.ch\/modellunderkenntnis\/home\/pd-gerd-helge-vogel\/\"> \u00a0\u276f<\/a><\/h1>\n<\/p><\/div>\n<\/p><\/div>\n<div class=\"builder-text-column builder-text-column-2\" id=\"builder-section-1478875695358-column-2\">\n<div class=\"builder-text-content\">\n<h3 style=\"text-align: right\"><big><strong><a href=\"https:\/\/blog.zhdk.ch\/modellunderkenntnis\/#vortragende\">Zur\u00fcck zur \u00dcbersicht<\/a><\/strong><\/big><\/h3>\n<\/p><\/div>\n<\/p><\/div>\n<\/p><\/div>\n<\/section>\n<section id=\"builder-section-1478875742777\" class=\"builder-section builder-section-prev-text builder-section-text builder-section-last builder-text-columns-2\" style=\"\">\n<div class=\"builder-section-content\">\n<div class=\"builder-text-column builder-text-column-1\" id=\"builder-section-1478875742777-column-1\">\n<div class=\"builder-text-content\">\n<p><strong>\u201eGeburt eines Modells &#8211; Modell einer Geburt\u201c<\/strong><\/p>\n<p><strong>Modelle sind in den Naturwissenschaften von zentraler Bedeutung f\u00fcr die Formulierung und Kommunikation von Forschungshypothesen und -ergebnissen. Dies gilt insbesondere f\u00fcr die menschliche Evolutionsforschung, die sich mit Vorg\u00e4ngen befasst, die nicht (mehr) direkt sichtbar und erfahrbar sind. Anhand von Beispielen aus unserem Forschungsalltag \u2013 insbesondere der Evolution des Geburtsvorgangs \u2013 diskutieren wir, wie Modelle aus einer Kombination von Ideen und Daten geboren werden, wie verschiedene Technologien f\u00fcr die Modellproduktion eingesetzt werden k\u00f6nnen, und wie Modelle den Forschungsprozess beeinflussen.<\/strong><\/p>\n<\/p><\/div>\n<\/p><\/div>\n<div class=\"builder-text-column builder-text-column-2\" id=\"builder-section-1478875742777-column-2\">\n<div class=\"builder-text-content\">\n<p><strong><small>Zur den Personen<\/small><\/strong><\/p>\n<p>Marcia Ponce de Le\u00f3n ist Oberassistentin und Kuratorin am Anthropologischen Institut der Universit\u00e4t Z\u00fcrich. Sie studierte Bauinenieurwesen in La Paz, Bolivien, und Biologie (Anthropologie und Genetik) sowie Informatik an der Universit\u00e4t Z\u00fcrich.<\/p>\n<p>Christoph Zollikofer ist Professor f\u00fcr Pal\u00e4oanthropologie am Anthropologischen Institut der Universit\u00e4t Z\u00fcrich. Er studierte Biologie (Neurobiologie und Botanik) und Informatik an der Universit\u00e4t Z\u00fcrich. Zusammen entwickelten die beiden das neue Forschungsgebiet der computerunterst\u00fctzten Pal\u00e4oanthropologie.<\/p>\n<\/p><\/div>\n<\/p><\/div>\n<\/p><\/div>\n<\/section>\n","protected":false},"excerpt":{"rendered":"<p>\u276e \u00a0Prof. Christoph Zollikofer und Dr. Marcia Ponce de Le\u00f3n \u00a0\u276f Zur\u00fcck zur \u00dcbersicht \u201eGeburt eines Modells &#8211; Modell einer Geburt\u201c Modelle sind in den Naturwissenschaften von zentraler Bedeutung f\u00fcr die Formulierung und Kommunikation von Forschungshypothesen und -ergebnissen. Dies gilt insbesondere f\u00fcr die menschliche Evolutionsforschung, die sich mit Vorg\u00e4ngen befasst, die nicht (mehr) direkt sichtbar &hellip;<\/p>\n","protected":false},"author":2389,"featured_media":0,"parent":57,"menu_order":0,"comment_status":"closed","ping_status":"closed","template":"template-builder.php","meta":{"footnotes":""},"class_list":["post-365","page","type-page","status-publish","hentry"],"_links":{"self":[{"href":"https:\/\/blog.zhdk.ch\/modellunderkenntnis\/wp-json\/wp\/v2\/pages\/365","targetHints":{"allow":["GET"]}}],"collection":[{"href":"https:\/\/blog.zhdk.ch\/modellunderkenntnis\/wp-json\/wp\/v2\/pages"}],"about":[{"href":"https:\/\/blog.zhdk.ch\/modellunderkenntnis\/wp-json\/wp\/v2\/types\/page"}],"author":[{"embeddable":true,"href":"https:\/\/blog.zhdk.ch\/modellunderkenntnis\/wp-json\/wp\/v2\/users\/2389"}],"replies":[{"embeddable":true,"href":"https:\/\/blog.zhdk.ch\/modellunderkenntnis\/wp-json\/wp\/v2\/comments?post=365"}],"version-history":[{"count":7,"href":"https:\/\/blog.zhdk.ch\/modellunderkenntnis\/wp-json\/wp\/v2\/pages\/365\/revisions"}],"predecessor-version":[{"id":605,"href":"https:\/\/blog.zhdk.ch\/modellunderkenntnis\/wp-json\/wp\/v2\/pages\/365\/revisions\/605"}],"up":[{"embeddable":true,"href":"https:\/\/blog.zhdk.ch\/modellunderkenntnis\/wp-json\/wp\/v2\/pages\/57"}],"wp:attachment":[{"href":"https:\/\/blog.zhdk.ch\/modellunderkenntnis\/wp-json\/wp\/v2\/media?parent=365"}],"curies":[{"name":"wp","href":"https:\/\/api.w.org\/{rel}","templated":true}]}}