{"id":489,"date":"2016-11-11T15:04:13","date_gmt":"2016-11-11T15:04:13","guid":{"rendered":"https:\/\/blog.zhdk.ch\/modellunderkenntnis\/?page_id=489"},"modified":"2016-11-23T15:12:07","modified_gmt":"2016-11-23T15:12:07","slug":"margarete-von-lupin","status":"publish","type":"page","link":"https:\/\/blog.zhdk.ch\/modellunderkenntnis\/home\/margarete-von-lupin\/","title":{"rendered":"Margarete von Lupin"},"content":{"rendered":"<section id=\"builder-section-1478876588989\" class=\"builder-section  builder-section-first builder-section-banner builder-section-next-text\" style=\"\">\n<div class=\"builder-section-content cycle-slideshow\" data-cycle-log=\"false\" data-cycle-slides=\"div.builder-banner-slide\" data-cycle-swipe=\"true\" data-cycle-timeout=\"6000\" data-cycle-fx=\"scrollHorz\">\n<div class=\"builder-banner-slide content-position-none\" style=\"background-image: url(&#039;https:\/\/blog.zhdk.ch\/modellunderkenntnis\/files\/2016\/11\/Sankt-Gallen.jpg&#039;);\">\n<div class=\"builder-banner-content\">\n<div class=\"builder-banner-inner-content\">\n\t\t\t\t\t\t\t\t\t<\/div>\n<\/p><\/div>\n<\/p><\/div>\n<div class=\"builder-banner-slide content-position-none\" style=\"background-image: url(&#039;https:\/\/blog.zhdk.ch\/modellunderkenntnis\/files\/2016\/11\/Orang.jpg&#039;);\">\n<div class=\"builder-banner-content\">\n<div class=\"builder-banner-inner-content\">\n\t\t\t\t\t\t\t\t\t<\/div>\n<\/p><\/div>\n<\/p><\/div>\n<div class=\"builder-banner-slide content-position-none\" style=\"background-image: url(&#039;https:\/\/blog.zhdk.ch\/modellunderkenntnis\/files\/2016\/11\/20111103-142159-z563.jpg&#039;);\">\n<div class=\"builder-banner-content\">\n<div class=\"builder-banner-inner-content\">\n\t\t\t\t\t\t\t\t\t<\/div>\n<\/p><\/div>\n<\/p><\/div>\n<div class=\"cycle-prev\"><\/div>\n<div class=\"cycle-next\"><\/div>\n<div class=\"cycle-pager\"><\/div>\n<\/p><\/div>\n<\/section>\n<section id=\"builder-section-1478876601509\" class=\"builder-section builder-section-prev-banner builder-section-text builder-section-next-text builder-text-columns-2\" style=\"\">\n<div class=\"builder-section-content\">\n<div class=\"builder-text-column builder-text-column-1\" id=\"builder-section-1478876601509-column-1\">\n<div class=\"builder-text-content\">\n<h1><a href=\"https:\/\/blog.zhdk.ch\/modellunderkenntnis\/home\/pd-gerd-helge-vogel\/\">\u276e \u00a0<\/a>Margarete von Lupin<a href=\"https:\/\/blog.zhdk.ch\/modellunderkenntnis\/home\/angela-boesl\/\"> \u00a0\u276f<\/a><\/h1>\n<\/p><\/div>\n<\/p><\/div>\n<div class=\"builder-text-column builder-text-column-2\" id=\"builder-section-1478876601509-column-2\">\n<div class=\"builder-text-content\">\n<h3 style=\"text-align: right\"><big><strong><a href=\"https:\/\/blog.zhdk.ch\/modellunderkenntnis\/#vortragende\">Zur\u00fcck zur \u00dcbersicht<\/a><\/strong><\/big><\/h3>\n<\/p><\/div>\n<\/p><\/div>\n<\/p><\/div>\n<\/section>\n<section id=\"builder-section-1478876627733\" class=\"builder-section builder-section-prev-text builder-section-text builder-section-last builder-text-columns-2\" style=\"\">\n<div class=\"builder-section-content\">\n<div class=\"builder-text-column builder-text-column-1\" id=\"builder-section-1478876627733-column-1\">\n<div class=\"builder-text-content\">\n<p><strong>Modelle nehmen sowohl in den Natur- und Geisteswissenschaften als auch in gestaltenden Disziplinen eine zentrale Rolle ein. Sie unterscheiden sich nicht nur in Funktion und Bedeutung, sondern auch in ihrer Bestimmung, vom Hilfsmittel zum angestrebten Artefakt, zwischen Abstraktion und mehrdimensionaler Formgebung, von der diffusen Vorstellung zur konkreten Darstellung, vom Sprachzeichen zum Materialobjekt. Eine \u00fcberblicksartige Aufstellung von Modelltypen gibt auch dar\u00fcber Aufschluss, mit welch vielschichtigen Aufgaben die Wissensvisualisierung betraut wird und den Weg zur Erkenntnis mitbestimmt.<\/strong><\/p>\n<\/p><\/div>\n<\/p><\/div>\n<div class=\"builder-text-column builder-text-column-2\" id=\"builder-section-1478876627733-column-2\">\n<div class=\"builder-text-content\">\n<p><small><strong>Zur Person<\/strong><\/small><\/p>\n<p>Margarete von Lupin, Journalistin, Autorin, Dozentin Theorie an der ZHdK seit 2004; Studien der Ethnologie, Weiterbildung Multimediaproduzentin, MAS Design Culture, zzt. Studium Geschichte und Philosophie.<\/p>\n<p>\u00a0<\/p>\n<p><small><strong>Bildlegenden<\/strong><\/small><\/p>\n<p>1. EM2N, Toni-Areal, Konzeptmodel Toni-Areal, 1:500, Z\u00fcrich\u00a02005-2009.<br \/>2. Elisa Foster,\u00a0\u00dcbersichtsplakat \u00fcber alle Muskel-Mimik-Kombinationen, Z\u00fcrich 2015.<br \/>3. Rekonstruktionszeichnung des Klosters St. Gallen nach dem Klosterplan von Johann Rudolf Rahn, 1876.<\/p>\n<\/p><\/div>\n<\/p><\/div>\n<\/p><\/div>\n<\/section>\n","protected":false},"excerpt":{"rendered":"<p>\u276e \u00a0Margarete von Lupin \u00a0\u276f Zur\u00fcck zur \u00dcbersicht Modelle nehmen sowohl in den Natur- und Geisteswissenschaften als auch in gestaltenden Disziplinen eine zentrale Rolle ein. Sie unterscheiden sich nicht nur in Funktion und Bedeutung, sondern auch in ihrer Bestimmung, vom Hilfsmittel zum angestrebten Artefakt, zwischen Abstraktion und mehrdimensionaler Formgebung, von der diffusen Vorstellung zur konkreten &hellip;<\/p>\n","protected":false},"author":2389,"featured_media":0,"parent":57,"menu_order":0,"comment_status":"closed","ping_status":"closed","template":"template-builder.php","meta":{"footnotes":""},"class_list":["post-489","page","type-page","status-publish","hentry"],"_links":{"self":[{"href":"https:\/\/blog.zhdk.ch\/modellunderkenntnis\/wp-json\/wp\/v2\/pages\/489","targetHints":{"allow":["GET"]}}],"collection":[{"href":"https:\/\/blog.zhdk.ch\/modellunderkenntnis\/wp-json\/wp\/v2\/pages"}],"about":[{"href":"https:\/\/blog.zhdk.ch\/modellunderkenntnis\/wp-json\/wp\/v2\/types\/page"}],"author":[{"embeddable":true,"href":"https:\/\/blog.zhdk.ch\/modellunderkenntnis\/wp-json\/wp\/v2\/users\/2389"}],"replies":[{"embeddable":true,"href":"https:\/\/blog.zhdk.ch\/modellunderkenntnis\/wp-json\/wp\/v2\/comments?post=489"}],"version-history":[{"count":4,"href":"https:\/\/blog.zhdk.ch\/modellunderkenntnis\/wp-json\/wp\/v2\/pages\/489\/revisions"}],"predecessor-version":[{"id":627,"href":"https:\/\/blog.zhdk.ch\/modellunderkenntnis\/wp-json\/wp\/v2\/pages\/489\/revisions\/627"}],"up":[{"embeddable":true,"href":"https:\/\/blog.zhdk.ch\/modellunderkenntnis\/wp-json\/wp\/v2\/pages\/57"}],"wp:attachment":[{"href":"https:\/\/blog.zhdk.ch\/modellunderkenntnis\/wp-json\/wp\/v2\/media?parent=489"}],"curies":[{"name":"wp","href":"https:\/\/api.w.org\/{rel}","templated":true}]}}